{"id":12877,"date":"2019-03-07T17:08:44","date_gmt":"2019-03-07T16:08:44","guid":{"rendered":"http:\/\/serveiseducatius.xtec.cat\/creda-jordiperello\/?page_id=12877"},"modified":"2022-10-06T13:35:50","modified_gmt":"2022-10-06T11:35:50","slug":"el-fons-documental","status":"publish","type":"page","link":"https:\/\/serveiseducatius.xtec.cat\/creda-jordiperello\/el-creda\/serveis\/el-fons-documental\/","title":{"rendered":"Fons Documental"},"content":{"rendered":"<p style=\"text-align: justify;\">El Fons Documental forma part de la <em>Unitat de Tecnologia, Actualitzaci\u00f3 i Formaci\u00f3<\/em> del nostre CREDA on podeu trobar diferents tipus de materials i recursos espec\u00edfics que estan a disposici\u00f3 dels\/de les logopedes del CREDA Jordi Perell\u00f3 aix\u00ed com de qualsevol altre professional del m\u00f3n de l&#8217;ensenyament.<\/p>\n<p><a href=\"https:\/\/serveiseducatius.xtec.cat\/creda-jordiperello\/wp-content\/uploads\/usu975\/2019\/03\/Fons-Documental-1.jpg\"><img loading=\"lazy\" decoding=\"async\" class=\"size-large wp-image-12882 aligncenter\" src=\"https:\/\/serveiseducatius.xtec.cat\/creda-jordiperello\/wp-content\/uploads\/usu975\/2019\/03\/Fons-Documental-1-1024x191.jpg\" alt=\"\" width=\"1024\" height=\"191\" srcset=\"https:\/\/serveiseducatius.xtec.cat\/creda-jordiperello\/wp-content\/uploads\/usu975\/2019\/03\/Fons-Documental-1-1024x191.jpg 1024w, https:\/\/serveiseducatius.xtec.cat\/creda-jordiperello\/wp-content\/uploads\/usu975\/2019\/03\/Fons-Documental-1-300x56.jpg 300w, https:\/\/serveiseducatius.xtec.cat\/creda-jordiperello\/wp-content\/uploads\/usu975\/2019\/03\/Fons-Documental-1-768x143.jpg 768w, https:\/\/serveiseducatius.xtec.cat\/creda-jordiperello\/wp-content\/uploads\/usu975\/2019\/03\/Fons-Documental-1.jpg 1279w\" sizes=\"auto, (max-width: 1024px) 100vw, 1024px\" \/><\/a><\/p>\n<p style=\"text-align: justify;\">El Fons funciona amb un servei de pr\u00e9stec de material per un temps determinat, passat el qual s&#8217;ha de retornar per tal que pugui ser emprat per altres persones.<\/p>\n<p style=\"text-align: justify;\">Ens agradaria que el Fons fos:<\/p>\n<ul style=\"list-style-type: disc; text-align: justify;\">\n<li>Un lloc de consulta i trobada de totes les persones que mantenen alguna relaci\u00f3 amb el m\u00f3n de la logop\u00e8dia (logopedes, psic\u00f2legs, mestres, audioprotesistes, pares, etc.).<\/li>\n<li>Un espai din\u00e0mic i obert a tothom que es vulgui acostar, tant per demanar informaci\u00f3, com per oferir-la. Es pret\u00e9n que el Fons sigui un lloc que pugui dinamitzar i afavorir l&#8217;intercanvi d&#8217;informaci\u00f3 envers materials did\u00e0ctics, llibres especialitzats, contes infantils, materials de formaci\u00f3, etc.<\/li>\n<li>Un lloc per mirar, remenar i descobrir nous materials, tant d&#8217;elaboraci\u00f3 pr\u00f2pia com de comprats al mercat.<\/li>\n<\/ul>\n<p style=\"text-align: justify;\">Relaci\u00f3 de les diferents seccions del Fons:<\/p>\n<ul style=\"list-style-type: disc; text-align: justify;\">\n<li>Biblioteca t\u00e8cnica especialitzada.<\/li>\n<li>Recursos i material inform\u00e0tics i electr\u00f2nics (programari, maquinari, c\u00e0meres, projectors, reproductors mp3&#8230;).<\/li>\n<li>Biblioteca infantil organitzada per tem\u00e0tiques.<\/li>\n<li>Proves de valoraci\u00f3 del llenguatge.<\/li>\n<li>Material did\u00e0ctic\/logop\u00e8dic classificat per contingut, forma i \u00fas.<\/li>\n<li>Material SGAV (Verbo-Tonal).<\/li>\n<li>Material de suport curricular.<\/li>\n<li>Arxiu hist\u00f2ric CRAS-CREDA.<\/li>\n<li>Intranet- Node Fons Documental amb documentaci\u00f3 digital d&#8217;\u00fas restringit als professionals del CREDA.<\/li>\n<\/ul>\n<p style=\"text-align: justify;\">A trav\u00e9s de e-Pergam podeu fer una consulta al cat\u00e0leg del nostre Fons Documental\u00a0 \u00a0\u2192\u00a0\u00a0<a href=\"https:\/\/aplicacions.gestioeducativa.gencat.cat\/epergam\/web\/biblioteca.jsp\">Consulta ePergam CREDA Jordi Perell\u00f3<\/a><\/p>\n<p style=\"text-align: justify;\">Un cop accediu a l&#8217;espai de consulta, podeu buscar els exemplars per nom, t\u00edtol, autor, etc. El cercador us dir\u00e0 si tenim el recurs que busqueu i si aquest est\u00e0 disponible. Si el voleu reservar, podeu enviar un correu a <strong>fons<span class=\"\">@<\/span>credajordiperello.cat <\/strong>i demanar el material al responsable del Fons.<\/p>\n<p style=\"text-align: justify;\">\n","protected":false},"excerpt":{"rendered":"<p>El Fons Documental forma part de la Unitat de Tecnologia, Actualitzaci\u00f3 i Formaci\u00f3 del nostre CREDA on podeu trobar diferents tipus de materials i recursos espec\u00edfics que estan a disposici\u00f3 dels\/de les logopedes del CREDA Jordi Perell\u00f3 aix\u00ed com de qualsevol altre professional del m\u00f3n de l&#8217;ensenyament. El Fons funciona amb un servei de pr\u00e9stec [&hellip;]<\/p>\n","protected":false},"author":1,"featured_media":0,"parent":8140,"menu_order":0,"comment_status":"closed","ping_status":"closed","template":"","meta":{"_bbp_topic_count":0,"_bbp_reply_count":0,"_bbp_total_topic_count":0,"_bbp_total_reply_count":0,"_bbp_voice_count":0,"_bbp_anonymous_reply_count":0,"_bbp_topic_count_hidden":0,"_bbp_reply_count_hidden":0,"_bbp_forum_subforum_count":0,"site-sidebar-layout":"default","site-content-layout":"","ast-site-content-layout":"","site-content-style":"default","site-sidebar-style":"default","ast-global-header-display":"","ast-banner-title-visibility":"","ast-main-header-display":"","ast-hfb-above-header-display":"","ast-hfb-below-header-display":"","ast-hfb-mobile-header-display":"","site-post-title":"","ast-breadcrumbs-content":"","ast-featured-img":"","footer-sml-layout":"","theme-transparent-header-meta":"","adv-header-id-meta":"","stick-header-meta":"","header-above-stick-meta":"","header-main-stick-meta":"","header-below-stick-meta":"","astra-migrate-meta-layouts":"default","ast-page-background-enabled":"default","ast-page-background-meta":{"desktop":{"background-color":"var(--ast-global-color-4)","background-image":"","background-repeat":"repeat","background-position":"center center","background-size":"auto","background-attachment":"scroll","background-type":"","background-media":"","overlay-type":"","overlay-color":"","overlay-opacity":"","overlay-gradient":""},"tablet":{"background-color":"","background-image":"","background-repeat":"repeat","background-position":"center center","background-size":"auto","background-attachment":"scroll","background-type":"","background-media":"","overlay-type":"","overlay-color":"","overlay-opacity":"","overlay-gradient":""},"mobile":{"background-color":"","background-image":"","background-repeat":"repeat","background-position":"center center","background-size":"auto","background-attachment":"scroll","background-type":"","background-media":"","overlay-type":"","overlay-color":"","overlay-opacity":"","overlay-gradient":""}},"ast-content-background-meta":{"desktop":{"background-color":"var(--ast-global-color-5)","background-image":"","background-repeat":"repeat","background-position":"center center","background-size":"auto","background-attachment":"scroll","background-type":"","background-media":"","overlay-type":"","overlay-color":"","overlay-opacity":"","overlay-gradient":""},"tablet":{"background-color":"var(--ast-global-color-5)","background-image":"","background-repeat":"repeat","background-position":"center center","background-size":"auto","background-attachment":"scroll","background-type":"","background-media":"","overlay-type":"","overlay-color":"","overlay-opacity":"","overlay-gradient":""},"mobile":{"background-color":"var(--ast-global-color-5)","background-image":"","background-repeat":"repeat","background-position":"center center","background-size":"auto","background-attachment":"scroll","background-type":"","background-media":"","overlay-type":"","overlay-color":"","overlay-opacity":"","overlay-gradient":""}},"footnotes":""},"class_list":["post-12877","page","type-page","status-publish","hentry"],"post_mailing_queue_ids":[],"_links":{"self":[{"href":"https:\/\/serveiseducatius.xtec.cat\/creda-jordiperello\/wp-json\/wp\/v2\/pages\/12877","targetHints":{"allow":["GET"]}}],"collection":[{"href":"https:\/\/serveiseducatius.xtec.cat\/creda-jordiperello\/wp-json\/wp\/v2\/pages"}],"about":[{"href":"https:\/\/serveiseducatius.xtec.cat\/creda-jordiperello\/wp-json\/wp\/v2\/types\/page"}],"author":[{"embeddable":true,"href":"https:\/\/serveiseducatius.xtec.cat\/creda-jordiperello\/wp-json\/wp\/v2\/users\/1"}],"replies":[{"embeddable":true,"href":"https:\/\/serveiseducatius.xtec.cat\/creda-jordiperello\/wp-json\/wp\/v2\/comments?post=12877"}],"version-history":[{"count":3,"href":"https:\/\/serveiseducatius.xtec.cat\/creda-jordiperello\/wp-json\/wp\/v2\/pages\/12877\/revisions"}],"predecessor-version":[{"id":17104,"href":"https:\/\/serveiseducatius.xtec.cat\/creda-jordiperello\/wp-json\/wp\/v2\/pages\/12877\/revisions\/17104"}],"up":[{"embeddable":true,"href":"https:\/\/serveiseducatius.xtec.cat\/creda-jordiperello\/wp-json\/wp\/v2\/pages\/8140"}],"wp:attachment":[{"href":"https:\/\/serveiseducatius.xtec.cat\/creda-jordiperello\/wp-json\/wp\/v2\/media?parent=12877"}],"curies":[{"name":"wp","href":"https:\/\/api.w.org\/{rel}","templated":true}]}}