{"id":12484,"date":"2019-01-24T10:01:37","date_gmt":"2019-01-24T09:01:37","guid":{"rendered":"http:\/\/serveiseducatius.xtec.cat\/creda-jordiperello\/?page_id=12484"},"modified":"2019-09-10T12:18:29","modified_gmt":"2019-09-10T10:18:29","slug":"eines-tac","status":"publish","type":"page","link":"https:\/\/serveiseducatius.xtec.cat\/creda-jordiperello\/eines-tac\/","title":{"rendered":"Eines TAC"},"content":{"rendered":"<p>&nbsp;<\/p>\n<table style=\"width: 847px; height: 1212px;\">\n<tbody>\n<tr style=\"height: 99px;\">\n<td style=\"width: 129px; height: 50px; vertical-align: middle;\"><a href=\"https:\/\/www.spreaker.com\/download\"><img loading=\"lazy\" decoding=\"async\" class=\"aligncenter wp-image-12488 size-full\" src=\"https:\/\/serveiseducatius.xtec.cat\/creda-jordiperello\/wp-content\/uploads\/usu975\/2019\/01\/Spreaker-Studio.jpg\" alt=\"\" width=\"147\" height=\"39\" \/><\/a><\/td>\n<td style=\"width: 710px; text-align: justify; vertical-align: top; height: 50px;\"><span style=\"font-weight: 400;\"><a href=\"https:\/\/www.spreaker.com\/download\">Spreaker Studio<\/a> \u00e9s una eina que permet la creaci\u00f3 de podcasts de forma senzilla amb una galeria d&#8217;efectes sonors (aplaudiments, sons ambientals, etc.) molt senzilla d&#8217;utilitzar. Ens poden gravar missatges de veu i afegir efectes de so complentaris que poden motivar l&#8217;alumne a produir missatges de veu. Es pot fer servir en PC, tablets i m\u00f2bils (Android i IOS).<\/span><\/td>\n<\/tr>\n<tr style=\"height: 75px;\">\n<td style=\"width: 129px; vertical-align: middle; height: 75px;\"><a href=\"https:\/\/serveiseducatius.xtec.cat\/creda-jordiperello\/wp-content\/uploads\/usu975\/2019\/06\/Documents.jpg\"><img loading=\"lazy\" decoding=\"async\" class=\"alignnone size-full wp-image-13137\" src=\"https:\/\/serveiseducatius.xtec.cat\/creda-jordiperello\/wp-content\/uploads\/usu975\/2019\/06\/Documents.jpg\" alt=\"\" width=\"184\" height=\"65\" \/><\/a><\/td>\n<td style=\"width: 710px; text-align: justify; vertical-align: top; height: 75px;\"><a href=\"https:\/\/docs.google.com\/\">Eina de transcripci\u00f3 de veu per a Documents de Google Drive<\/a> permet crear documents escrits a partir de la nostra veu. Per fer-lo servir, heu d&#8217;obrir un Google Docs nou, anar a Eines i activar l&#8217;enregistrament de veu. S&#8217;ha de tenir el micro connectat i actiu. En els port\u00e0tils de dotaci\u00f3 funciona molt b\u00e9. \u00c9s molt \u00fatil per fer les transcripcions dels nostres alumnes.<\/td>\n<\/tr>\n<tr style=\"height: 71px;\">\n<td style=\"width: 129px; vertical-align: top; height: 71px;\"><a href=\"http:\/\/es.themeyourself.com\/bancos-de-imagenes-gratis\/\"><img loading=\"lazy\" decoding=\"async\" class=\"alignnone wp-image-12712 size-full\" src=\"https:\/\/serveiseducatius.xtec.cat\/creda-jordiperello\/wp-content\/uploads\/usu975\/2019\/02\/listado-banco-de-imagenes-vectores-gratis.png\" alt=\"\" width=\"1014\" height=\"487\" srcset=\"https:\/\/serveiseducatius.xtec.cat\/creda-jordiperello\/wp-content\/uploads\/usu975\/2019\/02\/listado-banco-de-imagenes-vectores-gratis.png 1014w, https:\/\/serveiseducatius.xtec.cat\/creda-jordiperello\/wp-content\/uploads\/usu975\/2019\/02\/listado-banco-de-imagenes-vectores-gratis-300x144.png 300w, https:\/\/serveiseducatius.xtec.cat\/creda-jordiperello\/wp-content\/uploads\/usu975\/2019\/02\/listado-banco-de-imagenes-vectores-gratis-768x369.png 768w\" sizes=\"auto, (max-width: 1014px) 100vw, 1014px\" \/><\/a><\/td>\n<td style=\"width: 710px; text-align: justify; vertical-align: top; height: 71px;\"><a href=\"http:\/\/es.themeyourself.com\/bancos-de-imagenes-gratis\/\">Banc d&#8217;imatges gratu\u00eftes.<\/a><strong>\u00a0<\/strong>Acc\u00e9s a diferents bancs d&#8217;imatges gratu\u00eftes: MorgueFile, Sxc.hu, Creative Commons, Open Photo, Photo Rack, Stock Vault i Public Domain Photos. Les fotos que podeu trobar es poden fer servir per il\u00b7lustrar els vostres treballs i materials.<\/td>\n<\/tr>\n<tr style=\"height: 62px;\">\n<td style=\"width: 129px; vertical-align: top; height: 62px;\"><a href=\"https:\/\/www.youtube.com\/\"><img loading=\"lazy\" decoding=\"async\" class=\"alignnone wp-image-13007 size-full\" src=\"https:\/\/serveiseducatius.xtec.cat\/creda-jordiperello\/wp-content\/uploads\/usu975\/2019\/04\/youtube.png\" alt=\"\" width=\"157\" height=\"63\" \/><\/a><\/td>\n<td style=\"width: 710px; text-align: justify; vertical-align: top; height: 62px;\"><a href=\"https:\/\/www.youtube.com\/\">Youtube &#8211; Subtitulaci\u00f3<\/a><strong>\u00a0<\/strong>ens permet afegir f\u00e0cilment i de forma manual subt\u00edtols a un v\u00eddeo propi pujat al nostre canal que pel fet de tenir correu xtec o gmail ja el tenim activat (usuari i contrasenya del nostre correu).\u00a0<strong><br \/>\n<\/strong><\/td>\n<\/tr>\n<tr>\n<td style=\"width: 129px; vertical-align: top;\"><a href=\"https:\/\/www.videolan.org\/vlc\/index.ca.html\"><img loading=\"lazy\" decoding=\"async\" class=\"alignnone wp-image-13236 size-full\" src=\"https:\/\/serveiseducatius.xtec.cat\/creda-jordiperello\/wp-content\/uploads\/usu975\/2019\/09\/VLC.jpg\" alt=\"\" width=\"176\" height=\"114\" \/><\/a><\/td>\n<td style=\"width: 710px; text-align: justify; vertical-align: top;\"><a href=\"https:\/\/www.videolan.org\/vlc\/index.ca.html\">VLC media player<\/a> ens permet, a banda de visualitzart videos i escoltar arxius d&#8217;audio, alentir la velocitat de reproducci\u00f3 la qual cosa ens pot facilitar molt fer les transcripcions dels nostres alumnes.<\/td>\n<\/tr>\n<tr style=\"height: 55px;\">\n<td style=\"width: 129px; vertical-align: top; height: 55px;\"><a href=\"https:\/\/serveiseducatius.xtec.cat\/creda-jordiperello\/wp-content\/uploads\/usu975\/2019\/05\/Symbaloo.jpg\"><img loading=\"lazy\" decoding=\"async\" class=\"alignnone wp-image-13081\" src=\"https:\/\/serveiseducatius.xtec.cat\/creda-jordiperello\/wp-content\/uploads\/usu975\/2019\/05\/Symbaloo.jpg\" alt=\"\" width=\"118\" height=\"39\" \/><\/a><\/td>\n<td style=\"width: 710px; text-align: justify; vertical-align: top; height: 55px;\"><a href=\"https:\/\/symbalooedu.es\/\">Symbaloo EDU<\/a> \u00e9s un organitzador de recursos educatius personalitzat que permet administrar i compartir f\u00e0cilment continguts.<\/td>\n<\/tr>\n<tr style=\"height: 58px;\">\n<td style=\"width: 129px; text-align: center; vertical-align: top; height: 58px;\"><a href=\"https:\/\/www.jigsawplanet.com\/\"><img loading=\"lazy\" decoding=\"async\" class=\"alignnone wp-image-13083 \" src=\"https:\/\/serveiseducatius.xtec.cat\/creda-jordiperello\/wp-content\/uploads\/usu975\/2019\/05\/puzzles.jpg\" alt=\"\" width=\"59\" height=\"55\" \/><\/a><\/td>\n<td style=\"width: 710px; text-align: justify; vertical-align: top; height: 58px;\"><a href=\"https:\/\/www.jigsawplanet.com\/\">Jigsaw Planet<\/a> \u00e9s un creador de puzzles molt senziil que permet utilitzar qualsevol imatge i decidir el nivell de dificultat.<\/td>\n<\/tr>\n<tr style=\"height: 74px;\">\n<td style=\"width: 129px; text-align: center; vertical-align: top; height: 74px;\"><a href=\"https:\/\/play.google.com\/store\/apps\/details?id=jp.ne.sakura.ccice.audipo&amp;hl=ca\"><img loading=\"lazy\" decoding=\"async\" class=\"alignnone wp-image-13084\" src=\"https:\/\/serveiseducatius.xtec.cat\/creda-jordiperello\/wp-content\/uploads\/usu975\/2019\/05\/Audipo.jpg\" alt=\"\" width=\"61\" height=\"60\" srcset=\"https:\/\/serveiseducatius.xtec.cat\/creda-jordiperello\/wp-content\/uploads\/usu975\/2019\/05\/Audipo.jpg 182w, https:\/\/serveiseducatius.xtec.cat\/creda-jordiperello\/wp-content\/uploads\/usu975\/2019\/05\/Audipo-150x150.jpg 150w\" sizes=\"auto, (max-width: 61px) 100vw, 61px\" \/><\/a><\/td>\n<td style=\"width: 710px; text-align: justify; vertical-align: top; height: 74px;\"><a href=\"https:\/\/play.google.com\/store\/apps\/details?id=jp.ne.sakura.ccice.audipo&amp;hl=ca\">Audipo<\/a> \u00e9s una aplicaci\u00f3 d&#8217;<a href=\"https:\/\/play.google.com\/store\/apps\/details?id=jp.ne.sakura.ccice.audipo&amp;hl=ca\">Android<\/a> i d&#8217;<a href=\"https:\/\/itunes.apple.com\/us\/app\/audipo-audio-speed-changer\/id607971056?mt=8\">iOs<\/a> para dispositius m\u00f2bils i tauletes que permet modificar la velocitat de qualsevol audio. \u00c9s molt \u00fatil tant per alumnes amb dificultats de processament audiitu com per als professionals perqu\u00e8 facilita la tasca de fer transcripccions d&#8217;audios.<\/td>\n<\/tr>\n<tr style=\"height: 76px;\">\n<td style=\"width: 129px; text-align: center; vertical-align: top; height: 76px;\"><img loading=\"lazy\" decoding=\"async\" class=\"\" src=\"https:\/\/serveiseducatius.xtec.cat\/creda-jordiperello\/wp-content\/uploads\/usu975\/2019\/06\/MotionPortrait.jpg\" width=\"63\" height=\"58\" \/><\/td>\n<td style=\"width: 710px; text-align: justify; vertical-align: top; height: 76px;\"><a href=\"https:\/\/www.motionportrait.com\/en\/indexe.php\">MotionPortrait<\/a> \u00e9s una aplicaci\u00f3 gratu\u00efta disponible per a <a href=\"https:\/\/apps.apple.com\/us\/app\/motionportrait\/id606132946\">iOS<\/a> i <a href=\"https:\/\/play.google.com\/store\/apps\/details?id=com.motionportrait.MotionPortrait&amp;hl=ca\">Android<\/a> que ens permet animar qualsevol retrat o dibuix d&#8217;una persona o la nostra pr\u00f2pia i gravar un missatge amb la nostra veu per tal de que sigui dit per l&#8217;animaci\u00f3. Tamb\u00e9 permet modificar aspectes externs de la persona. <a href=\"https:\/\/youtu.be\/ohNyZADU7dY\">Tutorial<\/a>.<\/td>\n<\/tr>\n<tr style=\"height: 71px;\">\n<td style=\"width: 129px; text-align: center; vertical-align: top; height: 71px;\"><a href=\"https:\/\/www.apkmonk.com\/app\/com.speakpic\/\"><img loading=\"lazy\" decoding=\"async\" class=\"alignnone wp-image-13087\" src=\"https:\/\/serveiseducatius.xtec.cat\/creda-jordiperello\/wp-content\/uploads\/usu975\/2019\/05\/Speakpic.jpg\" alt=\"\" width=\"59\" height=\"57\" \/><\/a><\/td>\n<td style=\"width: 710px; text-align: justify; vertical-align: top; height: 71px;\"><a href=\"https:\/\/www.apkmonk.com\/app\/com.speakpic\/\">SpeakPic<\/a>\u00a0\u00e9s una aplicaci\u00f3 per a Android molt entretinguda que permet fer parlar una imatge triada.<\/td>\n<\/tr>\n<tr style=\"height: 76px;\">\n<td style=\"width: 129px; text-align: center; vertical-align: top; height: 76px;\"><a href=\"https:\/\/photospeak-3d-talking-photo.es.aptoide.com\/\"><img loading=\"lazy\" decoding=\"async\" class=\"alignnone wp-image-13089\" src=\"https:\/\/serveiseducatius.xtec.cat\/creda-jordiperello\/wp-content\/uploads\/usu975\/2019\/05\/PhotoSpeak.jpg\" alt=\"\" width=\"60\" height=\"58\" \/><\/a><\/td>\n<td style=\"width: 710px; text-align: justify; vertical-align: top; height: 76px;\"><a href=\"https:\/\/photospeak-3d-talking-photo.es.aptoide.com\/\">PhotoSpeak<\/a> \u00e9s una aplicaci\u00f3 d&#8217;<a href=\"https:\/\/photospeak-3d-talking-photo.es.aptoide.com\/\">Android<\/a> i d&#8217;<a href=\"https:\/\/itunes.apple.com\/us\/app\/audipo-audio-speed-changer\/id607971056?mt=8\">iOs<\/a>\u00a0que permet crear avatars i fer-los parlar.<\/td>\n<\/tr>\n<tr style=\"height: 84px;\">\n<td style=\"width: 129px; text-align: center; vertical-align: top; height: 84px;\"><a href=\"https:\/\/serveiseducatius.xtec.cat\/creda-jordiperello\/wp-content\/uploads\/usu975\/2019\/06\/Morfo.jpg\"><img loading=\"lazy\" decoding=\"async\" class=\"alignnone wp-image-13155\" src=\"https:\/\/serveiseducatius.xtec.cat\/creda-jordiperello\/wp-content\/uploads\/usu975\/2019\/06\/Morfo.jpg\" alt=\"\" width=\"68\" height=\"65\" \/><\/a><\/td>\n<td style=\"width: 710px; text-align: justify; vertical-align: top; height: 84px;\"><a href=\"https:\/\/www.actualidadiphone.com\/morfo-convierte-a-tus-amigos-en-un-personaje-3d\/\">Morfo<\/a> \u00e9s una aplicaci\u00f3 gratu\u00efta per a <a href=\"https:\/\/apps.apple.com\/es\/app\/morfo\/id418900007\">iOS<\/a> que permet transformar a persones, animals i objectes en personatges en tres dimensions.El personatge creat ser\u00e0 capa\u00e7 d&#8217;expressar estats d&#8217;\u00e0nims, ballar i, fins i tot, maquillar i canviar d&#8217;aspecte.<\/td>\n<\/tr>\n<tr style=\"height: 80px;\">\n<td style=\"width: 129px; text-align: center; vertical-align: top; height: 80px;\"><a href=\"https:\/\/plotagon.com\/\"><img loading=\"lazy\" decoding=\"async\" class=\"alignnone wp-image-13097\" src=\"https:\/\/serveiseducatius.xtec.cat\/creda-jordiperello\/wp-content\/uploads\/usu975\/2019\/05\/Plotagon-1024x1024.png\" alt=\"\" width=\"61\" height=\"61\" srcset=\"https:\/\/serveiseducatius.xtec.cat\/creda-jordiperello\/wp-content\/uploads\/usu975\/2019\/05\/Plotagon-1024x1024.png 1024w, https:\/\/serveiseducatius.xtec.cat\/creda-jordiperello\/wp-content\/uploads\/usu975\/2019\/05\/Plotagon-150x150.png 150w, https:\/\/serveiseducatius.xtec.cat\/creda-jordiperello\/wp-content\/uploads\/usu975\/2019\/05\/Plotagon-300x300.png 300w, https:\/\/serveiseducatius.xtec.cat\/creda-jordiperello\/wp-content\/uploads\/usu975\/2019\/05\/Plotagon-768x768.png 768w, https:\/\/serveiseducatius.xtec.cat\/creda-jordiperello\/wp-content\/uploads\/usu975\/2019\/05\/Plotagon.png 1666w\" sizes=\"auto, (max-width: 61px) 100vw, 61px\" \/><\/a><\/td>\n<td style=\"width: 710px; text-align: justify; vertical-align: top; height: 80px;\"><a href=\"https:\/\/plotagon.com\/\">Plotagon<\/a> \u00e9s una aplicaci\u00f3 que permet crear hist\u00f2ries cinematogr\u00e0fiques. \u00c9s un programa de pagament per\u00f2 amb la versi\u00f3 gratu\u00efta \u00e9s suficient per crear petites pel\u00b7l\u00edcules amb di\u00e0legs escrits als quals es poden afegir veus gravant les veus.<\/td>\n<\/tr>\n<tr style=\"height: 80px;\">\n<td style=\"width: 129px; text-align: center; vertical-align: top; height: 80px;\"><a href=\"https:\/\/toontastic.withgoogle.com\/\"><img loading=\"lazy\" decoding=\"async\" class=\"alignnone wp-image-13100\" src=\"https:\/\/serveiseducatius.xtec.cat\/creda-jordiperello\/wp-content\/uploads\/usu975\/2019\/05\/Toontastic-3D.jpg\" alt=\"\" width=\"61\" height=\"62\" \/><\/a><\/td>\n<td style=\"width: 710px; text-align: justify; vertical-align: top; height: 80px;\"><a href=\"https:\/\/toontastic.withgoogle.com\/\">Toonstastic 3D<\/a> \u00e9s una aplicaci\u00f3 que permet crear hist\u00f2ries de dibuixos animats editant els personatges i gravant les veus d&#8217;aquests. \u00c9s una aplicaci\u00f3 que es pot fer anar en format <a href=\"https:\/\/toontastic.withgoogle.com\/\">PC<\/a>, <a href=\"https:\/\/play.google.com\/store\/apps\/details?id=com.google.toontastic&amp;hl=ca\">Android<\/a> i <a href=\"https:\/\/itunes.apple.com\/us\/app\/toontastic-3d\/id1145104532?mt=8\">iOs<\/a>. Acc\u00e9s al <a href=\"https:\/\/drive.google.com\/file\/d\/19s4dJfOpcp73XEpTKMdwLCKetcL6Oj2q\/view?usp=sharing\">Tutorial<\/a>.<\/td>\n<\/tr>\n<tr style=\"height: 95px;\">\n<td style=\"width: 129px; text-align: center; vertical-align: top; height: 95px;\"><a href=\"https:\/\/www.nubedepalabras.es\/\"><img loading=\"lazy\" decoding=\"async\" class=\"alignnone wp-image-13143\" src=\"https:\/\/serveiseducatius.xtec.cat\/creda-jordiperello\/wp-content\/uploads\/usu975\/2019\/06\/Nube.png\" alt=\"\" width=\"76\" height=\"76\" srcset=\"https:\/\/serveiseducatius.xtec.cat\/creda-jordiperello\/wp-content\/uploads\/usu975\/2019\/06\/Nube.png 225w, https:\/\/serveiseducatius.xtec.cat\/creda-jordiperello\/wp-content\/uploads\/usu975\/2019\/06\/Nube-150x150.png 150w\" sizes=\"auto, (max-width: 76px) 100vw, 76px\" \/><\/a><\/td>\n<td style=\"width: 710px; text-align: justify; vertical-align: top; height: 95px;\"><a href=\"https:\/\/www.nubedepalabras.es\/\">NubeDePalabras<\/a> \u00e9s una aplicaci\u00f3 web gratu\u00efta que permet generar autom\u00e0ticament n\u00favols de paraules i\/o etiquetes online a partir de qualsevol document o URL. Es pot personalitzar el teu n\u00favol amb formes, temes, colors i tipograf\u00edes diferents.<\/td>\n<\/tr>\n<tr style=\"height: 85px;\">\n<td style=\"width: 129px; text-align: center; vertical-align: top; height: 85px;\"><a href=\"https:\/\/serveiseducatius.xtec.cat\/creda-jordiperello\/wp-content\/uploads\/usu975\/2019\/06\/Touchcast.jpg\"><img loading=\"lazy\" decoding=\"async\" class=\"alignnone wp-image-13157\" src=\"https:\/\/serveiseducatius.xtec.cat\/creda-jordiperello\/wp-content\/uploads\/usu975\/2019\/06\/Touchcast.jpg\" alt=\"\" width=\"72\" height=\"67\" \/><\/a><\/td>\n<td style=\"width: 710px; text-align: justify; vertical-align: top; height: 85px;\"><a href=\"http:\/\/proyectoguappis.blogspot.com\/2015\/05\/touchcast-crea-y-edita-videos.html\">TouchCast<\/a> \u00e9s una aplicaci\u00f3 per a <a href=\"https:\/\/apps.apple.com\/es\/app\/touchcast-studio\/id603258418\">iOS<\/a> que permet crear presentacions interactives fent servir v\u00eddeos i altres continguts, com per exemple crear un telenoticies presentat pel nostre alumne. A m\u00e9s<b> <\/b>de ser gratu\u00efta, d&#8217;oferir multitud de possibilitats educatives, \u00e9s f\u00e0cil de fer servir i molt atractiva i motivadora per als alumn3s.<\/td>\n<\/tr>\n<tr style=\"height: 46px;\">\n<td style=\"width: 129px; text-align: center; vertical-align: top; height: 46px;\"><a href=\"https:\/\/serveiseducatius.xtec.cat\/creda-jordiperello\/wp-content\/uploads\/usu975\/2019\/06\/Pixton.png\"><img loading=\"lazy\" decoding=\"async\" class=\"alignnone wp-image-13159\" src=\"https:\/\/serveiseducatius.xtec.cat\/creda-jordiperello\/wp-content\/uploads\/usu975\/2019\/06\/Pixton.png\" alt=\"\" width=\"89\" height=\"27\" \/><\/a><\/td>\n<td style=\"width: 710px; text-align: justify; vertical-align: top; height: 46px;\"><a href=\"https:\/\/www.pixton.com\/es\/?classic\">Pixton<\/a> \u00e9s una eina TAC multiplataforma (iOS, Android i PC) molt potent que permet crear c\u00f2mics o hist\u00f2rietes digitals. L&#8217;aplicaci\u00f3 \u00e9s de pagament per\u00f2 t\u00e9 tamb\u00e9 opcions b\u00e0siques que s\u00f3n gratu\u00eftes. <a href=\"https:\/\/youtu.be\/QhxM2aYLX1s\">Tutorial<\/a>.<\/td>\n<\/tr>\n<tr style=\"height: 74px;\">\n<td style=\"width: 129px; text-align: center; vertical-align: top; height: 74px;\"><a href=\"https:\/\/serveiseducatius.xtec.cat\/creda-jordiperello\/wp-content\/uploads\/usu975\/2019\/06\/StoryboardThat.png\"><img loading=\"lazy\" decoding=\"async\" class=\"wp-image-13161 aligncenter\" src=\"https:\/\/serveiseducatius.xtec.cat\/creda-jordiperello\/wp-content\/uploads\/usu975\/2019\/06\/StoryboardThat.png\" alt=\"\" width=\"84\" height=\"84\" srcset=\"https:\/\/serveiseducatius.xtec.cat\/creda-jordiperello\/wp-content\/uploads\/usu975\/2019\/06\/StoryboardThat.png 225w, https:\/\/serveiseducatius.xtec.cat\/creda-jordiperello\/wp-content\/uploads\/usu975\/2019\/06\/StoryboardThat-150x150.png 150w\" sizes=\"auto, (max-width: 84px) 100vw, 84px\" \/><\/a><\/td>\n<td style=\"width: 710px; text-align: justify; vertical-align: top; height: 74px;\"><a href=\"https:\/\/www.storyboardthat.com\/\">StoryboardThat<\/a> \u00e9s tamb\u00e9 una eina TAC per a fer servir en PC (no necessita instal\u00b7laci\u00f3) que permet crear c\u00f2mics i historietes curtes digitals. L&#8217;aplicaci\u00f3 \u00e9s de pagament per\u00f2 tamb\u00e9 es pot fer servir la versi\u00f3 b\u00e0sica que \u00e9s gratu\u00efta. Permet crear multitud d&#8217;hist\u00f2ries amb moltes opcions (escenes, personatges, infografies, etc.).<\/td>\n<\/tr>\n<\/tbody>\n<\/table>\n<p>&nbsp;<\/p>\n<p>&nbsp;<\/p>\n","protected":false},"excerpt":{"rendered":"<p>&nbsp; Spreaker Studio \u00e9s una eina que permet la creaci\u00f3 de podcasts de forma senzilla amb una galeria d&#8217;efectes sonors (aplaudiments, sons ambientals, etc.) molt senzilla d&#8217;utilitzar. Ens poden gravar missatges de veu i afegir efectes de so complentaris que poden motivar l&#8217;alumne a produir missatges de veu. Es pot fer servir en PC, tablets [&hellip;]<\/p>\n","protected":false},"author":1,"featured_media":0,"parent":0,"menu_order":0,"comment_status":"closed","ping_status":"closed","template":"","meta":{"_bbp_topic_count":0,"_bbp_reply_count":0,"_bbp_total_topic_count":0,"_bbp_total_reply_count":0,"_bbp_voice_count":0,"_bbp_anonymous_reply_count":0,"_bbp_topic_count_hidden":0,"_bbp_reply_count_hidden":0,"_bbp_forum_subforum_count":0,"site-sidebar-layout":"default","site-content-layout":"","ast-site-content-layout":"","site-content-style":"default","site-sidebar-style":"default","ast-global-header-display":"","ast-banner-title-visibility":"","ast-main-header-display":"","ast-hfb-above-header-display":"","ast-hfb-below-header-display":"","ast-hfb-mobile-header-display":"","site-post-title":"","ast-breadcrumbs-content":"","ast-featured-img":"","footer-sml-layout":"","theme-transparent-header-meta":"","adv-header-id-meta":"","stick-header-meta":"","header-above-stick-meta":"","header-main-stick-meta":"","header-below-stick-meta":"","astra-migrate-meta-layouts":"default","ast-page-background-enabled":"default","ast-page-background-meta":{"desktop":{"background-color":"var(--ast-global-color-4)","background-image":"","background-repeat":"repeat","background-position":"center center","background-size":"auto","background-attachment":"scroll","background-type":"","background-media":"","overlay-type":"","overlay-color":"","overlay-opacity":"","overlay-gradient":""},"tablet":{"background-color":"","background-image":"","background-repeat":"repeat","background-position":"center center","background-size":"auto","background-attachment":"scroll","background-type":"","background-media":"","overlay-type":"","overlay-color":"","overlay-opacity":"","overlay-gradient":""},"mobile":{"background-color":"","background-image":"","background-repeat":"repeat","background-position":"center center","background-size":"auto","background-attachment":"scroll","background-type":"","background-media":"","overlay-type":"","overlay-color":"","overlay-opacity":"","overlay-gradient":""}},"ast-content-background-meta":{"desktop":{"background-color":"var(--ast-global-color-5)","background-image":"","background-repeat":"repeat","background-position":"center center","background-size":"auto","background-attachment":"scroll","background-type":"","background-media":"","overlay-type":"","overlay-color":"","overlay-opacity":"","overlay-gradient":""},"tablet":{"background-color":"var(--ast-global-color-5)","background-image":"","background-repeat":"repeat","background-position":"center center","background-size":"auto","background-attachment":"scroll","background-type":"","background-media":"","overlay-type":"","overlay-color":"","overlay-opacity":"","overlay-gradient":""},"mobile":{"background-color":"var(--ast-global-color-5)","background-image":"","background-repeat":"repeat","background-position":"center center","background-size":"auto","background-attachment":"scroll","background-type":"","background-media":"","overlay-type":"","overlay-color":"","overlay-opacity":"","overlay-gradient":""}},"footnotes":""},"class_list":["post-12484","page","type-page","status-publish","hentry"],"post_mailing_queue_ids":[],"_links":{"self":[{"href":"https:\/\/serveiseducatius.xtec.cat\/creda-jordiperello\/wp-json\/wp\/v2\/pages\/12484","targetHints":{"allow":["GET"]}}],"collection":[{"href":"https:\/\/serveiseducatius.xtec.cat\/creda-jordiperello\/wp-json\/wp\/v2\/pages"}],"about":[{"href":"https:\/\/serveiseducatius.xtec.cat\/creda-jordiperello\/wp-json\/wp\/v2\/types\/page"}],"author":[{"embeddable":true,"href":"https:\/\/serveiseducatius.xtec.cat\/creda-jordiperello\/wp-json\/wp\/v2\/users\/1"}],"replies":[{"embeddable":true,"href":"https:\/\/serveiseducatius.xtec.cat\/creda-jordiperello\/wp-json\/wp\/v2\/comments?post=12484"}],"version-history":[{"count":3,"href":"https:\/\/serveiseducatius.xtec.cat\/creda-jordiperello\/wp-json\/wp\/v2\/pages\/12484\/revisions"}],"predecessor-version":[{"id":13240,"href":"https:\/\/serveiseducatius.xtec.cat\/creda-jordiperello\/wp-json\/wp\/v2\/pages\/12484\/revisions\/13240"}],"wp:attachment":[{"href":"https:\/\/serveiseducatius.xtec.cat\/creda-jordiperello\/wp-json\/wp\/v2\/media?parent=12484"}],"curies":[{"name":"wp","href":"https:\/\/api.w.org\/{rel}","templated":true}]}}