{"id":11206,"date":"2018-01-17T23:50:06","date_gmt":"2018-01-17T22:50:06","guid":{"rendered":"http:\/\/serveiseducatius.xtec.cat\/creda-jordiperello\/?page_id=11206"},"modified":"2022-10-07T09:38:34","modified_gmt":"2022-10-07T07:38:34","slug":"guies-sobre-el-trastorns-del-llenguatge","status":"publish","type":"page","link":"https:\/\/serveiseducatius.xtec.cat\/creda-jordiperello\/guies-2\/guies-sobre-el-trastorns-del-llenguatge\/","title":{"rendered":"Guies Trastorn del Llenguatge"},"content":{"rendered":"<table style=\"width: 713px;\">\n<tbody>\n<tr>\n<td style=\"width: 135px;\"><img loading=\"lazy\" decoding=\"async\" class=\" wp-image-8516 size-thumbnail\" src=\"http:\/\/serveiseducatius.xtec.cat\/creda-jordiperello\/wp-content\/uploads\/usu975\/2016\/05\/llenguatge_escola-150x150.png\" alt=\"llenguatge_escola\" width=\"150\" height=\"150\" \/><\/td>\n<td style=\"width: 570px;\"><a href=\"http:\/\/ensenyament.gencat.cat\/web\/.content\/home\/departament\/publicacions\/monografies\/us-llenguatge-escola\/lus_llenguatge_lescola.pdf\">L&#8217;\u00fas del llenguatge a l&#8217;escola.\u00a0Propostes d&#8217;intervenci\u00f3 per a l&#8217;alumnat amb dificultats de comunicaci\u00f3 i llenguatge<\/a><\/td>\n<\/tr>\n<tr>\n<td style=\"width: 135px;\"><img loading=\"lazy\" decoding=\"async\" class=\"wp-image-11189 aligncenter\" src=\"http:\/\/serveiseducatius.xtec.cat\/creda-jordiperello\/wp-content\/uploads\/usu975\/2016\/05\/TEL.png\" alt=\"\" width=\"114\" height=\"124\" srcset=\"https:\/\/serveiseducatius.xtec.cat\/creda-jordiperello\/wp-content\/uploads\/usu975\/2016\/05\/TEL.png 301w, https:\/\/serveiseducatius.xtec.cat\/creda-jordiperello\/wp-content\/uploads\/usu975\/2016\/05\/TEL-275x300.png 275w\" sizes=\"auto, (max-width: 114px) 100vw, 114px\" \/><\/td>\n<td style=\"width: 570px;\"><a href=\"https:\/\/serveiseducatius.xtec.cat\/creda-jordiperello\/wp-content\/uploads\/usu975\/2020\/02\/GUIA-TEL-Educaci\u00f3-Infantil-i-Cicle-Incial-dEducaci\u00f3-Prim\u00e0ria.pdf\">Guia TEL: Educaci\u00f3 Infantil i Cicle Incial d&#8217;Educaci\u00f3 Prim\u00e0ria<\/a><\/td>\n<\/tr>\n<tr>\n<td style=\"width: 135px;\"><a href=\"https:\/\/serveiseducatius.xtec.cat\/creda-jordiperello\/wp-content\/uploads\/usu975\/2022\/10\/1665056764555-scaled-e1665056984677.jpg\"><img loading=\"lazy\" decoding=\"async\" class=\"alignleft size-medium wp-image-17105\" src=\"https:\/\/serveiseducatius.xtec.cat\/creda-jordiperello\/wp-content\/uploads\/usu975\/2022\/10\/1665056764555-scaled-e1665056984677-222x300.jpg\" alt=\"\" width=\"222\" height=\"300\" srcset=\"https:\/\/serveiseducatius.xtec.cat\/creda-jordiperello\/wp-content\/uploads\/usu975\/2022\/10\/1665056764555-scaled-e1665056984677-222x300.jpg 222w, https:\/\/serveiseducatius.xtec.cat\/creda-jordiperello\/wp-content\/uploads\/usu975\/2022\/10\/1665056764555-scaled-e1665056984677-758x1024.jpg 758w, https:\/\/serveiseducatius.xtec.cat\/creda-jordiperello\/wp-content\/uploads\/usu975\/2022\/10\/1665056764555-scaled-e1665056984677-768x1037.jpg 768w, https:\/\/serveiseducatius.xtec.cat\/creda-jordiperello\/wp-content\/uploads\/usu975\/2022\/10\/1665056764555-scaled-e1665056984677.jpg 1103w\" sizes=\"auto, (max-width: 222px) 100vw, 222px\" \/><\/a><\/td>\n<td style=\"width: 570px;\"><a href=\"https:\/\/drive.google.com\/file\/d\/1kp_kGmjAEHfUi84Y17WarSNDl3Zh1K3y\/view?usp=sharing\">Trastorn Espec\u00edfic del llenguatge TEL\/TDL. Orientacions per a docents cicle mitj\u00e0 i superior d&#8217;educaci\u00f3 prim\u00e0ria. Educaci\u00f3 secund\u00e0ria obligat\u00f2ria<\/a><\/td>\n<\/tr>\n<\/tbody>\n<\/table>\n","protected":false},"excerpt":{"rendered":"<p>L&#8217;\u00fas del llenguatge a l&#8217;escola.\u00a0Propostes d&#8217;intervenci\u00f3 per a l&#8217;alumnat amb dificultats de comunicaci\u00f3 i llenguatge Guia TEL: Educaci\u00f3 Infantil i Cicle Incial d&#8217;Educaci\u00f3 Prim\u00e0ria Trastorn Espec\u00edfic del llenguatge TEL\/TDL. Orientacions per a docents cicle mitj\u00e0 i superior d&#8217;educaci\u00f3 prim\u00e0ria. Educaci\u00f3 secund\u00e0ria obligat\u00f2ria<\/p>\n","protected":false},"author":1,"featured_media":0,"parent":11218,"menu_order":0,"comment_status":"closed","ping_status":"closed","template":"","meta":{"_bbp_topic_count":0,"_bbp_reply_count":0,"_bbp_total_topic_count":0,"_bbp_total_reply_count":0,"_bbp_voice_count":0,"_bbp_anonymous_reply_count":0,"_bbp_topic_count_hidden":0,"_bbp_reply_count_hidden":0,"_bbp_forum_subforum_count":0,"site-sidebar-layout":"default","site-content-layout":"","ast-site-content-layout":"","site-content-style":"default","site-sidebar-style":"default","ast-global-header-display":"","ast-banner-title-visibility":"","ast-main-header-display":"","ast-hfb-above-header-display":"","ast-hfb-below-header-display":"","ast-hfb-mobile-header-display":"","site-post-title":"","ast-breadcrumbs-content":"","ast-featured-img":"","footer-sml-layout":"","theme-transparent-header-meta":"","adv-header-id-meta":"","stick-header-meta":"","header-above-stick-meta":"","header-main-stick-meta":"","header-below-stick-meta":"","astra-migrate-meta-layouts":"default","ast-page-background-enabled":"default","ast-page-background-meta":{"desktop":{"background-color":"var(--ast-global-color-4)","background-image":"","background-repeat":"repeat","background-position":"center center","background-size":"auto","background-attachment":"scroll","background-type":"","background-media":"","overlay-type":"","overlay-color":"","overlay-opacity":"","overlay-gradient":""},"tablet":{"background-color":"","background-image":"","background-repeat":"repeat","background-position":"center center","background-size":"auto","background-attachment":"scroll","background-type":"","background-media":"","overlay-type":"","overlay-color":"","overlay-opacity":"","overlay-gradient":""},"mobile":{"background-color":"","background-image":"","background-repeat":"repeat","background-position":"center center","background-size":"auto","background-attachment":"scroll","background-type":"","background-media":"","overlay-type":"","overlay-color":"","overlay-opacity":"","overlay-gradient":""}},"ast-content-background-meta":{"desktop":{"background-color":"var(--ast-global-color-5)","background-image":"","background-repeat":"repeat","background-position":"center center","background-size":"auto","background-attachment":"scroll","background-type":"","background-media":"","overlay-type":"","overlay-color":"","overlay-opacity":"","overlay-gradient":""},"tablet":{"background-color":"var(--ast-global-color-5)","background-image":"","background-repeat":"repeat","background-position":"center center","background-size":"auto","background-attachment":"scroll","background-type":"","background-media":"","overlay-type":"","overlay-color":"","overlay-opacity":"","overlay-gradient":""},"mobile":{"background-color":"var(--ast-global-color-5)","background-image":"","background-repeat":"repeat","background-position":"center center","background-size":"auto","background-attachment":"scroll","background-type":"","background-media":"","overlay-type":"","overlay-color":"","overlay-opacity":"","overlay-gradient":""}},"footnotes":""},"class_list":["post-11206","page","type-page","status-publish","hentry"],"post_mailing_queue_ids":[],"_links":{"self":[{"href":"https:\/\/serveiseducatius.xtec.cat\/creda-jordiperello\/wp-json\/wp\/v2\/pages\/11206","targetHints":{"allow":["GET"]}}],"collection":[{"href":"https:\/\/serveiseducatius.xtec.cat\/creda-jordiperello\/wp-json\/wp\/v2\/pages"}],"about":[{"href":"https:\/\/serveiseducatius.xtec.cat\/creda-jordiperello\/wp-json\/wp\/v2\/types\/page"}],"author":[{"embeddable":true,"href":"https:\/\/serveiseducatius.xtec.cat\/creda-jordiperello\/wp-json\/wp\/v2\/users\/1"}],"replies":[{"embeddable":true,"href":"https:\/\/serveiseducatius.xtec.cat\/creda-jordiperello\/wp-json\/wp\/v2\/comments?post=11206"}],"version-history":[{"count":3,"href":"https:\/\/serveiseducatius.xtec.cat\/creda-jordiperello\/wp-json\/wp\/v2\/pages\/11206\/revisions"}],"predecessor-version":[{"id":17109,"href":"https:\/\/serveiseducatius.xtec.cat\/creda-jordiperello\/wp-json\/wp\/v2\/pages\/11206\/revisions\/17109"}],"up":[{"embeddable":true,"href":"https:\/\/serveiseducatius.xtec.cat\/creda-jordiperello\/wp-json\/wp\/v2\/pages\/11218"}],"wp:attachment":[{"href":"https:\/\/serveiseducatius.xtec.cat\/creda-jordiperello\/wp-json\/wp\/v2\/media?parent=11206"}],"curies":[{"name":"wp","href":"https:\/\/api.w.org\/{rel}","templated":true}]}}