{"id":10029,"date":"2017-06-24T15:17:43","date_gmt":"2017-06-24T13:17:43","guid":{"rendered":"http:\/\/serveiseducatius.xtec.cat\/creda-jordiperello\/?page_id=10029"},"modified":"2022-04-28T14:48:19","modified_gmt":"2022-04-28T12:48:19","slug":"servei-daudiologia","status":"publish","type":"page","link":"https:\/\/serveiseducatius.xtec.cat\/creda-jordiperello\/el-creda\/serveis\/servei-daudiologia\/","title":{"rendered":"Servei d&#8217;Audiologia"},"content":{"rendered":"<p style=\"text-align: justify;\">El CREDA disposa de servei d\u2019audiologia, on realitzem controls audiol\u00f2gics i prot\u00e8tics dels infants i alumnes, per tal de comprovar l\u2019estat de les seves capacitats auditives i assegurar un bon guany prot\u00e8tic de les seves pr\u00f2tesis.<\/p>\n<p style=\"text-align: justify;\">Donem atenci\u00f3 audiol\u00f2gica, a tots els infants i alumnes que tenen un diagn\u00f2stic m\u00e8dic de sordesa neurosensorial o transmissiva permanent bilateral, en les edats compreses entre els 0 i es 18 anys.<\/p>\n<p><a href=\"https:\/\/serveiseducatius.xtec.cat\/creda-jordiperello\/wp-content\/uploads\/usu975\/2022\/04\/PHOTO-2022-04-21-12-12-33.jpg\"><img loading=\"lazy\" decoding=\"async\" class=\"alignnone wp-image-16406\" src=\"https:\/\/serveiseducatius.xtec.cat\/creda-jordiperello\/wp-content\/uploads\/usu975\/2022\/04\/PHOTO-2022-04-21-12-12-33.jpg\" alt=\"\" width=\"412\" height=\"190\" srcset=\"https:\/\/serveiseducatius.xtec.cat\/creda-jordiperello\/wp-content\/uploads\/usu975\/2022\/04\/PHOTO-2022-04-21-12-12-33.jpg 1024w, https:\/\/serveiseducatius.xtec.cat\/creda-jordiperello\/wp-content\/uploads\/usu975\/2022\/04\/PHOTO-2022-04-21-12-12-33-300x138.jpg 300w, https:\/\/serveiseducatius.xtec.cat\/creda-jordiperello\/wp-content\/uploads\/usu975\/2022\/04\/PHOTO-2022-04-21-12-12-33-768x354.jpg 768w\" sizes=\"auto, (max-width: 412px) 100vw, 412px\" \/><\/a><a href=\"https:\/\/serveiseducatius.xtec.cat\/creda-jordiperello\/wp-content\/uploads\/usu975\/2022\/04\/PHOTO-2022-04-21-12-25-44.jpg\"><img loading=\"lazy\" decoding=\"async\" class=\"alignnone wp-image-16408\" src=\"https:\/\/serveiseducatius.xtec.cat\/creda-jordiperello\/wp-content\/uploads\/usu975\/2022\/04\/PHOTO-2022-04-21-12-25-44.jpg\" alt=\"\" width=\"411\" height=\"189\" srcset=\"https:\/\/serveiseducatius.xtec.cat\/creda-jordiperello\/wp-content\/uploads\/usu975\/2022\/04\/PHOTO-2022-04-21-12-25-44.jpg 1024w, https:\/\/serveiseducatius.xtec.cat\/creda-jordiperello\/wp-content\/uploads\/usu975\/2022\/04\/PHOTO-2022-04-21-12-25-44-300x138.jpg 300w, https:\/\/serveiseducatius.xtec.cat\/creda-jordiperello\/wp-content\/uploads\/usu975\/2022\/04\/PHOTO-2022-04-21-12-25-44-768x354.jpg 768w\" sizes=\"auto, (max-width: 411px) 100vw, 411px\" \/><\/a><\/p>\n<p style=\"text-align: justify;\">Ajudem a les fam\u00edlies i les acompanyem en el moment d l\u2019adaptaci\u00f3 prot\u00e8tica, gr\u00e0cies al cribratge auditiu universal els infants que arriben al CREDA s\u00f3n molt petits i necessitem que es realitzi una bona adaptaci\u00f3 prot\u00e8tica primerenca per tal d\u2019ajudar al desenvolupament del llenguatge oral. D\u2019altra banda tamb\u00e9 fem l\u2019acompanyament a les fam\u00edlies d\u2019alumnat amb sordesa detectada de forma m\u00e9s tardana, i en els canvis de pr\u00f2tesis que realitzaran al llarg de la seva etapa educativa.<\/p>\n<p><a href=\"https:\/\/serveiseducatius.xtec.cat\/creda-jordiperello\/wp-content\/uploads\/usu975\/2022\/04\/PHOTO-2022-04-21-12-14-07.jpg\"><img loading=\"lazy\" decoding=\"async\" class=\"alignnone wp-image-16407\" src=\"https:\/\/serveiseducatius.xtec.cat\/creda-jordiperello\/wp-content\/uploads\/usu975\/2022\/04\/PHOTO-2022-04-21-12-14-07.jpg\" alt=\"\" width=\"252\" height=\"213\" srcset=\"https:\/\/serveiseducatius.xtec.cat\/creda-jordiperello\/wp-content\/uploads\/usu975\/2022\/04\/PHOTO-2022-04-21-12-14-07.jpg 779w, https:\/\/serveiseducatius.xtec.cat\/creda-jordiperello\/wp-content\/uploads\/usu975\/2022\/04\/PHOTO-2022-04-21-12-14-07-300x253.jpg 300w, https:\/\/serveiseducatius.xtec.cat\/creda-jordiperello\/wp-content\/uploads\/usu975\/2022\/04\/PHOTO-2022-04-21-12-14-07-768x649.jpg 768w\" sizes=\"auto, (max-width: 252px) 100vw, 252px\" \/><\/a><\/p>\n<p style=\"text-align: justify;\">Tamb\u00e9 aconsellem sobre les diferents ajudes t\u00e8cniques que poden ajudar a millorar l\u2019audibilitat a l\u2019aula.<\/p>\n<p style=\"text-align: justify;\">Les fam\u00edlies es poden posar en contacte amb l\u2019audioprotesista a trav\u00e9s del correu <a href=\"mailto:audiologia@credajordiperello.cat\">audiologia@credajordiperello.cat<\/a> o, b\u00e9, per via telef\u00f2nica trucant al 93 723 33 13. <strong>L\u2019horari d\u2019atenci\u00f3 telef\u00f2nica \u00e9s els\u00a0 dimarts de 13h a 15h<\/strong>.<\/p>\n","protected":false},"excerpt":{"rendered":"<p>El CREDA disposa de servei d\u2019audiologia, on realitzem controls audiol\u00f2gics i prot\u00e8tics dels infants i alumnes, per tal de comprovar l\u2019estat de les seves capacitats auditives i assegurar un bon guany prot\u00e8tic de les seves pr\u00f2tesis. Donem atenci\u00f3 audiol\u00f2gica, a tots els infants i alumnes que tenen un diagn\u00f2stic m\u00e8dic de sordesa neurosensorial o transmissiva [&hellip;]<\/p>\n","protected":false},"author":1,"featured_media":0,"parent":8140,"menu_order":0,"comment_status":"closed","ping_status":"closed","template":"","meta":{"_bbp_topic_count":0,"_bbp_reply_count":0,"_bbp_total_topic_count":0,"_bbp_total_reply_count":0,"_bbp_voice_count":0,"_bbp_anonymous_reply_count":0,"_bbp_topic_count_hidden":0,"_bbp_reply_count_hidden":0,"_bbp_forum_subforum_count":0,"site-sidebar-layout":"default","site-content-layout":"","ast-site-content-layout":"","site-content-style":"default","site-sidebar-style":"default","ast-global-header-display":"","ast-banner-title-visibility":"","ast-main-header-display":"","ast-hfb-above-header-display":"","ast-hfb-below-header-display":"","ast-hfb-mobile-header-display":"","site-post-title":"","ast-breadcrumbs-content":"","ast-featured-img":"","footer-sml-layout":"","theme-transparent-header-meta":"","adv-header-id-meta":"","stick-header-meta":"","header-above-stick-meta":"","header-main-stick-meta":"","header-below-stick-meta":"","astra-migrate-meta-layouts":"default","ast-page-background-enabled":"default","ast-page-background-meta":{"desktop":{"background-color":"var(--ast-global-color-4)","background-image":"","background-repeat":"repeat","background-position":"center center","background-size":"auto","background-attachment":"scroll","background-type":"","background-media":"","overlay-type":"","overlay-color":"","overlay-opacity":"","overlay-gradient":""},"tablet":{"background-color":"","background-image":"","background-repeat":"repeat","background-position":"center center","background-size":"auto","background-attachment":"scroll","background-type":"","background-media":"","overlay-type":"","overlay-color":"","overlay-opacity":"","overlay-gradient":""},"mobile":{"background-color":"","background-image":"","background-repeat":"repeat","background-position":"center center","background-size":"auto","background-attachment":"scroll","background-type":"","background-media":"","overlay-type":"","overlay-color":"","overlay-opacity":"","overlay-gradient":""}},"ast-content-background-meta":{"desktop":{"background-color":"var(--ast-global-color-5)","background-image":"","background-repeat":"repeat","background-position":"center center","background-size":"auto","background-attachment":"scroll","background-type":"","background-media":"","overlay-type":"","overlay-color":"","overlay-opacity":"","overlay-gradient":""},"tablet":{"background-color":"var(--ast-global-color-5)","background-image":"","background-repeat":"repeat","background-position":"center center","background-size":"auto","background-attachment":"scroll","background-type":"","background-media":"","overlay-type":"","overlay-color":"","overlay-opacity":"","overlay-gradient":""},"mobile":{"background-color":"var(--ast-global-color-5)","background-image":"","background-repeat":"repeat","background-position":"center center","background-size":"auto","background-attachment":"scroll","background-type":"","background-media":"","overlay-type":"","overlay-color":"","overlay-opacity":"","overlay-gradient":""}},"footnotes":""},"class_list":["post-10029","page","type-page","status-publish","hentry"],"post_mailing_queue_ids":[],"_links":{"self":[{"href":"https:\/\/serveiseducatius.xtec.cat\/creda-jordiperello\/wp-json\/wp\/v2\/pages\/10029","targetHints":{"allow":["GET"]}}],"collection":[{"href":"https:\/\/serveiseducatius.xtec.cat\/creda-jordiperello\/wp-json\/wp\/v2\/pages"}],"about":[{"href":"https:\/\/serveiseducatius.xtec.cat\/creda-jordiperello\/wp-json\/wp\/v2\/types\/page"}],"author":[{"embeddable":true,"href":"https:\/\/serveiseducatius.xtec.cat\/creda-jordiperello\/wp-json\/wp\/v2\/users\/1"}],"replies":[{"embeddable":true,"href":"https:\/\/serveiseducatius.xtec.cat\/creda-jordiperello\/wp-json\/wp\/v2\/comments?post=10029"}],"version-history":[{"count":3,"href":"https:\/\/serveiseducatius.xtec.cat\/creda-jordiperello\/wp-json\/wp\/v2\/pages\/10029\/revisions"}],"predecessor-version":[{"id":16412,"href":"https:\/\/serveiseducatius.xtec.cat\/creda-jordiperello\/wp-json\/wp\/v2\/pages\/10029\/revisions\/16412"}],"up":[{"embeddable":true,"href":"https:\/\/serveiseducatius.xtec.cat\/creda-jordiperello\/wp-json\/wp\/v2\/pages\/8140"}],"wp:attachment":[{"href":"https:\/\/serveiseducatius.xtec.cat\/creda-jordiperello\/wp-json\/wp\/v2\/media?parent=10029"}],"curies":[{"name":"wp","href":"https:\/\/api.w.org\/{rel}","templated":true}]}}