{"id":8175,"date":"2016-04-04T12:18:56","date_gmt":"2016-04-04T11:18:56","guid":{"rendered":"http:\/\/serveiseducatius.xtec.cat\/creda-comarques2\/?page_id=8175"},"modified":"2025-10-20T15:08:21","modified_gmt":"2025-10-20T13:08:21","slug":"guies","status":"publish","type":"page","link":"https:\/\/serveiseducatius.xtec.cat\/creda-comarques2\/families\/guies\/","title":{"rendered":"Guies"},"content":{"rendered":"<p>A continuaci\u00f3 hi podreu trobar diverses guies per fam\u00edlies que us poden interessar:<\/p>\n<p><img loading=\"lazy\" decoding=\"async\" class=\"aligncenter\" src=\"https:\/\/serveiseducatius.xtec.cat\/creda-narcismaso\/wp-content\/uploads\/usu1336\/2019\/07\/FOTO-GUIA-LSC.png\" alt=\"Resultat d'imatges de guia de families amb lSC\" width=\"336\" height=\"449\" \/><\/p>\n<p style=\"text-align: center;\"><a href=\"https:\/\/drive.google.com\/file\/d\/1oAjp-5QfBDigFoCpwMMx-MqJbqPI_k3J\/view?usp=sharing\">Guia de fam\u00edlies amb LSC<\/a><\/p>\n<p style=\"text-align: center;\"><a href=\"http:\/\/treballiaferssocials.gencat.cat\/web\/.content\/01departament\/08publicacions\/ambits_tematics\/discapacitat\/12sordsprofunds\/sords_profunds.pdf\" target=\"_blank\" rel=\"noopener noreferrer\"><img loading=\"lazy\" decoding=\"async\" class=\"wp-image-8438 aligncenter\" src=\"http:\/\/serveiseducatius.xtec.cat\/creda-comarques2\/wp-content\/uploads\/usu1337\/2016\/04\/sords_profunds.png\" alt=\"sords_profunds\" width=\"349\" height=\"326\" srcset=\"https:\/\/serveiseducatius.xtec.cat\/creda-comarques2\/wp-content\/uploads\/usu1337\/2016\/04\/sords_profunds.png 508w, https:\/\/serveiseducatius.xtec.cat\/creda-comarques2\/wp-content\/uploads\/usu1337\/2016\/04\/sords_profunds-300x280.png 300w\" sizes=\"auto, (max-width: 349px) 100vw, 349px\" \/><\/a><a href=\"http:\/\/treballiaferssocials.gencat.cat\/web\/.content\/01departament\/08publicacions\/ambits_tematics\/discapacitat\/12sordsprofunds\/sords_profunds.pdf\"><br \/>\nSords profunds per\u00f2 hi sentim i parlem<\/a><\/p>\n<p style=\"text-align: center;\"><a href=\"http:\/\/serveiseducatius.xtec.cat\/creda-comarques2\/wp-content\/uploads\/usu1337\/2016\/04\/perdua-auditiva.png\"><img loading=\"lazy\" decoding=\"async\" class=\"wp-image-8504 aligncenter\" src=\"http:\/\/serveiseducatius.xtec.cat\/creda-comarques2\/wp-content\/uploads\/usu1337\/2016\/04\/perdua-auditiva-150x150.png\" alt=\"perdua auditiva\" width=\"316\" height=\"316\" \/><\/a><a href=\"http:\/\/www.hsjdbcn.org\/polymitaImages\/public\/consells\/2015\/2015_02_18_consell_perdua_auditiva_HSJD_CREDAV_cat.pdf\"><br \/>\nEl meu fill t\u00e9 una p\u00e8rdua auditiva. Informaci\u00f3 per a les fam\u00edlies<\/a><\/p>\n<p style=\"text-align: center;\"><a href=\"http:\/\/serveiseducatius.xtec.cat\/creda-comarques2\/wp-content\/uploads\/usu1337\/2016\/04\/guia_tartamudesa.png\"><img loading=\"lazy\" decoding=\"async\" class=\"wp-image-8505 aligncenter\" src=\"http:\/\/serveiseducatius.xtec.cat\/creda-comarques2\/wp-content\/uploads\/usu1337\/2016\/04\/guia_tartamudesa-150x150.png\" alt=\"guia_tartamudesa\" width=\"321\" height=\"321\" srcset=\"https:\/\/serveiseducatius.xtec.cat\/creda-comarques2\/wp-content\/uploads\/usu1337\/2016\/04\/guia_tartamudesa-150x150.png 150w, https:\/\/serveiseducatius.xtec.cat\/creda-comarques2\/wp-content\/uploads\/usu1337\/2016\/04\/guia_tartamudesa-300x300.png 300w, https:\/\/serveiseducatius.xtec.cat\/creda-comarques2\/wp-content\/uploads\/usu1337\/2016\/04\/guia_tartamudesa.png 629w\" sizes=\"auto, (max-width: 321px) 100vw, 321px\" \/><\/a><a href=\"http:\/\/ensenyament.gencat.cat\/web\/.content\/home\/departament\/publicacions\/colleccions\/guia-families\/tartamudesa\/guia_famil_fills_tartamudesa.pdf\"><br \/>\nGuia per a fam\u00edlies d&#8217;infants amb tartamudesa<\/a><\/p>\n<p><a href=\"http:\/\/serveiseducatius.xtec.cat\/creda-comarques2\/wp-content\/uploads\/usu1337\/2016\/04\/guia_sordceguesa.png\"><img loading=\"lazy\" decoding=\"async\" class=\"wp-image-8507 aligncenter\" src=\"http:\/\/serveiseducatius.xtec.cat\/creda-comarques2\/wp-content\/uploads\/usu1337\/2016\/04\/guia_sordceguesa-150x150.png\" alt=\"guia_sordceguesa\" width=\"317\" height=\"317\" srcset=\"https:\/\/serveiseducatius.xtec.cat\/creda-comarques2\/wp-content\/uploads\/usu1337\/2016\/04\/guia_sordceguesa-150x150.png 150w, https:\/\/serveiseducatius.xtec.cat\/creda-comarques2\/wp-content\/uploads\/usu1337\/2016\/04\/guia_sordceguesa-300x300.png 300w, https:\/\/serveiseducatius.xtec.cat\/creda-comarques2\/wp-content\/uploads\/usu1337\/2016\/04\/guia_sordceguesa.png 628w\" sizes=\"auto, (max-width: 317px) 100vw, 317px\" \/><\/a><\/p>\n<p style=\"text-align: center;\"><a href=\"http:\/\/ensenyament.gencat.cat\/web\/.content\/home\/departament\/publicacions\/colleccions\/guia-families\/sordesa\/guia_famil_fills_sordceguesa.pdf\">Guia per a fam\u00edlies d&#8217;infants amb sordesa o sordceguesa<\/a><\/p>\n<p><img loading=\"lazy\" decoding=\"async\" class=\"wp-image-10211 aligncenter\" src=\"https:\/\/serveiseducatius.xtec.cat\/creda-comarques2\/wp-content\/uploads\/usu1337\/2021\/10\/Sin-titulo-718x1024.jpg\" alt=\"\" width=\"176\" height=\"252\" srcset=\"https:\/\/serveiseducatius.xtec.cat\/creda-comarques2\/wp-content\/uploads\/usu1337\/2021\/10\/Sin-titulo-718x1024.jpg 718w, https:\/\/serveiseducatius.xtec.cat\/creda-comarques2\/wp-content\/uploads\/usu1337\/2021\/10\/Sin-titulo-210x300.jpg 210w, https:\/\/serveiseducatius.xtec.cat\/creda-comarques2\/wp-content\/uploads\/usu1337\/2021\/10\/Sin-titulo-768x1095.jpg 768w, https:\/\/serveiseducatius.xtec.cat\/creda-comarques2\/wp-content\/uploads\/usu1337\/2021\/10\/Sin-titulo.jpg 795w\" sizes=\"auto, (max-width: 176px) 100vw, 176px\" \/><\/p>\n<p style=\"text-align: center;\"><a href=\"https:\/\/drive.google.com\/file\/d\/1Eq_bPyCcr8cjlKwEorQs-F92w84TCNEg\/view?usp=sharing\">Un nou m\u00f3n per al Tin<\/a><\/p>\n<p><img loading=\"lazy\" decoding=\"async\" class=\"wp-image-10213 aligncenter\" src=\"https:\/\/serveiseducatius.xtec.cat\/creda-comarques2\/wp-content\/uploads\/usu1337\/2021\/10\/ic.jpg\" alt=\"\" width=\"339\" height=\"225\" srcset=\"https:\/\/serveiseducatius.xtec.cat\/creda-comarques2\/wp-content\/uploads\/usu1337\/2021\/10\/ic.jpg 836w, https:\/\/serveiseducatius.xtec.cat\/creda-comarques2\/wp-content\/uploads\/usu1337\/2021\/10\/ic-300x200.jpg 300w, https:\/\/serveiseducatius.xtec.cat\/creda-comarques2\/wp-content\/uploads\/usu1337\/2021\/10\/ic-768x511.jpg 768w\" sizes=\"auto, (max-width: 339px) 100vw, 339px\" \/><\/p>\n<p style=\"text-align: center;\"><a href=\"https:\/\/www.youtube.com\/watch?v=53iDOu-4zic\">Els 10 consells de la J\u00falia per comunicar-te millor amb persones que porten implant coclear.<\/a><a href=\"https:\/\/drive.google.com\/file\/d\/1Dlcx7C__qXbxOGJ2G03lOrc8exCfw8Rv\/view?usp=sharing\"><img loading=\"lazy\" decoding=\"async\" class=\"wp-image-10550 aligncenter\" src=\"https:\/\/serveiseducatius.xtec.cat\/creda-comarques2\/wp-content\/uploads\/usu1337\/2022\/06\/Sense-titol.png\" alt=\"\" width=\"298\" height=\"424\" srcset=\"https:\/\/serveiseducatius.xtec.cat\/creda-comarques2\/wp-content\/uploads\/usu1337\/2022\/06\/Sense-titol.png 574w, https:\/\/serveiseducatius.xtec.cat\/creda-comarques2\/wp-content\/uploads\/usu1337\/2022\/06\/Sense-titol-211x300.png 211w\" sizes=\"auto, (max-width: 298px) 100vw, 298px\" \/><\/a><\/p>\n<p style=\"text-align: center;\"><a href=\"https:\/\/drive.google.com\/file\/d\/1Dlcx7C__qXbxOGJ2G03lOrc8exCfw8Rv\/view?usp=sharing\">Entorns digitals inclusius i accessibles per a les persones amb sordesa.<\/a><\/p>\n","protected":false},"excerpt":{"rendered":"<p>A continuaci\u00f3 hi podreu trobar diverses guies per fam\u00edlies que us poden interessar: Guia de fam\u00edlies amb LSC Sords profunds per\u00f2 hi sentim i parlem El meu fill t\u00e9 una p\u00e8rdua auditiva. Informaci\u00f3 per a les fam\u00edlies Guia per a fam\u00edlies d&#8217;infants amb tartamudesa Guia per a fam\u00edlies d&#8217;infants amb sordesa o sordceguesa Un nou [&hellip;]<\/p>\n","protected":false},"author":1,"featured_media":0,"parent":8171,"menu_order":0,"comment_status":"closed","ping_status":"closed","template":"","meta":{"_bbp_topic_count":0,"_bbp_reply_count":0,"_bbp_total_topic_count":0,"_bbp_total_reply_count":0,"_bbp_voice_count":0,"_bbp_anonymous_reply_count":0,"_bbp_topic_count_hidden":0,"_bbp_reply_count_hidden":0,"_bbp_forum_subforum_count":0,"site-sidebar-layout":"default","site-content-layout":"","ast-site-content-layout":"default","site-content-style":"default","site-sidebar-style":"default","ast-global-header-display":"","ast-banner-title-visibility":"","ast-main-header-display":"","ast-hfb-above-header-display":"","ast-hfb-below-header-display":"","ast-hfb-mobile-header-display":"","site-post-title":"","ast-breadcrumbs-content":"","ast-featured-img":"","footer-sml-layout":"","theme-transparent-header-meta":"default","adv-header-id-meta":"","stick-header-meta":"","header-above-stick-meta":"","header-main-stick-meta":"","header-below-stick-meta":"","astra-migrate-meta-layouts":"set","ast-page-background-enabled":"default","ast-page-background-meta":{"desktop":{"background-color":"var(--ast-global-color-4)","background-image":"","background-repeat":"repeat","background-position":"center center","background-size":"auto","background-attachment":"scroll","background-type":"","background-media":"","overlay-type":"","overlay-color":"","overlay-opacity":"","overlay-gradient":""},"tablet":{"background-color":"","background-image":"","background-repeat":"repeat","background-position":"center center","background-size":"auto","background-attachment":"scroll","background-type":"","background-media":"","overlay-type":"","overlay-color":"","overlay-opacity":"","overlay-gradient":""},"mobile":{"background-color":"","background-image":"","background-repeat":"repeat","background-position":"center center","background-size":"auto","background-attachment":"scroll","background-type":"","background-media":"","overlay-type":"","overlay-color":"","overlay-opacity":"","overlay-gradient":""}},"ast-content-background-meta":{"desktop":{"background-color":"var(--ast-global-color-5)","background-image":"","background-repeat":"repeat","background-position":"center center","background-size":"auto","background-attachment":"scroll","background-type":"","background-media":"","overlay-type":"","overlay-color":"","overlay-opacity":"","overlay-gradient":""},"tablet":{"background-color":"var(--ast-global-color-5)","background-image":"","background-repeat":"repeat","background-position":"center center","background-size":"auto","background-attachment":"scroll","background-type":"","background-media":"","overlay-type":"","overlay-color":"","overlay-opacity":"","overlay-gradient":""},"mobile":{"background-color":"var(--ast-global-color-5)","background-image":"","background-repeat":"repeat","background-position":"center center","background-size":"auto","background-attachment":"scroll","background-type":"","background-media":"","overlay-type":"","overlay-color":"","overlay-opacity":"","overlay-gradient":""}},"footnotes":""},"class_list":["post-8175","page","type-page","status-publish","hentry"],"post_mailing_queue_ids":[],"_links":{"self":[{"href":"https:\/\/serveiseducatius.xtec.cat\/creda-comarques2\/wp-json\/wp\/v2\/pages\/8175","targetHints":{"allow":["GET"]}}],"collection":[{"href":"https:\/\/serveiseducatius.xtec.cat\/creda-comarques2\/wp-json\/wp\/v2\/pages"}],"about":[{"href":"https:\/\/serveiseducatius.xtec.cat\/creda-comarques2\/wp-json\/wp\/v2\/types\/page"}],"author":[{"embeddable":true,"href":"https:\/\/serveiseducatius.xtec.cat\/creda-comarques2\/wp-json\/wp\/v2\/users\/1"}],"replies":[{"embeddable":true,"href":"https:\/\/serveiseducatius.xtec.cat\/creda-comarques2\/wp-json\/wp\/v2\/comments?post=8175"}],"version-history":[{"count":6,"href":"https:\/\/serveiseducatius.xtec.cat\/creda-comarques2\/wp-json\/wp\/v2\/pages\/8175\/revisions"}],"predecessor-version":[{"id":11009,"href":"https:\/\/serveiseducatius.xtec.cat\/creda-comarques2\/wp-json\/wp\/v2\/pages\/8175\/revisions\/11009"}],"up":[{"embeddable":true,"href":"https:\/\/serveiseducatius.xtec.cat\/creda-comarques2\/wp-json\/wp\/v2\/pages\/8171"}],"wp:attachment":[{"href":"https:\/\/serveiseducatius.xtec.cat\/creda-comarques2\/wp-json\/wp\/v2\/media?parent=8175"}],"curies":[{"name":"wp","href":"https:\/\/api.w.org\/{rel}","templated":true}]}}