{"id":318,"date":"2015-11-24T18:18:24","date_gmt":"2015-11-24T17:18:24","guid":{"rendered":"http:\/\/serveiseducatius.xtec.cat\/creda-comarques2\/?page_id=318"},"modified":"2025-06-26T12:05:25","modified_gmt":"2025-06-26T10:05:25","slug":"on-som","status":"publish","type":"page","link":"https:\/\/serveiseducatius.xtec.cat\/creda-comarques2\/el-creda\/on-som\/","title":{"rendered":"On som"},"content":{"rendered":"<p><strong>SEU CENTRAL CREDA Barcelon\u00e8s (Direcci\u00f3 i Unitat de valoraci\u00f3)<\/strong><\/p>\n<p style=\"text-align: center;\"><strong><br \/>\n<\/strong>Joan Fiveller 11-13, 2a planta<br \/>\n08930 Sant Adri\u00e0 de Bes\u00f2s<br \/>\nTel. 933817201<br \/>\na8925251@xtec.cat<\/p>\n<p><img loading=\"lazy\" decoding=\"async\" class=\"wp-image-9756 aligncenter\" src=\"https:\/\/serveiseducatius.xtec.cat\/creda-comarques2\/wp-content\/uploads\/usu1337\/2019\/10\/creda1.jpg\" alt=\"\" width=\"216\" height=\"108\" srcset=\"https:\/\/serveiseducatius.xtec.cat\/creda-comarques2\/wp-content\/uploads\/usu1337\/2019\/10\/creda1.jpg 318w, https:\/\/serveiseducatius.xtec.cat\/creda-comarques2\/wp-content\/uploads\/usu1337\/2019\/10\/creda1-300x150.jpg 300w\" sizes=\"auto, (max-width: 216px) 100vw, 216px\" \/><\/p>\n<h4><\/h4>\n<h4><\/h4>\n<h4>Subseus (equip de logopedes distribu\u00efts\u00a0per zones)<\/h4>\n<div style=\"float: left; padding: 10px;\">\n<table style=\"border-collapse: collapse; width: 100.001%;\">\n<tbody>\n<tr>\n<td style=\"width: 19.8695%; text-align: center;\"><a href=\"https:\/\/serveiseducatius.xtec.cat\/creda-comarques2\/badalona\/\"><strong>Badalona<\/strong><\/a><\/p>\n<p>Av. Maresme 192-212<br \/>\n08918 Badalona<br \/>\ntel.\u00a0934 602 226<\/td>\n<td style=\"width: 26.1241%; text-align: center;\"><a href=\"https:\/\/serveiseducatius.xtec.cat\/creda-comarques2\/lhospitalet-de-llobregat\/\"><strong>L&#8217;Hospitalet de Llobregat<\/strong><\/a><\/p>\n<p>Riera del Canyet, 43<br \/>\n08906 Hospitalet de Llobregat<br \/>\ntel. 932 602 960<\/td>\n<\/tr>\n<tr>\n<td style=\"width: 19.8695%; text-align: center;\">\n<p style=\"font-size: 16px; font-style: normal; font-weight: 400;\"><a href=\"https:\/\/serveiseducatius.xtec.cat\/creda-comarques2\/santa-coloma-de-gramenet\/\"><strong style=\"font-size: 16px;\">Santa Coloma de Gramenet<\/strong><\/a><\/p>\n<p style=\"font-size: 16px; font-style: normal; font-weight: 400;\">Rambla Sant Sebasti\u00e0 98-100, 1r pis<br \/>\n08922 Sta. Coloma de Gramenet<br \/>\ntel.\u00a0934 681 070<\/p>\n<\/td>\n<td style=\"width: 26.1241%; text-align: center;\">\n<p style=\"font-size: 16px; font-style: normal; font-weight: 400;\"><a href=\"https:\/\/serveiseducatius.xtec.cat\/creda-comarques2\/sant-adria-de-besos\/\"><strong style=\"font-size: 16px;\">Sant Adri\u00e0 de Bes\u00f2s<\/strong><\/a><\/p>\n<p style=\"font-size: 16px; font-style: normal; font-weight: 400;\">Joan Fiveller 11-13, 2a pl.<br \/>\n08930 Sant Adri\u00e0 de Bes\u00f2s<br \/>\ntel. 933 817 201<\/p>\n<\/td>\n<\/tr>\n<tr>\n<td style=\"width: 19.8695%; text-align: center; vertical-align: middle;\">\n<div style=\"float: left; padding: 10px;\">\n<p><strong>Com arribar-hi?<\/strong><\/p>\n<\/div>\n<p>&nbsp;<\/p>\n<p>&nbsp;<\/p>\n<ul>\n<li style=\"text-align: left;\">Metro L2. Parada Artigues &#8211; Sant Adri\u00e0<\/li>\n<li style=\"text-align: left;\">TRAM T5. Parada\u00a0 Encants-Sant Adri\u00e0<\/li>\n<li style=\"text-align: left;\">Per bus: L\u00ednies\u00a0B14, B20, B23 i B26<\/li>\n<\/ul>\n<p style=\"font-size: 16px; font-style: normal; font-weight: 400;\"><strong style=\"font-size: 16px;\">\u00a0<\/strong><\/p>\n<\/td>\n<td style=\"width: 26.1241%; text-align: center;\">&nbsp;<\/p>\n<p>&nbsp;<\/p>\n<p><img loading=\"lazy\" decoding=\"async\" class=\"wp-image-9755 aligncenter\" src=\"https:\/\/serveiseducatius.xtec.cat\/creda-comarques2\/wp-content\/uploads\/usu1337\/2019\/10\/creda2.jpg\" alt=\"\" width=\"422\" height=\"258\" srcset=\"https:\/\/serveiseducatius.xtec.cat\/creda-comarques2\/wp-content\/uploads\/usu1337\/2019\/10\/creda2.jpg 848w, https:\/\/serveiseducatius.xtec.cat\/creda-comarques2\/wp-content\/uploads\/usu1337\/2019\/10\/creda2-300x183.jpg 300w, https:\/\/serveiseducatius.xtec.cat\/creda-comarques2\/wp-content\/uploads\/usu1337\/2019\/10\/creda2-768x469.jpg 768w\" sizes=\"auto, (max-width: 422px) 100vw, 422px\" \/><\/p>\n<p style=\"font-size: 16px; font-style: normal; font-weight: 400;\"><strong style=\"font-size: 16px;\">\u00a0<\/strong><\/p>\n<\/td>\n<\/tr>\n<\/tbody>\n<\/table>\n<p>&nbsp;<\/p>\n<\/div>\n<p>&nbsp;<\/p>\n","protected":false},"excerpt":{"rendered":"<p>SEU CENTRAL CREDA Barcelon\u00e8s (Direcci\u00f3 i Unitat de valoraci\u00f3) Joan Fiveller 11-13, 2a planta 08930 Sant Adri\u00e0 de Bes\u00f2s Tel. 933817201 a8925251@xtec.cat Subseus (equip de logopedes distribu\u00efts\u00a0per zones) Badalona Av. Maresme 192-212 08918 Badalona tel.\u00a0934 602 226 L&#8217;Hospitalet de Llobregat Riera del Canyet, 43 08906 Hospitalet de Llobregat tel. 932 602 960 Santa Coloma de [&hellip;]<\/p>\n","protected":false},"author":1,"featured_media":0,"parent":806,"menu_order":50,"comment_status":"closed","ping_status":"closed","template":"","meta":{"_bbp_topic_count":0,"_bbp_reply_count":0,"_bbp_total_topic_count":0,"_bbp_total_reply_count":0,"_bbp_voice_count":0,"_bbp_anonymous_reply_count":0,"_bbp_topic_count_hidden":0,"_bbp_reply_count_hidden":0,"_bbp_forum_subforum_count":0,"site-sidebar-layout":"default","site-content-layout":"","ast-site-content-layout":"default","site-content-style":"default","site-sidebar-style":"default","ast-global-header-display":"","ast-banner-title-visibility":"","ast-main-header-display":"","ast-hfb-above-header-display":"","ast-hfb-below-header-display":"","ast-hfb-mobile-header-display":"","site-post-title":"","ast-breadcrumbs-content":"","ast-featured-img":"","footer-sml-layout":"","theme-transparent-header-meta":"default","adv-header-id-meta":"","stick-header-meta":"","header-above-stick-meta":"","header-main-stick-meta":"","header-below-stick-meta":"","astra-migrate-meta-layouts":"set","ast-page-background-enabled":"default","ast-page-background-meta":{"desktop":{"background-color":"var(--ast-global-color-4)","background-image":"","background-repeat":"repeat","background-position":"center center","background-size":"auto","background-attachment":"scroll","background-type":"","background-media":"","overlay-type":"","overlay-color":"","overlay-opacity":"","overlay-gradient":""},"tablet":{"background-color":"","background-image":"","background-repeat":"repeat","background-position":"center center","background-size":"auto","background-attachment":"scroll","background-type":"","background-media":"","overlay-type":"","overlay-color":"","overlay-opacity":"","overlay-gradient":""},"mobile":{"background-color":"","background-image":"","background-repeat":"repeat","background-position":"center center","background-size":"auto","background-attachment":"scroll","background-type":"","background-media":"","overlay-type":"","overlay-color":"","overlay-opacity":"","overlay-gradient":""}},"ast-content-background-meta":{"desktop":{"background-color":"var(--ast-global-color-5)","background-image":"","background-repeat":"repeat","background-position":"center center","background-size":"auto","background-attachment":"scroll","background-type":"","background-media":"","overlay-type":"","overlay-color":"","overlay-opacity":"","overlay-gradient":""},"tablet":{"background-color":"var(--ast-global-color-5)","background-image":"","background-repeat":"repeat","background-position":"center center","background-size":"auto","background-attachment":"scroll","background-type":"","background-media":"","overlay-type":"","overlay-color":"","overlay-opacity":"","overlay-gradient":""},"mobile":{"background-color":"var(--ast-global-color-5)","background-image":"","background-repeat":"repeat","background-position":"center center","background-size":"auto","background-attachment":"scroll","background-type":"","background-media":"","overlay-type":"","overlay-color":"","overlay-opacity":"","overlay-gradient":""}},"footnotes":""},"class_list":["post-318","page","type-page","status-publish","hentry"],"post_mailing_queue_ids":[],"_links":{"self":[{"href":"https:\/\/serveiseducatius.xtec.cat\/creda-comarques2\/wp-json\/wp\/v2\/pages\/318","targetHints":{"allow":["GET"]}}],"collection":[{"href":"https:\/\/serveiseducatius.xtec.cat\/creda-comarques2\/wp-json\/wp\/v2\/pages"}],"about":[{"href":"https:\/\/serveiseducatius.xtec.cat\/creda-comarques2\/wp-json\/wp\/v2\/types\/page"}],"author":[{"embeddable":true,"href":"https:\/\/serveiseducatius.xtec.cat\/creda-comarques2\/wp-json\/wp\/v2\/users\/1"}],"replies":[{"embeddable":true,"href":"https:\/\/serveiseducatius.xtec.cat\/creda-comarques2\/wp-json\/wp\/v2\/comments?post=318"}],"version-history":[{"count":7,"href":"https:\/\/serveiseducatius.xtec.cat\/creda-comarques2\/wp-json\/wp\/v2\/pages\/318\/revisions"}],"predecessor-version":[{"id":10942,"href":"https:\/\/serveiseducatius.xtec.cat\/creda-comarques2\/wp-json\/wp\/v2\/pages\/318\/revisions\/10942"}],"up":[{"embeddable":true,"href":"https:\/\/serveiseducatius.xtec.cat\/creda-comarques2\/wp-json\/wp\/v2\/pages\/806"}],"wp:attachment":[{"href":"https:\/\/serveiseducatius.xtec.cat\/creda-comarques2\/wp-json\/wp\/v2\/media?parent=318"}],"curies":[{"name":"wp","href":"https:\/\/api.w.org\/{rel}","templated":true}]}}