{"id":10830,"date":"2025-06-26T11:53:22","date_gmt":"2025-06-26T09:53:22","guid":{"rendered":"https:\/\/serveiseducatius.xtec.cat\/creda-comarques2\/?page_id=10830"},"modified":"2025-06-26T11:53:22","modified_gmt":"2025-06-26T09:53:22","slug":"sant-adria-de-besos","status":"publish","type":"page","link":"https:\/\/serveiseducatius.xtec.cat\/creda-comarques2\/sant-adria-de-besos\/","title":{"rendered":"Sant Adri\u00e0 de Bes\u00f2s"},"content":{"rendered":"<p>Sant Adri\u00e0 de Bes\u00f2s \u00e9s el municipi situat a la desembocadura del riu Bes\u00f2s, entre els municipis de Barcelona, Santa Coloma de Gramenet i Badalona, amb els quals forma una continu\u00eftat urbana.<\/p>\n<p>El riu ha estat sempre un dels elements definitoris de la vida a Sant Adri\u00e0. La fertilitat del s\u00f2l i l&#8217;abund\u00e0ncia d&#8217;aigua van afavorir la producci\u00f3 agr\u00edcola a partir del segle XVIII, i van fer cr\u00e9ixer Sant Adri\u00e0 en poblaci\u00f3 i riquesa. La ciutat \u00e9s popular des de mitjan segle XIX com a lloc d&#8217;esbarjo dels barcelonins, que passejaven pels prats i entre els salzes de la vora del riu. Tamb\u00e9 va haver-hi reunions de dirigents sindicals durant les primeres vagues i tancaments d&#8217;aquell per\u00edode. Al segle XX, la industrialitzaci\u00f3 va provocar un canvi d&#8217;activitat que va marcar la disminuci\u00f3 dr\u00e0stica del conreu del camp aix\u00ed com l&#8217;arribada de la immigraci\u00f3.<\/p>\n<p data-last-node=\"\">El segle XXI est\u00e0 marcat per una poblaci\u00f3 molt diversa que est\u00e0 reactivant el seu llegat industrial amb una nova economia.<\/p>\n<p style=\"text-align: right;\" data-last-node=\"\">(Informaci\u00f3 extreta de <a href=\"https:\/\/www.manifesta15.org\/ca\/ciutats\">Manifesta 15<\/a>)<\/p>\n<p style=\"text-align: center;\">La nostra seu est\u00e0 ubicada al carrer Joan Fiveller 11-13, a la segona planta.<\/p>\n<table style=\"border-collapse: collapse; width: 100%;\">\n<tbody>\n<tr>\n<td style=\"width: 40.8358%;\"><a href=\"https:\/\/www.google.com\/maps\/place\/Servei+Educatiu+Ciutat+de+Sant+Adri%C3%A0+de+Bes%C3%B2s\/@41.430606,2.220325,16z\/data=!4m6!3m5!1s0x12a4bca63b17e211:0xbb4d34cc0dffb1eb!8m2!3d41.4306055!4d2.2203252!16s%2Fg%2F11cs001jf3?hl=ca&amp;entry=ttu&amp;g_ep=EgoyMDI1MDYxNi4wIKXMDSoASAFQAw%3D%3D\"><img loading=\"lazy\" decoding=\"async\" class=\"alignright\" src=\"https:\/\/serveiseducatius.xtec.cat\/santadria\/wp-content\/uploads\/usu1189\/2023\/06\/image-0724015242611.maps_-150x150.png\" width=\"93\" height=\"93\" \/><\/a><\/td>\n<td style=\"width: 59.1642%;\">\n<p><figure id=\"attachment_8622\" aria-describedby=\"caption-attachment-8622\" style=\"width: 318px\" class=\"wp-caption alignnone\"><img loading=\"lazy\" decoding=\"async\" class=\"wp-image-8622 size-full\" src=\"https:\/\/serveiseducatius.xtec.cat\/creda-comarques2\/wp-content\/uploads\/usu1337\/2016\/09\/images-1.jpg\" alt=\"\" width=\"318\" height=\"159\" srcset=\"https:\/\/serveiseducatius.xtec.cat\/creda-comarques2\/wp-content\/uploads\/usu1337\/2016\/09\/images-1.jpg 318w, https:\/\/serveiseducatius.xtec.cat\/creda-comarques2\/wp-content\/uploads\/usu1337\/2016\/09\/images-1-300x150.jpg 300w\" sizes=\"auto, (max-width: 318px) 100vw, 318px\" \/><figcaption id=\"caption-attachment-8622\" class=\"wp-caption-text\">Seu de Sant Adri\u00e0 de Bes\u00f2s<\/figcaption><\/figure><\/td>\n<\/tr>\n<\/tbody>\n<\/table>\n","protected":false},"excerpt":{"rendered":"<p>Sant Adri\u00e0 de Bes\u00f2s \u00e9s el municipi situat a la desembocadura del riu Bes\u00f2s, entre els municipis de Barcelona, Santa Coloma de Gramenet i Badalona, amb els quals forma una continu\u00eftat urbana. El riu ha estat sempre un dels elements definitoris de la vida a Sant Adri\u00e0. La fertilitat del s\u00f2l i l&#8217;abund\u00e0ncia d&#8217;aigua van [&hellip;]<\/p>\n","protected":false},"author":14,"featured_media":0,"parent":0,"menu_order":0,"comment_status":"closed","ping_status":"closed","template":"","meta":{"_bbp_topic_count":0,"_bbp_reply_count":0,"_bbp_total_topic_count":0,"_bbp_total_reply_count":0,"_bbp_voice_count":0,"_bbp_anonymous_reply_count":0,"_bbp_topic_count_hidden":0,"_bbp_reply_count_hidden":0,"_bbp_forum_subforum_count":0,"site-sidebar-layout":"default","site-content-layout":"","ast-site-content-layout":"default","site-content-style":"default","site-sidebar-style":"default","ast-global-header-display":"","ast-banner-title-visibility":"","ast-main-header-display":"","ast-hfb-above-header-display":"","ast-hfb-below-header-display":"","ast-hfb-mobile-header-display":"","site-post-title":"","ast-breadcrumbs-content":"","ast-featured-img":"","footer-sml-layout":"","theme-transparent-header-meta":"default","adv-header-id-meta":"","stick-header-meta":"","header-above-stick-meta":"","header-main-stick-meta":"","header-below-stick-meta":"","astra-migrate-meta-layouts":"set","ast-page-background-enabled":"default","ast-page-background-meta":{"desktop":{"background-color":"var(--ast-global-color-4)","background-image":"","background-repeat":"repeat","background-position":"center center","background-size":"auto","background-attachment":"scroll","background-type":"","background-media":"","overlay-type":"","overlay-color":"","overlay-opacity":"","overlay-gradient":""},"tablet":{"background-color":"","background-image":"","background-repeat":"repeat","background-position":"center center","background-size":"auto","background-attachment":"scroll","background-type":"","background-media":"","overlay-type":"","overlay-color":"","overlay-opacity":"","overlay-gradient":""},"mobile":{"background-color":"","background-image":"","background-repeat":"repeat","background-position":"center center","background-size":"auto","background-attachment":"scroll","background-type":"","background-media":"","overlay-type":"","overlay-color":"","overlay-opacity":"","overlay-gradient":""}},"ast-content-background-meta":{"desktop":{"background-color":"var(--ast-global-color-5)","background-image":"","background-repeat":"repeat","background-position":"center center","background-size":"auto","background-attachment":"scroll","background-type":"","background-media":"","overlay-type":"","overlay-color":"","overlay-opacity":"","overlay-gradient":""},"tablet":{"background-color":"var(--ast-global-color-5)","background-image":"","background-repeat":"repeat","background-position":"center center","background-size":"auto","background-attachment":"scroll","background-type":"","background-media":"","overlay-type":"","overlay-color":"","overlay-opacity":"","overlay-gradient":""},"mobile":{"background-color":"var(--ast-global-color-5)","background-image":"","background-repeat":"repeat","background-position":"center center","background-size":"auto","background-attachment":"scroll","background-type":"","background-media":"","overlay-type":"","overlay-color":"","overlay-opacity":"","overlay-gradient":""}},"footnotes":""},"class_list":["post-10830","page","type-page","status-publish","hentry"],"post_mailing_queue_ids":[],"_links":{"self":[{"href":"https:\/\/serveiseducatius.xtec.cat\/creda-comarques2\/wp-json\/wp\/v2\/pages\/10830","targetHints":{"allow":["GET"]}}],"collection":[{"href":"https:\/\/serveiseducatius.xtec.cat\/creda-comarques2\/wp-json\/wp\/v2\/pages"}],"about":[{"href":"https:\/\/serveiseducatius.xtec.cat\/creda-comarques2\/wp-json\/wp\/v2\/types\/page"}],"author":[{"embeddable":true,"href":"https:\/\/serveiseducatius.xtec.cat\/creda-comarques2\/wp-json\/wp\/v2\/users\/14"}],"replies":[{"embeddable":true,"href":"https:\/\/serveiseducatius.xtec.cat\/creda-comarques2\/wp-json\/wp\/v2\/comments?post=10830"}],"version-history":[{"count":6,"href":"https:\/\/serveiseducatius.xtec.cat\/creda-comarques2\/wp-json\/wp\/v2\/pages\/10830\/revisions"}],"predecessor-version":[{"id":10888,"href":"https:\/\/serveiseducatius.xtec.cat\/creda-comarques2\/wp-json\/wp\/v2\/pages\/10830\/revisions\/10888"}],"wp:attachment":[{"href":"https:\/\/serveiseducatius.xtec.cat\/creda-comarques2\/wp-json\/wp\/v2\/media?parent=10830"}],"curies":[{"name":"wp","href":"https:\/\/api.w.org\/{rel}","templated":true}]}}