{"id":10828,"date":"2025-06-26T11:53:31","date_gmt":"2025-06-26T09:53:31","guid":{"rendered":"https:\/\/serveiseducatius.xtec.cat\/creda-comarques2\/?page_id=10828"},"modified":"2025-06-26T12:10:45","modified_gmt":"2025-06-26T10:10:45","slug":"santa-coloma-de-gramenet","status":"publish","type":"page","link":"https:\/\/serveiseducatius.xtec.cat\/creda-comarques2\/santa-coloma-de-gramenet\/","title":{"rendered":"Santa Coloma de Gramenet"},"content":{"rendered":"<p data-first-node=\"\">Des de l&#8217;Edat de Pedra, Santa Coloma i el seu territori han estat testimonis de civilitzacions i cultures diverses fins als nostres dies.<\/p>\n<p>A finals del segle XVI s&#8217;inicia la industrialitzaci\u00f3, principalment gr\u00e0cies a la producci\u00f3 de teixits i pells. Al llarg de la d\u00e8cada entre 1910 i 1920 es van produir tres fets a Santa Coloma que van marcar el seu futur pel que fa a l&#8217;urbanisme: la construcci\u00f3 de la nova esgl\u00e9sia parroquial, la construcci\u00f3 del primer pont sobre el riu Bes\u00f2s i la creaci\u00f3 de l&#8217;Empresa Nacional de Tierras, amb la qual es va iniciar la urbanitzaci\u00f3 de la zona de muntanya. Durant les d\u00e8cades seg\u00fcents, la poblaci\u00f3 va cr\u00e9ixer molt r\u00e0pidament, donant lloc a la configuraci\u00f3 dels primers barris suburbans i a l&#8217;inici del fenomen de l&#8217;autoconstrucci\u00f3. El proc\u00e9s d&#8217;urbanitzaci\u00f3 es va aturar despr\u00e9s de la Guerra Civil espanyola i no es va reactivar fins als anys cinquanta i setanta del segle XX.<\/p>\n<p data-last-node=\"\">Actualment, Santa Coloma est\u00e0 invertint en la seva infraestructura verda amb la millora de parcs com el parc Europa, el parc Bastida i el parc Can Zam.<\/p>\n<p style=\"text-align: right;\" data-last-node=\"\">(Informaci\u00f3 extreta de\u00a0<a href=\"https:\/\/www.manifesta15.org\/ca\/ciutats\">Manifesta 15<\/a>)<\/p>\n<p style=\"text-align: center;\" data-last-node=\"\">La nostra seu est\u00e0 ubicada a la Rambla Sant Sebasti\u00e0 98-100, 1r pis<\/p>\n<table style=\"border-collapse: collapse; width: 86.1024%;\">\n<tbody>\n<tr>\n<td style=\"width: 33.2748%;\"><a href=\"https:\/\/g.co\/kgs\/GijcNHt\"><img loading=\"lazy\" decoding=\"async\" class=\"wp-image-10870 alignright\" src=\"https:\/\/serveiseducatius.xtec.cat\/creda-comarques2\/wp-content\/uploads\/usu1337\/2025\/06\/image-0724015242611.maps_-150x150-1.png\" alt=\"\" width=\"70\" height=\"70\" \/><\/a><\/td>\n<td style=\"width: 52.8279%;\">\n<p><figure id=\"attachment_8626\" aria-describedby=\"caption-attachment-8626\" style=\"width: 375px\" class=\"wp-caption alignnone\"><img loading=\"lazy\" decoding=\"async\" class=\"wp-image-8626 \" src=\"https:\/\/serveiseducatius.xtec.cat\/creda-comarques2\/wp-content\/uploads\/usu1337\/2016\/09\/sta.-coloma.png\" alt=\"\" width=\"375\" height=\"165\" srcset=\"https:\/\/serveiseducatius.xtec.cat\/creda-comarques2\/wp-content\/uploads\/usu1337\/2016\/09\/sta.-coloma.png 500w, https:\/\/serveiseducatius.xtec.cat\/creda-comarques2\/wp-content\/uploads\/usu1337\/2016\/09\/sta.-coloma-300x132.png 300w\" sizes=\"auto, (max-width: 375px) 100vw, 375px\" \/><figcaption id=\"caption-attachment-8626\" class=\"wp-caption-text\">Seu de Santa Coloma de Gramenet<\/figcaption><\/figure><\/td>\n<\/tr>\n<\/tbody>\n<\/table>\n<p>&nbsp;<\/p>\n","protected":false},"excerpt":{"rendered":"<p>Des de l&#8217;Edat de Pedra, Santa Coloma i el seu territori han estat testimonis de civilitzacions i cultures diverses fins als nostres dies. A finals del segle XVI s&#8217;inicia la industrialitzaci\u00f3, principalment gr\u00e0cies a la producci\u00f3 de teixits i pells. Al llarg de la d\u00e8cada entre 1910 i 1920 es van produir tres fets a [&hellip;]<\/p>\n","protected":false},"author":14,"featured_media":0,"parent":0,"menu_order":0,"comment_status":"closed","ping_status":"closed","template":"","meta":{"_bbp_topic_count":0,"_bbp_reply_count":0,"_bbp_total_topic_count":0,"_bbp_total_reply_count":0,"_bbp_voice_count":0,"_bbp_anonymous_reply_count":0,"_bbp_topic_count_hidden":0,"_bbp_reply_count_hidden":0,"_bbp_forum_subforum_count":0,"site-sidebar-layout":"default","site-content-layout":"","ast-site-content-layout":"default","site-content-style":"default","site-sidebar-style":"default","ast-global-header-display":"","ast-banner-title-visibility":"","ast-main-header-display":"","ast-hfb-above-header-display":"","ast-hfb-below-header-display":"","ast-hfb-mobile-header-display":"","site-post-title":"","ast-breadcrumbs-content":"","ast-featured-img":"","footer-sml-layout":"","theme-transparent-header-meta":"default","adv-header-id-meta":"","stick-header-meta":"","header-above-stick-meta":"","header-main-stick-meta":"","header-below-stick-meta":"","astra-migrate-meta-layouts":"set","ast-page-background-enabled":"default","ast-page-background-meta":{"desktop":{"background-color":"var(--ast-global-color-4)","background-image":"","background-repeat":"repeat","background-position":"center center","background-size":"auto","background-attachment":"scroll","background-type":"","background-media":"","overlay-type":"","overlay-color":"","overlay-opacity":"","overlay-gradient":""},"tablet":{"background-color":"","background-image":"","background-repeat":"repeat","background-position":"center center","background-size":"auto","background-attachment":"scroll","background-type":"","background-media":"","overlay-type":"","overlay-color":"","overlay-opacity":"","overlay-gradient":""},"mobile":{"background-color":"","background-image":"","background-repeat":"repeat","background-position":"center center","background-size":"auto","background-attachment":"scroll","background-type":"","background-media":"","overlay-type":"","overlay-color":"","overlay-opacity":"","overlay-gradient":""}},"ast-content-background-meta":{"desktop":{"background-color":"var(--ast-global-color-5)","background-image":"","background-repeat":"repeat","background-position":"center center","background-size":"auto","background-attachment":"scroll","background-type":"","background-media":"","overlay-type":"","overlay-color":"","overlay-opacity":"","overlay-gradient":""},"tablet":{"background-color":"var(--ast-global-color-5)","background-image":"","background-repeat":"repeat","background-position":"center center","background-size":"auto","background-attachment":"scroll","background-type":"","background-media":"","overlay-type":"","overlay-color":"","overlay-opacity":"","overlay-gradient":""},"mobile":{"background-color":"var(--ast-global-color-5)","background-image":"","background-repeat":"repeat","background-position":"center center","background-size":"auto","background-attachment":"scroll","background-type":"","background-media":"","overlay-type":"","overlay-color":"","overlay-opacity":"","overlay-gradient":""}},"footnotes":""},"class_list":["post-10828","page","type-page","status-publish","hentry"],"post_mailing_queue_ids":[],"_links":{"self":[{"href":"https:\/\/serveiseducatius.xtec.cat\/creda-comarques2\/wp-json\/wp\/v2\/pages\/10828","targetHints":{"allow":["GET"]}}],"collection":[{"href":"https:\/\/serveiseducatius.xtec.cat\/creda-comarques2\/wp-json\/wp\/v2\/pages"}],"about":[{"href":"https:\/\/serveiseducatius.xtec.cat\/creda-comarques2\/wp-json\/wp\/v2\/types\/page"}],"author":[{"embeddable":true,"href":"https:\/\/serveiseducatius.xtec.cat\/creda-comarques2\/wp-json\/wp\/v2\/users\/14"}],"replies":[{"embeddable":true,"href":"https:\/\/serveiseducatius.xtec.cat\/creda-comarques2\/wp-json\/wp\/v2\/comments?post=10828"}],"version-history":[{"count":6,"href":"https:\/\/serveiseducatius.xtec.cat\/creda-comarques2\/wp-json\/wp\/v2\/pages\/10828\/revisions"}],"predecessor-version":[{"id":10944,"href":"https:\/\/serveiseducatius.xtec.cat\/creda-comarques2\/wp-json\/wp\/v2\/pages\/10828\/revisions\/10944"}],"wp:attachment":[{"href":"https:\/\/serveiseducatius.xtec.cat\/creda-comarques2\/wp-json\/wp\/v2\/media?parent=10828"}],"curies":[{"name":"wp","href":"https:\/\/api.w.org\/{rel}","templated":true}]}}