{"id":10825,"date":"2025-06-26T11:53:09","date_gmt":"2025-06-26T09:53:09","guid":{"rendered":"https:\/\/serveiseducatius.xtec.cat\/creda-comarques2\/?page_id=10825"},"modified":"2025-06-26T12:15:28","modified_gmt":"2025-06-26T10:15:28","slug":"lhospitalet-de-llobregat","status":"publish","type":"page","link":"https:\/\/serveiseducatius.xtec.cat\/creda-comarques2\/lhospitalet-de-llobregat\/","title":{"rendered":"L&#8217;Hospitalet de Llobregat"},"content":{"rendered":"<p data-first-node=\"\">Els or\u00edgens de l&#8217;Hospitalet de Llobregat es remunten als dos nuclis urbans sorgits al segle XII, concretament al voltant de l&#8217;esgl\u00e9sia de Santa Eul\u00e0lia de Proven\u00e7ana i l&#8217;Hospital de la Torre.<\/p>\n<p>Fins a finals del segle XVIII, l&#8217;Hospitalet va ser principalment una poblaci\u00f3 agr\u00edcola; tanmateix, amb l&#8217;establiment de les primeres f\u00e0briques t\u00e8xtils, el seu panorama econ\u00f2mic va comen\u00e7ar a canviar. A principis del segle XX, la ciutat va experimentar un gran desenvolupament industrial i un creixement demogr\u00e0fic espectacular. Entre els anys seixanta i setanta, durant la dictadura franquista, L&#8217;Hospitalet va acollir una gran quantitat d&#8217;immigrants. Aquest r\u00e0pid creixement no va anar acompanyat de la transformaci\u00f3 de la ciutat per donar els serveis requerits. Amb el retorn dels ajuntaments democr\u00e0tics l&#8217;any 1979, la ciutat va construir una \u00e0mplia infraestructura d&#8217;espais i equipaments p\u00fablics.<\/p>\n<p data-last-node=\"\">A partir de finals del segle XX, l&#8217;Hospitalet va iniciar una segona transformaci\u00f3 per acollir noves activitats econ\u00f2miques i connectar-se amb la regi\u00f3 metropolitana.<\/p>\n<p style=\"text-align: right;\" data-last-node=\"\">(Informaci\u00f3 extreta de <a href=\"https:\/\/www.manifesta15.org\/ca\/ciutats\">Manifesta 15<\/a>)<\/p>\n<p>La nostra seu est\u00e0 ubicada a la Riera del Canyet, 43<\/p>\n<table style=\"border-collapse: collapse; width: 100%;\">\n<tbody>\n<tr>\n<td style=\"width: 50%; text-align: right;\"><a href=\"https:\/\/www.google.com\/maps\/place\/Carrer+de+la+Riera+del+Canyet,+43,+08906+L'Hospitalet+de+Llobregat,+Barcelona,+Espanya\/@41.363114,2.093589,16z\/data=!4m6!3m5!1s0x12a49917ac61be57:0x166741994fcba3aa!8m2!3d41.3643113!4d2.0936531!16s%2Fg%2F11s3_5820m?hl=ca-ES&amp;entry=ttu&amp;g_ep=EgoyMDI1MDYyMy4yIKXMDSoASAFQAw%3D%3D\"><img loading=\"lazy\" decoding=\"async\" class=\"wp-image-10870 alignright\" src=\"https:\/\/serveiseducatius.xtec.cat\/creda-comarques2\/wp-content\/uploads\/usu1337\/2025\/06\/image-0724015242611.maps_-150x150-1.png\" alt=\"\" width=\"83\" height=\"83\" \/><\/a><\/td>\n<td style=\"width: 50%;\"><img loading=\"lazy\" decoding=\"async\" class=\"alignnone wp-image-10903\" src=\"https:\/\/serveiseducatius.xtec.cat\/creda-comarques2\/wp-content\/uploads\/usu1337\/2025\/06\/IMG_6570-1-768x1024.jpg\" alt=\"\" width=\"262\" height=\"349\" srcset=\"https:\/\/serveiseducatius.xtec.cat\/creda-comarques2\/wp-content\/uploads\/usu1337\/2025\/06\/IMG_6570-1-768x1024.jpg 768w, https:\/\/serveiseducatius.xtec.cat\/creda-comarques2\/wp-content\/uploads\/usu1337\/2025\/06\/IMG_6570-1-225x300.jpg 225w, https:\/\/serveiseducatius.xtec.cat\/creda-comarques2\/wp-content\/uploads\/usu1337\/2025\/06\/IMG_6570-1-1152x1536.jpg 1152w, https:\/\/serveiseducatius.xtec.cat\/creda-comarques2\/wp-content\/uploads\/usu1337\/2025\/06\/IMG_6570-1-1536x2048.jpg 1536w, https:\/\/serveiseducatius.xtec.cat\/creda-comarques2\/wp-content\/uploads\/usu1337\/2025\/06\/IMG_6570-1-scaled.jpg 1920w\" sizes=\"auto, (max-width: 262px) 100vw, 262px\" \/><\/td>\n<\/tr>\n<\/tbody>\n<\/table>\n<p>&nbsp;<\/p>\n<p>&nbsp;<\/p>\n","protected":false},"excerpt":{"rendered":"<p>Els or\u00edgens de l&#8217;Hospitalet de Llobregat es remunten als dos nuclis urbans sorgits al segle XII, concretament al voltant de l&#8217;esgl\u00e9sia de Santa Eul\u00e0lia de Proven\u00e7ana i l&#8217;Hospital de la Torre. Fins a finals del segle XVIII, l&#8217;Hospitalet va ser principalment una poblaci\u00f3 agr\u00edcola; tanmateix, amb l&#8217;establiment de les primeres f\u00e0briques t\u00e8xtils, el seu panorama [&hellip;]<\/p>\n","protected":false},"author":14,"featured_media":0,"parent":0,"menu_order":0,"comment_status":"closed","ping_status":"closed","template":"","meta":{"_bbp_topic_count":0,"_bbp_reply_count":0,"_bbp_total_topic_count":0,"_bbp_total_reply_count":0,"_bbp_voice_count":0,"_bbp_anonymous_reply_count":0,"_bbp_topic_count_hidden":0,"_bbp_reply_count_hidden":0,"_bbp_forum_subforum_count":0,"site-sidebar-layout":"default","site-content-layout":"","ast-site-content-layout":"default","site-content-style":"default","site-sidebar-style":"default","ast-global-header-display":"","ast-banner-title-visibility":"","ast-main-header-display":"","ast-hfb-above-header-display":"","ast-hfb-below-header-display":"","ast-hfb-mobile-header-display":"","site-post-title":"","ast-breadcrumbs-content":"","ast-featured-img":"","footer-sml-layout":"","theme-transparent-header-meta":"default","adv-header-id-meta":"","stick-header-meta":"","header-above-stick-meta":"","header-main-stick-meta":"","header-below-stick-meta":"","astra-migrate-meta-layouts":"set","ast-page-background-enabled":"default","ast-page-background-meta":{"desktop":{"background-color":"var(--ast-global-color-4)","background-image":"","background-repeat":"repeat","background-position":"center center","background-size":"auto","background-attachment":"scroll","background-type":"","background-media":"","overlay-type":"","overlay-color":"","overlay-opacity":"","overlay-gradient":""},"tablet":{"background-color":"","background-image":"","background-repeat":"repeat","background-position":"center center","background-size":"auto","background-attachment":"scroll","background-type":"","background-media":"","overlay-type":"","overlay-color":"","overlay-opacity":"","overlay-gradient":""},"mobile":{"background-color":"","background-image":"","background-repeat":"repeat","background-position":"center center","background-size":"auto","background-attachment":"scroll","background-type":"","background-media":"","overlay-type":"","overlay-color":"","overlay-opacity":"","overlay-gradient":""}},"ast-content-background-meta":{"desktop":{"background-color":"var(--ast-global-color-5)","background-image":"","background-repeat":"repeat","background-position":"center center","background-size":"auto","background-attachment":"scroll","background-type":"","background-media":"","overlay-type":"","overlay-color":"","overlay-opacity":"","overlay-gradient":""},"tablet":{"background-color":"var(--ast-global-color-5)","background-image":"","background-repeat":"repeat","background-position":"center center","background-size":"auto","background-attachment":"scroll","background-type":"","background-media":"","overlay-type":"","overlay-color":"","overlay-opacity":"","overlay-gradient":""},"mobile":{"background-color":"var(--ast-global-color-5)","background-image":"","background-repeat":"repeat","background-position":"center center","background-size":"auto","background-attachment":"scroll","background-type":"","background-media":"","overlay-type":"","overlay-color":"","overlay-opacity":"","overlay-gradient":""}},"footnotes":""},"class_list":["post-10825","page","type-page","status-publish","hentry"],"post_mailing_queue_ids":[],"_links":{"self":[{"href":"https:\/\/serveiseducatius.xtec.cat\/creda-comarques2\/wp-json\/wp\/v2\/pages\/10825","targetHints":{"allow":["GET"]}}],"collection":[{"href":"https:\/\/serveiseducatius.xtec.cat\/creda-comarques2\/wp-json\/wp\/v2\/pages"}],"about":[{"href":"https:\/\/serveiseducatius.xtec.cat\/creda-comarques2\/wp-json\/wp\/v2\/types\/page"}],"author":[{"embeddable":true,"href":"https:\/\/serveiseducatius.xtec.cat\/creda-comarques2\/wp-json\/wp\/v2\/users\/14"}],"replies":[{"embeddable":true,"href":"https:\/\/serveiseducatius.xtec.cat\/creda-comarques2\/wp-json\/wp\/v2\/comments?post=10825"}],"version-history":[{"count":6,"href":"https:\/\/serveiseducatius.xtec.cat\/creda-comarques2\/wp-json\/wp\/v2\/pages\/10825\/revisions"}],"predecessor-version":[{"id":10947,"href":"https:\/\/serveiseducatius.xtec.cat\/creda-comarques2\/wp-json\/wp\/v2\/pages\/10825\/revisions\/10947"}],"wp:attachment":[{"href":"https:\/\/serveiseducatius.xtec.cat\/creda-comarques2\/wp-json\/wp\/v2\/media?parent=10825"}],"curies":[{"name":"wp","href":"https:\/\/api.w.org\/{rel}","templated":true}]}}