{"id":10576,"date":"2023-05-24T10:07:41","date_gmt":"2023-05-24T08:07:41","guid":{"rendered":"https:\/\/serveiseducatius.xtec.cat\/creda-comarques2\/?page_id=10576"},"modified":"2025-11-17T15:58:58","modified_gmt":"2025-11-17T14:58:58","slug":"recursos","status":"publish","type":"page","link":"https:\/\/serveiseducatius.xtec.cat\/creda-comarques2\/recursos\/","title":{"rendered":"Recursos"},"content":{"rendered":"<div class=\"row filtres-recursos\">\n<div class=\"columns small-12 large-2\">\n<p class=\"filter-titol\"><strong>Components del llenguatge<\/strong><\/p>\n<p><input class=\"filter\" type=\"checkbox\" id=\"component-audiologia\" name=\"component-audiologia\" value=\"component-audiologia\"><label for=\"component-audiologia\"> Audiologia<\/label><br \/>\n<input class=\"filter\" type=\"checkbox\" id=\"component-habilitats\" name=\"component-habilitats\" value=\"component-habilitats\"><label for=\"component-habilitats\"> Habilitats preling\u00fc\u00edstiques<\/label><br \/>\n<input class=\"filter\" type=\"checkbox\" id=\"component-oral\" name=\"component-oral\" value=\"component-oral\"><label for=\"component-oral\"> Expressi\u00f3 oral<\/label><br \/>\n<input class=\"filter\" type=\"checkbox\" id=\"component-memoria\" name=\"component-memoria\" value=\"component-memoria\"><label for=\"component-memoria\">Mem\u00f2ria visual i auditiva<\/label><br \/>\n<input class=\"filter\" type=\"checkbox\" id=\"component-fonetica\" name=\"component-fonetica\" value=\"component-fonetica\"><label for=\"component-fonetica\">Fon\u00e8tica i fonologia<\/label><br \/>\n<input class=\"filter\" type=\"checkbox\" id=\"component-morfologia\" name=\"component-morfologia\" value=\"component-morfologia\"><label for=\"component-morfologia\">Morfologia i sintaxi<\/label><br \/>\n<input class=\"filter\" type=\"checkbox\" id=\"component-lexic\" name=\"component-lexic\" value=\"component-lexic\"><label for=\"component-lexic\">L\u00e8xic i sem\u00e0ntica<\/label><br \/>\n<input class=\"filter\" type=\"checkbox\" id=\"component-pragmatica\" name=\"component-pragmatica\" value=\"component-pragmatica\"><label for=\"component-pragmatica\">Pragm\u00e0tica<\/label><br \/>\n<input class=\"filter\" type=\"checkbox\" id=\"component-escrit\" name=\"component-escrit\" value=\"component-escrit\"><label for=\"component-escrit\">Llenguatge escrit<\/label><br \/>\n<input class=\"filter\" type=\"checkbox\" id=\"component-signes\" name=\"component-signes\" value=\"component-signes\"><label for=\"component-signes\">Llengua de signes <\/label><br \/>\n<input class=\"filter\" type=\"checkbox\" id=\"component-comunicaci\u00f3\" name=\"component-comunicaci\u00f3\" value=\"component-comunicaci\u00f3\"><label for=\"component-comunicaci\u00f3\">Comunicaci\u00f3<\/label><\/p>\n<p class=\"filter-titol\"><strong>Nivell educatiu<\/strong><\/p>\n<p><input type=\"checkbox\" id=\"nivell-infantil\" name=\"nivell-infantil\" value=\"nivell-infantil\"><label for=\"nivell-infantil\"> Infantil<\/label><br \/>\n<input type=\"checkbox\" id=\"nivell-primaria\" name=\"nivell-primaria\" value=\"nivell-primaria\"><label for=\"nivell-primaria\"> Prim\u00e0ria<\/label><br \/>\n<input type=\"checkbox\" id=\"nivell-secundaria\" name=\"nivell-secundaria\" value=\"nivell-secundaria\"><label for=\"nivell-secundaria\"> Secund\u00e0ria<\/label><\/p>\n<p class=\"filter-titol\"><strong>Sistema operatiu<\/strong><\/p>\n<p><input type=\"checkbox\" id=\"so-windows\" name=\"so-windows\" value=\"so-windows\"><label for=\"so-windows\"> Windows<\/label><br \/>\n<input type=\"checkbox\" id=\"so-chromebook\" name=\"so-chromebook\" value=\"so-chromebook\"><label for=\"so-chromebook\"> Chromebook<\/label><br \/>\n<input type=\"checkbox\" id=\"so-linux\" name=\"so-linux\" value=\"so-linux\"><label for=\"so-linux\"> Linkat\/Linux<\/label><br \/>\n<input type=\"checkbox\" id=\"so-macos\" name=\"so-macos\" value=\"so-macos\"><label for=\"so-macos\"> MacOs<\/label><br \/>\n<input type=\"checkbox\" id=\"so-ios\" name=\"so-ios\" value=\"so-ios\"><label for=\"so-ios\"> IOS<\/label><br \/>\n<input type=\"checkbox\" id=\"so-android\" name=\"so-android\" value=\"so-android\"><label for=\"so-android\"> Android<\/label><\/p>\n<p class=\"filter-titol\"><strong>Idioma<\/strong><\/p>\n<p><input type=\"checkbox\" id=\"idioma-catala\" name=\"idioma-catala\" value=\"idioma-catala\"><label for=\"idioma-catala\"> Catal\u00e0<\/label><br \/>\n<input type=\"checkbox\" id=\"idioma-castella\" name=\"idioma-castella\" value=\"idioma-castella\"><label for=\"idioma-castella\"> Castell\u00e0<\/label><br \/>\n<input type=\"checkbox\" id=\"idioma-angles\" name=\"idioma-angles\" value=\"idioma-angles\"><label for=\"idioma-angles\"> Angl\u00e8s<\/label><br \/>\n<input type=\"checkbox\" id=\"idioma-frances\" name=\"idioma-frances\" value=\"idioma-frances\"><label for=\"idioma-frances\"> Franc\u00e8s<\/label><\/p>\n<\/div>\n<div class=\"columns small-12 large-10\">\n<table id=\"tbl-recursos\" class=\"table table-striped table-bordered card\" width=\"100%\">\n<thead>\n<tr>\n<th>Logo<\/th>\n<th>Recurs<\/th>\n<th>Descripci\u00f3<\/th>\n<th>Components del llenguatge<\/th>\n<th>Nivell<\/th>\n<th>Tipus de recurs<\/th>\n<th style=\"display:none\">Etiquetes<\/th>\n<th>Sistemes operatius<\/th>\n<th>Idiomes<\/th>\n<th style=\"display:none\">Data<\/th>\n<\/tr>\n<\/thead>\n<\/table>\n<\/div>\n<\/div>\n<\/div>\n","protected":false},"excerpt":{"rendered":"<p>Components del llenguatge Audiologia Habilitats preling\u00fc\u00edstiques Expressi\u00f3 oral Mem\u00f2ria visual i auditiva Fon\u00e8tica i fonologia Morfologia i sintaxi L\u00e8xic i sem\u00e0ntica Pragm\u00e0tica Llenguatge escrit Llengua de signes Comunicaci\u00f3 Nivell educatiu Infantil Prim\u00e0ria Secund\u00e0ria Sistema operatiu Windows Chromebook Linkat\/Linux MacOs IOS Android Idioma Catal\u00e0 Castell\u00e0 Angl\u00e8s Franc\u00e8s Logo Recurs Descripci\u00f3 Components del llenguatge Nivell Tipus de [&hellip;]<\/p>\n","protected":false},"author":2,"featured_media":0,"parent":0,"menu_order":0,"comment_status":"closed","ping_status":"closed","template":"","meta":{"_bbp_topic_count":0,"_bbp_reply_count":0,"_bbp_total_topic_count":0,"_bbp_total_reply_count":0,"_bbp_voice_count":0,"_bbp_anonymous_reply_count":0,"_bbp_topic_count_hidden":0,"_bbp_reply_count_hidden":0,"_bbp_forum_subforum_count":0,"site-sidebar-layout":"default","site-content-layout":"","ast-site-content-layout":"default","site-content-style":"default","site-sidebar-style":"default","ast-global-header-display":"","ast-banner-title-visibility":"","ast-main-header-display":"","ast-hfb-above-header-display":"","ast-hfb-below-header-display":"","ast-hfb-mobile-header-display":"","site-post-title":"","ast-breadcrumbs-content":"","ast-featured-img":"","footer-sml-layout":"","theme-transparent-header-meta":"default","adv-header-id-meta":"","stick-header-meta":"","header-above-stick-meta":"","header-main-stick-meta":"","header-below-stick-meta":"","astra-migrate-meta-layouts":"set","ast-page-background-enabled":"default","ast-page-background-meta":{"desktop":{"background-color":"var(--ast-global-color-4)","background-image":"","background-repeat":"repeat","background-position":"center center","background-size":"auto","background-attachment":"scroll","background-type":"","background-media":"","overlay-type":"","overlay-color":"","overlay-opacity":"","overlay-gradient":""},"tablet":{"background-color":"","background-image":"","background-repeat":"repeat","background-position":"center center","background-size":"auto","background-attachment":"scroll","background-type":"","background-media":"","overlay-type":"","overlay-color":"","overlay-opacity":"","overlay-gradient":""},"mobile":{"background-color":"","background-image":"","background-repeat":"repeat","background-position":"center center","background-size":"auto","background-attachment":"scroll","background-type":"","background-media":"","overlay-type":"","overlay-color":"","overlay-opacity":"","overlay-gradient":""}},"ast-content-background-meta":{"desktop":{"background-color":"var(--ast-global-color-5)","background-image":"","background-repeat":"repeat","background-position":"center center","background-size":"auto","background-attachment":"scroll","background-type":"","background-media":"","overlay-type":"","overlay-color":"","overlay-opacity":"","overlay-gradient":""},"tablet":{"background-color":"var(--ast-global-color-5)","background-image":"","background-repeat":"repeat","background-position":"center center","background-size":"auto","background-attachment":"scroll","background-type":"","background-media":"","overlay-type":"","overlay-color":"","overlay-opacity":"","overlay-gradient":""},"mobile":{"background-color":"var(--ast-global-color-5)","background-image":"","background-repeat":"repeat","background-position":"center center","background-size":"auto","background-attachment":"scroll","background-type":"","background-media":"","overlay-type":"","overlay-color":"","overlay-opacity":"","overlay-gradient":""}},"footnotes":""},"class_list":["post-10576","page","type-page","status-publish","hentry"],"post_mailing_queue_ids":[],"_links":{"self":[{"href":"https:\/\/serveiseducatius.xtec.cat\/creda-comarques2\/wp-json\/wp\/v2\/pages\/10576","targetHints":{"allow":["GET"]}}],"collection":[{"href":"https:\/\/serveiseducatius.xtec.cat\/creda-comarques2\/wp-json\/wp\/v2\/pages"}],"about":[{"href":"https:\/\/serveiseducatius.xtec.cat\/creda-comarques2\/wp-json\/wp\/v2\/types\/page"}],"author":[{"embeddable":true,"href":"https:\/\/serveiseducatius.xtec.cat\/creda-comarques2\/wp-json\/wp\/v2\/users\/2"}],"replies":[{"embeddable":true,"href":"https:\/\/serveiseducatius.xtec.cat\/creda-comarques2\/wp-json\/wp\/v2\/comments?post=10576"}],"version-history":[{"count":2,"href":"https:\/\/serveiseducatius.xtec.cat\/creda-comarques2\/wp-json\/wp\/v2\/pages\/10576\/revisions"}],"predecessor-version":[{"id":11027,"href":"https:\/\/serveiseducatius.xtec.cat\/creda-comarques2\/wp-json\/wp\/v2\/pages\/10576\/revisions\/11027"}],"wp:attachment":[{"href":"https:\/\/serveiseducatius.xtec.cat\/creda-comarques2\/wp-json\/wp\/v2\/media?parent=10576"}],"curies":[{"name":"wp","href":"https:\/\/api.w.org\/{rel}","templated":true}]}}