{"id":8942,"date":"2017-03-07T13:39:15","date_gmt":"2017-03-07T12:39:15","guid":{"rendered":"http:\/\/serveiseducatius.xtec.cat\/creda-catcentral\/?page_id=8942"},"modified":"2026-02-18T11:26:13","modified_gmt":"2026-02-18T10:26:13","slug":"associacions","status":"publish","type":"page","link":"https:\/\/serveiseducatius.xtec.cat\/creda-catcentral\/associacions\/","title":{"rendered":"Associacions professionals"},"content":{"rendered":"<table style=\"width: 100.557%; height: 280px;\">\n<tbody>\n<tr style=\"height: 187px;\">\n<td style=\"width: 25.8026%; height: 187px;\">\u00a0<a href=\"http:\/\/www.acpcreda.org\/\" target=\"_blank\" rel=\"noopener\"><img loading=\"lazy\" decoding=\"async\" class=\"alignnone wp-image-8944\" src=\"http:\/\/serveiseducatius.xtec.cat\/creda-catcentral\/wp-content\/uploads\/usu1063\/2017\/03\/acpcreda.png\" alt=\"acpcreda\" width=\"333\" height=\"41\" srcset=\"https:\/\/serveiseducatius.xtec.cat\/creda-catcentral\/wp-content\/uploads\/usu1063\/2017\/03\/acpcreda.png 574w, https:\/\/serveiseducatius.xtec.cat\/creda-catcentral\/wp-content\/uploads\/usu1063\/2017\/03\/acpcreda-300x37.png 300w\" sizes=\"auto, (max-width: 333px) 100vw, 333px\" \/><\/a><\/td>\n<td style=\"width: 72.5328%; height: 187px;\">\u00a0ACPCREDA, vol\u00a0representar a tot el col\u00b7lectiu de professionals que integren els<strong>\u00a0<\/strong><strong>CREDA <\/strong>(Centres de Recursos Educatius per a Deficients Auditius i Greus Trastorns de Llenguatge de la Generalitat de Catalunya) i crear un espai d\u2019intercanvi professional.Poden formar part de l\u2019associaci\u00f3 totes aquelles persones f\u00edsiques que exerceixen o hagin exercit la professi\u00f3 de logopeda, psicopedagog o audioprotesista com a plantilla d\u2019un CREDA o b\u00e9 exerceixin o hagin exercit la professi\u00f3 de mestres d\u2019audici\u00f3 i llenguatge \u00a0(MALL) en un centre escolar.<\/td>\n<\/tr>\n<tr style=\"height: 140px;\">\n<td style=\"width: 25.8026%; height: 140px;\">\u00a0<a href=\"http:\/\/www.clc.cat\/\" target=\"_blank\" rel=\"noopener\"><img loading=\"lazy\" decoding=\"async\" class=\"alignnone size-full wp-image-8945\" src=\"http:\/\/serveiseducatius.xtec.cat\/creda-catcentral\/wp-content\/uploads\/usu1063\/2017\/03\/clc.png\" alt=\"clc\" width=\"220\" height=\"92\" \/><\/a><\/td>\n<td style=\"width: 72.5328%; height: 140px;\">La Junta de Govern del Col\u00b7legi de Logopedes de Catalunya representa als col\u00b7legiats. Pret\u00e9n \u00a0vetllar per la millora de la professi\u00f3 i aproximar-la al prestigi i reconeixement socials de qu\u00e8 gaudeix en altres pa\u00efsos.Aquest ha estat l&#8217;objectiu prioritari des de l&#8217;any 1998, per la qual cosa treballen\u00a0coordinadament amb universitats, associacions i administracions p\u00fabliques.<\/td>\n<\/tr>\n<\/tbody>\n<\/table>\n","protected":false},"excerpt":{"rendered":"<p>\u00a0 \u00a0ACPCREDA, vol\u00a0representar a tot el col\u00b7lectiu de professionals que integren els\u00a0CREDA (Centres de Recursos Educatius per a Deficients Auditius i Greus Trastorns de Llenguatge de la Generalitat de Catalunya) i crear un espai d\u2019intercanvi professional.Poden formar part de l\u2019associaci\u00f3 totes aquelles persones f\u00edsiques que exerceixen o hagin exercit la professi\u00f3 de logopeda, psicopedagog o [&hellip;]<\/p>\n","protected":false},"author":3,"featured_media":0,"parent":0,"menu_order":0,"comment_status":"closed","ping_status":"closed","template":"","meta":{"site-sidebar-layout":"default","site-content-layout":"","ast-site-content-layout":"default","site-content-style":"default","site-sidebar-style":"default","ast-global-header-display":"","ast-banner-title-visibility":"","ast-main-header-display":"","ast-hfb-above-header-display":"","ast-hfb-below-header-display":"","ast-hfb-mobile-header-display":"","site-post-title":"","ast-breadcrumbs-content":"","ast-featured-img":"","footer-sml-layout":"","theme-transparent-header-meta":"","adv-header-id-meta":"","stick-header-meta":"","header-above-stick-meta":"","header-main-stick-meta":"","header-below-stick-meta":"","astra-migrate-meta-layouts":"set","ast-page-background-enabled":"default","ast-page-background-meta":{"desktop":{"background-color":"var(--ast-global-color-4)","background-image":"","background-repeat":"repeat","background-position":"center center","background-size":"auto","background-attachment":"scroll","background-type":"","background-media":"","overlay-type":"","overlay-color":"","overlay-opacity":"","overlay-gradient":""},"tablet":{"background-color":"","background-image":"","background-repeat":"repeat","background-position":"center center","background-size":"auto","background-attachment":"scroll","background-type":"","background-media":"","overlay-type":"","overlay-color":"","overlay-opacity":"","overlay-gradient":""},"mobile":{"background-color":"","background-image":"","background-repeat":"repeat","background-position":"center center","background-size":"auto","background-attachment":"scroll","background-type":"","background-media":"","overlay-type":"","overlay-color":"","overlay-opacity":"","overlay-gradient":""}},"ast-content-background-meta":{"desktop":{"background-color":"var(--ast-global-color-5)","background-image":"","background-repeat":"repeat","background-position":"center center","background-size":"auto","background-attachment":"scroll","background-type":"","background-media":"","overlay-type":"","overlay-color":"","overlay-opacity":"","overlay-gradient":""},"tablet":{"background-color":"var(--ast-global-color-5)","background-image":"","background-repeat":"repeat","background-position":"center center","background-size":"auto","background-attachment":"scroll","background-type":"","background-media":"","overlay-type":"","overlay-color":"","overlay-opacity":"","overlay-gradient":""},"mobile":{"background-color":"var(--ast-global-color-5)","background-image":"","background-repeat":"repeat","background-position":"center center","background-size":"auto","background-attachment":"scroll","background-type":"","background-media":"","overlay-type":"","overlay-color":"","overlay-opacity":"","overlay-gradient":""}},"footnotes":""},"class_list":["post-8942","page","type-page","status-publish","hentry"],"post_mailing_queue_ids":[],"_links":{"self":[{"href":"https:\/\/serveiseducatius.xtec.cat\/creda-catcentral\/wp-json\/wp\/v2\/pages\/8942","targetHints":{"allow":["GET"]}}],"collection":[{"href":"https:\/\/serveiseducatius.xtec.cat\/creda-catcentral\/wp-json\/wp\/v2\/pages"}],"about":[{"href":"https:\/\/serveiseducatius.xtec.cat\/creda-catcentral\/wp-json\/wp\/v2\/types\/page"}],"author":[{"embeddable":true,"href":"https:\/\/serveiseducatius.xtec.cat\/creda-catcentral\/wp-json\/wp\/v2\/users\/3"}],"replies":[{"embeddable":true,"href":"https:\/\/serveiseducatius.xtec.cat\/creda-catcentral\/wp-json\/wp\/v2\/comments?post=8942"}],"version-history":[{"count":6,"href":"https:\/\/serveiseducatius.xtec.cat\/creda-catcentral\/wp-json\/wp\/v2\/pages\/8942\/revisions"}],"predecessor-version":[{"id":14101,"href":"https:\/\/serveiseducatius.xtec.cat\/creda-catcentral\/wp-json\/wp\/v2\/pages\/8942\/revisions\/14101"}],"wp:attachment":[{"href":"https:\/\/serveiseducatius.xtec.cat\/creda-catcentral\/wp-json\/wp\/v2\/media?parent=8942"}],"curies":[{"name":"wp","href":"https:\/\/api.w.org\/{rel}","templated":true}]}}