{"id":8140,"date":"2016-04-01T14:00:46","date_gmt":"2016-04-01T13:00:46","guid":{"rendered":"http:\/\/serveiseducatius.xtec.cat\/creda-catcentral\/?page_id=8140"},"modified":"2017-05-23T13:35:56","modified_gmt":"2017-05-23T11:35:56","slug":"serveis","status":"publish","type":"page","link":"https:\/\/serveiseducatius.xtec.cat\/creda-catcentral\/el-creda\/serveis\/","title":{"rendered":"Serveis"},"content":{"rendered":"<p><span style=\"font-weight: 400;\">El nostre equip multidisciplinar ofereix els serveis que trobareu a continuaci\u00f3:<\/span><\/p>\n<ul>\n<li style=\"font-weight: 400;\"><span style=\"font-weight: 400;\">Valoraci\u00f3 i seguiment audiol\u00f2gic i audioprot\u00e8tic dels infants i joves amb p\u00e8rdua auditiva<\/span><\/li>\n<li style=\"font-weight: 400;\"><span style=\"font-weight: 400;\">Acollida i orientaci\u00f3 <\/span><span style=\"font-weight: 400;\">per a pares d\u2019alumnes amb defici\u00e8ncia auditiva.<\/span><\/li>\n<li style=\"font-weight: 400;\"><span style=\"font-weight: 400;\">Valoraci\u00f3 de les necessitats d\u2019atenci\u00f3 logop\u00e8dica d\u2019infants amb trastorn de llenguatge i la comunicaci\u00f3 amb col\u00b7laboraci\u00f3 amb l\u2019EAP.<\/span><\/li>\n<li style=\"font-weight: 400;\"><span style=\"font-weight: 400;\">Atenci\u00f3 logop\u00e8dica a alumnes amb defici\u00e8ncia auditiva o amb trastorn de llenguatge. <\/span><\/li>\n<li style=\"font-weight: 400;\"><span style=\"font-weight: 400;\">Valoraci\u00f3 i seguiment de l\u2019evoluci\u00f3 psicopedag\u00f2gica i ling\u00fc\u00edstica dels alumnes atesos al servei.<\/span><\/li>\n<li style=\"font-weight: 400;\"><span style=\"font-weight: 400;\">Assessoraments al centres escolars on hi hagi matriculats alumnes amb p\u00e8rdua auditiva o amb trastorn de llenguatge.<\/span><\/li>\n<li style=\"font-weight: 400;\"><span style=\"font-weight: 400;\">Elaboraci\u00f3 de materials did\u00e0ctics adaptats a les necessitats educatives de l\u2019alumnat.<\/span><\/li>\n<li style=\"font-weight: 400;\"><span style=\"font-weight: 400;\">Catalogaci\u00f3 i actualitzaci\u00f3 de recursos educatius adre\u00e7ats al treball logop\u00e8dic.<\/span><\/li>\n<\/ul>\n<p>&nbsp;<\/p>\n","protected":false},"excerpt":{"rendered":"<p>El nostre equip multidisciplinar ofereix els serveis que trobareu a continuaci\u00f3: Valoraci\u00f3 i seguiment audiol\u00f2gic i audioprot\u00e8tic dels infants i joves amb p\u00e8rdua auditiva Acollida i orientaci\u00f3 per a pares d\u2019alumnes amb defici\u00e8ncia auditiva. Valoraci\u00f3 de les necessitats d\u2019atenci\u00f3 logop\u00e8dica d\u2019infants amb trastorn de llenguatge i la comunicaci\u00f3 amb col\u00b7laboraci\u00f3 amb l\u2019EAP. Atenci\u00f3 logop\u00e8dica a [&hellip;]<\/p>\n","protected":false},"author":1,"featured_media":0,"parent":806,"menu_order":30,"comment_status":"closed","ping_status":"closed","template":"","meta":{"site-sidebar-layout":"default","site-content-layout":"","ast-site-content-layout":"","site-content-style":"default","site-sidebar-style":"default","ast-global-header-display":"","ast-banner-title-visibility":"","ast-main-header-display":"","ast-hfb-above-header-display":"","ast-hfb-below-header-display":"","ast-hfb-mobile-header-display":"","site-post-title":"","ast-breadcrumbs-content":"","ast-featured-img":"","footer-sml-layout":"","theme-transparent-header-meta":"","adv-header-id-meta":"","stick-header-meta":"","header-above-stick-meta":"","header-main-stick-meta":"","header-below-stick-meta":"","astra-migrate-meta-layouts":"default","ast-page-background-enabled":"default","ast-page-background-meta":{"desktop":{"background-color":"var(--ast-global-color-4)","background-image":"","background-repeat":"repeat","background-position":"center center","background-size":"auto","background-attachment":"scroll","background-type":"","background-media":"","overlay-type":"","overlay-color":"","overlay-opacity":"","overlay-gradient":""},"tablet":{"background-color":"","background-image":"","background-repeat":"repeat","background-position":"center center","background-size":"auto","background-attachment":"scroll","background-type":"","background-media":"","overlay-type":"","overlay-color":"","overlay-opacity":"","overlay-gradient":""},"mobile":{"background-color":"","background-image":"","background-repeat":"repeat","background-position":"center center","background-size":"auto","background-attachment":"scroll","background-type":"","background-media":"","overlay-type":"","overlay-color":"","overlay-opacity":"","overlay-gradient":""}},"ast-content-background-meta":{"desktop":{"background-color":"var(--ast-global-color-5)","background-image":"","background-repeat":"repeat","background-position":"center center","background-size":"auto","background-attachment":"scroll","background-type":"","background-media":"","overlay-type":"","overlay-color":"","overlay-opacity":"","overlay-gradient":""},"tablet":{"background-color":"var(--ast-global-color-5)","background-image":"","background-repeat":"repeat","background-position":"center center","background-size":"auto","background-attachment":"scroll","background-type":"","background-media":"","overlay-type":"","overlay-color":"","overlay-opacity":"","overlay-gradient":""},"mobile":{"background-color":"var(--ast-global-color-5)","background-image":"","background-repeat":"repeat","background-position":"center center","background-size":"auto","background-attachment":"scroll","background-type":"","background-media":"","overlay-type":"","overlay-color":"","overlay-opacity":"","overlay-gradient":""}},"footnotes":""},"class_list":["post-8140","page","type-page","status-publish","hentry"],"post_mailing_queue_ids":[],"_links":{"self":[{"href":"https:\/\/serveiseducatius.xtec.cat\/creda-catcentral\/wp-json\/wp\/v2\/pages\/8140","targetHints":{"allow":["GET"]}}],"collection":[{"href":"https:\/\/serveiseducatius.xtec.cat\/creda-catcentral\/wp-json\/wp\/v2\/pages"}],"about":[{"href":"https:\/\/serveiseducatius.xtec.cat\/creda-catcentral\/wp-json\/wp\/v2\/types\/page"}],"author":[{"embeddable":true,"href":"https:\/\/serveiseducatius.xtec.cat\/creda-catcentral\/wp-json\/wp\/v2\/users\/1"}],"replies":[{"embeddable":true,"href":"https:\/\/serveiseducatius.xtec.cat\/creda-catcentral\/wp-json\/wp\/v2\/comments?post=8140"}],"version-history":[{"count":4,"href":"https:\/\/serveiseducatius.xtec.cat\/creda-catcentral\/wp-json\/wp\/v2\/pages\/8140\/revisions"}],"predecessor-version":[{"id":13943,"href":"https:\/\/serveiseducatius.xtec.cat\/creda-catcentral\/wp-json\/wp\/v2\/pages\/8140\/revisions\/13943"}],"up":[{"embeddable":true,"href":"https:\/\/serveiseducatius.xtec.cat\/creda-catcentral\/wp-json\/wp\/v2\/pages\/806"}],"wp:attachment":[{"href":"https:\/\/serveiseducatius.xtec.cat\/creda-catcentral\/wp-json\/wp\/v2\/media?parent=8140"}],"curies":[{"name":"wp","href":"https:\/\/api.w.org\/{rel}","templated":true}]}}