{"id":797,"date":"2015-11-28T21:06:57","date_gmt":"2015-11-28T20:06:57","guid":{"rendered":"http:\/\/serveiseducatius.xtec.cat\/creda-catcentral\/?page_id=797"},"modified":"2026-02-16T20:17:42","modified_gmt":"2026-02-16T19:17:42","slug":"que-es","status":"publish","type":"page","link":"https:\/\/serveiseducatius.xtec.cat\/creda-catcentral\/el-creda\/que-es\/","title":{"rendered":"Qu\u00e8 \u00e9s"},"content":{"rendered":"<p>Els CREDA s\u00f3n serveis de suport als centres educatius en l\u2019adequaci\u00f3 a la resposta educativa davant les necessitats que interfereixen en el desenvolupament personal, social i curricular de l\u2019alumnat amb d\u00e8ficit auditiu, trastorns de llenguatge i\/o comunicaci\u00f3. La seva intervenci\u00f3 es concreta en tres grans \u00e0mbits: alumnat i fam\u00edlies; centres i professorat; zona educativa.<\/p>\n<p><strong>Destinataris<\/strong><\/p>\n<ul>\n<li>Infants i joves amb p\u00e8rdua auditiva (0-18a), i llurs fam\u00edlies.<\/li>\n<li>Alumnat amb greus trastorns del llenguatge i\/o la comunicaci\u00f3 (3-12a), i llurs fam\u00edlies.<\/li>\n<li>Centres i professorat de l\u2019alumnat amb greus dificultats d\u2019audici\u00f3, llenguatge i\/o comunicaci\u00f3.<\/li>\n<li>Professorat especialitzat (MALL) de la zona educativa de l\u2019alumnat amb greus dificultats d\u2019audici\u00f3 i\/o llenguatge.<\/li>\n<\/ul>\n<p><strong>Objectius<\/strong><\/p>\n<ul>\n<li>Realitzar la valoraci\u00f3 i seguiment del proc\u00e9s evolutiu audiol\u00f2gic, comunicatiu i ling\u00fc\u00edstic de l\u2019infant amb sordesa.<\/li>\n<li>Realitzar la valoraci\u00f3 i seguiment de les necessitats psicoling\u00fc\u00edstiques i educatives de l\u2019alumnat amb greus trastorns de llenguatge i\/o comunicaci\u00f3.<\/li>\n<li>Proporcionar atenci\u00f3 logop\u00e8dica espec\u00edfica a l\u2019alumnat amb dificultats\u00a0d\u2019audici\u00f3 i trastorns del llenguatge i\/o la comunicaci\u00f3.<\/li>\n<li>Orientar i assessorar a les fam\u00edlies de l\u2019alumnat amb dificultats\u00a0d\u2019audici\u00f3 i trastorns del llenguatge i\/o la comunicaci\u00f3.<\/li>\n<li>Proporcionar suport i assessorament als centres i al professorat de l\u2019alumnat amb dificultats d\u2019audici\u00f3 i trastorns del llenguatge i\/o comunicaci\u00f3.<\/li>\n<li>Posar a disposici\u00f3 de la comunitat educativa materials, recursos, assessorament i formaci\u00f3 especialitzada per a l\u2019adequaci\u00f3 de la tasca docent a les necessitats especials de l\u2019alumnat amb dificultats d\u2019audici\u00f3, llenguatge i\/o comunicaci\u00f3.<\/li>\n<\/ul>\n<p><strong>Acc\u00e9s<\/strong><\/p>\n<p>L\u2019alumnat amb dificultats en la comunicaci\u00f3 i llenguatge, \u00e9s derivat per l\u2019EAP (Equip Assessorament Psicopedag\u00f2gic) de la zona a trav\u00e9s d\u2019un protocol de demanda espec\u00edfic.<br \/>\nDes del moment del diagn\u00f2stic de la p\u00e8rdua auditiva (ORL), els infants (inclosos els de 0-3 anys) poden accedir directament al CREDA a trav\u00e9s de la mateixa fam\u00edlia, el CDIAP o l\u2019EAP.<\/p>\n<p><strong>Professionals<\/strong><\/p>\n<ul>\n<li>Logopedes<\/li>\n<li>Psicopedagogs\/es<\/li>\n<li>Audioprotesistes<\/li>\n<\/ul>\n<p>Ves al <a href=\"https:\/\/serveiseducatius.xtec.cat\/creda-catcentral\/wp-content\/uploads\/usu1063\/2026\/02\/Marc_actuacio_CREDA_99.pdf\" target=\"_blank\" rel=\"noopener noreferrer\">marc d&#8217;actuaci\u00f3<\/a>.<\/p>\n<p>Trobareu\u00a0 informaci\u00f3 sobre els CL en LSC en el seg\u00fcent <a href=\"https:\/\/serveiseducatius.xtec.cat\/creda-catcentral\/wp-content\/uploads\/usu1063\/2019\/09\/comportaments-ling\u00fc\u00edstics.pdf\" target=\"_blank\" rel=\"noopener noreferrer\">enlla\u00e7<\/a>.<\/p>\n","protected":false},"excerpt":{"rendered":"<p>Els CREDA s\u00f3n serveis de suport als centres educatius en l\u2019adequaci\u00f3 a la resposta educativa davant les necessitats que interfereixen en el desenvolupament personal, social i curricular de l\u2019alumnat amb d\u00e8ficit auditiu, trastorns de llenguatge i\/o comunicaci\u00f3. La seva intervenci\u00f3 es concreta en tres grans \u00e0mbits: alumnat i fam\u00edlies; centres i professorat; zona educativa. Destinataris [&hellip;]<\/p>\n","protected":false},"author":1,"featured_media":0,"parent":806,"menu_order":10,"comment_status":"closed","ping_status":"closed","template":"","meta":{"site-sidebar-layout":"default","site-content-layout":"","ast-site-content-layout":"default","site-content-style":"default","site-sidebar-style":"default","ast-global-header-display":"","ast-banner-title-visibility":"","ast-main-header-display":"","ast-hfb-above-header-display":"","ast-hfb-below-header-display":"","ast-hfb-mobile-header-display":"","site-post-title":"","ast-breadcrumbs-content":"","ast-featured-img":"","footer-sml-layout":"","theme-transparent-header-meta":"","adv-header-id-meta":"","stick-header-meta":"","header-above-stick-meta":"","header-main-stick-meta":"","header-below-stick-meta":"","astra-migrate-meta-layouts":"set","ast-page-background-enabled":"default","ast-page-background-meta":{"desktop":{"background-color":"var(--ast-global-color-4)","background-image":"","background-repeat":"repeat","background-position":"center center","background-size":"auto","background-attachment":"scroll","background-type":"","background-media":"","overlay-type":"","overlay-color":"","overlay-opacity":"","overlay-gradient":""},"tablet":{"background-color":"","background-image":"","background-repeat":"repeat","background-position":"center center","background-size":"auto","background-attachment":"scroll","background-type":"","background-media":"","overlay-type":"","overlay-color":"","overlay-opacity":"","overlay-gradient":""},"mobile":{"background-color":"","background-image":"","background-repeat":"repeat","background-position":"center center","background-size":"auto","background-attachment":"scroll","background-type":"","background-media":"","overlay-type":"","overlay-color":"","overlay-opacity":"","overlay-gradient":""}},"ast-content-background-meta":{"desktop":{"background-color":"var(--ast-global-color-5)","background-image":"","background-repeat":"repeat","background-position":"center center","background-size":"auto","background-attachment":"scroll","background-type":"","background-media":"","overlay-type":"","overlay-color":"","overlay-opacity":"","overlay-gradient":""},"tablet":{"background-color":"var(--ast-global-color-5)","background-image":"","background-repeat":"repeat","background-position":"center center","background-size":"auto","background-attachment":"scroll","background-type":"","background-media":"","overlay-type":"","overlay-color":"","overlay-opacity":"","overlay-gradient":""},"mobile":{"background-color":"var(--ast-global-color-5)","background-image":"","background-repeat":"repeat","background-position":"center center","background-size":"auto","background-attachment":"scroll","background-type":"","background-media":"","overlay-type":"","overlay-color":"","overlay-opacity":"","overlay-gradient":""}},"footnotes":""},"class_list":["post-797","page","type-page","status-publish","hentry"],"post_mailing_queue_ids":[],"_links":{"self":[{"href":"https:\/\/serveiseducatius.xtec.cat\/creda-catcentral\/wp-json\/wp\/v2\/pages\/797","targetHints":{"allow":["GET"]}}],"collection":[{"href":"https:\/\/serveiseducatius.xtec.cat\/creda-catcentral\/wp-json\/wp\/v2\/pages"}],"about":[{"href":"https:\/\/serveiseducatius.xtec.cat\/creda-catcentral\/wp-json\/wp\/v2\/types\/page"}],"author":[{"embeddable":true,"href":"https:\/\/serveiseducatius.xtec.cat\/creda-catcentral\/wp-json\/wp\/v2\/users\/1"}],"replies":[{"embeddable":true,"href":"https:\/\/serveiseducatius.xtec.cat\/creda-catcentral\/wp-json\/wp\/v2\/comments?post=797"}],"version-history":[{"count":4,"href":"https:\/\/serveiseducatius.xtec.cat\/creda-catcentral\/wp-json\/wp\/v2\/pages\/797\/revisions"}],"predecessor-version":[{"id":14056,"href":"https:\/\/serveiseducatius.xtec.cat\/creda-catcentral\/wp-json\/wp\/v2\/pages\/797\/revisions\/14056"}],"up":[{"embeddable":true,"href":"https:\/\/serveiseducatius.xtec.cat\/creda-catcentral\/wp-json\/wp\/v2\/pages\/806"}],"wp:attachment":[{"href":"https:\/\/serveiseducatius.xtec.cat\/creda-catcentral\/wp-json\/wp\/v2\/media?parent=797"}],"curies":[{"name":"wp","href":"https:\/\/api.w.org\/{rel}","templated":true}]}}