{"id":608,"date":"2015-11-27T10:04:51","date_gmt":"2015-11-27T09:04:51","guid":{"rendered":"http:\/\/serveiseducatius.xtec.cat\/creda-catcentral\/?page_id=608"},"modified":"2025-09-06T18:29:42","modified_gmt":"2025-09-06T16:29:42","slug":"horari-i-calendari","status":"publish","type":"page","link":"https:\/\/serveiseducatius.xtec.cat\/creda-catcentral\/el-creda\/horari-i-calendari\/","title":{"rendered":"Horari i calendari"},"content":{"rendered":"<p><a href=\"https:\/\/serveiseducatius.xtec.cat\/creda-catcentral\/wp-content\/uploads\/usu1063\/2024\/09\/HORARI-ATENCIO-3.png\"><img loading=\"lazy\" decoding=\"async\" class=\"alignnone wp-image-12805\" src=\"https:\/\/serveiseducatius.xtec.cat\/creda-catcentral\/wp-content\/uploads\/usu1063\/2024\/09\/HORARI-ATENCIO-3-300x180.png\" alt=\"\" width=\"427\" height=\"256\" srcset=\"https:\/\/serveiseducatius.xtec.cat\/creda-catcentral\/wp-content\/uploads\/usu1063\/2024\/09\/HORARI-ATENCIO-3-300x180.png 300w, https:\/\/serveiseducatius.xtec.cat\/creda-catcentral\/wp-content\/uploads\/usu1063\/2024\/09\/HORARI-ATENCIO-3.png 426w\" sizes=\"auto, (max-width: 427px) 100vw, 427px\" \/><\/a><\/p>\n<p><strong>CALENDARI ESCOLAR CURS 2025-26<\/strong><\/p>\n<ul style=\"list-style-type: disc;\">\n<li><strong>8 de setembre de 2025<\/strong>\u00a0inici de les classes Infantil i Prim\u00e0ria i ESO.<\/li>\n<li><strong>12 de setembre de 2025<\/strong>: inici de les classes Batxillerat i Cicles Formatius.<\/li>\n<li><strong>Del 20 de desembre de 2025 al 7 de gener de 2026 (ambd\u00f3s inclosos)<\/strong>: vacances de Nadal.<\/li>\n<li><strong>Del 28 de mar\u00e7 de 2026 al 6\u00a0 d&#8217;abril de 2026 (ambd\u00f3s inclosos):<\/strong> vacances de Setmana Santa.<\/li>\n<li><strong>19 de juny de 2026<\/strong><strong>:<\/strong> acaben les classes d&#8217;educaci\u00f3 Infantil, Prim\u00e0ria, ESO.<\/li>\n<li><strong>Del 15 juliol al 31 d&#8217;agost de 2026:<\/strong> vacances d&#8217;estiu.<\/li>\n<\/ul>\n<p>El nostre CREDA\u00a0romandr\u00e0 tancat al p\u00fablic els per\u00edodes de vacances escolars, els dies de festes laborals oficials a Catalunya i els seg\u00fcents dies de festa local i de lliure disposici\u00f3.<\/p>\n<p>\u00a0<\/p>\n\n\n<figure class=\"wp-block-image size-large\"><a href=\"https:\/\/serveiseducatius.xtec.cat\/creda-catcentral\/wp-content\/uploads\/usu1063\/2025\/09\/FESTIUS.jpg\"><img decoding=\"async\" src=\"https:\/\/serveiseducatius.xtec.cat\/creda-catcentral\/wp-content\/uploads\/usu1063\/2025\/09\/FESTIUS-724x1024.jpg\" alt=\"\" class=\"wp-image-13773\"\/><\/a><\/figure>\n","protected":false},"excerpt":{"rendered":"<p>CALENDARI ESCOLAR CURS 2025-26 8 de setembre de 2025\u00a0inici de les classes Infantil i Prim\u00e0ria i ESO. 12 de setembre de 2025: inici de les classes Batxillerat i Cicles Formatius. Del 20 de desembre de 2025 al 7 de gener de 2026 (ambd\u00f3s inclosos): vacances de Nadal. Del 28 de mar\u00e7 de 2026 al 6\u00a0 [&hellip;]<\/p>\n","protected":false},"author":1,"featured_media":0,"parent":806,"menu_order":40,"comment_status":"closed","ping_status":"closed","template":"","meta":{"site-sidebar-layout":"default","site-content-layout":"","ast-site-content-layout":"default","site-content-style":"default","site-sidebar-style":"default","ast-global-header-display":"","ast-banner-title-visibility":"","ast-main-header-display":"","ast-hfb-above-header-display":"","ast-hfb-below-header-display":"","ast-hfb-mobile-header-display":"","site-post-title":"","ast-breadcrumbs-content":"","ast-featured-img":"","footer-sml-layout":"","theme-transparent-header-meta":"","adv-header-id-meta":"","stick-header-meta":"","header-above-stick-meta":"","header-main-stick-meta":"","header-below-stick-meta":"","astra-migrate-meta-layouts":"set","ast-page-background-enabled":"default","ast-page-background-meta":{"desktop":{"background-color":"var(--ast-global-color-4)","background-image":"","background-repeat":"repeat","background-position":"center center","background-size":"auto","background-attachment":"scroll","background-type":"","background-media":"","overlay-type":"","overlay-color":"","overlay-opacity":"","overlay-gradient":""},"tablet":{"background-color":"","background-image":"","background-repeat":"repeat","background-position":"center center","background-size":"auto","background-attachment":"scroll","background-type":"","background-media":"","overlay-type":"","overlay-color":"","overlay-opacity":"","overlay-gradient":""},"mobile":{"background-color":"","background-image":"","background-repeat":"repeat","background-position":"center center","background-size":"auto","background-attachment":"scroll","background-type":"","background-media":"","overlay-type":"","overlay-color":"","overlay-opacity":"","overlay-gradient":""}},"ast-content-background-meta":{"desktop":{"background-color":"var(--ast-global-color-5)","background-image":"","background-repeat":"repeat","background-position":"center center","background-size":"auto","background-attachment":"scroll","background-type":"","background-media":"","overlay-type":"","overlay-color":"","overlay-opacity":"","overlay-gradient":""},"tablet":{"background-color":"var(--ast-global-color-5)","background-image":"","background-repeat":"repeat","background-position":"center center","background-size":"auto","background-attachment":"scroll","background-type":"","background-media":"","overlay-type":"","overlay-color":"","overlay-opacity":"","overlay-gradient":""},"mobile":{"background-color":"var(--ast-global-color-5)","background-image":"","background-repeat":"repeat","background-position":"center center","background-size":"auto","background-attachment":"scroll","background-type":"","background-media":"","overlay-type":"","overlay-color":"","overlay-opacity":"","overlay-gradient":""}},"footnotes":""},"class_list":["post-608","page","type-page","status-publish","hentry"],"post_mailing_queue_ids":[],"_links":{"self":[{"href":"https:\/\/serveiseducatius.xtec.cat\/creda-catcentral\/wp-json\/wp\/v2\/pages\/608","targetHints":{"allow":["GET"]}}],"collection":[{"href":"https:\/\/serveiseducatius.xtec.cat\/creda-catcentral\/wp-json\/wp\/v2\/pages"}],"about":[{"href":"https:\/\/serveiseducatius.xtec.cat\/creda-catcentral\/wp-json\/wp\/v2\/types\/page"}],"author":[{"embeddable":true,"href":"https:\/\/serveiseducatius.xtec.cat\/creda-catcentral\/wp-json\/wp\/v2\/users\/1"}],"replies":[{"embeddable":true,"href":"https:\/\/serveiseducatius.xtec.cat\/creda-catcentral\/wp-json\/wp\/v2\/comments?post=608"}],"version-history":[{"count":6,"href":"https:\/\/serveiseducatius.xtec.cat\/creda-catcentral\/wp-json\/wp\/v2\/pages\/608\/revisions"}],"predecessor-version":[{"id":13774,"href":"https:\/\/serveiseducatius.xtec.cat\/creda-catcentral\/wp-json\/wp\/v2\/pages\/608\/revisions\/13774"}],"up":[{"embeddable":true,"href":"https:\/\/serveiseducatius.xtec.cat\/creda-catcentral\/wp-json\/wp\/v2\/pages\/806"}],"wp:attachment":[{"href":"https:\/\/serveiseducatius.xtec.cat\/creda-catcentral\/wp-json\/wp\/v2\/media?parent=608"}],"curies":[{"name":"wp","href":"https:\/\/api.w.org\/{rel}","templated":true}]}}