{"id":11592,"date":"2022-05-04T12:55:02","date_gmt":"2022-05-04T10:55:02","guid":{"rendered":"https:\/\/serveiseducatius.xtec.cat\/creda-catcentral\/?page_id=11592"},"modified":"2024-11-20T21:41:36","modified_gmt":"2024-11-20T20:41:36","slug":"treball-auditiu-credacc","status":"publish","type":"page","link":"https:\/\/serveiseducatius.xtec.cat\/creda-catcentral\/treball-auditiu-credacc\/","title":{"rendered":"Activitats de treball auditiu"},"content":{"rendered":"<p class=\"zfr3Q CDt4Ke \" dir=\"ltr\"><span class=\"jgG6ef C9DxTc \">Des de l&#8217;equip de professionals del CREDA CC, tenint en compte l&#8217;experi\u00e8ncia viscuda durant el confinament, vam considerar profit\u00f3s crear activitats interactives per treballar online amb els alumnes les fases d&#8217;entrenament auditiu. Actualment podem fer servir les activitats creades per treballar a les sessions amb els nostres alumnes de la mateixa manera que utilitzem altres formats interactius.<\/span><\/p>\n<p class=\"zfr3Q CDt4Ke \" dir=\"ltr\"><span class=\"jgG6ef C9DxTc \">Les activitats interactives de les fases d&#8217;entrenament auditiu han estat creades amb 3 plataformes digitals: Genially, Liveworksheets i Educaplay.<\/span><\/p>\n<p class=\"zfr3Q CDt4Ke \" dir=\"ltr\"><span class=\"jgG6ef C9DxTc \">De les 5 fases d&#8217;entrenament auditiu: la Detecci\u00f3, la Discriminaci\u00f3, la Identificaci\u00f3, el Reconeixement i la Comprensi\u00f3,\u00a0<\/span><span class=\"jgG6ef C9DxTc \">ens hem centrat en<\/span><span class=\"jgG6ef C9DxTc \">\u00a0les quatre primeres per treballar-les a nivell interactiu.\u00a0<\/span><\/p>\n<p dir=\"ltr\"><a href=\"https:\/\/sites.google.com\/xtec.cat\/treball-auditiu-credacc\/p%C3%A0gina-principal\"><img loading=\"lazy\" decoding=\"async\" class=\"size-medium wp-image-11596 aligncenter\" src=\"https:\/\/serveiseducatius.xtec.cat\/creda-catcentral\/wp-content\/uploads\/usu1063\/2022\/05\/TREBALL-AUDITIU-283x300.png\" alt=\"\" width=\"283\" height=\"300\" srcset=\"https:\/\/serveiseducatius.xtec.cat\/creda-catcentral\/wp-content\/uploads\/usu1063\/2022\/05\/TREBALL-AUDITIU-283x300.png 283w, https:\/\/serveiseducatius.xtec.cat\/creda-catcentral\/wp-content\/uploads\/usu1063\/2022\/05\/TREBALL-AUDITIU.png 405w\" sizes=\"auto, (max-width: 283px) 100vw, 283px\" \/><\/a><\/p>\n","protected":false},"excerpt":{"rendered":"<p>Des de l&#8217;equip de professionals del CREDA CC, tenint en compte l&#8217;experi\u00e8ncia viscuda durant el confinament, vam considerar profit\u00f3s crear activitats interactives per treballar online amb els alumnes les fases d&#8217;entrenament auditiu. Actualment podem fer servir les activitats creades per treballar a les sessions amb els nostres alumnes de la mateixa manera que utilitzem altres [&hellip;]<\/p>\n","protected":false},"author":12,"featured_media":0,"parent":0,"menu_order":0,"comment_status":"closed","ping_status":"closed","template":"","meta":{"site-sidebar-layout":"default","site-content-layout":"","ast-site-content-layout":"","site-content-style":"default","site-sidebar-style":"default","ast-global-header-display":"","ast-banner-title-visibility":"","ast-main-header-display":"","ast-hfb-above-header-display":"","ast-hfb-below-header-display":"","ast-hfb-mobile-header-display":"","site-post-title":"","ast-breadcrumbs-content":"","ast-featured-img":"","footer-sml-layout":"","theme-transparent-header-meta":"","adv-header-id-meta":"","stick-header-meta":"","header-above-stick-meta":"","header-main-stick-meta":"","header-below-stick-meta":"","astra-migrate-meta-layouts":"default","ast-page-background-enabled":"default","ast-page-background-meta":{"desktop":{"background-color":"var(--ast-global-color-4)","background-image":"","background-repeat":"repeat","background-position":"center center","background-size":"auto","background-attachment":"scroll","background-type":"","background-media":"","overlay-type":"","overlay-color":"","overlay-opacity":"","overlay-gradient":""},"tablet":{"background-color":"","background-image":"","background-repeat":"repeat","background-position":"center center","background-size":"auto","background-attachment":"scroll","background-type":"","background-media":"","overlay-type":"","overlay-color":"","overlay-opacity":"","overlay-gradient":""},"mobile":{"background-color":"","background-image":"","background-repeat":"repeat","background-position":"center center","background-size":"auto","background-attachment":"scroll","background-type":"","background-media":"","overlay-type":"","overlay-color":"","overlay-opacity":"","overlay-gradient":""}},"ast-content-background-meta":{"desktop":{"background-color":"var(--ast-global-color-5)","background-image":"","background-repeat":"repeat","background-position":"center center","background-size":"auto","background-attachment":"scroll","background-type":"","background-media":"","overlay-type":"","overlay-color":"","overlay-opacity":"","overlay-gradient":""},"tablet":{"background-color":"var(--ast-global-color-5)","background-image":"","background-repeat":"repeat","background-position":"center center","background-size":"auto","background-attachment":"scroll","background-type":"","background-media":"","overlay-type":"","overlay-color":"","overlay-opacity":"","overlay-gradient":""},"mobile":{"background-color":"var(--ast-global-color-5)","background-image":"","background-repeat":"repeat","background-position":"center center","background-size":"auto","background-attachment":"scroll","background-type":"","background-media":"","overlay-type":"","overlay-color":"","overlay-opacity":"","overlay-gradient":""}},"footnotes":""},"class_list":["post-11592","page","type-page","status-publish","hentry"],"post_mailing_queue_ids":[],"_links":{"self":[{"href":"https:\/\/serveiseducatius.xtec.cat\/creda-catcentral\/wp-json\/wp\/v2\/pages\/11592","targetHints":{"allow":["GET"]}}],"collection":[{"href":"https:\/\/serveiseducatius.xtec.cat\/creda-catcentral\/wp-json\/wp\/v2\/pages"}],"about":[{"href":"https:\/\/serveiseducatius.xtec.cat\/creda-catcentral\/wp-json\/wp\/v2\/types\/page"}],"author":[{"embeddable":true,"href":"https:\/\/serveiseducatius.xtec.cat\/creda-catcentral\/wp-json\/wp\/v2\/users\/12"}],"replies":[{"embeddable":true,"href":"https:\/\/serveiseducatius.xtec.cat\/creda-catcentral\/wp-json\/wp\/v2\/comments?post=11592"}],"version-history":[{"count":5,"href":"https:\/\/serveiseducatius.xtec.cat\/creda-catcentral\/wp-json\/wp\/v2\/pages\/11592\/revisions"}],"predecessor-version":[{"id":13958,"href":"https:\/\/serveiseducatius.xtec.cat\/creda-catcentral\/wp-json\/wp\/v2\/pages\/11592\/revisions\/13958"}],"wp:attachment":[{"href":"https:\/\/serveiseducatius.xtec.cat\/creda-catcentral\/wp-json\/wp\/v2\/media?parent=11592"}],"curies":[{"name":"wp","href":"https:\/\/api.w.org\/{rel}","templated":true}]}}