{"id":9908,"date":"2024-02-21T15:17:13","date_gmt":"2024-02-21T14:17:13","guid":{"rendered":"https:\/\/serveiseducatius.xtec.cat\/creda-baixllobregat\/?page_id=9908"},"modified":"2024-02-23T10:05:01","modified_gmt":"2024-02-23T09:05:01","slug":"jo-mai-mai","status":"publish","type":"page","link":"https:\/\/serveiseducatius.xtec.cat\/creda-baixllobregat\/jo-mai-mai\/","title":{"rendered":"Jo Mai Mai"},"content":{"rendered":"<p>Hola nois i noies del CREDA, coneixeu aquesta s\u00e8rie?<\/p>\n<p><a href=\"https:\/\/serveiseducatius.xtec.cat\/creda-baixllobregat\/wp-content\/uploads\/usu1334\/2024\/02\/portada-web.png\"><img loading=\"lazy\" decoding=\"async\" class=\"wp-image-9888 aligncenter\" src=\"https:\/\/serveiseducatius.xtec.cat\/creda-baixllobregat\/wp-content\/uploads\/usu1334\/2024\/02\/portada-web-1024x471.png\" alt=\"\" width=\"393\" height=\"181\" srcset=\"https:\/\/serveiseducatius.xtec.cat\/creda-baixllobregat\/wp-content\/uploads\/usu1334\/2024\/02\/portada-web-1024x471.png 1024w, https:\/\/serveiseducatius.xtec.cat\/creda-baixllobregat\/wp-content\/uploads\/usu1334\/2024\/02\/portada-web-300x138.png 300w, https:\/\/serveiseducatius.xtec.cat\/creda-baixllobregat\/wp-content\/uploads\/usu1334\/2024\/02\/portada-web-768x353.png 768w, https:\/\/serveiseducatius.xtec.cat\/creda-baixllobregat\/wp-content\/uploads\/usu1334\/2024\/02\/portada-web.png 1342w\" sizes=\"auto, (max-width: 393px) 100vw, 393px\" \/><\/a><\/p>\n<p>Es diu &#8220;Jo Mai Mai&#8221; i la fan els dilluns a la nit a TV3 per\u00f2 tamb\u00e9 la podeu trobar penjada a <a href=\"https:\/\/www.ccma.cat\/3cat\/\">la seva web 3cat<\/a>,<\/p>\n<p><a href=\"https:\/\/serveiseducatius.xtec.cat\/creda-baixllobregat\/wp-content\/uploads\/usu1334\/2024\/02\/pixton-avatar-cuerpo-entero-mai.png\"><img loading=\"lazy\" decoding=\"async\" class=\"wp-image-9892 alignleft\" src=\"https:\/\/serveiseducatius.xtec.cat\/creda-baixllobregat\/wp-content\/uploads\/usu1334\/2024\/02\/pixton-avatar-cuerpo-entero-mai-512x1024.png\" alt=\"\" width=\"121\" height=\"242\" srcset=\"https:\/\/serveiseducatius.xtec.cat\/creda-baixllobregat\/wp-content\/uploads\/usu1334\/2024\/02\/pixton-avatar-cuerpo-entero-mai-512x1024.png 512w, https:\/\/serveiseducatius.xtec.cat\/creda-baixllobregat\/wp-content\/uploads\/usu1334\/2024\/02\/pixton-avatar-cuerpo-entero-mai-150x300.png 150w, https:\/\/serveiseducatius.xtec.cat\/creda-baixllobregat\/wp-content\/uploads\/usu1334\/2024\/02\/pixton-avatar-cuerpo-entero-mai.png 640w\" sizes=\"auto, (max-width: 121px) 100vw, 121px\" \/><\/a>Hellooo, soc la Mai, la protagonista de la s\u00e8rie, treballo a la casa de col\u00f2nies dels meus pares i soc la monitora del grup de nois i noies que veieu a la foto de dalt.<\/p>\n<p>Aquests grup d&#8217;adolescents s\u00f3n una mica especials i a cada cap\u00edtol en fan alguna&#8230;\u00a0 ja els anireu coneixent.<\/p>\n<p>A cada cap\u00edtol trobareu aqu\u00ed l&#8217;enlla\u00e7 a un &#8220;padlet&#8221; amb propostes d&#8217;activitats a realitzar. S\u00f3n situacions que passen a les col\u00f2nies i en les que m&#8217;aniria molt b\u00e9 la vostra opini\u00f3&#8230;<\/p>\n<p>&nbsp;<\/p>\n","protected":false},"excerpt":{"rendered":"<p>Hola nois i noies del CREDA, coneixeu aquesta s\u00e8rie? Es diu &#8220;Jo Mai Mai&#8221; i la fan els dilluns a la nit a TV3 per\u00f2 tamb\u00e9 la podeu trobar penjada a la seva web 3cat, Hellooo, soc la Mai, la protagonista de la s\u00e8rie, treballo a la casa de col\u00f2nies dels meus pares i soc [&hellip;]<\/p>\n","protected":false},"author":16,"featured_media":0,"parent":0,"menu_order":0,"comment_status":"closed","ping_status":"closed","template":"","meta":{"_bbp_topic_count":0,"_bbp_reply_count":0,"_bbp_total_topic_count":0,"_bbp_total_reply_count":0,"_bbp_voice_count":0,"_bbp_anonymous_reply_count":0,"_bbp_topic_count_hidden":0,"_bbp_reply_count_hidden":0,"_bbp_forum_subforum_count":0,"site-sidebar-layout":"default","site-content-layout":"","ast-site-content-layout":"","site-content-style":"default","site-sidebar-style":"default","ast-global-header-display":"","ast-banner-title-visibility":"","ast-main-header-display":"","ast-hfb-above-header-display":"","ast-hfb-below-header-display":"","ast-hfb-mobile-header-display":"","site-post-title":"","ast-breadcrumbs-content":"","ast-featured-img":"","footer-sml-layout":"","theme-transparent-header-meta":"","adv-header-id-meta":"","stick-header-meta":"","header-above-stick-meta":"","header-main-stick-meta":"","header-below-stick-meta":"","astra-migrate-meta-layouts":"default","ast-page-background-enabled":"default","ast-page-background-meta":{"desktop":{"background-color":"var(--ast-global-color-4)","background-image":"","background-repeat":"repeat","background-position":"center center","background-size":"auto","background-attachment":"scroll","background-type":"","background-media":"","overlay-type":"","overlay-color":"","overlay-opacity":"","overlay-gradient":""},"tablet":{"background-color":"","background-image":"","background-repeat":"repeat","background-position":"center center","background-size":"auto","background-attachment":"scroll","background-type":"","background-media":"","overlay-type":"","overlay-color":"","overlay-opacity":"","overlay-gradient":""},"mobile":{"background-color":"","background-image":"","background-repeat":"repeat","background-position":"center center","background-size":"auto","background-attachment":"scroll","background-type":"","background-media":"","overlay-type":"","overlay-color":"","overlay-opacity":"","overlay-gradient":""}},"ast-content-background-meta":{"desktop":{"background-color":"var(--ast-global-color-5)","background-image":"","background-repeat":"repeat","background-position":"center center","background-size":"auto","background-attachment":"scroll","background-type":"","background-media":"","overlay-type":"","overlay-color":"","overlay-opacity":"","overlay-gradient":""},"tablet":{"background-color":"var(--ast-global-color-5)","background-image":"","background-repeat":"repeat","background-position":"center center","background-size":"auto","background-attachment":"scroll","background-type":"","background-media":"","overlay-type":"","overlay-color":"","overlay-opacity":"","overlay-gradient":""},"mobile":{"background-color":"var(--ast-global-color-5)","background-image":"","background-repeat":"repeat","background-position":"center center","background-size":"auto","background-attachment":"scroll","background-type":"","background-media":"","overlay-type":"","overlay-color":"","overlay-opacity":"","overlay-gradient":""}},"footnotes":""},"class_list":["post-9908","page","type-page","status-publish","hentry"],"post_mailing_queue_ids":[],"_links":{"self":[{"href":"https:\/\/serveiseducatius.xtec.cat\/creda-baixllobregat\/wp-json\/wp\/v2\/pages\/9908","targetHints":{"allow":["GET"]}}],"collection":[{"href":"https:\/\/serveiseducatius.xtec.cat\/creda-baixllobregat\/wp-json\/wp\/v2\/pages"}],"about":[{"href":"https:\/\/serveiseducatius.xtec.cat\/creda-baixllobregat\/wp-json\/wp\/v2\/types\/page"}],"author":[{"embeddable":true,"href":"https:\/\/serveiseducatius.xtec.cat\/creda-baixllobregat\/wp-json\/wp\/v2\/users\/16"}],"replies":[{"embeddable":true,"href":"https:\/\/serveiseducatius.xtec.cat\/creda-baixllobregat\/wp-json\/wp\/v2\/comments?post=9908"}],"version-history":[{"count":2,"href":"https:\/\/serveiseducatius.xtec.cat\/creda-baixllobregat\/wp-json\/wp\/v2\/pages\/9908\/revisions"}],"predecessor-version":[{"id":9922,"href":"https:\/\/serveiseducatius.xtec.cat\/creda-baixllobregat\/wp-json\/wp\/v2\/pages\/9908\/revisions\/9922"}],"wp:attachment":[{"href":"https:\/\/serveiseducatius.xtec.cat\/creda-baixllobregat\/wp-json\/wp\/v2\/media?parent=9908"}],"curies":[{"name":"wp","href":"https:\/\/api.w.org\/{rel}","templated":true}]}}