{"id":797,"date":"2015-11-28T21:06:57","date_gmt":"2015-11-28T20:06:57","guid":{"rendered":"http:\/\/serveiseducatius.xtec.cat\/creda-baixllobregat\/?page_id=797"},"modified":"2019-10-10T11:20:09","modified_gmt":"2019-10-10T09:20:09","slug":"que-es","status":"publish","type":"page","link":"https:\/\/serveiseducatius.xtec.cat\/creda-baixllobregat\/el-creda\/que-es\/","title":{"rendered":"Qu\u00e8 \u00e9s"},"content":{"rendered":"<p>Els CREDA s\u00f3n serveis de suport als centres educatius en l\u2019adequaci\u00f3 a la resposta educativa davant les necessitats que interfereixen en el desenvolupament personal, social i curricular de l\u2019alumnat amb d\u00e8ficit auditiu, trastorn espec\u00edfic del llenguatge i\/o la comunicaci\u00f3.\u00a0La seva intervenci\u00f3 es concreta en tres grans \u00e0mbits: alumnat i fam\u00edlies; centres i professorat; zona educativa.<\/p>\n<p>Es tracta d\u2019un model d\u2019atenci\u00f3 a l\u2019alumnat amb necessitats educatives especials i al seu entorn propi de Catalunya. Actualment hi ha 10 CREDA, cadascun amb una zona d\u2019actuaci\u00f3 \u00e0mplia, generalment coincideix amb un Servei Territorial.<\/p>\n<p><strong>Destinataris<\/strong><\/p>\n<ul>\n<li>Infants i joves amb p\u00e8rdua auditiva (0-18a), i llurs fam\u00edlies.<\/li>\n<li>Alumnat amb greus trastorns del llenguatge i\/o la comunicaci\u00f3 (3-12a), i llurs fam\u00edlies.<\/li>\n<li>Centres i professorat de l\u2019alumnat amb greus dificultats d\u2019audici\u00f3, llenguatge i\/o comunicaci\u00f3.<\/li>\n<li>Professorat especialitzat (MALL) de la zona educativa de l\u2019alumnat amb greus dificultats d\u2019audici\u00f3 i\/o llenguatge.<\/li>\n<\/ul>\n<p><strong>Objectius<\/strong><\/p>\n<ul>\n<li>Realitzar la valoraci\u00f3 i seguiment del proc\u00e9s evolutiu audiol\u00f2gic, comunicatiu i ling\u00fc\u00edstic de l\u2019infant amb sordesa.<\/li>\n<li>Realitzar la valoraci\u00f3 i seguiment de les necessitats psicoling\u00fc\u00edstiques i educatives de l\u2019alumnat amb greus trastorns de llenguatge i\/o comunicaci\u00f3.<\/li>\n<li>Proporcionar atenci\u00f3 logop\u00e8dica espec\u00edfica a l\u2019alumnat amb greus trastorns de l\u2019audici\u00f3, el llenguatge i\/o la comunicaci\u00f3.<\/li>\n<li>Orientar i assessorar a les fam\u00edlies de l\u2019alumnat amb greus trastorns de l\u2019audici\u00f3, el llenguatge i\/o la comunicaci\u00f3.<\/li>\n<li>Proporcionar suport i assessorament als centres i al professorat de l\u2019alumnat amb greus dificultats d\u2019audici\u00f3, llenguatge i\/o comunicaci\u00f3.<\/li>\n<li>Posar a disposici\u00f3 de la comunitat educativa materials, recursos, assessorament i formaci\u00f3 especialitzada per a l\u2019adequaci\u00f3 de la tasca docent a les necessitats especials de l\u2019alumnat amb dificultats d\u2019audici\u00f3, llenguatge i\/o comunicaci\u00f3.<\/li>\n<\/ul>\n<p><strong>Acc\u00e9s<\/strong><\/p>\n<p>Derivats per l\u2019EAP de la zona a trav\u00e9s d\u2019un full protocol\u00b7litzat de demanda amb les dades pertinents per valorar la idone\u00eftat i caracter\u00edstiques de l\u2019alumnat pel que es sol\u00b7licita atenci\u00f3 logop\u00e8dica.<br \/>\nEl infants de 0 a 3 anys amb diagn\u00f2stic de p\u00e8rdua auditiva (ORL) la fam\u00edlia, el CDIAP o l\u2019EAP poden accedir directament al CREDA.<\/p>\n<p><strong>Professionals<\/strong><\/p>\n<ul>\n<li>Logopedes<\/li>\n<li>Psicopedagogs\/es especialitzats en audici\u00f3, llenguatge i comunicaci\u00f3<\/li>\n<li>Audioprotetistes especialitzats en audiopr\u00f2tesi infantil i juvenil<\/li>\n<\/ul>\n<p><strong>\u00c0mbit geogr\u00e0fic<\/strong><\/p>\n<p>La comarca del Baix Llobregat \u00e9s l&#8217;\u00e0mbit geogr\u00e0fic del CREDA. T\u00e9 la seu central a Sant Feliu de Llobregat, i funcionalment s\u2019articula en 9 zones d\u2019actuaci\u00f3, que s\u00f3n les dels Serveis Educatius de Zona (SEZ):<\/p>\n<table style=\"border-color: #3e7a00;\">\n<tbody>\n<tr>\n<td><em><strong>Zones<\/strong><\/em><\/td>\n<td><em><strong>Poblacions<\/strong><\/em><\/td>\n<\/tr>\n<tr>\n<td>Castelldefels<\/td>\n<td>Castelldefels<\/td>\n<\/tr>\n<tr>\n<td>Cornell\u00e0<\/td>\n<td>Cornell\u00e0, Sant Joan Desp\u00ed<\/td>\n<\/tr>\n<tr>\n<td>El Prat de Llobregat<\/td>\n<td>El Prat de Llobregat<\/td>\n<\/tr>\n<tr>\n<td>Esplugues<\/td>\n<td>Esplugues, Sant Just Desvern<\/td>\n<\/tr>\n<tr>\n<td>Gav\u00e0<\/td>\n<td>Gav\u00e0, Viladecans, San Ciment de Ll, Begues<\/td>\n<\/tr>\n<tr>\n<td>Martorell<\/td>\n<td>Martorell, St. Andreu de la Barca, Castellv\u00ed, St. Esteve Sesrovires, Abrera, Olesa, Esparreguera, Collbat\u00f3<\/td>\n<\/tr>\n<tr>\n<td>Sant Boi de Ll<\/td>\n<td>Sant Boi de Ll<\/td>\n<\/tr>\n<tr>\n<td>Sant Feliu de Ll<\/td>\n<td>St. Feliu, Molins de Rei, El Papiol<\/td>\n<\/tr>\n<tr>\n<td>Sant Vicen\u00e7 dels Horts<\/td>\n<td>St. Vicen\u00e7, Corbera, Cervell\u00f3, Vallirana, Pallej\u00e0, Torrelles<\/td>\n<\/tr>\n<\/tbody>\n<\/table>\n<p>Ves al <a href=\"http:\/\/serveiseducatius.xtec.cat\/creda-baixllobregat\/wp-content\/uploads\/usu1334\/2016\/04\/Marc_actuaci%C3%B3_CREDA_99.pdf\" target=\"_blank\" rel=\"noopener noreferrer\">marc d&#8217;actuaci\u00f3<\/a>.<\/p>\n<p>Ves als <a href=\"http:\/\/serveiseducatius.xtec.cat\/creda-baixllobregat\/families\/els-comportaments-linguistics-en-lsc\/\">comportaments ling\u00fc\u00edstics en LSC<\/a><\/p>\n","protected":false},"excerpt":{"rendered":"<p>Els CREDA s\u00f3n serveis de suport als centres educatius en l\u2019adequaci\u00f3 a la resposta educativa davant les necessitats que interfereixen en el desenvolupament personal, social i curricular de l\u2019alumnat amb d\u00e8ficit auditiu, trastorn espec\u00edfic del llenguatge i\/o la comunicaci\u00f3.\u00a0La seva intervenci\u00f3 es concreta en tres grans \u00e0mbits: alumnat i fam\u00edlies; centres i professorat; zona educativa. [&hellip;]<\/p>\n","protected":false},"author":1,"featured_media":0,"parent":806,"menu_order":10,"comment_status":"closed","ping_status":"closed","template":"","meta":{"_bbp_topic_count":0,"_bbp_reply_count":0,"_bbp_total_topic_count":0,"_bbp_total_reply_count":0,"_bbp_voice_count":0,"_bbp_anonymous_reply_count":0,"_bbp_topic_count_hidden":0,"_bbp_reply_count_hidden":0,"_bbp_forum_subforum_count":0,"site-sidebar-layout":"default","site-content-layout":"","ast-site-content-layout":"","site-content-style":"default","site-sidebar-style":"default","ast-global-header-display":"","ast-banner-title-visibility":"","ast-main-header-display":"","ast-hfb-above-header-display":"","ast-hfb-below-header-display":"","ast-hfb-mobile-header-display":"","site-post-title":"","ast-breadcrumbs-content":"","ast-featured-img":"","footer-sml-layout":"","theme-transparent-header-meta":"","adv-header-id-meta":"","stick-header-meta":"","header-above-stick-meta":"","header-main-stick-meta":"","header-below-stick-meta":"","astra-migrate-meta-layouts":"default","ast-page-background-enabled":"default","ast-page-background-meta":{"desktop":{"background-color":"var(--ast-global-color-4)","background-image":"","background-repeat":"repeat","background-position":"center center","background-size":"auto","background-attachment":"scroll","background-type":"","background-media":"","overlay-type":"","overlay-color":"","overlay-opacity":"","overlay-gradient":""},"tablet":{"background-color":"","background-image":"","background-repeat":"repeat","background-position":"center center","background-size":"auto","background-attachment":"scroll","background-type":"","background-media":"","overlay-type":"","overlay-color":"","overlay-opacity":"","overlay-gradient":""},"mobile":{"background-color":"","background-image":"","background-repeat":"repeat","background-position":"center center","background-size":"auto","background-attachment":"scroll","background-type":"","background-media":"","overlay-type":"","overlay-color":"","overlay-opacity":"","overlay-gradient":""}},"ast-content-background-meta":{"desktop":{"background-color":"var(--ast-global-color-5)","background-image":"","background-repeat":"repeat","background-position":"center center","background-size":"auto","background-attachment":"scroll","background-type":"","background-media":"","overlay-type":"","overlay-color":"","overlay-opacity":"","overlay-gradient":""},"tablet":{"background-color":"var(--ast-global-color-5)","background-image":"","background-repeat":"repeat","background-position":"center center","background-size":"auto","background-attachment":"scroll","background-type":"","background-media":"","overlay-type":"","overlay-color":"","overlay-opacity":"","overlay-gradient":""},"mobile":{"background-color":"var(--ast-global-color-5)","background-image":"","background-repeat":"repeat","background-position":"center center","background-size":"auto","background-attachment":"scroll","background-type":"","background-media":"","overlay-type":"","overlay-color":"","overlay-opacity":"","overlay-gradient":""}},"footnotes":""},"class_list":["post-797","page","type-page","status-publish","hentry"],"post_mailing_queue_ids":[],"_links":{"self":[{"href":"https:\/\/serveiseducatius.xtec.cat\/creda-baixllobregat\/wp-json\/wp\/v2\/pages\/797","targetHints":{"allow":["GET"]}}],"collection":[{"href":"https:\/\/serveiseducatius.xtec.cat\/creda-baixllobregat\/wp-json\/wp\/v2\/pages"}],"about":[{"href":"https:\/\/serveiseducatius.xtec.cat\/creda-baixllobregat\/wp-json\/wp\/v2\/types\/page"}],"author":[{"embeddable":true,"href":"https:\/\/serveiseducatius.xtec.cat\/creda-baixllobregat\/wp-json\/wp\/v2\/users\/1"}],"replies":[{"embeddable":true,"href":"https:\/\/serveiseducatius.xtec.cat\/creda-baixllobregat\/wp-json\/wp\/v2\/comments?post=797"}],"version-history":[{"count":3,"href":"https:\/\/serveiseducatius.xtec.cat\/creda-baixllobregat\/wp-json\/wp\/v2\/pages\/797\/revisions"}],"predecessor-version":[{"id":9088,"href":"https:\/\/serveiseducatius.xtec.cat\/creda-baixllobregat\/wp-json\/wp\/v2\/pages\/797\/revisions\/9088"}],"up":[{"embeddable":true,"href":"https:\/\/serveiseducatius.xtec.cat\/creda-baixllobregat\/wp-json\/wp\/v2\/pages\/806"}],"wp:attachment":[{"href":"https:\/\/serveiseducatius.xtec.cat\/creda-baixllobregat\/wp-json\/wp\/v2\/media?parent=797"}],"curies":[{"name":"wp","href":"https:\/\/api.w.org\/{rel}","templated":true}]}}