{"id":306,"date":"2015-11-24T18:02:44","date_gmt":"2015-11-24T17:02:44","guid":{"rendered":"http:\/\/serveiseducatius.xtec.cat\/creda-baixllobregat\/?page_id=306"},"modified":"2024-11-27T16:27:48","modified_gmt":"2024-11-27T15:27:48","slug":"equip","status":"publish","type":"page","link":"https:\/\/serveiseducatius.xtec.cat\/creda-baixllobregat\/el-creda\/equip\/","title":{"rendered":"Equip"},"content":{"rendered":"<p>Cada CREDA est\u00e0 format per un equip multidisciplinar de logopedes, psicopedagogs\/gues, i audioprotesista, que conjuntament, valoren, orienten i atenen els alumnes amb p\u00e8rdua auditiva i\/o trastorn de llenguatge, les seves fam\u00edlies i els professionals implicats en la seva educaci\u00f3. Aquest equip s&#8217;organitza en tres unitats:<\/p>\n<ul>\n<li><strong>Unitat de valoraci\u00f3 i orientaci\u00f3<\/strong>: formada per un audioprotesista i dues psicopedagogues<\/li>\n<li><strong>Unitat de seguiment escolar<\/strong>: formada per logopedes i mestres d&#8217;audici\u00f3 i llenguatge.<\/li>\n<li><strong>Unitat de tecnologia, gesti\u00f3 de recursos i formaci\u00f3<\/strong>: formada per una logopeda<\/li>\n<\/ul>\n<p>A nivell funcional el CREDA s&#8217;organitza en diferents equips:<\/p>\n<p><a href=\"http:\/\/serveiseducatius.xtec.cat\/creda-baixllobregat\/wp-content\/uploads\/usu1334\/2017\/01\/organitzacio-funcional-2-1.png\"><img loading=\"lazy\" decoding=\"async\" class=\"size-medium wp-image-8749 alignleft\" src=\"http:\/\/serveiseducatius.xtec.cat\/creda-baixllobregat\/wp-content\/uploads\/usu1334\/2017\/01\/organitzacio-funcional-2-1-300x211.png\" alt=\"Organitzaci\u00f3 funcional CREDA\" width=\"300\" height=\"211\" srcset=\"https:\/\/serveiseducatius.xtec.cat\/creda-baixllobregat\/wp-content\/uploads\/usu1334\/2017\/01\/organitzacio-funcional-2-1-300x211.png 300w, https:\/\/serveiseducatius.xtec.cat\/creda-baixllobregat\/wp-content\/uploads\/usu1334\/2017\/01\/organitzacio-funcional-2-1-768x540.png 768w, https:\/\/serveiseducatius.xtec.cat\/creda-baixllobregat\/wp-content\/uploads\/usu1334\/2017\/01\/organitzacio-funcional-2-1.png 870w\" sizes=\"auto, (max-width: 300px) 100vw, 300px\" \/><\/a>L&#8217;equip directiu est\u00e0 format per la directora del CREDA i dos professionals adjunts per realitzar les diferents funcions de gesti\u00f3 i coordinaci\u00f3 del servei<\/p>\n<p>Disposa de dos equips de coordinaci\u00f3: valoraci\u00f3 i orientaci\u00f3, i de coordinaci\u00f3 i seguiment intern<\/p>\n<p>Les diferents logopedes s&#8217;organitzen en 9 equips de zona, en 6 de centres PESAL (4 de prim\u00e0ria i 2 de secund\u00e0ria), i l&#8217;equip d&#8217;atenci\u00f3 0-3 anys<\/p>\n<p>&nbsp;<\/p>\n","protected":false},"excerpt":{"rendered":"<p>Cada CREDA est\u00e0 format per un equip multidisciplinar de logopedes, psicopedagogs\/gues, i audioprotesista, que conjuntament, valoren, orienten i atenen els alumnes amb p\u00e8rdua auditiva i\/o trastorn de llenguatge, les seves fam\u00edlies i els professionals implicats en la seva educaci\u00f3. Aquest equip s&#8217;organitza en tres unitats: Unitat de valoraci\u00f3 i orientaci\u00f3: formada per un audioprotesista i [&hellip;]<\/p>\n","protected":false},"author":1,"featured_media":0,"parent":806,"menu_order":28,"comment_status":"closed","ping_status":"closed","template":"","meta":{"_bbp_topic_count":0,"_bbp_reply_count":0,"_bbp_total_topic_count":0,"_bbp_total_reply_count":0,"_bbp_voice_count":0,"_bbp_anonymous_reply_count":0,"_bbp_topic_count_hidden":0,"_bbp_reply_count_hidden":0,"_bbp_forum_subforum_count":0,"site-sidebar-layout":"default","site-content-layout":"","ast-site-content-layout":"","site-content-style":"default","site-sidebar-style":"default","ast-global-header-display":"","ast-banner-title-visibility":"","ast-main-header-display":"","ast-hfb-above-header-display":"","ast-hfb-below-header-display":"","ast-hfb-mobile-header-display":"","site-post-title":"","ast-breadcrumbs-content":"","ast-featured-img":"","footer-sml-layout":"","theme-transparent-header-meta":"","adv-header-id-meta":"","stick-header-meta":"","header-above-stick-meta":"","header-main-stick-meta":"","header-below-stick-meta":"","astra-migrate-meta-layouts":"default","ast-page-background-enabled":"default","ast-page-background-meta":{"desktop":{"background-color":"var(--ast-global-color-4)","background-image":"","background-repeat":"repeat","background-position":"center center","background-size":"auto","background-attachment":"scroll","background-type":"","background-media":"","overlay-type":"","overlay-color":"","overlay-opacity":"","overlay-gradient":""},"tablet":{"background-color":"","background-image":"","background-repeat":"repeat","background-position":"center center","background-size":"auto","background-attachment":"scroll","background-type":"","background-media":"","overlay-type":"","overlay-color":"","overlay-opacity":"","overlay-gradient":""},"mobile":{"background-color":"","background-image":"","background-repeat":"repeat","background-position":"center center","background-size":"auto","background-attachment":"scroll","background-type":"","background-media":"","overlay-type":"","overlay-color":"","overlay-opacity":"","overlay-gradient":""}},"ast-content-background-meta":{"desktop":{"background-color":"var(--ast-global-color-5)","background-image":"","background-repeat":"repeat","background-position":"center center","background-size":"auto","background-attachment":"scroll","background-type":"","background-media":"","overlay-type":"","overlay-color":"","overlay-opacity":"","overlay-gradient":""},"tablet":{"background-color":"var(--ast-global-color-5)","background-image":"","background-repeat":"repeat","background-position":"center center","background-size":"auto","background-attachment":"scroll","background-type":"","background-media":"","overlay-type":"","overlay-color":"","overlay-opacity":"","overlay-gradient":""},"mobile":{"background-color":"var(--ast-global-color-5)","background-image":"","background-repeat":"repeat","background-position":"center center","background-size":"auto","background-attachment":"scroll","background-type":"","background-media":"","overlay-type":"","overlay-color":"","overlay-opacity":"","overlay-gradient":""}},"footnotes":""},"class_list":["post-306","page","type-page","status-publish","hentry"],"post_mailing_queue_ids":[],"_links":{"self":[{"href":"https:\/\/serveiseducatius.xtec.cat\/creda-baixllobregat\/wp-json\/wp\/v2\/pages\/306","targetHints":{"allow":["GET"]}}],"collection":[{"href":"https:\/\/serveiseducatius.xtec.cat\/creda-baixllobregat\/wp-json\/wp\/v2\/pages"}],"about":[{"href":"https:\/\/serveiseducatius.xtec.cat\/creda-baixllobregat\/wp-json\/wp\/v2\/types\/page"}],"author":[{"embeddable":true,"href":"https:\/\/serveiseducatius.xtec.cat\/creda-baixllobregat\/wp-json\/wp\/v2\/users\/1"}],"replies":[{"embeddable":true,"href":"https:\/\/serveiseducatius.xtec.cat\/creda-baixllobregat\/wp-json\/wp\/v2\/comments?post=306"}],"version-history":[{"count":5,"href":"https:\/\/serveiseducatius.xtec.cat\/creda-baixllobregat\/wp-json\/wp\/v2\/pages\/306\/revisions"}],"predecessor-version":[{"id":10066,"href":"https:\/\/serveiseducatius.xtec.cat\/creda-baixllobregat\/wp-json\/wp\/v2\/pages\/306\/revisions\/10066"}],"up":[{"embeddable":true,"href":"https:\/\/serveiseducatius.xtec.cat\/creda-baixllobregat\/wp-json\/wp\/v2\/pages\/806"}],"wp:attachment":[{"href":"https:\/\/serveiseducatius.xtec.cat\/creda-baixllobregat\/wp-json\/wp\/v2\/media?parent=306"}],"curies":[{"name":"wp","href":"https:\/\/api.w.org\/{rel}","templated":true}]}}