{"id":426,"date":"2015-11-25T16:25:57","date_gmt":"2015-11-25T15:25:57","guid":{"rendered":"http:\/\/serveiseducatius.xtec.cat\/conca\/?page_id=426"},"modified":"2024-04-08T09:08:31","modified_gmt":"2024-04-08T07:08:31","slug":"deteccio-necessitats","status":"publish","type":"page","link":"https:\/\/serveiseducatius.xtec.cat\/conca\/formacio\/deteccio-necessitats\/","title":{"rendered":"Detecci\u00f3 de necessitats"},"content":{"rendered":"<p>El Departament d\u2019Educaci\u00f3, amb la finalitat d\u2019actualitzar el model de formaci\u00f3 del professorat i per garantir la innovaci\u00f3, la transfer\u00e8ncia i l\u2019impacte de la formaci\u00f3<br \/>\npermanent del professorat en el conjunt dels centres t\u00e9 establerts els seg\u00fcents objectius plurianuals:<\/p>\n<p>1. Consolidar un model d\u2019ensenyament i aprenentatge amb un enfocament competencial.<br \/>\n2. Avaluar els aprenentatges competencials des d\u2019una perspectiva formadora, amb la implicaci\u00f3 i la participaci\u00f3 dels alumnes.<br \/>\n3. Millorar l\u2019educaci\u00f3 intercultural i la compet\u00e8ncia comunicativa i ling\u00fc\u00edstica dels alumnes en el marc del desenvolupament del pluriling\u00fcisme efectiu.<br \/>\n4. Universalitzar l\u2019atenci\u00f3 personalitzada i el suport a les necessitats individuals d\u2019aprenentatge de tots els alumnes en el marc d\u2019un sistema educatiu inclusiu.<br \/>\n5. Fomentar l\u2019acci\u00f3 tutorial i l\u2019orientaci\u00f3 de l\u2019alumne per acompanyar-lo en el seu aprenentatge i ajudar-lo en la presa de decisions sobre el seu itinerari formatiu.<br \/>\n6. Potenciar el lideratge pedag\u00f2gic en la funci\u00f3 directiva per al desenvolupament de models innovadors per a la millora continua.<br \/>\n7. Consolidar la qualitat en la gesti\u00f3 i l\u2019organitzaci\u00f3 dels centres i dels seus projectes educatius en el marc de la seva autonomia.<br \/>\n8. Promoure la millora de la conviv\u00e8ncia escolar i consolidar el desenvolupament dels plans educatius d\u2019entorn i altres projectes comunitaris.<\/p>\n<p>9.Promoure la relaci\u00f3 dels centres amb altres centres, fam\u00edlies, institucions o empreses per millorar l\u2019atenci\u00f3 educativa i enfortir els \u00e0mbits competencials o professionals de l\u2019alumnat.<br \/>\n10. Desenvolupar les compet\u00e8ncies professionals dels docents per adequar-les a les necessitats del context educatiu, social, digital, tecnol\u00f2gic i laboral.<\/p>\n<p>Aqu\u00ed teniu l&#8217;enlla\u00e7 disponible per a realitzar la detecci\u00f3 de necessitats.<\/p>\n<p>L&#8217;enlla\u00e7 \u00e9s el seg\u00fcent: <a href=\"https:\/\/forms.gle\/7AArnhjrYDeF1ufH6\">https:\/\/forms.gle\/7AArnhjrYDeF1ufH6<\/a><\/p>\n","protected":false},"excerpt":{"rendered":"<p>El Departament d\u2019Educaci\u00f3, amb la finalitat d\u2019actualitzar el model de formaci\u00f3 del professorat i per garantir la innovaci\u00f3, la transfer\u00e8ncia i l\u2019impacte de la formaci\u00f3 permanent del professorat en el conjunt dels centres t\u00e9 establerts els seg\u00fcents objectius plurianuals: 1. Consolidar un model d\u2019ensenyament i aprenentatge amb un enfocament competencial. 2. Avaluar els aprenentatges competencials [&hellip;]<\/p>\n","protected":false},"author":1,"featured_media":0,"parent":416,"menu_order":70,"comment_status":"closed","ping_status":"closed","template":"page-templates\/side-menu.php","meta":{"_bbp_topic_count":0,"_bbp_reply_count":0,"_bbp_total_topic_count":0,"_bbp_total_reply_count":0,"_bbp_voice_count":0,"_bbp_anonymous_reply_count":0,"_bbp_topic_count_hidden":0,"_bbp_reply_count_hidden":0,"_bbp_forum_subforum_count":0,"site-sidebar-layout":"default","site-content-layout":"","ast-site-content-layout":"","site-content-style":"default","site-sidebar-style":"default","ast-global-header-display":"","ast-banner-title-visibility":"","ast-main-header-display":"","ast-hfb-above-header-display":"","ast-hfb-below-header-display":"","ast-hfb-mobile-header-display":"","site-post-title":"","ast-breadcrumbs-content":"","ast-featured-img":"","footer-sml-layout":"","theme-transparent-header-meta":"","adv-header-id-meta":"","stick-header-meta":"","header-above-stick-meta":"","header-main-stick-meta":"","header-below-stick-meta":"","astra-migrate-meta-layouts":"default","ast-page-background-enabled":"default","ast-page-background-meta":{"desktop":{"background-color":"var(--ast-global-color-4)","background-image":"","background-repeat":"repeat","background-position":"center center","background-size":"auto","background-attachment":"scroll","background-type":"","background-media":"","overlay-type":"","overlay-color":"","overlay-opacity":"","overlay-gradient":""},"tablet":{"background-color":"","background-image":"","background-repeat":"repeat","background-position":"center center","background-size":"auto","background-attachment":"scroll","background-type":"","background-media":"","overlay-type":"","overlay-color":"","overlay-opacity":"","overlay-gradient":""},"mobile":{"background-color":"","background-image":"","background-repeat":"repeat","background-position":"center center","background-size":"auto","background-attachment":"scroll","background-type":"","background-media":"","overlay-type":"","overlay-color":"","overlay-opacity":"","overlay-gradient":""}},"ast-content-background-meta":{"desktop":{"background-color":"var(--ast-global-color-5)","background-image":"","background-repeat":"repeat","background-position":"center center","background-size":"auto","background-attachment":"scroll","background-type":"","background-media":"","overlay-type":"","overlay-color":"","overlay-opacity":"","overlay-gradient":""},"tablet":{"background-color":"var(--ast-global-color-5)","background-image":"","background-repeat":"repeat","background-position":"center center","background-size":"auto","background-attachment":"scroll","background-type":"","background-media":"","overlay-type":"","overlay-color":"","overlay-opacity":"","overlay-gradient":""},"mobile":{"background-color":"var(--ast-global-color-5)","background-image":"","background-repeat":"repeat","background-position":"center center","background-size":"auto","background-attachment":"scroll","background-type":"","background-media":"","overlay-type":"","overlay-color":"","overlay-opacity":"","overlay-gradient":""}},"footnotes":""},"class_list":["post-426","page","type-page","status-publish","hentry"],"post_mailing_queue_ids":[],"_links":{"self":[{"href":"https:\/\/serveiseducatius.xtec.cat\/conca\/wp-json\/wp\/v2\/pages\/426","targetHints":{"allow":["GET"]}}],"collection":[{"href":"https:\/\/serveiseducatius.xtec.cat\/conca\/wp-json\/wp\/v2\/pages"}],"about":[{"href":"https:\/\/serveiseducatius.xtec.cat\/conca\/wp-json\/wp\/v2\/types\/page"}],"author":[{"embeddable":true,"href":"https:\/\/serveiseducatius.xtec.cat\/conca\/wp-json\/wp\/v2\/users\/1"}],"replies":[{"embeddable":true,"href":"https:\/\/serveiseducatius.xtec.cat\/conca\/wp-json\/wp\/v2\/comments?post=426"}],"version-history":[{"count":6,"href":"https:\/\/serveiseducatius.xtec.cat\/conca\/wp-json\/wp\/v2\/pages\/426\/revisions"}],"predecessor-version":[{"id":13913,"href":"https:\/\/serveiseducatius.xtec.cat\/conca\/wp-json\/wp\/v2\/pages\/426\/revisions\/13913"}],"up":[{"embeddable":true,"href":"https:\/\/serveiseducatius.xtec.cat\/conca\/wp-json\/wp\/v2\/pages\/416"}],"wp:attachment":[{"href":"https:\/\/serveiseducatius.xtec.cat\/conca\/wp-json\/wp\/v2\/media?parent=426"}],"curies":[{"name":"wp","href":"https:\/\/api.w.org\/{rel}","templated":true}]}}