{"id":1314,"date":"2016-03-15T10:23:40","date_gmt":"2016-03-15T09:23:40","guid":{"rendered":"http:\/\/serveiseducatius.xtec.cat\/conca\/?page_id=1314"},"modified":"2025-09-10T13:03:31","modified_gmt":"2025-09-10T11:03:31","slug":"calendari-pfz","status":"publish","type":"page","link":"https:\/\/serveiseducatius.xtec.cat\/conca\/formacio\/calendari-pfz\/","title":{"rendered":"Calendari PFZ"},"content":{"rendered":"<p>&nbsp;<\/p>\n<h4>Calendari 2025\/2026<\/h4>\n<table class=\"table\" style=\"height: 217px;\">\n<tbody>\n<tr style=\"height: 31px;\">\n<td style=\"height: 31px;\"><b>Proc\u00e9s<\/b><\/td>\n<td style=\"height: 31px;\"><b>Inici<\/b><\/td>\n<td style=\"height: 31px;\"><b>Fi<\/b><\/td>\n<\/tr>\n<tr style=\"height: 31px;\">\n<td style=\"height: 31px;\">Detecci\u00f3 de necessitats<\/td>\n<td style=\"height: 31px;\">\u00a0abril 2025<\/td>\n<td style=\"height: 31px;\"><\/td>\n<\/tr>\n<tr style=\"height: 31px;\">\n<td style=\"height: 31px;\">Vist-i-plau de la Inspecci\u00f3\u00a0a les activitats demanades en la modalitat de <i>Formaci\u00f3 a centre<\/i><\/td>\n<td style=\"height: 31px;\"><\/td>\n<td style=\"height: 31px;\"><\/td>\n<\/tr>\n<tr style=\"height: 31px;\">\n<td style=\"height: 31px;\">Comissi\u00f3 PFZ de la Conca de Barber\u00e0:\u00a0Valoraci\u00f3 i aprovaci\u00f3\u00a0de les demandes rebudes.<\/td>\n<td style=\"height: 31px;\"><\/td>\n<td style=\"height: 31px;\">27\/05\/2025<\/td>\n<\/tr>\n<tr style=\"height: 31px;\">\n<td style=\"height: 31px;\">Aprovaci\u00f3\u00a0de la proposta global pel Comit\u00e8 de Formaci\u00f3 del Departament<\/td>\n<td style=\"height: 31px; text-align: center;\"><\/td>\n<td style=\"height: 31px;\">15\/07\/2025<\/td>\n<\/tr>\n<tr style=\"height: 31px;\">\n<td style=\"height: 31px;\">Publicaci\u00f3\u00a0de les activitats aprovades<\/td>\n<td style=\"height: 31px;\">\u00a0juliol\/agost<\/td>\n<td style=\"height: 31px;\"><\/td>\n<\/tr>\n<tr style=\"height: 31px;\">\n<td style=\"height: 31px;\">Inscripci\u00f3\u00a0del professorat a les activitats<\/td>\n<td style=\"height: 31px;\">5\/09\/2025<\/td>\n<td style=\"height: 31px;\">\u00a021\/09\/2025<\/td>\n<\/tr>\n<\/tbody>\n<\/table>\n<p><strong><br \/>\nInscripcions<\/strong><\/p>\n<table class=\"table\" style=\"width: 61.7284%;\">\n<tbody>\n<tr>\n<td style=\"width: 19.3765%;\"><strong>Per\u00edodes d&#8217;inscripci\u00f3<\/strong><\/td>\n<td style=\"width: 26.8021%;\"><strong>Sol\u00b7licitud de pla\u00e7a<\/strong><\/td>\n<td style=\"width: 22.5411%;\"><strong>Consulta d\u2019adjudicacions<\/strong><\/td>\n<td style=\"width: 49.0903%;\"><strong>Inici de les activitats<\/strong><\/td>\n<\/tr>\n<tr>\n<td style=\"width: 19.3765%;\">Primer torn<\/td>\n<td style=\"width: 26.8021%;\">del 5 al 21 de setembre de 2025<\/td>\n<td style=\"width: 22.5411%;\">7 d\u2019octubre<\/td>\n<td style=\"width: 49.0903%;\">a partir del 13 d&#8217;octubre de 2025<\/td>\n<\/tr>\n<tr>\n<td style=\"width: 19.3765%;\">Segon torn<\/td>\n<td style=\"width: 26.8021%;\">del 7 al 15 de gener de 2026<\/td>\n<td style=\"width: 22.5411%;\">30 de gener<\/td>\n<td style=\"width: 49.0903%;\">a partir del 5 febrer de 2026<\/td>\n<\/tr>\n<tr>\n<td style=\"width: 19.3765%;\">Formaci\u00f3 d&#8217;estiu<\/td>\n<td style=\"width: 26.8021%;\">del 14 al 28 de maig de 2026<\/td>\n<td style=\"width: 22.5411%;\">16 de juny<\/td>\n<td style=\"width: 49.0903%;\">a partir de l&#8217;1 de juliol de 2026<\/td>\n<\/tr>\n<\/tbody>\n<\/table>\n","protected":false},"excerpt":{"rendered":"<p>&nbsp; Calendari 2025\/2026 Proc\u00e9s Inici Fi Detecci\u00f3 de necessitats \u00a0abril 2025 Vist-i-plau de la Inspecci\u00f3\u00a0a les activitats demanades en la modalitat de Formaci\u00f3 a centre Comissi\u00f3 PFZ de la Conca de Barber\u00e0:\u00a0Valoraci\u00f3 i aprovaci\u00f3\u00a0de les demandes rebudes. 27\/05\/2025 Aprovaci\u00f3\u00a0de la proposta global pel Comit\u00e8 de Formaci\u00f3 del Departament 15\/07\/2025 Publicaci\u00f3\u00a0de les activitats aprovades \u00a0juliol\/agost Inscripci\u00f3\u00a0del [&hellip;]<\/p>\n","protected":false},"author":1,"featured_media":0,"parent":416,"menu_order":0,"comment_status":"closed","ping_status":"closed","template":"","meta":{"_bbp_topic_count":0,"_bbp_reply_count":0,"_bbp_total_topic_count":0,"_bbp_total_reply_count":0,"_bbp_voice_count":0,"_bbp_anonymous_reply_count":0,"_bbp_topic_count_hidden":0,"_bbp_reply_count_hidden":0,"_bbp_forum_subforum_count":0,"site-sidebar-layout":"default","site-content-layout":"","ast-site-content-layout":"","site-content-style":"default","site-sidebar-style":"default","ast-global-header-display":"","ast-banner-title-visibility":"","ast-main-header-display":"","ast-hfb-above-header-display":"","ast-hfb-below-header-display":"","ast-hfb-mobile-header-display":"","site-post-title":"","ast-breadcrumbs-content":"","ast-featured-img":"","footer-sml-layout":"","theme-transparent-header-meta":"","adv-header-id-meta":"","stick-header-meta":"","header-above-stick-meta":"","header-main-stick-meta":"","header-below-stick-meta":"","astra-migrate-meta-layouts":"default","ast-page-background-enabled":"default","ast-page-background-meta":{"desktop":{"background-color":"var(--ast-global-color-4)","background-image":"","background-repeat":"repeat","background-position":"center center","background-size":"auto","background-attachment":"scroll","background-type":"","background-media":"","overlay-type":"","overlay-color":"","overlay-opacity":"","overlay-gradient":""},"tablet":{"background-color":"","background-image":"","background-repeat":"repeat","background-position":"center center","background-size":"auto","background-attachment":"scroll","background-type":"","background-media":"","overlay-type":"","overlay-color":"","overlay-opacity":"","overlay-gradient":""},"mobile":{"background-color":"","background-image":"","background-repeat":"repeat","background-position":"center center","background-size":"auto","background-attachment":"scroll","background-type":"","background-media":"","overlay-type":"","overlay-color":"","overlay-opacity":"","overlay-gradient":""}},"ast-content-background-meta":{"desktop":{"background-color":"var(--ast-global-color-5)","background-image":"","background-repeat":"repeat","background-position":"center center","background-size":"auto","background-attachment":"scroll","background-type":"","background-media":"","overlay-type":"","overlay-color":"","overlay-opacity":"","overlay-gradient":""},"tablet":{"background-color":"var(--ast-global-color-5)","background-image":"","background-repeat":"repeat","background-position":"center center","background-size":"auto","background-attachment":"scroll","background-type":"","background-media":"","overlay-type":"","overlay-color":"","overlay-opacity":"","overlay-gradient":""},"mobile":{"background-color":"var(--ast-global-color-5)","background-image":"","background-repeat":"repeat","background-position":"center center","background-size":"auto","background-attachment":"scroll","background-type":"","background-media":"","overlay-type":"","overlay-color":"","overlay-opacity":"","overlay-gradient":""}},"footnotes":""},"class_list":["post-1314","page","type-page","status-publish","hentry"],"post_mailing_queue_ids":[],"_links":{"self":[{"href":"https:\/\/serveiseducatius.xtec.cat\/conca\/wp-json\/wp\/v2\/pages\/1314","targetHints":{"allow":["GET"]}}],"collection":[{"href":"https:\/\/serveiseducatius.xtec.cat\/conca\/wp-json\/wp\/v2\/pages"}],"about":[{"href":"https:\/\/serveiseducatius.xtec.cat\/conca\/wp-json\/wp\/v2\/types\/page"}],"author":[{"embeddable":true,"href":"https:\/\/serveiseducatius.xtec.cat\/conca\/wp-json\/wp\/v2\/users\/1"}],"replies":[{"embeddable":true,"href":"https:\/\/serveiseducatius.xtec.cat\/conca\/wp-json\/wp\/v2\/comments?post=1314"}],"version-history":[{"count":6,"href":"https:\/\/serveiseducatius.xtec.cat\/conca\/wp-json\/wp\/v2\/pages\/1314\/revisions"}],"predecessor-version":[{"id":14448,"href":"https:\/\/serveiseducatius.xtec.cat\/conca\/wp-json\/wp\/v2\/pages\/1314\/revisions\/14448"}],"up":[{"embeddable":true,"href":"https:\/\/serveiseducatius.xtec.cat\/conca\/wp-json\/wp\/v2\/pages\/416"}],"wp:attachment":[{"href":"https:\/\/serveiseducatius.xtec.cat\/conca\/wp-json\/wp\/v2\/media?parent=1314"}],"curies":[{"name":"wp","href":"https:\/\/api.w.org\/{rel}","templated":true}]}}