{"id":9379,"date":"2020-07-05T19:37:20","date_gmt":"2020-07-05T17:37:20","guid":{"rendered":"https:\/\/serveiseducatius.xtec.cat\/ciutatvella\/?page_id=9379"},"modified":"2020-07-05T19:42:39","modified_gmt":"2020-07-05T17:42:39","slug":"mt4-maleta-coeducacio","status":"publish","type":"page","link":"https:\/\/serveiseducatius.xtec.cat\/ciutatvella\/mt4-maleta-coeducacio\/","title":{"rendered":"MT4. Maleta Coeducaci\u00f3"},"content":{"rendered":"<p>MALETES COEDUCACI\u00d3<\/p>\n<table width=\"877\">\n<tbody>\n<tr>\n<td><strong>NOM<\/strong><\/td>\n<td><strong>ETAPA\u00a0<\/strong><\/td>\n<\/tr>\n<tr>\n<td><a href=\"https:\/\/drive.google.com\/file\/d\/1Kb4e2T2XY5i1THFMdzg1jh9C7Pxxx1-i\/view?usp=sharing\" target=\"_blank\" rel=\"noopener noreferrer\"><strong>Coeducaci\u00f3 Infantil<\/strong><\/a><\/td>\n<td>Educaci\u00f3 Infantil<\/td>\n<\/tr>\n<tr>\n<td><a href=\"https:\/\/drive.google.com\/file\/d\/1Mqn91Yq9P4Wsx2zHEHe-gQtRTfYsEIdR\/view?usp=sharing\" target=\"_blank\" rel=\"noopener noreferrer\"><strong>Coeducaci\u00f3 Prim\u00e0ria<\/strong><\/a><\/td>\n<td>Educaci\u00f3 Prim\u00e0ria<\/td>\n<\/tr>\n<tr>\n<td><a href=\"https:\/\/drive.google.com\/file\/d\/1P5qGI2gQ425D5L0mmiuX8KXPGx_aFNV7\/view?usp=sharing\" target=\"_blank\" rel=\"noopener noreferrer\"><strong>Coeducaci\u00f3 Secund\u00e0ria<\/strong><\/a><\/td>\n<td>Educaci\u00f3 Secund\u00e0ria<\/td>\n<\/tr>\n<tr>\n<td><strong><a href=\"https:\/\/drive.google.com\/file\/d\/1RcraOdHiOsvrLq1X-1dG8cc-It5wEzdO\/view?usp=sharing\" target=\"_blank\" rel=\"noopener noreferrer\">Contes per pensar<\/a><\/strong><\/td>\n<td><\/td>\n<\/tr>\n<tr>\n<td><a href=\"https:\/\/drive.google.com\/file\/d\/1P5qGI2gQ425D5L0mmiuX8KXPGx_aFNV7\/view?usp=sharing\" target=\"_blank\" rel=\"noopener noreferrer\"><strong>Cient\u00edfiques<\/strong><\/a><\/td>\n<td>Educaci\u00f3 Infantil, Prim\u00e0ria i Secund\u00e0ria<\/td>\n<\/tr>\n<tr>\n<td><a href=\"https:\/\/drive.google.com\/file\/d\/1HlPvnvsI-p5X0QGFSAFSDMF9IBUQvGUF\/view?usp=sharing\" target=\"_blank\" rel=\"noopener noreferrer\"><strong>Vet aqu\u00ed una vegada<\/strong><\/a><\/td>\n<td>Educaci\u00f3 Infantil, Prim\u00e0ria<\/td>\n<\/tr>\n<tr>\n<td><a href=\"https:\/\/drive.google.com\/file\/d\/1KKSrUnfXBDrSm4HBKJmLhHcjnXWw6_FE\/view?usp=sharing\" target=\"_blank\" rel=\"noopener noreferrer\"><strong>Jocs de taula i m\u00e9s<\/strong><\/a><\/td>\n<td>Educaci\u00f3 Infantil, Prim\u00e0ria i Secund\u00e0ria<\/td>\n<\/tr>\n<\/tbody>\n<\/table>\n","protected":false},"excerpt":{"rendered":"<p>MALETES COEDUCACI\u00d3 NOM ETAPA\u00a0 Coeducaci\u00f3 Infantil Educaci\u00f3 Infantil Coeducaci\u00f3 Prim\u00e0ria Educaci\u00f3 Prim\u00e0ria Coeducaci\u00f3 Secund\u00e0ria Educaci\u00f3 Secund\u00e0ria Contes per pensar Cient\u00edfiques Educaci\u00f3 Infantil, Prim\u00e0ria i Secund\u00e0ria Vet aqu\u00ed una vegada Educaci\u00f3 Infantil, Prim\u00e0ria Jocs de taula i m\u00e9s Educaci\u00f3 Infantil, Prim\u00e0ria i Secund\u00e0ria<\/p>\n","protected":false},"author":1,"featured_media":0,"parent":0,"menu_order":0,"comment_status":"closed","ping_status":"closed","template":"","meta":{"_bbp_topic_count":0,"_bbp_reply_count":0,"_bbp_total_topic_count":0,"_bbp_total_reply_count":0,"_bbp_voice_count":0,"_bbp_anonymous_reply_count":0,"_bbp_topic_count_hidden":0,"_bbp_reply_count_hidden":0,"_bbp_forum_subforum_count":0,"site-sidebar-layout":"default","site-content-layout":"","ast-site-content-layout":"","site-content-style":"default","site-sidebar-style":"default","ast-global-header-display":"","ast-banner-title-visibility":"","ast-main-header-display":"","ast-hfb-above-header-display":"","ast-hfb-below-header-display":"","ast-hfb-mobile-header-display":"","site-post-title":"","ast-breadcrumbs-content":"","ast-featured-img":"","footer-sml-layout":"","theme-transparent-header-meta":"","adv-header-id-meta":"","stick-header-meta":"","header-above-stick-meta":"","header-main-stick-meta":"","header-below-stick-meta":"","astra-migrate-meta-layouts":"default","ast-page-background-enabled":"default","ast-page-background-meta":{"desktop":{"background-color":"var(--ast-global-color-4)","background-image":"","background-repeat":"repeat","background-position":"center center","background-size":"auto","background-attachment":"scroll","background-type":"","background-media":"","overlay-type":"","overlay-color":"","overlay-opacity":"","overlay-gradient":""},"tablet":{"background-color":"","background-image":"","background-repeat":"repeat","background-position":"center center","background-size":"auto","background-attachment":"scroll","background-type":"","background-media":"","overlay-type":"","overlay-color":"","overlay-opacity":"","overlay-gradient":""},"mobile":{"background-color":"","background-image":"","background-repeat":"repeat","background-position":"center center","background-size":"auto","background-attachment":"scroll","background-type":"","background-media":"","overlay-type":"","overlay-color":"","overlay-opacity":"","overlay-gradient":""}},"ast-content-background-meta":{"desktop":{"background-color":"var(--ast-global-color-5)","background-image":"","background-repeat":"repeat","background-position":"center center","background-size":"auto","background-attachment":"scroll","background-type":"","background-media":"","overlay-type":"","overlay-color":"","overlay-opacity":"","overlay-gradient":""},"tablet":{"background-color":"var(--ast-global-color-5)","background-image":"","background-repeat":"repeat","background-position":"center center","background-size":"auto","background-attachment":"scroll","background-type":"","background-media":"","overlay-type":"","overlay-color":"","overlay-opacity":"","overlay-gradient":""},"mobile":{"background-color":"var(--ast-global-color-5)","background-image":"","background-repeat":"repeat","background-position":"center center","background-size":"auto","background-attachment":"scroll","background-type":"","background-media":"","overlay-type":"","overlay-color":"","overlay-opacity":"","overlay-gradient":""}},"footnotes":""},"class_list":["post-9379","page","type-page","status-publish","hentry"],"post_mailing_queue_ids":[],"_links":{"self":[{"href":"https:\/\/serveiseducatius.xtec.cat\/ciutatvella\/wp-json\/wp\/v2\/pages\/9379","targetHints":{"allow":["GET"]}}],"collection":[{"href":"https:\/\/serveiseducatius.xtec.cat\/ciutatvella\/wp-json\/wp\/v2\/pages"}],"about":[{"href":"https:\/\/serveiseducatius.xtec.cat\/ciutatvella\/wp-json\/wp\/v2\/types\/page"}],"author":[{"embeddable":true,"href":"https:\/\/serveiseducatius.xtec.cat\/ciutatvella\/wp-json\/wp\/v2\/users\/1"}],"replies":[{"embeddable":true,"href":"https:\/\/serveiseducatius.xtec.cat\/ciutatvella\/wp-json\/wp\/v2\/comments?post=9379"}],"version-history":[{"count":3,"href":"https:\/\/serveiseducatius.xtec.cat\/ciutatvella\/wp-json\/wp\/v2\/pages\/9379\/revisions"}],"predecessor-version":[{"id":9384,"href":"https:\/\/serveiseducatius.xtec.cat\/ciutatvella\/wp-json\/wp\/v2\/pages\/9379\/revisions\/9384"}],"wp:attachment":[{"href":"https:\/\/serveiseducatius.xtec.cat\/ciutatvella\/wp-json\/wp\/v2\/media?parent=9379"}],"curies":[{"name":"wp","href":"https:\/\/api.w.org\/{rel}","templated":true}]}}