{"id":9174,"date":"2020-01-10T11:58:35","date_gmt":"2020-01-10T10:58:35","guid":{"rendered":"https:\/\/serveiseducatius.xtec.cat\/ciutatvella\/?page_id=9174"},"modified":"2021-11-30T13:08:17","modified_gmt":"2021-11-30T12:08:17","slug":"mar-de-jocs","status":"publish","type":"page","link":"https:\/\/serveiseducatius.xtec.cat\/ciutatvella\/mar-de-jocs\/","title":{"rendered":"Mar de Jocs"},"content":{"rendered":"<p>Des de ja fa molts anys, quan arriba el bon temps aprofitem el regal de tenir el nostre districte en contacte amb el mar i organitzem l&#8217;activitat Mar de Jocs des del seminari d&#8217;educaci\u00f3 f\u00edsica de la zona.<\/p>\n<p>\u00c9s un goig poder veure com l&#8217;alumnat del cicle inicial de les escoles de Ciutat Vella juga, gaudeix i apr\u00e8n conjuntament!<\/p>\n<p>Els principals objectius d&#8217;aquesta activitat s\u00f3n:<\/p>\n<p><span style=\"font-weight: 400;\">Adre\u00e7ats a:<\/span><\/p>\n<p><b><i>Alumnat de Ciutat Vella<\/i><\/b><\/p>\n<ul>\n<li style=\"font-weight: 400;\" aria-level=\"1\"><span style=\"font-weight: 400;\">Donar a con\u00e8ixer tot un ventall de jocs de platja que, al mateix temps, ens permetin treballar les habilitats i destreses b\u00e0siques.<\/span><\/li>\n<li style=\"font-weight: 400;\" aria-level=\"1\"><span style=\"font-weight: 400;\">Afavorir\u00a0 les relacions personals entre els nens i nenes dels centres participants.<\/span><\/li>\n<li style=\"font-weight: 400;\" aria-level=\"1\"><span style=\"font-weight: 400;\">Fomentar d\u2019inter\u00e8s i el respecte per l\u2019entorn en el qual es desenvolupa la jornada l\u00fadica, aix\u00ed com per les instal\u00b7lacions i el material utilitzat.<\/span><\/li>\n<li style=\"font-weight: 400;\" aria-level=\"1\"><span style=\"font-weight: 400;\">Acceptar les normes establertes per a cada joc i complir-les.<\/span><\/li>\n<li style=\"font-weight: 400;\" aria-level=\"1\"><span style=\"font-weight: 400;\">Impulsar una actitud favorable vers el joc, no solament com un mitj\u00e0, sin\u00f3 tamb\u00e9 com un fi en ell mateix. Jugar pel plaer de jugar.<\/span><\/li>\n<li style=\"font-weight: 400;\" aria-level=\"1\"><span style=\"font-weight: 400;\">Donar a con\u00e8ixer i aprofitar els espais p\u00fablics de Ciutat Vella a les escoles per a la pr\u00e0ctica de l\u2019activitat f\u00edsica, aix\u00ed com fomentar un major respecte i \u00fas d\u2019aquests, i per les persones que els freq\u00fcenten mentre es realitza l\u2019activitat.<\/span><\/li>\n<\/ul>\n<ol>\n<li style=\"font-weight: 400;\" aria-level=\"1\"><b><i>Professorat de l\u2019\u00e0rea d\u2019Educaci\u00f3 F\u00edsica<\/i><\/b><\/li>\n<\/ol>\n<ul>\n<li style=\"font-weight: 400;\" aria-level=\"1\"><span style=\"font-weight: 400;\">Col\u00b7laborar amb la resta de professorat de la zona en l\u2019elaboraci\u00f3 d\u2019accions conjuntes, aix\u00ed com en la creaci\u00f3 d\u2019espais de debat entorn de l\u2019Educaci\u00f3 F\u00edsica en el Districte de Ciutat Vella.<\/span><\/li>\n<li style=\"font-weight: 400;\" aria-level=\"1\"><span style=\"font-weight: 400;\">Fomentar el treball interdisciplinari entre diferents \u00e0rees i professorat.<\/span><\/li>\n<li style=\"font-weight: 400;\" aria-level=\"1\"><span style=\"font-weight: 400;\">Donar a con\u00e8ixer a les fam\u00edlies el treball que es realitza en l\u2019\u00e0rea\u00a0 d\u2019Educaci\u00f3 F\u00edsica per una major col\u00b7laboraci\u00f3.<\/span><\/li>\n<li style=\"font-weight: 400;\" aria-level=\"1\"><span style=\"font-weight: 400;\">Intentar donar noves estrat\u00e8gies de treball a les escoles on la manca d\u2019instal\u00b7lacions adequades, recursos i espais oberts \u00e9s una caracter\u00edstica comuna.<\/span><\/li>\n<\/ul>\n<p><a href=\"https:\/\/serveiseducatius.xtec.cat\/ciutatvella\/wp-content\/uploads\/usu1173\/2021\/11\/IMG_20180613_104252.jpg\"><img loading=\"lazy\" decoding=\"async\" class=\"size-large wp-image-9869\" src=\"https:\/\/serveiseducatius.xtec.cat\/ciutatvella\/wp-content\/uploads\/usu1173\/2021\/11\/IMG_20180613_104252-1024x1024.jpg\" alt=\"\" width=\"1024\" height=\"1024\" srcset=\"https:\/\/serveiseducatius.xtec.cat\/ciutatvella\/wp-content\/uploads\/usu1173\/2021\/11\/IMG_20180613_104252.jpg 1024w, https:\/\/serveiseducatius.xtec.cat\/ciutatvella\/wp-content\/uploads\/usu1173\/2021\/11\/IMG_20180613_104252-300x300.jpg 300w, https:\/\/serveiseducatius.xtec.cat\/ciutatvella\/wp-content\/uploads\/usu1173\/2021\/11\/IMG_20180613_104252-150x150.jpg 150w, https:\/\/serveiseducatius.xtec.cat\/ciutatvella\/wp-content\/uploads\/usu1173\/2021\/11\/IMG_20180613_104252-768x768.jpg 768w\" sizes=\"auto, (max-width: 1024px) 100vw, 1024px\" \/><\/a><\/p>\n<figure id=\"attachment_9868\" aria-describedby=\"caption-attachment-9868\" style=\"width: 1024px\" class=\"wp-caption alignnone\"><a href=\"https:\/\/serveiseducatius.xtec.cat\/ciutatvella\/wp-content\/uploads\/usu1173\/2021\/11\/IMG_20180613_104258.jpg\"><img loading=\"lazy\" decoding=\"async\" class=\"size-large wp-image-9868\" src=\"https:\/\/serveiseducatius.xtec.cat\/ciutatvella\/wp-content\/uploads\/usu1173\/2021\/11\/IMG_20180613_104258-1024x1024.jpg\" alt=\"\" width=\"1024\" height=\"1024\" srcset=\"https:\/\/serveiseducatius.xtec.cat\/ciutatvella\/wp-content\/uploads\/usu1173\/2021\/11\/IMG_20180613_104258.jpg 1024w, https:\/\/serveiseducatius.xtec.cat\/ciutatvella\/wp-content\/uploads\/usu1173\/2021\/11\/IMG_20180613_104258-300x300.jpg 300w, https:\/\/serveiseducatius.xtec.cat\/ciutatvella\/wp-content\/uploads\/usu1173\/2021\/11\/IMG_20180613_104258-150x150.jpg 150w, https:\/\/serveiseducatius.xtec.cat\/ciutatvella\/wp-content\/uploads\/usu1173\/2021\/11\/IMG_20180613_104258-768x768.jpg 768w\" sizes=\"auto, (max-width: 1024px) 100vw, 1024px\" \/><\/a><figcaption id=\"caption-attachment-9868\" class=\"wp-caption-text\">dav<\/figcaption><\/figure>\n<p>&nbsp;<\/p>\n","protected":false},"excerpt":{"rendered":"<p>Des de ja fa molts anys, quan arriba el bon temps aprofitem el regal de tenir el nostre districte en contacte amb el mar i organitzem l&#8217;activitat Mar de Jocs des del seminari d&#8217;educaci\u00f3 f\u00edsica de la zona. \u00c9s un goig poder veure com l&#8217;alumnat del cicle inicial de les escoles de Ciutat Vella juga, [&hellip;]<\/p>\n","protected":false},"author":1,"featured_media":0,"parent":0,"menu_order":0,"comment_status":"closed","ping_status":"closed","template":"","meta":{"_bbp_topic_count":0,"_bbp_reply_count":0,"_bbp_total_topic_count":0,"_bbp_total_reply_count":0,"_bbp_voice_count":0,"_bbp_anonymous_reply_count":0,"_bbp_topic_count_hidden":0,"_bbp_reply_count_hidden":0,"_bbp_forum_subforum_count":0,"site-sidebar-layout":"default","site-content-layout":"","ast-site-content-layout":"","site-content-style":"default","site-sidebar-style":"default","ast-global-header-display":"","ast-banner-title-visibility":"","ast-main-header-display":"","ast-hfb-above-header-display":"","ast-hfb-below-header-display":"","ast-hfb-mobile-header-display":"","site-post-title":"","ast-breadcrumbs-content":"","ast-featured-img":"","footer-sml-layout":"","theme-transparent-header-meta":"","adv-header-id-meta":"","stick-header-meta":"","header-above-stick-meta":"","header-main-stick-meta":"","header-below-stick-meta":"","astra-migrate-meta-layouts":"default","ast-page-background-enabled":"default","ast-page-background-meta":{"desktop":{"background-color":"var(--ast-global-color-4)","background-image":"","background-repeat":"repeat","background-position":"center center","background-size":"auto","background-attachment":"scroll","background-type":"","background-media":"","overlay-type":"","overlay-color":"","overlay-opacity":"","overlay-gradient":""},"tablet":{"background-color":"","background-image":"","background-repeat":"repeat","background-position":"center center","background-size":"auto","background-attachment":"scroll","background-type":"","background-media":"","overlay-type":"","overlay-color":"","overlay-opacity":"","overlay-gradient":""},"mobile":{"background-color":"","background-image":"","background-repeat":"repeat","background-position":"center center","background-size":"auto","background-attachment":"scroll","background-type":"","background-media":"","overlay-type":"","overlay-color":"","overlay-opacity":"","overlay-gradient":""}},"ast-content-background-meta":{"desktop":{"background-color":"var(--ast-global-color-5)","background-image":"","background-repeat":"repeat","background-position":"center center","background-size":"auto","background-attachment":"scroll","background-type":"","background-media":"","overlay-type":"","overlay-color":"","overlay-opacity":"","overlay-gradient":""},"tablet":{"background-color":"var(--ast-global-color-5)","background-image":"","background-repeat":"repeat","background-position":"center center","background-size":"auto","background-attachment":"scroll","background-type":"","background-media":"","overlay-type":"","overlay-color":"","overlay-opacity":"","overlay-gradient":""},"mobile":{"background-color":"var(--ast-global-color-5)","background-image":"","background-repeat":"repeat","background-position":"center center","background-size":"auto","background-attachment":"scroll","background-type":"","background-media":"","overlay-type":"","overlay-color":"","overlay-opacity":"","overlay-gradient":""}},"footnotes":""},"class_list":["post-9174","page","type-page","status-publish","hentry"],"post_mailing_queue_ids":[],"_links":{"self":[{"href":"https:\/\/serveiseducatius.xtec.cat\/ciutatvella\/wp-json\/wp\/v2\/pages\/9174","targetHints":{"allow":["GET"]}}],"collection":[{"href":"https:\/\/serveiseducatius.xtec.cat\/ciutatvella\/wp-json\/wp\/v2\/pages"}],"about":[{"href":"https:\/\/serveiseducatius.xtec.cat\/ciutatvella\/wp-json\/wp\/v2\/types\/page"}],"author":[{"embeddable":true,"href":"https:\/\/serveiseducatius.xtec.cat\/ciutatvella\/wp-json\/wp\/v2\/users\/1"}],"replies":[{"embeddable":true,"href":"https:\/\/serveiseducatius.xtec.cat\/ciutatvella\/wp-json\/wp\/v2\/comments?post=9174"}],"version-history":[{"count":3,"href":"https:\/\/serveiseducatius.xtec.cat\/ciutatvella\/wp-json\/wp\/v2\/pages\/9174\/revisions"}],"predecessor-version":[{"id":9870,"href":"https:\/\/serveiseducatius.xtec.cat\/ciutatvella\/wp-json\/wp\/v2\/pages\/9174\/revisions\/9870"}],"wp:attachment":[{"href":"https:\/\/serveiseducatius.xtec.cat\/ciutatvella\/wp-json\/wp\/v2\/media?parent=9174"}],"curies":[{"name":"wp","href":"https:\/\/api.w.org\/{rel}","templated":true}]}}