{"id":8418,"date":"2019-01-18T12:20:55","date_gmt":"2019-01-18T11:20:55","guid":{"rendered":"https:\/\/serveiseducatius.xtec.cat\/ciutatvella\/?page_id=8418"},"modified":"2026-01-25T17:21:04","modified_gmt":"2026-01-25T16:21:04","slug":"ja-se-llegir","status":"publish","type":"page","link":"https:\/\/serveiseducatius.xtec.cat\/ciutatvella\/dinamitzacio\/ja-se-llegir\/","title":{"rendered":"Ja s\u00e9 llegir"},"content":{"rendered":"<p dir=\"ltr\" style=\"text-align: justify;\">El CRP del districte de Ciutat Vella proposa l&#8217;activitat de dinamitzaci\u00f3 <strong>&#8220;Ja s\u00e9 llegir&#8221;.\u00a0<\/strong>Es tracta d&#8217;una cerim\u00f2nia a mode de reconeixement p\u00fablic en la que\u00a0<span class=\"il\">se<\/span>\u00a0celebra l&#8217;adquisici\u00f3 de la compet\u00e8ncia lectora de l&#8217;alumnat,\u00a0que ha de\u00a0<span class=\"il\">llegir<\/span>\u00a0davant les fam\u00edlies i\/o alumnat de cursos inferiors.<\/p>\n<p dir=\"ltr\">Cal destacar que amb la realitzaci\u00f3 d&#8217;aquesta activitat sobre aprenentatge inicial de la lectura (en qu\u00e8 es treballen estrat\u00e8gies de comprensi\u00f3 i flu\u00efdesa) tamb\u00e9 es treballa el comportament protocol\u00b7lari, la cohesi\u00f3 grupal, etc\u2026 Alhora \u00e9s una oportunitat per fer una activitat compartida amb les fam\u00edlies, i posar en valor la lectura.<\/p>\n<p dir=\"ltr\">L&#8217;activitat, que t\u00e9 una llarga traject\u00f2ria a altres districtes de Barcelona, va dirigida principalment a alumnat de segon i tercer de prim\u00e0ria.<\/p>\n<p dir=\"ltr\">Aquest any participen els centres educatius:<\/p>\n<p dir=\"ltr\"><strong>Escola Castella<\/strong><\/p>\n<p dir=\"ltr\"><strong>Escola Mil\u00e0 i Fontanals<\/strong><\/p>\n<p dir=\"ltr\"><strong>Escola Cervantes<\/strong><\/p>\n<p dir=\"ltr\"><strong>IE Elisabets<\/strong><\/p>\n<p dir=\"ltr\">A continuaci\u00f3 teniu una infografia per explicar la din\u00e0mica:<\/p>\n<p dir=\"ltr\"><img loading=\"lazy\" decoding=\"async\" class=\"alignnone wp-image-11259 size-large\" src=\"https:\/\/serveiseducatius.xtec.cat\/ciutatvella\/wp-content\/uploads\/usu1173\/2024\/11\/JA-SE-LLEGIR-410x1024.jpg\" alt=\"\" width=\"410\" height=\"1024\" srcset=\"https:\/\/serveiseducatius.xtec.cat\/ciutatvella\/wp-content\/uploads\/usu1173\/2024\/11\/JA-SE-LLEGIR-410x1024.jpg 410w, https:\/\/serveiseducatius.xtec.cat\/ciutatvella\/wp-content\/uploads\/usu1173\/2024\/11\/JA-SE-LLEGIR-120x300.jpg 120w, https:\/\/serveiseducatius.xtec.cat\/ciutatvella\/wp-content\/uploads\/usu1173\/2024\/11\/JA-SE-LLEGIR-768x1920.jpg 768w, https:\/\/serveiseducatius.xtec.cat\/ciutatvella\/wp-content\/uploads\/usu1173\/2024\/11\/JA-SE-LLEGIR.jpg 800w\" sizes=\"auto, (max-width: 410px) 100vw, 410px\" \/><\/p>\n","protected":false},"excerpt":{"rendered":"<p>El CRP del districte de Ciutat Vella proposa l&#8217;activitat de dinamitzaci\u00f3 &#8220;Ja s\u00e9 llegir&#8221;.\u00a0Es tracta d&#8217;una cerim\u00f2nia a mode de reconeixement p\u00fablic en la que\u00a0se\u00a0celebra l&#8217;adquisici\u00f3 de la compet\u00e8ncia lectora de l&#8217;alumnat,\u00a0que ha de\u00a0llegir\u00a0davant les fam\u00edlies i\/o alumnat de cursos inferiors. Cal destacar que amb la realitzaci\u00f3 d&#8217;aquesta activitat sobre aprenentatge inicial de la lectura [&hellip;]<\/p>\n","protected":false},"author":1,"featured_media":0,"parent":8349,"menu_order":0,"comment_status":"closed","ping_status":"closed","template":"","meta":{"_bbp_topic_count":0,"_bbp_reply_count":0,"_bbp_total_topic_count":0,"_bbp_total_reply_count":0,"_bbp_voice_count":0,"_bbp_anonymous_reply_count":0,"_bbp_topic_count_hidden":0,"_bbp_reply_count_hidden":0,"_bbp_forum_subforum_count":0,"site-sidebar-layout":"default","site-content-layout":"","ast-site-content-layout":"default","site-content-style":"default","site-sidebar-style":"default","ast-global-header-display":"","ast-banner-title-visibility":"","ast-main-header-display":"","ast-hfb-above-header-display":"","ast-hfb-below-header-display":"","ast-hfb-mobile-header-display":"","site-post-title":"","ast-breadcrumbs-content":"","ast-featured-img":"","footer-sml-layout":"","theme-transparent-header-meta":"default","adv-header-id-meta":"","stick-header-meta":"","header-above-stick-meta":"","header-main-stick-meta":"","header-below-stick-meta":"","astra-migrate-meta-layouts":"set","ast-page-background-enabled":"default","ast-page-background-meta":{"desktop":{"background-color":"var(--ast-global-color-4)","background-image":"","background-repeat":"repeat","background-position":"center center","background-size":"auto","background-attachment":"scroll","background-type":"","background-media":"","overlay-type":"","overlay-color":"","overlay-opacity":"","overlay-gradient":""},"tablet":{"background-color":"","background-image":"","background-repeat":"repeat","background-position":"center center","background-size":"auto","background-attachment":"scroll","background-type":"","background-media":"","overlay-type":"","overlay-color":"","overlay-opacity":"","overlay-gradient":""},"mobile":{"background-color":"","background-image":"","background-repeat":"repeat","background-position":"center center","background-size":"auto","background-attachment":"scroll","background-type":"","background-media":"","overlay-type":"","overlay-color":"","overlay-opacity":"","overlay-gradient":""}},"ast-content-background-meta":{"desktop":{"background-color":"var(--ast-global-color-5)","background-image":"","background-repeat":"repeat","background-position":"center center","background-size":"auto","background-attachment":"scroll","background-type":"","background-media":"","overlay-type":"","overlay-color":"","overlay-opacity":"","overlay-gradient":""},"tablet":{"background-color":"var(--ast-global-color-5)","background-image":"","background-repeat":"repeat","background-position":"center center","background-size":"auto","background-attachment":"scroll","background-type":"","background-media":"","overlay-type":"","overlay-color":"","overlay-opacity":"","overlay-gradient":""},"mobile":{"background-color":"var(--ast-global-color-5)","background-image":"","background-repeat":"repeat","background-position":"center center","background-size":"auto","background-attachment":"scroll","background-type":"","background-media":"","overlay-type":"","overlay-color":"","overlay-opacity":"","overlay-gradient":""}},"footnotes":""},"class_list":["post-8418","page","type-page","status-publish","hentry"],"post_mailing_queue_ids":[],"_links":{"self":[{"href":"https:\/\/serveiseducatius.xtec.cat\/ciutatvella\/wp-json\/wp\/v2\/pages\/8418","targetHints":{"allow":["GET"]}}],"collection":[{"href":"https:\/\/serveiseducatius.xtec.cat\/ciutatvella\/wp-json\/wp\/v2\/pages"}],"about":[{"href":"https:\/\/serveiseducatius.xtec.cat\/ciutatvella\/wp-json\/wp\/v2\/types\/page"}],"author":[{"embeddable":true,"href":"https:\/\/serveiseducatius.xtec.cat\/ciutatvella\/wp-json\/wp\/v2\/users\/1"}],"replies":[{"embeddable":true,"href":"https:\/\/serveiseducatius.xtec.cat\/ciutatvella\/wp-json\/wp\/v2\/comments?post=8418"}],"version-history":[{"count":6,"href":"https:\/\/serveiseducatius.xtec.cat\/ciutatvella\/wp-json\/wp\/v2\/pages\/8418\/revisions"}],"predecessor-version":[{"id":11936,"href":"https:\/\/serveiseducatius.xtec.cat\/ciutatvella\/wp-json\/wp\/v2\/pages\/8418\/revisions\/11936"}],"up":[{"embeddable":true,"href":"https:\/\/serveiseducatius.xtec.cat\/ciutatvella\/wp-json\/wp\/v2\/pages\/8349"}],"wp:attachment":[{"href":"https:\/\/serveiseducatius.xtec.cat\/ciutatvella\/wp-json\/wp\/v2\/media?parent=8418"}],"curies":[{"name":"wp","href":"https:\/\/api.w.org\/{rel}","templated":true}]}}