{"id":8290,"date":"2018-12-17T09:55:37","date_gmt":"2018-12-17T08:55:37","guid":{"rendered":"https:\/\/serveiseducatius.xtec.cat\/ciutatvella\/?page_id=8290"},"modified":"2021-09-17T14:44:30","modified_gmt":"2021-09-17T12:44:30","slug":"prestec","status":"publish","type":"page","link":"https:\/\/serveiseducatius.xtec.cat\/ciutatvella\/prestec\/","title":{"rendered":"Pr\u00e9stec"},"content":{"rendered":"<p><span style=\"color: #ff0000;\">ATENCI\u00d3!<\/span><\/p>\n<p>Durant aquests propers dies s&#8217;est\u00e0 treballant en la creaci\u00f3 d&#8217;un nou aplicatiu de pr\u00e9stec que es posar\u00e0 en funcionament el m\u00e9s aviat possible.<\/p>\n<p>Per altra banda, el material en pr\u00e9stec est\u00e0 sent revisat per afavorir la qualitat d&#8217;\u00fas i la millora de la proposta did\u00e0ctica. Per aquesta ra\u00f3, si en sou coneixedors d&#8217;algun material del qual n&#8217;heu sol\u00b7licitat el pr\u00e9stec en cursos anteriors, podeu fer la consulta per si es troba ja en estat disponible.<\/p>\n<p>Mentrestant, des del web es retiren els materials fins que estiguin validats. Us farem coneixedors, a trav\u00e9s dels vostres centres, quan el proc\u00e9s hagi finalitzat.<\/p>\n<p>Mentrestant, per qualsevol reserva de maletes, feu un truc al Servei Educatiu (93 301 55 30) o envieu un correu a: eorteg23@xtec.cat<\/p>\n<p>Recordeu afegir al correu les seg\u00fcents dades:<\/p>\n<ul>\n<li>nom de la maleta<\/li>\n<li>les dades del centre<\/li>\n<li>la persona responsable<\/li>\n<li>les dates proposades<\/li>\n<\/ul>\n<p>&nbsp;<\/p>\n","protected":false},"excerpt":{"rendered":"<p>ATENCI\u00d3! Durant aquests propers dies s&#8217;est\u00e0 treballant en la creaci\u00f3 d&#8217;un nou aplicatiu de pr\u00e9stec que es posar\u00e0 en funcionament el m\u00e9s aviat possible. Per altra banda, el material en pr\u00e9stec est\u00e0 sent revisat per afavorir la qualitat d&#8217;\u00fas i la millora de la proposta did\u00e0ctica. Per aquesta ra\u00f3, si en sou coneixedors d&#8217;algun material [&hellip;]<\/p>\n","protected":false},"author":1,"featured_media":0,"parent":0,"menu_order":0,"comment_status":"closed","ping_status":"closed","template":"","meta":{"_bbp_topic_count":0,"_bbp_reply_count":0,"_bbp_total_topic_count":0,"_bbp_total_reply_count":0,"_bbp_voice_count":0,"_bbp_anonymous_reply_count":0,"_bbp_topic_count_hidden":0,"_bbp_reply_count_hidden":0,"_bbp_forum_subforum_count":0,"site-sidebar-layout":"default","site-content-layout":"","ast-site-content-layout":"","site-content-style":"default","site-sidebar-style":"default","ast-global-header-display":"","ast-banner-title-visibility":"","ast-main-header-display":"","ast-hfb-above-header-display":"","ast-hfb-below-header-display":"","ast-hfb-mobile-header-display":"","site-post-title":"","ast-breadcrumbs-content":"","ast-featured-img":"","footer-sml-layout":"","theme-transparent-header-meta":"","adv-header-id-meta":"","stick-header-meta":"","header-above-stick-meta":"","header-main-stick-meta":"","header-below-stick-meta":"","astra-migrate-meta-layouts":"default","ast-page-background-enabled":"default","ast-page-background-meta":{"desktop":{"background-color":"var(--ast-global-color-4)","background-image":"","background-repeat":"repeat","background-position":"center center","background-size":"auto","background-attachment":"scroll","background-type":"","background-media":"","overlay-type":"","overlay-color":"","overlay-opacity":"","overlay-gradient":""},"tablet":{"background-color":"","background-image":"","background-repeat":"repeat","background-position":"center center","background-size":"auto","background-attachment":"scroll","background-type":"","background-media":"","overlay-type":"","overlay-color":"","overlay-opacity":"","overlay-gradient":""},"mobile":{"background-color":"","background-image":"","background-repeat":"repeat","background-position":"center center","background-size":"auto","background-attachment":"scroll","background-type":"","background-media":"","overlay-type":"","overlay-color":"","overlay-opacity":"","overlay-gradient":""}},"ast-content-background-meta":{"desktop":{"background-color":"var(--ast-global-color-5)","background-image":"","background-repeat":"repeat","background-position":"center center","background-size":"auto","background-attachment":"scroll","background-type":"","background-media":"","overlay-type":"","overlay-color":"","overlay-opacity":"","overlay-gradient":""},"tablet":{"background-color":"var(--ast-global-color-5)","background-image":"","background-repeat":"repeat","background-position":"center center","background-size":"auto","background-attachment":"scroll","background-type":"","background-media":"","overlay-type":"","overlay-color":"","overlay-opacity":"","overlay-gradient":""},"mobile":{"background-color":"var(--ast-global-color-5)","background-image":"","background-repeat":"repeat","background-position":"center center","background-size":"auto","background-attachment":"scroll","background-type":"","background-media":"","overlay-type":"","overlay-color":"","overlay-opacity":"","overlay-gradient":""}},"footnotes":""},"class_list":["post-8290","page","type-page","status-publish","hentry"],"post_mailing_queue_ids":[],"_links":{"self":[{"href":"https:\/\/serveiseducatius.xtec.cat\/ciutatvella\/wp-json\/wp\/v2\/pages\/8290","targetHints":{"allow":["GET"]}}],"collection":[{"href":"https:\/\/serveiseducatius.xtec.cat\/ciutatvella\/wp-json\/wp\/v2\/pages"}],"about":[{"href":"https:\/\/serveiseducatius.xtec.cat\/ciutatvella\/wp-json\/wp\/v2\/types\/page"}],"author":[{"embeddable":true,"href":"https:\/\/serveiseducatius.xtec.cat\/ciutatvella\/wp-json\/wp\/v2\/users\/1"}],"replies":[{"embeddable":true,"href":"https:\/\/serveiseducatius.xtec.cat\/ciutatvella\/wp-json\/wp\/v2\/comments?post=8290"}],"version-history":[{"count":5,"href":"https:\/\/serveiseducatius.xtec.cat\/ciutatvella\/wp-json\/wp\/v2\/pages\/8290\/revisions"}],"predecessor-version":[{"id":9771,"href":"https:\/\/serveiseducatius.xtec.cat\/ciutatvella\/wp-json\/wp\/v2\/pages\/8290\/revisions\/9771"}],"wp:attachment":[{"href":"https:\/\/serveiseducatius.xtec.cat\/ciutatvella\/wp-json\/wp\/v2\/media?parent=8290"}],"curies":[{"name":"wp","href":"https:\/\/api.w.org\/{rel}","templated":true}]}}