{"id":8245,"date":"2018-12-05T11:31:13","date_gmt":"2018-12-05T10:31:13","guid":{"rendered":"https:\/\/serveiseducatius.xtec.cat\/ciutatvella\/?page_id=8245"},"modified":"2026-04-08T09:51:48","modified_gmt":"2026-04-08T07:51:48","slug":"elic","status":"publish","type":"page","link":"https:\/\/serveiseducatius.xtec.cat\/ciutatvella\/el-servei-educatiu\/equip\/elic\/","title":{"rendered":"ELIC"},"content":{"rendered":"<p><strong>Llengua:<\/strong><\/p>\n<ul>\n<li>Consolidar la llengua catalana com a llengua vehicular als centres educatius i com a eix vertebrador d\u2019un projecte pluriling\u00fce.<\/li>\n<li>Actualitzar les metodologies, les estrat\u00e8gies i els recursos did\u00e0ctics davant la creixent diversitat ling\u00fc\u00edstica i cultural de l\u2019alumnat, a les diferents etapes educatives<\/li>\n<\/ul>\n<p><strong>\u00a0Cohesi\u00f3 Social:<\/strong><\/p>\n<ul>\n<li>Garantir l\u2019equitat i crear les condicions que facin possible la igualtat d\u2019oportunitats per accedir a una educaci\u00f3 de qualitat.<\/li>\n<li>Fomentar la inclusi\u00f3 social i escolar de tot l\u2019alumnat i evitar qualsevol tipus de marginaci\u00f3.<\/li>\n<\/ul>\n<p><strong>Equip<\/strong><\/p>\n<p>Montse Valls (<a href=\"mailto:mvall238@xtec.cat\">mvall238@xtec.cat<\/a>)<\/p>\n<p>Mariona Grau (<a href=\"mailto:mgrau252@xtec.cat\">mgrau252@xtec.cat<\/a>)<\/p>\n","protected":false},"excerpt":{"rendered":"<p>Llengua: Consolidar la llengua catalana com a llengua vehicular als centres educatius i com a eix vertebrador d\u2019un projecte pluriling\u00fce. Actualitzar les metodologies, les estrat\u00e8gies i els recursos did\u00e0ctics davant la creixent diversitat ling\u00fc\u00edstica i cultural de l\u2019alumnat, a les diferents etapes educatives \u00a0Cohesi\u00f3 Social: Garantir l\u2019equitat i crear les condicions que facin possible la [&hellip;]<\/p>\n","protected":false},"author":1,"featured_media":0,"parent":306,"menu_order":3,"comment_status":"closed","ping_status":"closed","template":"","meta":{"_bbp_topic_count":0,"_bbp_reply_count":0,"_bbp_total_topic_count":0,"_bbp_total_reply_count":0,"_bbp_voice_count":0,"_bbp_anonymous_reply_count":0,"_bbp_topic_count_hidden":0,"_bbp_reply_count_hidden":0,"_bbp_forum_subforum_count":0,"site-sidebar-layout":"default","site-content-layout":"","ast-site-content-layout":"default","site-content-style":"default","site-sidebar-style":"default","ast-global-header-display":"","ast-banner-title-visibility":"","ast-main-header-display":"","ast-hfb-above-header-display":"","ast-hfb-below-header-display":"","ast-hfb-mobile-header-display":"","site-post-title":"","ast-breadcrumbs-content":"","ast-featured-img":"","footer-sml-layout":"","theme-transparent-header-meta":"default","adv-header-id-meta":"","stick-header-meta":"","header-above-stick-meta":"","header-main-stick-meta":"","header-below-stick-meta":"","astra-migrate-meta-layouts":"set","ast-page-background-enabled":"default","ast-page-background-meta":{"desktop":{"background-color":"var(--ast-global-color-4)","background-image":"","background-repeat":"repeat","background-position":"center center","background-size":"auto","background-attachment":"scroll","background-type":"","background-media":"","overlay-type":"","overlay-color":"","overlay-opacity":"","overlay-gradient":""},"tablet":{"background-color":"","background-image":"","background-repeat":"repeat","background-position":"center center","background-size":"auto","background-attachment":"scroll","background-type":"","background-media":"","overlay-type":"","overlay-color":"","overlay-opacity":"","overlay-gradient":""},"mobile":{"background-color":"","background-image":"","background-repeat":"repeat","background-position":"center center","background-size":"auto","background-attachment":"scroll","background-type":"","background-media":"","overlay-type":"","overlay-color":"","overlay-opacity":"","overlay-gradient":""}},"ast-content-background-meta":{"desktop":{"background-color":"var(--ast-global-color-5)","background-image":"","background-repeat":"repeat","background-position":"center center","background-size":"auto","background-attachment":"scroll","background-type":"","background-media":"","overlay-type":"","overlay-color":"","overlay-opacity":"","overlay-gradient":""},"tablet":{"background-color":"var(--ast-global-color-5)","background-image":"","background-repeat":"repeat","background-position":"center center","background-size":"auto","background-attachment":"scroll","background-type":"","background-media":"","overlay-type":"","overlay-color":"","overlay-opacity":"","overlay-gradient":""},"mobile":{"background-color":"var(--ast-global-color-5)","background-image":"","background-repeat":"repeat","background-position":"center center","background-size":"auto","background-attachment":"scroll","background-type":"","background-media":"","overlay-type":"","overlay-color":"","overlay-opacity":"","overlay-gradient":""}},"footnotes":""},"class_list":["post-8245","page","type-page","status-publish","hentry"],"post_mailing_queue_ids":[],"_links":{"self":[{"href":"https:\/\/serveiseducatius.xtec.cat\/ciutatvella\/wp-json\/wp\/v2\/pages\/8245","targetHints":{"allow":["GET"]}}],"collection":[{"href":"https:\/\/serveiseducatius.xtec.cat\/ciutatvella\/wp-json\/wp\/v2\/pages"}],"about":[{"href":"https:\/\/serveiseducatius.xtec.cat\/ciutatvella\/wp-json\/wp\/v2\/types\/page"}],"author":[{"embeddable":true,"href":"https:\/\/serveiseducatius.xtec.cat\/ciutatvella\/wp-json\/wp\/v2\/users\/1"}],"replies":[{"embeddable":true,"href":"https:\/\/serveiseducatius.xtec.cat\/ciutatvella\/wp-json\/wp\/v2\/comments?post=8245"}],"version-history":[{"count":4,"href":"https:\/\/serveiseducatius.xtec.cat\/ciutatvella\/wp-json\/wp\/v2\/pages\/8245\/revisions"}],"predecessor-version":[{"id":12180,"href":"https:\/\/serveiseducatius.xtec.cat\/ciutatvella\/wp-json\/wp\/v2\/pages\/8245\/revisions\/12180"}],"up":[{"embeddable":true,"href":"https:\/\/serveiseducatius.xtec.cat\/ciutatvella\/wp-json\/wp\/v2\/pages\/306"}],"wp:attachment":[{"href":"https:\/\/serveiseducatius.xtec.cat\/ciutatvella\/wp-json\/wp\/v2\/media?parent=8245"}],"curies":[{"name":"wp","href":"https:\/\/api.w.org\/{rel}","templated":true}]}}