{"id":8231,"date":"2018-12-05T10:12:30","date_gmt":"2018-12-05T09:12:30","guid":{"rendered":"https:\/\/serveiseducatius.xtec.cat\/ciutatvella\/?page_id=8231"},"modified":"2025-09-10T13:34:16","modified_gmt":"2025-09-10T11:34:16","slug":"crp1","status":"publish","type":"page","link":"https:\/\/serveiseducatius.xtec.cat\/ciutatvella\/el-servei-educatiu\/equip\/crp1\/","title":{"rendered":"CRP"},"content":{"rendered":"<p>Els CRP s\u00f3n centres de refer\u00e8ncia per a la formaci\u00f3, la dinamitzaci\u00f3 pedag\u00f2gica i el suport a la tasca docent del professorat de tots els nivells educatius dels centres d\u2019ensenyament no universitari de la ciutat.<\/p>\n<p><strong>Destinataris<\/strong><\/p>\n<p>S\u2019adrecen als centres educatius, als equips directius, als equips de docents i indirectament al seu alumnat.<\/p>\n<p><strong>Objectius<\/strong><\/p>\n<ul>\n<li>Oferir recursos, d\u2019infraestructura i de serveis als centres docents, als i a les mestres i al professorat per tal que disposin de materials espec\u00edfics de les diferents \u00e0rees curriculars, de mitjans propis de la tecnologia educativa i de publicacions especialitzades.<\/li>\n<li>Localitzar, selecciona i catalogar recursos educatius i oferir-ne la informaci\u00f3, orientaci\u00f3 i assessorament per a la seva utilitzaci\u00f3.<\/li>\n<li>Donar suport a les activitats docents i a l\u2019intercanvi d\u2019experi\u00e8ncies educatives, per tal de fomentar la reflexi\u00f3 del professorat sobre la pr\u00e0ctica docent mateixa.<\/li>\n<li>Coordinar i organitzar l\u2019execuci\u00f3 i el seguiment de les activitats de formaci\u00f3 permanent dels plans de formaci\u00f3 de zona (PFZ), col\u00b7laborant en la detecci\u00f3 de les necessitats de formaci\u00f3 i en l\u2019elaboraci\u00f3 de propostes per satisfer-les.<\/li>\n<li>Assessorar i acompanyar per la digitalitzaci\u00f3 dels centres.<\/li>\n<\/ul>\n<p><strong>Totes les comunicacions s&#8217;han d&#8217;adre\u00e7ar al correu electr\u00f2nic del CRP:<\/strong> <a href=\"mailto:a8901112@xtec.cat\" target=\"_blank\" rel=\"noopener noreferrer\">a8901112@xtec.cat<\/a><\/p>\n<p><strong>Equip:\u00a0<\/strong><\/p>\n<p>Alfons Espinosa (director) <a href=\"mailto:aespino5@xtec.cat\"><span class=\"\">aespino5@<\/span>xtec.cat<\/a><\/p>\n<p>Carles Marin <a href=\"mailto:cmarin32@xtec.cat\">cmarin32@xtec.cat<\/a><\/p>\n<p>Laura Garcia Ribot\u00a0<a href=\"lgarc62@xtec.cat\">lgarc62@xtec.cat<\/a><\/p>\n<p>&nbsp;<\/p>\n<p>&nbsp;<\/p>\n<p>&nbsp;<\/p>\n<p>&nbsp;<\/p>\n<p>&nbsp;<\/p>\n<p>&nbsp;<\/p>\n","protected":false},"excerpt":{"rendered":"<p>Els CRP s\u00f3n centres de refer\u00e8ncia per a la formaci\u00f3, la dinamitzaci\u00f3 pedag\u00f2gica i el suport a la tasca docent del professorat de tots els nivells educatius dels centres d\u2019ensenyament no universitari de la ciutat. Destinataris S\u2019adrecen als centres educatius, als equips directius, als equips de docents i indirectament al seu alumnat. Objectius Oferir recursos, [&hellip;]<\/p>\n","protected":false},"author":1,"featured_media":0,"parent":306,"menu_order":1,"comment_status":"closed","ping_status":"closed","template":"","meta":{"_bbp_topic_count":0,"_bbp_reply_count":0,"_bbp_total_topic_count":0,"_bbp_total_reply_count":0,"_bbp_voice_count":0,"_bbp_anonymous_reply_count":0,"_bbp_topic_count_hidden":0,"_bbp_reply_count_hidden":0,"_bbp_forum_subforum_count":0,"site-sidebar-layout":"default","site-content-layout":"","ast-site-content-layout":"","site-content-style":"default","site-sidebar-style":"default","ast-global-header-display":"","ast-banner-title-visibility":"","ast-main-header-display":"","ast-hfb-above-header-display":"","ast-hfb-below-header-display":"","ast-hfb-mobile-header-display":"","site-post-title":"","ast-breadcrumbs-content":"","ast-featured-img":"","footer-sml-layout":"","theme-transparent-header-meta":"","adv-header-id-meta":"","stick-header-meta":"","header-above-stick-meta":"","header-main-stick-meta":"","header-below-stick-meta":"","astra-migrate-meta-layouts":"default","ast-page-background-enabled":"default","ast-page-background-meta":{"desktop":{"background-color":"var(--ast-global-color-4)","background-image":"","background-repeat":"repeat","background-position":"center center","background-size":"auto","background-attachment":"scroll","background-type":"","background-media":"","overlay-type":"","overlay-color":"","overlay-opacity":"","overlay-gradient":""},"tablet":{"background-color":"","background-image":"","background-repeat":"repeat","background-position":"center center","background-size":"auto","background-attachment":"scroll","background-type":"","background-media":"","overlay-type":"","overlay-color":"","overlay-opacity":"","overlay-gradient":""},"mobile":{"background-color":"","background-image":"","background-repeat":"repeat","background-position":"center center","background-size":"auto","background-attachment":"scroll","background-type":"","background-media":"","overlay-type":"","overlay-color":"","overlay-opacity":"","overlay-gradient":""}},"ast-content-background-meta":{"desktop":{"background-color":"var(--ast-global-color-5)","background-image":"","background-repeat":"repeat","background-position":"center center","background-size":"auto","background-attachment":"scroll","background-type":"","background-media":"","overlay-type":"","overlay-color":"","overlay-opacity":"","overlay-gradient":""},"tablet":{"background-color":"var(--ast-global-color-5)","background-image":"","background-repeat":"repeat","background-position":"center center","background-size":"auto","background-attachment":"scroll","background-type":"","background-media":"","overlay-type":"","overlay-color":"","overlay-opacity":"","overlay-gradient":""},"mobile":{"background-color":"var(--ast-global-color-5)","background-image":"","background-repeat":"repeat","background-position":"center center","background-size":"auto","background-attachment":"scroll","background-type":"","background-media":"","overlay-type":"","overlay-color":"","overlay-opacity":"","overlay-gradient":""}},"footnotes":""},"class_list":["post-8231","page","type-page","status-publish","hentry"],"post_mailing_queue_ids":[],"_links":{"self":[{"href":"https:\/\/serveiseducatius.xtec.cat\/ciutatvella\/wp-json\/wp\/v2\/pages\/8231","targetHints":{"allow":["GET"]}}],"collection":[{"href":"https:\/\/serveiseducatius.xtec.cat\/ciutatvella\/wp-json\/wp\/v2\/pages"}],"about":[{"href":"https:\/\/serveiseducatius.xtec.cat\/ciutatvella\/wp-json\/wp\/v2\/types\/page"}],"author":[{"embeddable":true,"href":"https:\/\/serveiseducatius.xtec.cat\/ciutatvella\/wp-json\/wp\/v2\/users\/1"}],"replies":[{"embeddable":true,"href":"https:\/\/serveiseducatius.xtec.cat\/ciutatvella\/wp-json\/wp\/v2\/comments?post=8231"}],"version-history":[{"count":6,"href":"https:\/\/serveiseducatius.xtec.cat\/ciutatvella\/wp-json\/wp\/v2\/pages\/8231\/revisions"}],"predecessor-version":[{"id":11671,"href":"https:\/\/serveiseducatius.xtec.cat\/ciutatvella\/wp-json\/wp\/v2\/pages\/8231\/revisions\/11671"}],"up":[{"embeddable":true,"href":"https:\/\/serveiseducatius.xtec.cat\/ciutatvella\/wp-json\/wp\/v2\/pages\/306"}],"wp:attachment":[{"href":"https:\/\/serveiseducatius.xtec.cat\/ciutatvella\/wp-json\/wp\/v2\/media?parent=8231"}],"curies":[{"name":"wp","href":"https:\/\/api.w.org\/{rel}","templated":true}]}}