{"id":8201,"date":"2018-12-03T10:13:49","date_gmt":"2018-12-03T09:13:49","guid":{"rendered":"https:\/\/serveiseducatius.xtec.cat\/ciutatvella\/?page_id=8201"},"modified":"2018-12-05T08:48:29","modified_gmt":"2018-12-05T07:48:29","slug":"centres-especialtizats","status":"publish","type":"page","link":"https:\/\/serveiseducatius.xtec.cat\/ciutatvella\/centres-educatius\/centres-especialtizats\/","title":{"rendered":"Centres Especialitzats"},"content":{"rendered":"<p><strong>Escola Massana<\/strong><\/p>\n<p>Adre\u00e7a: <a href=\"https:\/\/www.google.es\/maps\/place\/Carrer+de+l'Hospital,+56,+08001+Barcelona\/data=!4m2!3m1!1s0x12a4a258a5d39825:0x4342898f6d41203b?ved=2ahUKEwjP6OyGmYjfAhWLaFAKHUogBiEQ8gEwAHoECAAQAQ\">Hospital 56, Barcelona, 08001<\/a><br \/>\nTel\u00e8fon:\u00a0 934422000<br \/>\nAdre\u00e7a electr\u00f2nica: <a href=\"http:\/\/informaci\u00f3@massana.cat\">informaci\u00f3@massana.cat<\/a><br \/>\n<a href=\"http:\/\/www.escolamassana.cat\/ca\/\">Web<\/a><\/p>\n<p><strong>Escola oficial d&#8217;idiomes de Barcelona<\/strong><\/p>\n<p>Adre\u00e7a: <a href=\"https:\/\/www.google.es\/maps\/place\/Av.+de+les+Drassanes,+7,+08001+Barcelona\/@41.3762576,2.1723218,17z\/data=!3m1!4b1!4m5!3m4!1s0x12a4a259fd50681d:0xef39a4ccc1e271e!8m2!3d41.3762576!4d2.1745105\">Avinguda Drassanes 7, Barcelona, 08001<\/a><br \/>\nTel\u00e8fon: 933249330<br \/>\nAdre\u00e7a electr\u00f2nica: <a href=\"mailto:alumnat.secretaria@eobid.cat\">alumnat.secretaria@eobid.cat<\/a><br \/>\n<a href=\"http:\/\/www.eoibd.cat\/\">Web<\/a><\/p>\n","protected":false},"excerpt":{"rendered":"<p>Escola Massana Adre\u00e7a: Hospital 56, Barcelona, 08001 Tel\u00e8fon:\u00a0 934422000 Adre\u00e7a electr\u00f2nica: informaci\u00f3@massana.cat Web Escola oficial d&#8217;idiomes de Barcelona Adre\u00e7a: Avinguda Drassanes 7, Barcelona, 08001 Tel\u00e8fon: 933249330 Adre\u00e7a electr\u00f2nica: alumnat.secretaria@eobid.cat Web<\/p>\n","protected":false},"author":1,"featured_media":0,"parent":338,"menu_order":5,"comment_status":"closed","ping_status":"closed","template":"","meta":{"_bbp_topic_count":0,"_bbp_reply_count":0,"_bbp_total_topic_count":0,"_bbp_total_reply_count":0,"_bbp_voice_count":0,"_bbp_anonymous_reply_count":0,"_bbp_topic_count_hidden":0,"_bbp_reply_count_hidden":0,"_bbp_forum_subforum_count":0,"site-sidebar-layout":"default","site-content-layout":"","ast-site-content-layout":"","site-content-style":"default","site-sidebar-style":"default","ast-global-header-display":"","ast-banner-title-visibility":"","ast-main-header-display":"","ast-hfb-above-header-display":"","ast-hfb-below-header-display":"","ast-hfb-mobile-header-display":"","site-post-title":"","ast-breadcrumbs-content":"","ast-featured-img":"","footer-sml-layout":"","theme-transparent-header-meta":"","adv-header-id-meta":"","stick-header-meta":"","header-above-stick-meta":"","header-main-stick-meta":"","header-below-stick-meta":"","astra-migrate-meta-layouts":"default","ast-page-background-enabled":"default","ast-page-background-meta":{"desktop":{"background-color":"var(--ast-global-color-4)","background-image":"","background-repeat":"repeat","background-position":"center center","background-size":"auto","background-attachment":"scroll","background-type":"","background-media":"","overlay-type":"","overlay-color":"","overlay-opacity":"","overlay-gradient":""},"tablet":{"background-color":"","background-image":"","background-repeat":"repeat","background-position":"center center","background-size":"auto","background-attachment":"scroll","background-type":"","background-media":"","overlay-type":"","overlay-color":"","overlay-opacity":"","overlay-gradient":""},"mobile":{"background-color":"","background-image":"","background-repeat":"repeat","background-position":"center center","background-size":"auto","background-attachment":"scroll","background-type":"","background-media":"","overlay-type":"","overlay-color":"","overlay-opacity":"","overlay-gradient":""}},"ast-content-background-meta":{"desktop":{"background-color":"var(--ast-global-color-5)","background-image":"","background-repeat":"repeat","background-position":"center center","background-size":"auto","background-attachment":"scroll","background-type":"","background-media":"","overlay-type":"","overlay-color":"","overlay-opacity":"","overlay-gradient":""},"tablet":{"background-color":"var(--ast-global-color-5)","background-image":"","background-repeat":"repeat","background-position":"center center","background-size":"auto","background-attachment":"scroll","background-type":"","background-media":"","overlay-type":"","overlay-color":"","overlay-opacity":"","overlay-gradient":""},"mobile":{"background-color":"var(--ast-global-color-5)","background-image":"","background-repeat":"repeat","background-position":"center center","background-size":"auto","background-attachment":"scroll","background-type":"","background-media":"","overlay-type":"","overlay-color":"","overlay-opacity":"","overlay-gradient":""}},"footnotes":""},"class_list":["post-8201","page","type-page","status-publish","hentry"],"post_mailing_queue_ids":[],"_links":{"self":[{"href":"https:\/\/serveiseducatius.xtec.cat\/ciutatvella\/wp-json\/wp\/v2\/pages\/8201","targetHints":{"allow":["GET"]}}],"collection":[{"href":"https:\/\/serveiseducatius.xtec.cat\/ciutatvella\/wp-json\/wp\/v2\/pages"}],"about":[{"href":"https:\/\/serveiseducatius.xtec.cat\/ciutatvella\/wp-json\/wp\/v2\/types\/page"}],"author":[{"embeddable":true,"href":"https:\/\/serveiseducatius.xtec.cat\/ciutatvella\/wp-json\/wp\/v2\/users\/1"}],"replies":[{"embeddable":true,"href":"https:\/\/serveiseducatius.xtec.cat\/ciutatvella\/wp-json\/wp\/v2\/comments?post=8201"}],"version-history":[{"count":3,"href":"https:\/\/serveiseducatius.xtec.cat\/ciutatvella\/wp-json\/wp\/v2\/pages\/8201\/revisions"}],"predecessor-version":[{"id":8212,"href":"https:\/\/serveiseducatius.xtec.cat\/ciutatvella\/wp-json\/wp\/v2\/pages\/8201\/revisions\/8212"}],"up":[{"embeddable":true,"href":"https:\/\/serveiseducatius.xtec.cat\/ciutatvella\/wp-json\/wp\/v2\/pages\/338"}],"wp:attachment":[{"href":"https:\/\/serveiseducatius.xtec.cat\/ciutatvella\/wp-json\/wp\/v2\/media?parent=8201"}],"curies":[{"name":"wp","href":"https:\/\/api.w.org\/{rel}","templated":true}]}}