{"id":608,"date":"2015-11-27T10:04:51","date_gmt":"2015-11-27T09:04:51","guid":{"rendered":"http:\/\/serveiseducatius.xtec.cat\/ciutatvella\/?page_id=608"},"modified":"2026-01-07T23:44:44","modified_gmt":"2026-01-07T22:44:44","slug":"horari-i-calendari","status":"publish","type":"page","link":"https:\/\/serveiseducatius.xtec.cat\/ciutatvella\/el-servei-educatiu\/horari-i-calendari\/","title":{"rendered":"Horari i calendari"},"content":{"rendered":"<header class=\"entry-header\"><\/header>\n<div class=\"entry-content\">\n<h4><\/h4>\n<div class=\"entry-content\">\n<h4><a style=\"color: #0000ff;\" href=\"https:\/\/serveiseducatius.xtec.cat\/ciutatvella\/el-servei-educatiu\/oficina-descolaritzacio-ome\/\">OME (Oficina Municipal d&#8217;Escolaritzaci\u00f3) <\/a><\/h4>\n<\/div>\n<h6 style=\"padding-left: 80px;\">(preinscripcions, homologacions de t\u00edtols\u2026)<\/h6>\n<p style=\"padding-left: 80px;\"><strong>Horari:\u00a0<\/strong>de dilluns a divendres, de 8.30 a 14.30 h i dijous, de 8.30 a 17 h<\/p>\n<h5 style=\"padding-left: 40px;\">Demanar cita pr\u00e8via<\/h5>\n<p style=\"padding-left: 80px;\">Per tel\u00e8fon: al <strong><span style=\"color: #800080;\">012<\/span> <\/strong>o al Consorci d\u2019Educaci\u00f3 de Barcelona <span style=\"color: #800080;\">(<strong>93 551 10 00<\/strong><\/span>)<\/p>\n<p style=\"padding-left: 80px;\">Per internet en aquest\u00a0<a href=\"http:\/\/citaprevia.gestorn.com\/ceb\">enlla\u00e7<\/a>\u00a0(a partir del 8 de mar\u00e7)<\/p>\n<h5 style=\"padding-left: 40px;\">Atenci\u00f3 telef\u00f2nica<\/h5>\n<h5 style=\"padding-left: 80px;\">Atenci\u00f3 ciutadana <span style=\"color: #800080;\"><strong>012<\/strong><\/span><\/h5>\n<p style=\"padding-left: 80px;\">Ajuntament de Barcelona\u00a0<span style=\"color: #800080;\"><strong>010<\/strong><\/span><\/p>\n<p style=\"padding-left: 80px;\">(cost de la trucada segons operadora)<\/p>\n<ul>\n<li style=\"list-style-type: none;\">\n<ul>\n<li style=\"list-style-type: none;\">\n<ul>\n<li style=\"list-style-type: none;\">\n<ul>\n<li style=\"list-style-type: none;\">\n<ul>\n<li><strong>Oficina d\u2019Atenci\u00f3 del Consorci d\u2019Educaci\u00f3 de Barcelona<\/strong>\u00a0(Carrer de Roger de Ll\u00faria, 1-3)<\/li>\n<li><strong>Ciutat Vella<\/strong>\u00a0(placeta del Pi, 2)<\/li>\n<li><strong>Nou Barris<\/strong> (carrer de Nil, 27 i carrer de Vallcivera, 14)<\/li>\n<li><strong>Sant Andreu<\/strong>\u00a0(carrer de Sant Adri\u00e0, 20. Recinte de Can Fabra)<\/li>\n<\/ul>\n<\/li>\n<\/ul>\n<\/li>\n<\/ul>\n<\/li>\n<\/ul>\n<\/li>\n<\/ul>\n<p>&nbsp;<\/p>\n<h4><\/h4>\n<h4><\/h4>\n<h4><span style=\"color: #0000ff;\"><a style=\"color: #0000ff;\" href=\"https:\/\/serveiseducatius.xtec.cat\/ciutatvella\/el-servei-educatiu\/presentacio\/\">Servei Educatiu de Ciutat Vella<\/a><\/span><\/h4>\n<h6 style=\"padding-left: 40px;\"><strong>Horari\u00a0<\/strong><\/h6>\n<p style=\"padding-left: 80px;\">De dilluns a dijous: de<strong> 9h<\/strong>\u00a0a\u00a0<strong>14h <\/strong>i de <strong>15h<\/strong>\u00a0a\u00a0<strong>18h<\/strong><\/p>\n<p style=\"padding-left: 80px;\">Divendres de <strong><span class=\"Estilo8\">9h <\/span><\/strong><span class=\"Estilo8\">a\u00a0<\/span><span class=\"Estilo8\"><strong>14h<\/strong><\/span><\/p>\n<p style=\"padding-left: 80px;\">Horari intensiu: de <strong>8.30h<\/strong>\u00a0a\u00a0<strong>14.30h<\/strong>:<\/p>\n<p style=\"padding-left: 120px;\">Del 1 al 5 de setembre de 2023<\/p>\n<p style=\"padding-left: 120px;\">22 de desembre de 2023<\/p>\n<p style=\"padding-left: 120px;\">Del 23 de juny al 15 de juliol de 2023<\/p>\n<p style=\"padding-left: 40px;\">Contacte per via telef\u00f2nica al <strong>93 301 55 30<\/strong>\u00a0o enviant un correu electr\u00f2nic a:<\/p>\n<p style=\"padding-left: 40px;\"><strong><a href=\"https:\/\/serveiseducatius.xtec.cat\/ciutatvella\/el-servei-educatiu\/equip\/crp1\/\">CRP<\/a>: a8901112@xtec.cat<\/strong><\/p>\n<p style=\"padding-left: 40px;\"><strong style=\"font-family: inherit; font-size: 1em;\"><a href=\"https:\/\/serveiseducatius.xtec.cat\/ciutatvella\/el-servei-educatiu\/equip\/eap\/\">EAP<\/a>: a8900247@xtec.cat \/ <\/strong><span style=\"font-family: inherit; font-size: 1em;\">6<\/span><span style=\"font-family: inherit; font-size: 1em;\">34 668 893 de dilluns a dijous de 9 a 14h<\/span><\/p>\n<p>&nbsp;<\/p>\n<\/div>\n<p>&nbsp;<\/p>\n<p>&nbsp;<\/p>\n<p><!--more--><\/p>\n","protected":false},"excerpt":{"rendered":"<p>OME (Oficina Municipal d&#8217;Escolaritzaci\u00f3) (preinscripcions, homologacions de t\u00edtols\u2026) Horari:\u00a0de dilluns a divendres, de 8.30 a 14.30 h i dijous, de 8.30 a 17 h Demanar cita pr\u00e8via Per tel\u00e8fon: al 012 o al Consorci d\u2019Educaci\u00f3 de Barcelona (93 551 10 00) Per internet en aquest\u00a0enlla\u00e7\u00a0(a partir del 8 de mar\u00e7) Atenci\u00f3 telef\u00f2nica Atenci\u00f3 ciutadana 012 [&hellip;]<\/p>\n","protected":false},"author":1,"featured_media":0,"parent":806,"menu_order":30,"comment_status":"closed","ping_status":"closed","template":"","meta":{"_bbp_topic_count":0,"_bbp_reply_count":0,"_bbp_total_topic_count":0,"_bbp_total_reply_count":0,"_bbp_voice_count":0,"_bbp_anonymous_reply_count":0,"_bbp_topic_count_hidden":0,"_bbp_reply_count_hidden":0,"_bbp_forum_subforum_count":0,"site-sidebar-layout":"default","site-content-layout":"","ast-site-content-layout":"default","site-content-style":"default","site-sidebar-style":"default","ast-global-header-display":"","ast-banner-title-visibility":"","ast-main-header-display":"","ast-hfb-above-header-display":"","ast-hfb-below-header-display":"","ast-hfb-mobile-header-display":"","site-post-title":"","ast-breadcrumbs-content":"","ast-featured-img":"","footer-sml-layout":"","theme-transparent-header-meta":"default","adv-header-id-meta":"","stick-header-meta":"","header-above-stick-meta":"","header-main-stick-meta":"","header-below-stick-meta":"","astra-migrate-meta-layouts":"set","ast-page-background-enabled":"default","ast-page-background-meta":{"desktop":{"background-color":"var(--ast-global-color-4)","background-image":"","background-repeat":"repeat","background-position":"center center","background-size":"auto","background-attachment":"scroll","background-type":"","background-media":"","overlay-type":"","overlay-color":"","overlay-opacity":"","overlay-gradient":""},"tablet":{"background-color":"","background-image":"","background-repeat":"repeat","background-position":"center center","background-size":"auto","background-attachment":"scroll","background-type":"","background-media":"","overlay-type":"","overlay-color":"","overlay-opacity":"","overlay-gradient":""},"mobile":{"background-color":"","background-image":"","background-repeat":"repeat","background-position":"center center","background-size":"auto","background-attachment":"scroll","background-type":"","background-media":"","overlay-type":"","overlay-color":"","overlay-opacity":"","overlay-gradient":""}},"ast-content-background-meta":{"desktop":{"background-color":"var(--ast-global-color-5)","background-image":"","background-repeat":"repeat","background-position":"center center","background-size":"auto","background-attachment":"scroll","background-type":"","background-media":"","overlay-type":"","overlay-color":"","overlay-opacity":"","overlay-gradient":""},"tablet":{"background-color":"var(--ast-global-color-5)","background-image":"","background-repeat":"repeat","background-position":"center center","background-size":"auto","background-attachment":"scroll","background-type":"","background-media":"","overlay-type":"","overlay-color":"","overlay-opacity":"","overlay-gradient":""},"mobile":{"background-color":"var(--ast-global-color-5)","background-image":"","background-repeat":"repeat","background-position":"center center","background-size":"auto","background-attachment":"scroll","background-type":"","background-media":"","overlay-type":"","overlay-color":"","overlay-opacity":"","overlay-gradient":""}},"footnotes":""},"class_list":["post-608","page","type-page","status-publish","hentry"],"post_mailing_queue_ids":[],"_links":{"self":[{"href":"https:\/\/serveiseducatius.xtec.cat\/ciutatvella\/wp-json\/wp\/v2\/pages\/608","targetHints":{"allow":["GET"]}}],"collection":[{"href":"https:\/\/serveiseducatius.xtec.cat\/ciutatvella\/wp-json\/wp\/v2\/pages"}],"about":[{"href":"https:\/\/serveiseducatius.xtec.cat\/ciutatvella\/wp-json\/wp\/v2\/types\/page"}],"author":[{"embeddable":true,"href":"https:\/\/serveiseducatius.xtec.cat\/ciutatvella\/wp-json\/wp\/v2\/users\/1"}],"replies":[{"embeddable":true,"href":"https:\/\/serveiseducatius.xtec.cat\/ciutatvella\/wp-json\/wp\/v2\/comments?post=608"}],"version-history":[{"count":5,"href":"https:\/\/serveiseducatius.xtec.cat\/ciutatvella\/wp-json\/wp\/v2\/pages\/608\/revisions"}],"predecessor-version":[{"id":11793,"href":"https:\/\/serveiseducatius.xtec.cat\/ciutatvella\/wp-json\/wp\/v2\/pages\/608\/revisions\/11793"}],"up":[{"embeddable":true,"href":"https:\/\/serveiseducatius.xtec.cat\/ciutatvella\/wp-json\/wp\/v2\/pages\/806"}],"wp:attachment":[{"href":"https:\/\/serveiseducatius.xtec.cat\/ciutatvella\/wp-json\/wp\/v2\/media?parent=608"}],"curies":[{"name":"wp","href":"https:\/\/api.w.org\/{rel}","templated":true}]}}