{"id":377,"date":"2015-11-25T14:17:51","date_gmt":"2015-11-25T13:17:51","guid":{"rendered":"http:\/\/serveiseducatius.xtec.cat\/ciutatvella\/?page_id=377"},"modified":"2024-09-06T14:24:21","modified_gmt":"2024-09-06T12:24:21","slug":"escoles-bressol","status":"publish","type":"page","link":"https:\/\/serveiseducatius.xtec.cat\/ciutatvella\/centres-educatius\/escoles-bressol\/","title":{"rendered":"Escoles bressol"},"content":{"rendered":"<p><strong><a href=\"https:\/\/www.edubcn.cat\/ca\/centres_serveis_educatius\/centres_educatius\/cercador#\/centres\/\/\/\/\/\/1\/\/-32763\/-2147483613\/-2147482929\/\" target=\"_blank\" rel=\"noopener\">Mapa dels centres d&#8217;escoles bressol<\/a><\/strong><\/p>\n<p><strong>TITULARITAT P\u00daBLICA<\/strong><\/p>\n<p><strong>Escola Bressol Aurora<\/strong><\/p>\n<p>Adre\u00e7a: Carrer de l&#8217;Aurora, 24 Barcelona 08001<\/p>\n<p>Adre\u00e7a electr\u00f2nica: ebmaurora@bcn.cat<\/p>\n<p>Tel\u00e8fon: 937060015<\/p>\n<p><a href=\"https:\/\/ajuntament.barcelona.cat\/escolesbressol\/ca\/ebmaurora\">Web<\/a><\/p>\n<p><strong>Escola Bressol Cad\u00ed<\/strong><\/p>\n<p>Adre\u00e7a: <a href=\"https:\/\/www.google.es\/maps\/place\/Calle+Om,+11,+08001+Barcelona\/@41.3762782,2.1696089,17z\/data=!3m1!4b1!4m5!3m4!1s0x12a4a2598148648f:0x9d218fbce29d1962!8m2!3d41.3762782!4d2.1717976\" target=\"_blank\" rel=\"noopener\">Carrer l&#8217;Om 11, Barcelona, 08001<\/a><br \/>\nTel\u00e8fon: 934424844<br \/>\nAdre\u00e7a electr\u00f2nica: <a href=\"mailto:ebmcadi@bcn.cat\" target=\"_blank\" rel=\"noopener\">ebmcadi@bcn.cat<\/a><br \/>\n<a href=\"http:\/\/ajuntament.barcelona.cat\/escolesbressol\/ebmcadi\" target=\"_blank\" rel=\"noopener\">Web<\/a><\/p>\n<p><strong>Escola Bressol Canig\u00f3<\/strong><\/p>\n<p>Adre\u00e7a: <a href=\"https:\/\/www.google.es\/maps\/place\/Carrer+%C3%80ngels,+7,+08001+Barcelona\/data=!4m2!3m1!1s0x12a4a2f505fb4de9:0x66617faa9c098023?ved=2ahUKEwiB3aCUiuDeAhXIKFAKHeNyAF8Q8gEwAHoECAAQAQ\">Carrer \u00c0ngels 7, Barcelona, 08001<\/a><br \/>\nTel\u00e8fon: 934417512<br \/>\nAdre\u00e7a electr\u00f2nica: <a href=\"mailto:ebmcanigo@bcn.cat\">ebmcanigo@bcn.cat<\/a><br \/>\n<a href=\"http:\/\/ajuntament.barcelona.cat\/escolesbressol\/\">Web<\/a><\/p>\n<p><strong>Escola Bressol La Mar<\/strong><\/p>\n<p>Adre\u00e7a: <a href=\"https:\/\/www.google.es\/maps\/place\/Carrer+d'Andrea+D%C3%B2ria,+40,+08003+Barcelona\/data=!4m2!3m1!1s0x12a4a3078c620c83:0x785c5346bdbd2f72?ved=2ahUKEwiGrpK0i-DeAhWOYlAKHQBTApQQ8gEwAHoECAQQAQ\">Carrer Andrea D\u00f2ria 40, Barcelona, 08003<\/a><br \/>\nTel\u00e8fon: 932215124<br \/>\nAdre\u00e7a electr\u00f2nica: <a href=\"mailto:ebmlamar@bcn.cat\">ebmlamar@bcn.cat<\/a><br \/>\n<a href=\"http:\/\/ajuntament.barcelona.cat\/escolesbressol\/ca\/noticia\/la-xarxa-descoles-bressol-municipals-tindrza-aquest-curs-101-centres-i-8411-places\">Web<\/a><\/p>\n<p><strong>Escola Bressol Mont T\u00e0ber<\/strong><\/p>\n<p>Adre\u00e7a: <a href=\"https:\/\/www.google.es\/maps\/place\/Carrer+de+Santa+Elena,+4,+08001+Barcelona\/@41.3771779,2.1665786,17z\/data=!3m1!4b1!4m5!3m4!1s0x12a4a25ec714099d:0x647e2b0ef4683330!8m2!3d41.3771779!4d2.1687673\">Carrer Santa Elena 4, Barcelona, 08001<\/a><br \/>\nTel\u00e8fon: 934417536<br \/>\nAdre\u00e7a electr\u00f2nica: <a href=\"mailto:ebmmonttaber@bcn.cat\">ebmmonttaber@bcn.cat<\/a><br \/>\n<a href=\"http:\/\/ajuntament.barcelona.cat\/escolesbressol\/\">Web<\/a><\/p>\n<p><strong>Escola Bressol Portal Nou<\/strong><\/p>\n<p>Adre\u00e7a: <a href=\"https:\/\/www.google.es\/maps\/place\/Carrer+del+Portal+Nou,+2,+08003+Barcelona\/data=!4m2!3m1!1s0x12a4a2fcf53ac42d:0x315a56b25502f970?ved=2ahUKEwjvlIzhjODeAhXCKlAKHeV2BokQ8gEwAHoECAAQAQ\">Carrer Portal Nou 2, Barcelona, 08003<\/a><br \/>\nTel\u00e8fon: 933101807<br \/>\nAdre\u00e7a electr\u00f2nica: <a href=\"mailto:ebmportalnou@bcn.cat\">ebmportalnou@bcn.cat<\/a><br \/>\n<a href=\"http:\/\/ajuntament.barcelona.cat\/escolesbressol\/\">Web<\/a><\/p>\n<p><strong>Escola Bressol Puigmal<\/strong><\/p>\n<p>Adre\u00e7a:<a href=\"https:\/\/www.google.es\/maps\/place\/Carrer+d'En+M%C3%B2nec,+2,+08003+Barcelona\/@41.3882292,2.1759637,17z\/data=!3m1!4b1!4m5!3m4!1s0x12a4a2fb0ab16cdd:0xdc949d24d6303ae5!8m2!3d41.3882292!4d2.1781524\"> Carrer M\u00f2nec 2, Barcelona, 08003<\/a><br \/>\nTel\u00e8fon: 933101897<br \/>\nAdre\u00e7a electr\u00f2nica: <a href=\"mailto:ebpuigmal@bcn.cat\">ebpuigmal@bcn.cat<\/a><br \/>\n<a href=\"http:\/\/ajuntament.barcelona.cat\/escolesbressol\/\">Web<\/a><\/p>\n<p><strong>Escola Bressol Carabassa<\/strong><\/p>\n<p>Adre\u00e7a: <a href=\"https:\/\/www.google.es\/maps\/place\/Carrer+d'en+Carabassa,+8,+08002+Barcelona\/data=!4m2!3m1!1s0x12a4a2561a115c4d:0xd7505e89613fd39d?ved=2ahUKEwiDjPHApODeAhVNL1AKHbzYDm8Q8gEwAHoECAIQAQ\">Carrer Carabassa 8 bis, Barcelona, 08002<\/a><br \/>\nTel\u00e8fon: 933435106<br \/>\nAdre\u00e7a electr\u00f2nica: <a href=\"mailto:ebmcarabassa@bcn.cat\">ebmcarabassa@bcn.cat<\/a><br \/>\n<a href=\"http:\/\/ajuntament.barcelona.cat\/escolesbressol\/\">Web<\/a><\/p>\n<p><strong>TITULARITAT PRIVAT CONCERTAT<\/strong><\/p>\n<p><strong>Escola Bressol Sagrada Fam\u00edlia<\/strong><\/p>\n<p>Adre\u00e7a:<a href=\"https:\/\/www.google.es\/maps\/place\/Carrer+d'Aviny%C3%B3,+20,+08002+Barcelona\/data=!4m2!3m1!1s0x12a4a2f87c466049:0x1efee5dc27182e7f?ved=2ahUKEwi3geqLpeDeAhVFJ1AKHfJqBnkQ8gEwAHoECAAQAQ\">Carrer d&#8217;aviny\u00f3 20, Barcelona, 08002<\/a><br \/>\nTel\u00e8fon: 933188716<br \/>\nAdre\u00e7a electr\u00f2nica: <a href=\"mailto:safaavinyo@hotmail.com\">safaavinyo@hotmail.com<\/a><br \/>\n<a href=\"http:\/\/www.safaavinyo.com\/\">Web<\/a><\/p>\n","protected":false},"excerpt":{"rendered":"<p>Mapa dels centres d&#8217;escoles bressol TITULARITAT P\u00daBLICA Escola Bressol Aurora Adre\u00e7a: Carrer de l&#8217;Aurora, 24 Barcelona 08001 Adre\u00e7a electr\u00f2nica: ebmaurora@bcn.cat Tel\u00e8fon: 937060015 Web Escola Bressol Cad\u00ed Adre\u00e7a: Carrer l&#8217;Om 11, Barcelona, 08001 Tel\u00e8fon: 934424844 Adre\u00e7a electr\u00f2nica: ebmcadi@bcn.cat Web Escola Bressol Canig\u00f3 Adre\u00e7a: Carrer \u00c0ngels 7, Barcelona, 08001 Tel\u00e8fon: 934417512 Adre\u00e7a electr\u00f2nica: ebmcanigo@bcn.cat Web Escola Bressol [&hellip;]<\/p>\n","protected":false},"author":1,"featured_media":0,"parent":338,"menu_order":1,"comment_status":"closed","ping_status":"closed","template":"page-templates\/side-menu.php","meta":{"_bbp_topic_count":0,"_bbp_reply_count":0,"_bbp_total_topic_count":0,"_bbp_total_reply_count":0,"_bbp_voice_count":0,"_bbp_anonymous_reply_count":0,"_bbp_topic_count_hidden":0,"_bbp_reply_count_hidden":0,"_bbp_forum_subforum_count":0,"site-sidebar-layout":"default","site-content-layout":"","ast-site-content-layout":"","site-content-style":"default","site-sidebar-style":"default","ast-global-header-display":"","ast-banner-title-visibility":"","ast-main-header-display":"","ast-hfb-above-header-display":"","ast-hfb-below-header-display":"","ast-hfb-mobile-header-display":"","site-post-title":"","ast-breadcrumbs-content":"","ast-featured-img":"","footer-sml-layout":"","theme-transparent-header-meta":"","adv-header-id-meta":"","stick-header-meta":"","header-above-stick-meta":"","header-main-stick-meta":"","header-below-stick-meta":"","astra-migrate-meta-layouts":"default","ast-page-background-enabled":"default","ast-page-background-meta":{"desktop":{"background-color":"var(--ast-global-color-4)","background-image":"","background-repeat":"repeat","background-position":"center center","background-size":"auto","background-attachment":"scroll","background-type":"","background-media":"","overlay-type":"","overlay-color":"","overlay-opacity":"","overlay-gradient":""},"tablet":{"background-color":"","background-image":"","background-repeat":"repeat","background-position":"center center","background-size":"auto","background-attachment":"scroll","background-type":"","background-media":"","overlay-type":"","overlay-color":"","overlay-opacity":"","overlay-gradient":""},"mobile":{"background-color":"","background-image":"","background-repeat":"repeat","background-position":"center center","background-size":"auto","background-attachment":"scroll","background-type":"","background-media":"","overlay-type":"","overlay-color":"","overlay-opacity":"","overlay-gradient":""}},"ast-content-background-meta":{"desktop":{"background-color":"var(--ast-global-color-5)","background-image":"","background-repeat":"repeat","background-position":"center center","background-size":"auto","background-attachment":"scroll","background-type":"","background-media":"","overlay-type":"","overlay-color":"","overlay-opacity":"","overlay-gradient":""},"tablet":{"background-color":"var(--ast-global-color-5)","background-image":"","background-repeat":"repeat","background-position":"center center","background-size":"auto","background-attachment":"scroll","background-type":"","background-media":"","overlay-type":"","overlay-color":"","overlay-opacity":"","overlay-gradient":""},"mobile":{"background-color":"var(--ast-global-color-5)","background-image":"","background-repeat":"repeat","background-position":"center center","background-size":"auto","background-attachment":"scroll","background-type":"","background-media":"","overlay-type":"","overlay-color":"","overlay-opacity":"","overlay-gradient":""}},"footnotes":""},"class_list":["post-377","page","type-page","status-publish","hentry"],"post_mailing_queue_ids":[],"_links":{"self":[{"href":"https:\/\/serveiseducatius.xtec.cat\/ciutatvella\/wp-json\/wp\/v2\/pages\/377","targetHints":{"allow":["GET"]}}],"collection":[{"href":"https:\/\/serveiseducatius.xtec.cat\/ciutatvella\/wp-json\/wp\/v2\/pages"}],"about":[{"href":"https:\/\/serveiseducatius.xtec.cat\/ciutatvella\/wp-json\/wp\/v2\/types\/page"}],"author":[{"embeddable":true,"href":"https:\/\/serveiseducatius.xtec.cat\/ciutatvella\/wp-json\/wp\/v2\/users\/1"}],"replies":[{"embeddable":true,"href":"https:\/\/serveiseducatius.xtec.cat\/ciutatvella\/wp-json\/wp\/v2\/comments?post=377"}],"version-history":[{"count":4,"href":"https:\/\/serveiseducatius.xtec.cat\/ciutatvella\/wp-json\/wp\/v2\/pages\/377\/revisions"}],"predecessor-version":[{"id":11125,"href":"https:\/\/serveiseducatius.xtec.cat\/ciutatvella\/wp-json\/wp\/v2\/pages\/377\/revisions\/11125"}],"up":[{"embeddable":true,"href":"https:\/\/serveiseducatius.xtec.cat\/ciutatvella\/wp-json\/wp\/v2\/pages\/338"}],"wp:attachment":[{"href":"https:\/\/serveiseducatius.xtec.cat\/ciutatvella\/wp-json\/wp\/v2\/media?parent=377"}],"curies":[{"name":"wp","href":"https:\/\/api.w.org\/{rel}","templated":true}]}}