{"id":345,"date":"2015-11-24T18:45:10","date_gmt":"2015-11-24T17:45:10","guid":{"rendered":"http:\/\/serveiseducatius.xtec.cat\/ciutatvella\/?page_id=345"},"modified":"2015-11-30T11:13:08","modified_gmt":"2015-11-30T10:13:08","slug":"pla-dentorn-pee","status":"publish","type":"page","link":"https:\/\/serveiseducatius.xtec.cat\/ciutatvella\/comunitat\/pla-dentorn-pee\/","title":{"rendered":"Pla educatiu d&#8217;entorn (PEE)"},"content":{"rendered":"<p>El Pla educatiu d&#8217;entorn \u00e9s un instrument\u00a0que\u00a0d\u00f3na una resposta integrada i comunit\u00e0ria a les necessitats educatives del alumnes m\u00e9s enll\u00e0 de l\u2019\u00e0mbit acad\u00e8mic. Es tracta de construir una xarxa estable de suport a la comunitat educativa, que permeti un treball formatiu fora de l&#8217;entorn escolar amb la col\u00b7laboraci\u00f3 dels diferents serveis i recursos municipals i tamb\u00e9 de les altres institucions i entitats dels \u00e0mbits social, cultural i esportiu.<\/p>\n<p>Per veure les activitats realitzades dins d&#8217;aquest pla aneu al blog de\u00a0<a href=\"http:\/\/serveiseducatius.xtec.cat\/ciutatvella\/categoria\/pee\/\">Pla educatiu d&#8217;Entorn<\/a><\/p>\n","protected":false},"excerpt":{"rendered":"<p>El Pla educatiu d&#8217;entorn \u00e9s un instrument\u00a0que\u00a0d\u00f3na una resposta integrada i comunit\u00e0ria a les necessitats educatives del alumnes m\u00e9s enll\u00e0 de l\u2019\u00e0mbit acad\u00e8mic. Es tracta de construir una xarxa estable de suport a la comunitat educativa, que permeti un treball formatiu fora de l&#8217;entorn escolar amb la col\u00b7laboraci\u00f3 dels diferents serveis i recursos municipals i [&hellip;]<\/p>\n","protected":false},"author":1,"featured_media":0,"parent":341,"menu_order":30,"comment_status":"closed","ping_status":"closed","template":"page-templates\/side-menu.php","meta":{"_bbp_topic_count":0,"_bbp_reply_count":0,"_bbp_total_topic_count":0,"_bbp_total_reply_count":0,"_bbp_voice_count":0,"_bbp_anonymous_reply_count":0,"_bbp_topic_count_hidden":0,"_bbp_reply_count_hidden":0,"_bbp_forum_subforum_count":0,"site-sidebar-layout":"default","site-content-layout":"","ast-site-content-layout":"","site-content-style":"default","site-sidebar-style":"default","ast-global-header-display":"","ast-banner-title-visibility":"","ast-main-header-display":"","ast-hfb-above-header-display":"","ast-hfb-below-header-display":"","ast-hfb-mobile-header-display":"","site-post-title":"","ast-breadcrumbs-content":"","ast-featured-img":"","footer-sml-layout":"","theme-transparent-header-meta":"","adv-header-id-meta":"","stick-header-meta":"","header-above-stick-meta":"","header-main-stick-meta":"","header-below-stick-meta":"","astra-migrate-meta-layouts":"default","ast-page-background-enabled":"default","ast-page-background-meta":{"desktop":{"background-color":"var(--ast-global-color-4)","background-image":"","background-repeat":"repeat","background-position":"center center","background-size":"auto","background-attachment":"scroll","background-type":"","background-media":"","overlay-type":"","overlay-color":"","overlay-opacity":"","overlay-gradient":""},"tablet":{"background-color":"","background-image":"","background-repeat":"repeat","background-position":"center center","background-size":"auto","background-attachment":"scroll","background-type":"","background-media":"","overlay-type":"","overlay-color":"","overlay-opacity":"","overlay-gradient":""},"mobile":{"background-color":"","background-image":"","background-repeat":"repeat","background-position":"center center","background-size":"auto","background-attachment":"scroll","background-type":"","background-media":"","overlay-type":"","overlay-color":"","overlay-opacity":"","overlay-gradient":""}},"ast-content-background-meta":{"desktop":{"background-color":"var(--ast-global-color-5)","background-image":"","background-repeat":"repeat","background-position":"center center","background-size":"auto","background-attachment":"scroll","background-type":"","background-media":"","overlay-type":"","overlay-color":"","overlay-opacity":"","overlay-gradient":""},"tablet":{"background-color":"var(--ast-global-color-5)","background-image":"","background-repeat":"repeat","background-position":"center center","background-size":"auto","background-attachment":"scroll","background-type":"","background-media":"","overlay-type":"","overlay-color":"","overlay-opacity":"","overlay-gradient":""},"mobile":{"background-color":"var(--ast-global-color-5)","background-image":"","background-repeat":"repeat","background-position":"center center","background-size":"auto","background-attachment":"scroll","background-type":"","background-media":"","overlay-type":"","overlay-color":"","overlay-opacity":"","overlay-gradient":""}},"footnotes":""},"class_list":["post-345","page","type-page","status-publish","hentry"],"post_mailing_queue_ids":[],"_links":{"self":[{"href":"https:\/\/serveiseducatius.xtec.cat\/ciutatvella\/wp-json\/wp\/v2\/pages\/345","targetHints":{"allow":["GET"]}}],"collection":[{"href":"https:\/\/serveiseducatius.xtec.cat\/ciutatvella\/wp-json\/wp\/v2\/pages"}],"about":[{"href":"https:\/\/serveiseducatius.xtec.cat\/ciutatvella\/wp-json\/wp\/v2\/types\/page"}],"author":[{"embeddable":true,"href":"https:\/\/serveiseducatius.xtec.cat\/ciutatvella\/wp-json\/wp\/v2\/users\/1"}],"replies":[{"embeddable":true,"href":"https:\/\/serveiseducatius.xtec.cat\/ciutatvella\/wp-json\/wp\/v2\/comments?post=345"}],"version-history":[{"count":0,"href":"https:\/\/serveiseducatius.xtec.cat\/ciutatvella\/wp-json\/wp\/v2\/pages\/345\/revisions"}],"up":[{"embeddable":true,"href":"https:\/\/serveiseducatius.xtec.cat\/ciutatvella\/wp-json\/wp\/v2\/pages\/341"}],"wp:attachment":[{"href":"https:\/\/serveiseducatius.xtec.cat\/ciutatvella\/wp-json\/wp\/v2\/media?parent=345"}],"curies":[{"name":"wp","href":"https:\/\/api.w.org\/{rel}","templated":true}]}}