{"id":12095,"date":"2026-03-06T14:03:43","date_gmt":"2026-03-06T13:03:43","guid":{"rendered":"https:\/\/serveiseducatius.xtec.cat\/ciutatvella\/?page_id=12095"},"modified":"2026-03-06T14:23:18","modified_gmt":"2026-03-06T13:23:18","slug":"xarxes-docents-per-la-millora-educativa","status":"publish","type":"page","link":"https:\/\/serveiseducatius.xtec.cat\/ciutatvella\/xarxes-docents-per-la-millora-educativa\/","title":{"rendered":"Xarxes docents per la millora educativa"},"content":{"rendered":"<p>Despr\u00e9s d\u2019un per\u00edode de reflexi\u00f3 motivat per l\u2019arrelament generalitzat de les seves propostes,<strong>\u00a0el programa de\u00a0<a href=\"https:\/\/enequip.edubcn.cat\/xarxes-per-al-canvi-posa-rumb-cap-a-una-nova-etapa\/\">Xarxes per al Canvi<\/a>\u00a0esdev\u00e9 Xarxes docents per la Millora Educativa<\/strong>. Aquesta nova iniciativa t\u00e9 com a objectiu orientar els centres en la reflexi\u00f3 i el replantejament del seu prop\u00f2sit tot posant \u00e8mfasi en la millora de les compet\u00e8ncies docents. Els centres van demanar posar \u00e8mfasi en estrat\u00e8gies per a la gesti\u00f3 de l&#8217;aula i la formaci\u00f3 docent a partir de l&#8217;aprenentatge entre iguals.<\/p>\n<p><img decoding=\"async\" src=\"https:\/\/enequip.edubcn.cat\/wp-content\/uploads\/2025\/05\/infografia.png\" \/><\/p>\n<p>&nbsp;<\/p>\n<p>L\u2019organitzaci\u00f3 del programa s\u2019estructura amb la prioritzaci\u00f3 de dos objectius de millora al llarg d\u2019un curs de tal manera que en tres cursos s\u2019hauran treballat sis eixos tem\u00e0tics. Els continguts es treballen a partir d\u2019una confer\u00e8ncia inicial plen\u00e0ria d\u2019una persona de prestigi. Els ponents experts per al curs 2025-2026 seran\u00a0<strong>Montserrat<\/strong>\u00a0<strong>Fons Esteve<\/strong>, professora titular de Did\u00e0ctica de la Llengua i la Literatura a la Facultat d\u2019Educaci\u00f3 de la Universitat de Barcelona i\u00a0<strong>H\u00e9ctor Ruiz<\/strong>\u00a0<strong>Mart\u00edn<\/strong>, investigador i divulgador cient\u00edfic especialitzat en psicologia cognitiva de l\u2019aprenentatge i director de la International Science Teaching Foundation, una organitzaci\u00f3 dedicada a desenvolupar recursos educatius basats en l\u2019evid\u00e8ncia cient\u00edfica per a la millora de l\u2019ensenyament de les ci\u00e8ncies i les matem\u00e0tiques.<\/p>\n<p>A trav\u00e9s del grup impulsor i amb la col\u00b7laboraci\u00f3 dels centres de recursos pedag\u00f2gics, es treballa la transfer\u00e8ncia dels continguts al claustre per tal que es puguin implementar les millores a les aules.<\/p>\n<p>El districte de Ciutat Vella participa des de la xarxa 6 conjuntament amb el districte de Sants-Montju\u00efc.<\/p>\n<p>El curs 2025-2026 han participat l&#8217;Institut Escola Elisabets, l&#8217;Escola Pia Sant Antoni i l&#8217;Escola Alexandre Gal\u00ed.<\/p>\n<p><img loading=\"lazy\" decoding=\"async\" class=\" wp-image-12098 alignleft\" src=\"https:\/\/serveiseducatius.xtec.cat\/ciutatvella\/wp-content\/uploads\/usu1173\/2026\/03\/IMG_0833-300x225.jpeg\" alt=\"\" width=\"392\" height=\"294\" srcset=\"https:\/\/serveiseducatius.xtec.cat\/ciutatvella\/wp-content\/uploads\/usu1173\/2026\/03\/IMG_0833-300x225.jpeg 300w, https:\/\/serveiseducatius.xtec.cat\/ciutatvella\/wp-content\/uploads\/usu1173\/2026\/03\/IMG_0833-1024x768.jpeg 1024w, https:\/\/serveiseducatius.xtec.cat\/ciutatvella\/wp-content\/uploads\/usu1173\/2026\/03\/IMG_0833-768x576.jpeg 768w, https:\/\/serveiseducatius.xtec.cat\/ciutatvella\/wp-content\/uploads\/usu1173\/2026\/03\/IMG_0833-1536x1152.jpeg 1536w, https:\/\/serveiseducatius.xtec.cat\/ciutatvella\/wp-content\/uploads\/usu1173\/2026\/03\/IMG_0833-2048x1536.jpeg 2048w\" sizes=\"auto, (max-width: 392px) 100vw, 392px\" \/><img loading=\"lazy\" decoding=\"async\" class=\" wp-image-12099 alignleft\" src=\"https:\/\/serveiseducatius.xtec.cat\/ciutatvella\/wp-content\/uploads\/usu1173\/2026\/03\/IMG_0837-300x225.jpeg\" alt=\"\" width=\"389\" height=\"292\" srcset=\"https:\/\/serveiseducatius.xtec.cat\/ciutatvella\/wp-content\/uploads\/usu1173\/2026\/03\/IMG_0837-300x225.jpeg 300w, https:\/\/serveiseducatius.xtec.cat\/ciutatvella\/wp-content\/uploads\/usu1173\/2026\/03\/IMG_0837-1024x768.jpeg 1024w, https:\/\/serveiseducatius.xtec.cat\/ciutatvella\/wp-content\/uploads\/usu1173\/2026\/03\/IMG_0837-768x576.jpeg 768w, https:\/\/serveiseducatius.xtec.cat\/ciutatvella\/wp-content\/uploads\/usu1173\/2026\/03\/IMG_0837-1536x1152.jpeg 1536w, https:\/\/serveiseducatius.xtec.cat\/ciutatvella\/wp-content\/uploads\/usu1173\/2026\/03\/IMG_0837-2048x1536.jpeg 2048w\" sizes=\"auto, (max-width: 389px) 100vw, 389px\" \/><\/p>\n","protected":false},"excerpt":{"rendered":"<p>Despr\u00e9s d\u2019un per\u00edode de reflexi\u00f3 motivat per l\u2019arrelament generalitzat de les seves propostes,\u00a0el programa de\u00a0Xarxes per al Canvi\u00a0esdev\u00e9 Xarxes docents per la Millora Educativa. Aquesta nova iniciativa t\u00e9 com a objectiu orientar els centres en la reflexi\u00f3 i el replantejament del seu prop\u00f2sit tot posant \u00e8mfasi en la millora de les compet\u00e8ncies docents. Els centres [&hellip;]<\/p>\n","protected":false},"author":1,"featured_media":0,"parent":0,"menu_order":0,"comment_status":"closed","ping_status":"closed","template":"","meta":{"_bbp_topic_count":0,"_bbp_reply_count":0,"_bbp_total_topic_count":0,"_bbp_total_reply_count":0,"_bbp_voice_count":0,"_bbp_anonymous_reply_count":0,"_bbp_topic_count_hidden":0,"_bbp_reply_count_hidden":0,"_bbp_forum_subforum_count":0,"site-sidebar-layout":"default","site-content-layout":"","ast-site-content-layout":"default","site-content-style":"default","site-sidebar-style":"default","ast-global-header-display":"","ast-banner-title-visibility":"","ast-main-header-display":"","ast-hfb-above-header-display":"","ast-hfb-below-header-display":"","ast-hfb-mobile-header-display":"","site-post-title":"","ast-breadcrumbs-content":"","ast-featured-img":"","footer-sml-layout":"","theme-transparent-header-meta":"default","adv-header-id-meta":"","stick-header-meta":"","header-above-stick-meta":"","header-main-stick-meta":"","header-below-stick-meta":"","astra-migrate-meta-layouts":"set","ast-page-background-enabled":"default","ast-page-background-meta":{"desktop":{"background-color":"var(--ast-global-color-4)","background-image":"","background-repeat":"repeat","background-position":"center center","background-size":"auto","background-attachment":"scroll","background-type":"","background-media":"","overlay-type":"","overlay-color":"","overlay-opacity":"","overlay-gradient":""},"tablet":{"background-color":"","background-image":"","background-repeat":"repeat","background-position":"center center","background-size":"auto","background-attachment":"scroll","background-type":"","background-media":"","overlay-type":"","overlay-color":"","overlay-opacity":"","overlay-gradient":""},"mobile":{"background-color":"","background-image":"","background-repeat":"repeat","background-position":"center center","background-size":"auto","background-attachment":"scroll","background-type":"","background-media":"","overlay-type":"","overlay-color":"","overlay-opacity":"","overlay-gradient":""}},"ast-content-background-meta":{"desktop":{"background-color":"var(--ast-global-color-5)","background-image":"","background-repeat":"repeat","background-position":"center center","background-size":"auto","background-attachment":"scroll","background-type":"","background-media":"","overlay-type":"","overlay-color":"","overlay-opacity":"","overlay-gradient":""},"tablet":{"background-color":"var(--ast-global-color-5)","background-image":"","background-repeat":"repeat","background-position":"center center","background-size":"auto","background-attachment":"scroll","background-type":"","background-media":"","overlay-type":"","overlay-color":"","overlay-opacity":"","overlay-gradient":""},"mobile":{"background-color":"var(--ast-global-color-5)","background-image":"","background-repeat":"repeat","background-position":"center center","background-size":"auto","background-attachment":"scroll","background-type":"","background-media":"","overlay-type":"","overlay-color":"","overlay-opacity":"","overlay-gradient":""}},"footnotes":""},"class_list":["post-12095","page","type-page","status-publish","hentry"],"post_mailing_queue_ids":[],"_links":{"self":[{"href":"https:\/\/serveiseducatius.xtec.cat\/ciutatvella\/wp-json\/wp\/v2\/pages\/12095","targetHints":{"allow":["GET"]}}],"collection":[{"href":"https:\/\/serveiseducatius.xtec.cat\/ciutatvella\/wp-json\/wp\/v2\/pages"}],"about":[{"href":"https:\/\/serveiseducatius.xtec.cat\/ciutatvella\/wp-json\/wp\/v2\/types\/page"}],"author":[{"embeddable":true,"href":"https:\/\/serveiseducatius.xtec.cat\/ciutatvella\/wp-json\/wp\/v2\/users\/1"}],"replies":[{"embeddable":true,"href":"https:\/\/serveiseducatius.xtec.cat\/ciutatvella\/wp-json\/wp\/v2\/comments?post=12095"}],"version-history":[{"count":3,"href":"https:\/\/serveiseducatius.xtec.cat\/ciutatvella\/wp-json\/wp\/v2\/pages\/12095\/revisions"}],"predecessor-version":[{"id":12101,"href":"https:\/\/serveiseducatius.xtec.cat\/ciutatvella\/wp-json\/wp\/v2\/pages\/12095\/revisions\/12101"}],"wp:attachment":[{"href":"https:\/\/serveiseducatius.xtec.cat\/ciutatvella\/wp-json\/wp\/v2\/media?parent=12095"}],"curies":[{"name":"wp","href":"https:\/\/api.w.org\/{rel}","templated":true}]}}