{"id":12018,"date":"2026-02-12T06:53:21","date_gmt":"2026-02-12T05:53:21","guid":{"rendered":"https:\/\/serveiseducatius.xtec.cat\/ciutatvella\/?page_id=12018"},"modified":"2026-04-12T20:41:32","modified_gmt":"2026-04-12T18:41:32","slug":"radio-i-audiovisuals","status":"publish","type":"page","link":"https:\/\/serveiseducatius.xtec.cat\/ciutatvella\/dinamitzacio\/radio-i-audiovisuals\/","title":{"rendered":"R\u00e0dio i audiovisuals"},"content":{"rendered":"<p>A continuaci\u00f3 trobareu els enlla\u00e7os de les activitats proposades pel Grup de Treball de R\u00e0dio i Audiovisuals del Departament d\u2019Educaci\u00f3 i diversos CRP\u2019s de Catalunya (entre els quals hi ha Ciutat Vella). Es tracta d\u2019activitats que tenen una data de lliurament de refer\u00e8ncia, per\u00f2 les produccions es poden penjar en qualsevol moment del curs:<\/p>\n<p><strong>R\u00e0dio:<\/strong><\/p>\n<ul class=\"wp-block-list\">\n<li><a href=\"https:\/\/drive.google.com\/file\/d\/1EchKHpUPp_0SVrW-EC5smNS9e61UoCAS\/view?usp=drive_link\" target=\"_blank\" rel=\"noreferrer noopener\">100 anys explicant hist\u00f2ries:\u00a0<\/a>enregistrar una pe\u00e7a sonora basada en un conte, llegenda o relat popular.<\/li>\n<li><a href=\"https:\/\/drive.google.com\/file\/d\/1-8RR2F5ZrW2PjzI14D5uzqc2xGrzBqCo\/view?usp=drive_link\" target=\"_blank\" rel=\"noreferrer noopener\">Podcast: Dones i ci\u00e8ncia:<\/a> enregistrar un p\u00f2dcast sonor amb motiu del Dia Internacional de les Dones i les Nenes en la Ci\u00e8ncia, investigant la vida i el llegat de 30 dones que han estat referents en la hist\u00f2ria de la ci\u00e8ncia al m\u00f3n.<\/li>\n<li><a href=\"https:\/\/drive.google.com\/file\/d\/1-QBzobpP7EbtOU-GA1JLgFii7yLjIpsQ\/view?usp=drive_link\" target=\"_blank\" rel=\"noreferrer noopener\">Poesia sonora:<\/a> enregistrar un poema o fragment po\u00e8tic en tot treballant la pl\u00e0stica sonora per tal d\u2019enriquir-lo.<\/li>\n<li><a href=\"https:\/\/drive.google.com\/file\/d\/1hksDBUdDRGL818ThJm4YADkn2giXRFFX\/view\" target=\"_blank\" rel=\"noopener\">Sant Jordi a les ones<\/a>: enregistrar una recomanaci\u00f3 liter\u00e0ria en format sonor.<\/li>\n<li><a href=\"https:\/\/drive.google.com\/file\/d\/1bc3_YKdpAFwigdTY7pAD9WJBokwGwyRJ\/view?usp=drive_link\" target=\"_blank\" rel=\"noopener\">Entrevista en format radiof\u00f2nic<\/a>: enregistrar una entrevista en format radiof\u00f2nic.<\/li>\n<\/ul>\n<p><strong>Audiovisual:<\/strong><\/p>\n<ul class=\"wp-block-list\">\n<li><a href=\"https:\/\/drive.google.com\/file\/d\/1y3VbnXDP1hy88XGAq_o253GP5SinyXvq\/view?usp=drive_link\" target=\"_blank\" rel=\"noreferrer noopener\">Conte audiovisual il\u00b7lustrat<\/a>: enregistrar un conte en format audiovisual, seguint les caracter\u00edstiques de les hist\u00f2ries que apareixen a l\u2019espai \u201cUna m\u00e0 de contes\u201d.<\/li>\n<li><a href=\"https:\/\/drive.google.com\/file\/d\/1Ewce9GdeNVWgcFtF1qrtxQvg4ab1zms0\/view?usp=drive_link\" target=\"_blank\" rel=\"noreferrer noopener\">Videopodcast: Dones i ci\u00e8ncia:<\/a> enregistrar un videop\u00f2dcast en motiu del Dia Internacional de la Dona i la ci\u00e8ncia, investigant la vida i el llegat de 30 dones que han sigut referents en la hist\u00f2ria de la ci\u00e8ncia al m\u00f3n.<\/li>\n<li><a href=\"https:\/\/drive.google.com\/file\/d\/1v3LO7jkzCMWH-s7EGCFvuA5uX38M0FxJ\/view?usp=drive_link\" target=\"_blank\" rel=\"noopener\">Fem de booktubers<\/a>: proposta pedag\u00f2gica on es convida els centres a enregistrar una recomanaci\u00f3 liter\u00e0ria en format audiovisual.<\/li>\n<li><a href=\"https:\/\/drive.google.com\/file\/d\/1DtnD7joyPBPqGCRQR8xCvmJ3EesPXHdG\/view?usp=drive_link\" target=\"_blank\" rel=\"noopener\">Entrevista en format audiovisual. Micropodcast micro obert:\u00a0<\/a>es convida els centres a enregistrar una entrevista en format radiof\u00f2nic.<\/li>\n<li><a href=\"https:\/\/drive.google.com\/file\/d\/1voC1rs5J2J6DIqWuW9oFS8qei4KCTV1i\/view?usp=drive_link\" target=\"_blank\" rel=\"noopener\">Fem booktrailers:\u00a0<\/a>proposta pedag\u00f2gica on es convida els centres a enregistrar un petit v\u00eddeo publicitari que presenta un llibre de manera que capti l\u2019inter\u00e8s del lector.<\/li>\n<\/ul>\n<p><strong>Important<\/strong>: Per tal de poder penjar les produccions al repositori del Canal Reporters i enlla\u00e7ar-ho al <a href=\"https:\/\/serveiseducatius.xtec.cat\/ciutatvella\/repositori-dartefactes-sonors\/\">nodes del Servei Educatiu<\/a>, cal completar els permisos de la veu i imatge de l\u2019alumnat i enviar-los en pdf al CRP.<\/p>\n<ul class=\"wp-block-list\">\n<li><a href=\"https:\/\/drive.google.com\/file\/d\/1Ip83ojadTPpSrthbZ6jDkvVKwGoS4akk\/view?usp=drive_link\">Autoritzaci\u00f3 d\u2019\u00fas d\u2019imatges i veu de persones majors de 14 anys<\/a><\/li>\n<li><a href=\"https:\/\/drive.google.com\/file\/d\/1P0gRSD-Rk5hhGa2DO5tPgsBExel3UY72\/view?usp=drive_link\">Autoritzaci\u00f3 d\u2019\u00fas d\u2019imatges i veu de persones menors de 14 anys<\/a><\/li>\n<\/ul>\n<p>Podeu contactar amb el CRP si necessiteu suport per a desenvolupar alguna de les propostes o per resoldre qualsevol dubte.<\/p>\n","protected":false},"excerpt":{"rendered":"<p>A continuaci\u00f3 trobareu els enlla\u00e7os de les activitats proposades pel Grup de Treball de R\u00e0dio i Audiovisuals del Departament d\u2019Educaci\u00f3 i diversos CRP\u2019s de Catalunya (entre els quals hi ha Ciutat Vella). Es tracta d\u2019activitats que tenen una data de lliurament de refer\u00e8ncia, per\u00f2 les produccions es poden penjar en qualsevol moment del curs: R\u00e0dio: [&hellip;]<\/p>\n","protected":false},"author":1,"featured_media":0,"parent":8349,"menu_order":0,"comment_status":"closed","ping_status":"closed","template":"","meta":{"_bbp_topic_count":0,"_bbp_reply_count":0,"_bbp_total_topic_count":0,"_bbp_total_reply_count":0,"_bbp_voice_count":0,"_bbp_anonymous_reply_count":0,"_bbp_topic_count_hidden":0,"_bbp_reply_count_hidden":0,"_bbp_forum_subforum_count":0,"site-sidebar-layout":"default","site-content-layout":"","ast-site-content-layout":"default","site-content-style":"default","site-sidebar-style":"default","ast-global-header-display":"","ast-banner-title-visibility":"","ast-main-header-display":"","ast-hfb-above-header-display":"","ast-hfb-below-header-display":"","ast-hfb-mobile-header-display":"","site-post-title":"","ast-breadcrumbs-content":"","ast-featured-img":"","footer-sml-layout":"","theme-transparent-header-meta":"default","adv-header-id-meta":"","stick-header-meta":"","header-above-stick-meta":"","header-main-stick-meta":"","header-below-stick-meta":"","astra-migrate-meta-layouts":"set","ast-page-background-enabled":"default","ast-page-background-meta":{"desktop":{"background-color":"var(--ast-global-color-4)","background-image":"","background-repeat":"repeat","background-position":"center center","background-size":"auto","background-attachment":"scroll","background-type":"","background-media":"","overlay-type":"","overlay-color":"","overlay-opacity":"","overlay-gradient":""},"tablet":{"background-color":"","background-image":"","background-repeat":"repeat","background-position":"center center","background-size":"auto","background-attachment":"scroll","background-type":"","background-media":"","overlay-type":"","overlay-color":"","overlay-opacity":"","overlay-gradient":""},"mobile":{"background-color":"","background-image":"","background-repeat":"repeat","background-position":"center center","background-size":"auto","background-attachment":"scroll","background-type":"","background-media":"","overlay-type":"","overlay-color":"","overlay-opacity":"","overlay-gradient":""}},"ast-content-background-meta":{"desktop":{"background-color":"var(--ast-global-color-5)","background-image":"","background-repeat":"repeat","background-position":"center center","background-size":"auto","background-attachment":"scroll","background-type":"","background-media":"","overlay-type":"","overlay-color":"","overlay-opacity":"","overlay-gradient":""},"tablet":{"background-color":"var(--ast-global-color-5)","background-image":"","background-repeat":"repeat","background-position":"center center","background-size":"auto","background-attachment":"scroll","background-type":"","background-media":"","overlay-type":"","overlay-color":"","overlay-opacity":"","overlay-gradient":""},"mobile":{"background-color":"var(--ast-global-color-5)","background-image":"","background-repeat":"repeat","background-position":"center center","background-size":"auto","background-attachment":"scroll","background-type":"","background-media":"","overlay-type":"","overlay-color":"","overlay-opacity":"","overlay-gradient":""}},"footnotes":""},"class_list":["post-12018","page","type-page","status-publish","hentry"],"post_mailing_queue_ids":[],"_links":{"self":[{"href":"https:\/\/serveiseducatius.xtec.cat\/ciutatvella\/wp-json\/wp\/v2\/pages\/12018","targetHints":{"allow":["GET"]}}],"collection":[{"href":"https:\/\/serveiseducatius.xtec.cat\/ciutatvella\/wp-json\/wp\/v2\/pages"}],"about":[{"href":"https:\/\/serveiseducatius.xtec.cat\/ciutatvella\/wp-json\/wp\/v2\/types\/page"}],"author":[{"embeddable":true,"href":"https:\/\/serveiseducatius.xtec.cat\/ciutatvella\/wp-json\/wp\/v2\/users\/1"}],"replies":[{"embeddable":true,"href":"https:\/\/serveiseducatius.xtec.cat\/ciutatvella\/wp-json\/wp\/v2\/comments?post=12018"}],"version-history":[{"count":6,"href":"https:\/\/serveiseducatius.xtec.cat\/ciutatvella\/wp-json\/wp\/v2\/pages\/12018\/revisions"}],"predecessor-version":[{"id":12218,"href":"https:\/\/serveiseducatius.xtec.cat\/ciutatvella\/wp-json\/wp\/v2\/pages\/12018\/revisions\/12218"}],"up":[{"embeddable":true,"href":"https:\/\/serveiseducatius.xtec.cat\/ciutatvella\/wp-json\/wp\/v2\/pages\/8349"}],"wp:attachment":[{"href":"https:\/\/serveiseducatius.xtec.cat\/ciutatvella\/wp-json\/wp\/v2\/media?parent=12018"}],"curies":[{"name":"wp","href":"https:\/\/api.w.org\/{rel}","templated":true}]}}