{"id":11925,"date":"2026-01-24T21:33:03","date_gmt":"2026-01-24T20:33:03","guid":{"rendered":"https:\/\/serveiseducatius.xtec.cat\/ciutatvella\/?page_id=11925"},"modified":"2026-03-26T16:21:28","modified_gmt":"2026-03-26T15:21:28","slug":"xarxa-de-competencia-lectora","status":"publish","type":"page","link":"https:\/\/serveiseducatius.xtec.cat\/ciutatvella\/xarxa-de-competencia-lectora\/","title":{"rendered":"Xarxa de compet\u00e8ncia lectora"},"content":{"rendered":"<p>El Departament d\u2019Educaci\u00f3 de Catalunya desplega un pla integral per\u00a0<strong>millorar la compet\u00e8ncia lectora de l\u2019alumnat,<\/strong>\u00a0arran de la preocupaci\u00f3 pels resultats en comprensi\u00f3 lectora. El projecte engloba des de l\u2019actualitzaci\u00f3 de biblioteques escolars fins a la formaci\u00f3 espec\u00edfica per al professorat, passant per la creaci\u00f3 de xarxes de comprensi\u00f3 lectora i l\u2019impuls de l\u2019h\u00e0bit lector.<\/p>\n<p><img loading=\"lazy\" decoding=\"async\" class=\"wp-image-9463 size-medium alignleft\" src=\"https:\/\/projectes.xtec.cat\/lic-cce\/wp-content\/uploads\/usu2122\/2024\/11\/Components-CL-300x211.jpg\" sizes=\"auto, (max-width: 300px) 100vw, 300px\" srcset=\"https:\/\/projectes.xtec.cat\/lic-cce\/wp-content\/uploads\/usu2122\/2024\/11\/Components-CL-300x211.jpg 300w, https:\/\/projectes.xtec.cat\/lic-cce\/wp-content\/uploads\/usu2122\/2024\/11\/Components-CL-1024x719.jpg 1024w, https:\/\/projectes.xtec.cat\/lic-cce\/wp-content\/uploads\/usu2122\/2024\/11\/Components-CL-768x539.jpg 768w, https:\/\/projectes.xtec.cat\/lic-cce\/wp-content\/uploads\/usu2122\/2024\/11\/Components-CL.jpg 1189w\" alt=\"\" width=\"300\" height=\"211\" \/><\/p>\n<p>Amb l\u2019objectiu de fomentar una millora tangible en la comprensi\u00f3 lectora, la<strong>\u00a0xarxa de compet\u00e8ncia lectora (XCL)<\/strong>\u00a0vol promoure l\u2019aprenentatge entre iguals, mitjan\u00e7ant la reflexi\u00f3, l\u2019intercanvi de coneixements i de bones pr\u00e0ctiques, aix\u00ed com oferir i compartir materials, eines, estrat\u00e8gies i activitats per millorar la comprensi\u00f3 lectora d\u2019infants i joves.<\/p>\n","protected":false},"excerpt":{"rendered":"<p>El Departament d\u2019Educaci\u00f3 de Catalunya desplega un pla integral per\u00a0millorar la compet\u00e8ncia lectora de l\u2019alumnat,\u00a0arran de la preocupaci\u00f3 pels resultats en comprensi\u00f3 lectora. El projecte engloba des de l\u2019actualitzaci\u00f3 de biblioteques escolars fins a la formaci\u00f3 espec\u00edfica per al professorat, passant per la creaci\u00f3 de xarxes de comprensi\u00f3 lectora i l\u2019impuls de l\u2019h\u00e0bit lector. Amb [&hellip;]<\/p>\n","protected":false},"author":1,"featured_media":0,"parent":0,"menu_order":0,"comment_status":"closed","ping_status":"closed","template":"","meta":{"_bbp_topic_count":0,"_bbp_reply_count":0,"_bbp_total_topic_count":0,"_bbp_total_reply_count":0,"_bbp_voice_count":0,"_bbp_anonymous_reply_count":0,"_bbp_topic_count_hidden":0,"_bbp_reply_count_hidden":0,"_bbp_forum_subforum_count":0,"site-sidebar-layout":"default","site-content-layout":"","ast-site-content-layout":"default","site-content-style":"default","site-sidebar-style":"default","ast-global-header-display":"","ast-banner-title-visibility":"","ast-main-header-display":"","ast-hfb-above-header-display":"","ast-hfb-below-header-display":"","ast-hfb-mobile-header-display":"","site-post-title":"","ast-breadcrumbs-content":"","ast-featured-img":"","footer-sml-layout":"","theme-transparent-header-meta":"default","adv-header-id-meta":"","stick-header-meta":"","header-above-stick-meta":"","header-main-stick-meta":"","header-below-stick-meta":"","astra-migrate-meta-layouts":"set","ast-page-background-enabled":"default","ast-page-background-meta":{"desktop":{"background-color":"var(--ast-global-color-4)","background-image":"","background-repeat":"repeat","background-position":"center center","background-size":"auto","background-attachment":"scroll","background-type":"","background-media":"","overlay-type":"","overlay-color":"","overlay-opacity":"","overlay-gradient":""},"tablet":{"background-color":"","background-image":"","background-repeat":"repeat","background-position":"center center","background-size":"auto","background-attachment":"scroll","background-type":"","background-media":"","overlay-type":"","overlay-color":"","overlay-opacity":"","overlay-gradient":""},"mobile":{"background-color":"","background-image":"","background-repeat":"repeat","background-position":"center center","background-size":"auto","background-attachment":"scroll","background-type":"","background-media":"","overlay-type":"","overlay-color":"","overlay-opacity":"","overlay-gradient":""}},"ast-content-background-meta":{"desktop":{"background-color":"var(--ast-global-color-5)","background-image":"","background-repeat":"repeat","background-position":"center center","background-size":"auto","background-attachment":"scroll","background-type":"","background-media":"","overlay-type":"","overlay-color":"","overlay-opacity":"","overlay-gradient":""},"tablet":{"background-color":"var(--ast-global-color-5)","background-image":"","background-repeat":"repeat","background-position":"center center","background-size":"auto","background-attachment":"scroll","background-type":"","background-media":"","overlay-type":"","overlay-color":"","overlay-opacity":"","overlay-gradient":""},"mobile":{"background-color":"var(--ast-global-color-5)","background-image":"","background-repeat":"repeat","background-position":"center center","background-size":"auto","background-attachment":"scroll","background-type":"","background-media":"","overlay-type":"","overlay-color":"","overlay-opacity":"","overlay-gradient":""}},"footnotes":""},"class_list":["post-11925","page","type-page","status-publish","hentry"],"post_mailing_queue_ids":[],"_links":{"self":[{"href":"https:\/\/serveiseducatius.xtec.cat\/ciutatvella\/wp-json\/wp\/v2\/pages\/11925","targetHints":{"allow":["GET"]}}],"collection":[{"href":"https:\/\/serveiseducatius.xtec.cat\/ciutatvella\/wp-json\/wp\/v2\/pages"}],"about":[{"href":"https:\/\/serveiseducatius.xtec.cat\/ciutatvella\/wp-json\/wp\/v2\/types\/page"}],"author":[{"embeddable":true,"href":"https:\/\/serveiseducatius.xtec.cat\/ciutatvella\/wp-json\/wp\/v2\/users\/1"}],"replies":[{"embeddable":true,"href":"https:\/\/serveiseducatius.xtec.cat\/ciutatvella\/wp-json\/wp\/v2\/comments?post=11925"}],"version-history":[{"count":2,"href":"https:\/\/serveiseducatius.xtec.cat\/ciutatvella\/wp-json\/wp\/v2\/pages\/11925\/revisions"}],"predecessor-version":[{"id":12155,"href":"https:\/\/serveiseducatius.xtec.cat\/ciutatvella\/wp-json\/wp\/v2\/pages\/11925\/revisions\/12155"}],"wp:attachment":[{"href":"https:\/\/serveiseducatius.xtec.cat\/ciutatvella\/wp-json\/wp\/v2\/media?parent=11925"}],"curies":[{"name":"wp","href":"https:\/\/api.w.org\/{rel}","templated":true}]}}