{"id":11892,"date":"2026-01-24T20:20:28","date_gmt":"2026-01-24T19:20:28","guid":{"rendered":"https:\/\/serveiseducatius.xtec.cat\/ciutatvella\/?page_id=11892"},"modified":"2026-04-07T09:25:19","modified_gmt":"2026-04-07T07:25:19","slug":"xarxa-de-pensament-computacional","status":"publish","type":"page","link":"https:\/\/serveiseducatius.xtec.cat\/ciutatvella\/xarxa-de-pensament-computacional\/","title":{"rendered":"Xarxa de Pensament Computacional"},"content":{"rendered":"<div>La Xarxa de Pensament Computacional i Rob\u00f2tica de Ciutat Vella s\u2019emmarca en el Projecte C\u00f3digo Escuela 4.0 i est\u00e0 dinamitzada per Mentories 4.0, amb el suport i l\u2019acompanyament de la inspecci\u00f3 educativa del territori.<\/div>\n<p>La Xarxa de Pensament Computacional i Rob\u00f2tica de Ciutat Vella \u00e9s un espai col\u00b7laboratiu on docents d&#8217;escoles de prim\u00e0ria i instituts escola del districte poden:<\/p>\n<ul>\n<li>Compartir experi\u00e8ncies i bones pr\u00e0ctiques.<\/li>\n<li>Ampliar coneixements sobre rob\u00f2tica i pensament computacional.<\/li>\n<li>Explorar noves opcions per integrar la tecnologia a l&#8217;aula.<\/li>\n<\/ul>\n<p>La xarxa posa especial \u00e8mfasi en inclusi\u00f3 educativa amb l\u2019objectiu de generar un impacte real en l\u2019\u00e8xit educatiu, potenciant:<\/p>\n<ul>\n<li>la resoluci\u00f3 de problemes<\/li>\n<li>la creativitat<\/li>\n<li>i el comprom\u00eds actiu de l\u2019alumnat en el seu propi aprenentatge.<\/li>\n<\/ul>\n<p><strong>Recursos<\/strong><\/p>\n<p>Per con\u00e8ixer els objectius de la xarxa i el contingut espec\u00edfic de les sessions, podeu consultar els seg\u00fcents enlla\u00e7os:<\/p>\n<p>&#8211; <a href=\"https:\/\/drive.google.com\/file\/d\/1vQNngggjUlawE7iZRrJWPZ8Hm4dYpxCL\/view?usp=drive_link\">1\u00aa sessi\u00f3: Introducci\u00f3 a la Xarxa i al Pensament Computacional. Els robots compactes.<\/a><br \/>\n&#8211;<a href=\"https:\/\/drive.google.com\/file\/d\/1lJEOo6gbXBUNFIDKB5NbHYNcAr04NsSc\/view\"> 2\u00aa sessi\u00f3: Els llenguatges de programaci\u00f3.<\/a><br \/>\n<a href=\"https:\/\/drive.google.com\/file\/d\/120ZJ5ze-D5LNdNav40lkyDFNjjhDqK2B\/view?usp=drive_link\">&#8211; 3\u00aa sessi\u00f3: Els robots amb sensors i els robots amb hub i kit constructiu.<\/a><br \/>\n&#8211; 4\u00aa sessi\u00f3: El pensament computacional desendollat.<\/p>\n","protected":false},"excerpt":{"rendered":"<p>La Xarxa de Pensament Computacional i Rob\u00f2tica de Ciutat Vella s\u2019emmarca en el Projecte C\u00f3digo Escuela 4.0 i est\u00e0 dinamitzada per Mentories 4.0, amb el suport i l\u2019acompanyament de la inspecci\u00f3 educativa del territori. La Xarxa de Pensament Computacional i Rob\u00f2tica de Ciutat Vella \u00e9s un espai col\u00b7laboratiu on docents d&#8217;escoles de prim\u00e0ria i instituts [&hellip;]<\/p>\n","protected":false},"author":1,"featured_media":0,"parent":0,"menu_order":0,"comment_status":"closed","ping_status":"closed","template":"","meta":{"_bbp_topic_count":0,"_bbp_reply_count":0,"_bbp_total_topic_count":0,"_bbp_total_reply_count":0,"_bbp_voice_count":0,"_bbp_anonymous_reply_count":0,"_bbp_topic_count_hidden":0,"_bbp_reply_count_hidden":0,"_bbp_forum_subforum_count":0,"site-sidebar-layout":"default","site-content-layout":"","ast-site-content-layout":"default","site-content-style":"default","site-sidebar-style":"default","ast-global-header-display":"","ast-banner-title-visibility":"","ast-main-header-display":"","ast-hfb-above-header-display":"","ast-hfb-below-header-display":"","ast-hfb-mobile-header-display":"","site-post-title":"","ast-breadcrumbs-content":"","ast-featured-img":"","footer-sml-layout":"","theme-transparent-header-meta":"default","adv-header-id-meta":"","stick-header-meta":"","header-above-stick-meta":"","header-main-stick-meta":"","header-below-stick-meta":"","astra-migrate-meta-layouts":"set","ast-page-background-enabled":"default","ast-page-background-meta":{"desktop":{"background-color":"var(--ast-global-color-4)","background-image":"","background-repeat":"repeat","background-position":"center center","background-size":"auto","background-attachment":"scroll","background-type":"","background-media":"","overlay-type":"","overlay-color":"","overlay-opacity":"","overlay-gradient":""},"tablet":{"background-color":"","background-image":"","background-repeat":"repeat","background-position":"center center","background-size":"auto","background-attachment":"scroll","background-type":"","background-media":"","overlay-type":"","overlay-color":"","overlay-opacity":"","overlay-gradient":""},"mobile":{"background-color":"","background-image":"","background-repeat":"repeat","background-position":"center center","background-size":"auto","background-attachment":"scroll","background-type":"","background-media":"","overlay-type":"","overlay-color":"","overlay-opacity":"","overlay-gradient":""}},"ast-content-background-meta":{"desktop":{"background-color":"var(--ast-global-color-5)","background-image":"","background-repeat":"repeat","background-position":"center center","background-size":"auto","background-attachment":"scroll","background-type":"","background-media":"","overlay-type":"","overlay-color":"","overlay-opacity":"","overlay-gradient":""},"tablet":{"background-color":"var(--ast-global-color-5)","background-image":"","background-repeat":"repeat","background-position":"center center","background-size":"auto","background-attachment":"scroll","background-type":"","background-media":"","overlay-type":"","overlay-color":"","overlay-opacity":"","overlay-gradient":""},"mobile":{"background-color":"var(--ast-global-color-5)","background-image":"","background-repeat":"repeat","background-position":"center center","background-size":"auto","background-attachment":"scroll","background-type":"","background-media":"","overlay-type":"","overlay-color":"","overlay-opacity":"","overlay-gradient":""}},"footnotes":""},"class_list":["post-11892","page","type-page","status-publish","hentry"],"post_mailing_queue_ids":[],"_links":{"self":[{"href":"https:\/\/serveiseducatius.xtec.cat\/ciutatvella\/wp-json\/wp\/v2\/pages\/11892","targetHints":{"allow":["GET"]}}],"collection":[{"href":"https:\/\/serveiseducatius.xtec.cat\/ciutatvella\/wp-json\/wp\/v2\/pages"}],"about":[{"href":"https:\/\/serveiseducatius.xtec.cat\/ciutatvella\/wp-json\/wp\/v2\/types\/page"}],"author":[{"embeddable":true,"href":"https:\/\/serveiseducatius.xtec.cat\/ciutatvella\/wp-json\/wp\/v2\/users\/1"}],"replies":[{"embeddable":true,"href":"https:\/\/serveiseducatius.xtec.cat\/ciutatvella\/wp-json\/wp\/v2\/comments?post=11892"}],"version-history":[{"count":6,"href":"https:\/\/serveiseducatius.xtec.cat\/ciutatvella\/wp-json\/wp\/v2\/pages\/11892\/revisions"}],"predecessor-version":[{"id":12172,"href":"https:\/\/serveiseducatius.xtec.cat\/ciutatvella\/wp-json\/wp\/v2\/pages\/11892\/revisions\/12172"}],"wp:attachment":[{"href":"https:\/\/serveiseducatius.xtec.cat\/ciutatvella\/wp-json\/wp\/v2\/media?parent=11892"}],"curies":[{"name":"wp","href":"https:\/\/api.w.org\/{rel}","templated":true}]}}