{"id":11825,"date":"2026-01-23T00:53:59","date_gmt":"2026-01-22T23:53:59","guid":{"rendered":"https:\/\/serveiseducatius.xtec.cat\/ciutatvella\/?page_id=11825"},"modified":"2026-02-24T16:46:27","modified_gmt":"2026-02-24T15:46:27","slug":"jornada-de-pensament-computacional","status":"publish","type":"page","link":"https:\/\/serveiseducatius.xtec.cat\/ciutatvella\/dinamitzacio\/jornada-de-pensament-computacional\/","title":{"rendered":"Jornada de Pensament Computacional"},"content":{"rendered":"<p>La Jornada Final de la Xarxa de Pensament Computacional i Rob\u00f2tica de Ciutat Vella \u00e9s el fruit d\u2019un proc\u00e9s col\u00b7laboratiu i participatiu dels docents de la Xarxa i posa els i les alumnes de prim\u00e0ria com a protagonistes. Durant la jornada, l&#8217;alumnat presentar\u00e0 projectes i resoldr\u00e0 reptes que combinen habilitats ling\u00fc\u00edstiques, matem\u00e0tiques i compet\u00e8ncies transversals, mostrant com la rob\u00f2tica i el pensament computacional potencien el seu aprenentatge actiu, creatiu i significatiu.<\/p>\n<p><strong>La jornada se celebrar\u00e0 els dies 21 (4rt, 5\u00e8 i 6\u00e8) i 28 de maig (1r, 2n i 3r) de 2026<\/strong>, al Centre de Recursos Pedag\u00f2gics espec\u00edfics de Suport a la Innovaci\u00f3 i la Recerca Educativa (<strong>CESIRE<\/strong>).<\/p>\n<p><img loading=\"lazy\" decoding=\"async\" class=\"size-medium wp-image-12073 aligncenter\" src=\"https:\/\/serveiseducatius.xtec.cat\/ciutatvella\/wp-content\/uploads\/usu1173\/2026\/02\/robotica-esc.mediterrania-234x300.jpg\" alt=\"\" width=\"234\" height=\"300\" srcset=\"https:\/\/serveiseducatius.xtec.cat\/ciutatvella\/wp-content\/uploads\/usu1173\/2026\/02\/robotica-esc.mediterrania-234x300.jpg 234w, https:\/\/serveiseducatius.xtec.cat\/ciutatvella\/wp-content\/uploads\/usu1173\/2026\/02\/robotica-esc.mediterrania-798x1024.jpg 798w, https:\/\/serveiseducatius.xtec.cat\/ciutatvella\/wp-content\/uploads\/usu1173\/2026\/02\/robotica-esc.mediterrania-768x986.jpg 768w, https:\/\/serveiseducatius.xtec.cat\/ciutatvella\/wp-content\/uploads\/usu1173\/2026\/02\/robotica-esc.mediterrania-1196x1536.jpg 1196w, https:\/\/serveiseducatius.xtec.cat\/ciutatvella\/wp-content\/uploads\/usu1173\/2026\/02\/robotica-esc.mediterrania-1595x2048.jpg 1595w, https:\/\/serveiseducatius.xtec.cat\/ciutatvella\/wp-content\/uploads\/usu1173\/2026\/02\/robotica-esc.mediterrania-scaled.jpg 1994w\" sizes=\"auto, (max-width: 234px) 100vw, 234px\" \/><\/p>\n","protected":false},"excerpt":{"rendered":"<p>La Jornada Final de la Xarxa de Pensament Computacional i Rob\u00f2tica de Ciutat Vella \u00e9s el fruit d\u2019un proc\u00e9s col\u00b7laboratiu i participatiu dels docents de la Xarxa i posa els i les alumnes de prim\u00e0ria com a protagonistes. Durant la jornada, l&#8217;alumnat presentar\u00e0 projectes i resoldr\u00e0 reptes que combinen habilitats ling\u00fc\u00edstiques, matem\u00e0tiques i compet\u00e8ncies transversals, [&hellip;]<\/p>\n","protected":false},"author":1,"featured_media":0,"parent":8349,"menu_order":7,"comment_status":"closed","ping_status":"closed","template":"","meta":{"_bbp_topic_count":0,"_bbp_reply_count":0,"_bbp_total_topic_count":0,"_bbp_total_reply_count":0,"_bbp_voice_count":0,"_bbp_anonymous_reply_count":0,"_bbp_topic_count_hidden":0,"_bbp_reply_count_hidden":0,"_bbp_forum_subforum_count":0,"site-sidebar-layout":"default","site-content-layout":"","ast-site-content-layout":"default","site-content-style":"default","site-sidebar-style":"default","ast-global-header-display":"","ast-banner-title-visibility":"","ast-main-header-display":"","ast-hfb-above-header-display":"","ast-hfb-below-header-display":"","ast-hfb-mobile-header-display":"","site-post-title":"","ast-breadcrumbs-content":"","ast-featured-img":"","footer-sml-layout":"","theme-transparent-header-meta":"default","adv-header-id-meta":"","stick-header-meta":"","header-above-stick-meta":"","header-main-stick-meta":"","header-below-stick-meta":"","astra-migrate-meta-layouts":"set","ast-page-background-enabled":"default","ast-page-background-meta":{"desktop":{"background-color":"var(--ast-global-color-4)","background-image":"","background-repeat":"repeat","background-position":"center center","background-size":"auto","background-attachment":"scroll","background-type":"","background-media":"","overlay-type":"","overlay-color":"","overlay-opacity":"","overlay-gradient":""},"tablet":{"background-color":"","background-image":"","background-repeat":"repeat","background-position":"center center","background-size":"auto","background-attachment":"scroll","background-type":"","background-media":"","overlay-type":"","overlay-color":"","overlay-opacity":"","overlay-gradient":""},"mobile":{"background-color":"","background-image":"","background-repeat":"repeat","background-position":"center center","background-size":"auto","background-attachment":"scroll","background-type":"","background-media":"","overlay-type":"","overlay-color":"","overlay-opacity":"","overlay-gradient":""}},"ast-content-background-meta":{"desktop":{"background-color":"var(--ast-global-color-5)","background-image":"","background-repeat":"repeat","background-position":"center center","background-size":"auto","background-attachment":"scroll","background-type":"","background-media":"","overlay-type":"","overlay-color":"","overlay-opacity":"","overlay-gradient":""},"tablet":{"background-color":"var(--ast-global-color-5)","background-image":"","background-repeat":"repeat","background-position":"center center","background-size":"auto","background-attachment":"scroll","background-type":"","background-media":"","overlay-type":"","overlay-color":"","overlay-opacity":"","overlay-gradient":""},"mobile":{"background-color":"var(--ast-global-color-5)","background-image":"","background-repeat":"repeat","background-position":"center center","background-size":"auto","background-attachment":"scroll","background-type":"","background-media":"","overlay-type":"","overlay-color":"","overlay-opacity":"","overlay-gradient":""}},"footnotes":""},"class_list":["post-11825","page","type-page","status-publish","hentry"],"post_mailing_queue_ids":[],"_links":{"self":[{"href":"https:\/\/serveiseducatius.xtec.cat\/ciutatvella\/wp-json\/wp\/v2\/pages\/11825","targetHints":{"allow":["GET"]}}],"collection":[{"href":"https:\/\/serveiseducatius.xtec.cat\/ciutatvella\/wp-json\/wp\/v2\/pages"}],"about":[{"href":"https:\/\/serveiseducatius.xtec.cat\/ciutatvella\/wp-json\/wp\/v2\/types\/page"}],"author":[{"embeddable":true,"href":"https:\/\/serveiseducatius.xtec.cat\/ciutatvella\/wp-json\/wp\/v2\/users\/1"}],"replies":[{"embeddable":true,"href":"https:\/\/serveiseducatius.xtec.cat\/ciutatvella\/wp-json\/wp\/v2\/comments?post=11825"}],"version-history":[{"count":5,"href":"https:\/\/serveiseducatius.xtec.cat\/ciutatvella\/wp-json\/wp\/v2\/pages\/11825\/revisions"}],"predecessor-version":[{"id":12074,"href":"https:\/\/serveiseducatius.xtec.cat\/ciutatvella\/wp-json\/wp\/v2\/pages\/11825\/revisions\/12074"}],"up":[{"embeddable":true,"href":"https:\/\/serveiseducatius.xtec.cat\/ciutatvella\/wp-json\/wp\/v2\/pages\/8349"}],"wp:attachment":[{"href":"https:\/\/serveiseducatius.xtec.cat\/ciutatvella\/wp-json\/wp\/v2\/media?parent=11825"}],"curies":[{"name":"wp","href":"https:\/\/api.w.org\/{rel}","templated":true}]}}