{"id":10780,"date":"2024-01-08T01:46:43","date_gmt":"2024-01-08T00:46:43","guid":{"rendered":"https:\/\/serveiseducatius.xtec.cat\/ciutatvella\/?page_id=10780"},"modified":"2024-01-08T02:09:54","modified_gmt":"2024-01-08T01:09:54","slug":"curriculum","status":"publish","type":"page","link":"https:\/\/serveiseducatius.xtec.cat\/ciutatvella\/curriculum\/","title":{"rendered":"Curr\u00edculum"},"content":{"rendered":"<p><a href=\"https:\/\/projectes.xtec.cat\/nou-curriculum\/\"><img loading=\"lazy\" decoding=\"async\" class=\"alignnone wp-image-10787 size-full\" src=\"https:\/\/serveiseducatius.xtec.cat\/ciutatvella\/wp-content\/uploads\/usu1173\/2024\/01\/Captura-de-pantalla-2024-01-08-a-les-1.55.01.png\" alt=\"\" width=\"746\" height=\"198\" srcset=\"https:\/\/serveiseducatius.xtec.cat\/ciutatvella\/wp-content\/uploads\/usu1173\/2024\/01\/Captura-de-pantalla-2024-01-08-a-les-1.55.01.png 746w, https:\/\/serveiseducatius.xtec.cat\/ciutatvella\/wp-content\/uploads\/usu1173\/2024\/01\/Captura-de-pantalla-2024-01-08-a-les-1.55.01-300x80.png 300w\" sizes=\"auto, (max-width: 746px) 100vw, 746px\" \/><\/a><\/p>\n<p><a href=\"https:\/\/projectes.xtec.cat\/nou-curriculum\/\" target=\"_blank\" rel=\"noopener\">El nou curr\u00edculum<\/a><\/p>\n<p><strong>Nodes del Departament d&#8217;Educaci\u00f3<\/strong> amb tota la informaci\u00f3 sobre el nou curr\u00edculum per<\/p>\n<p>Educaci\u00f3 infantil, Educaci\u00f3 b\u00e0sica, Batxillerat i Educaci\u00f3 d&#8217;adults. Inclou el decret, com s&#8217;organitza, situacions d&#8217;aprenentatge, preguntes freq\u00fcents i molta altra informaci\u00f3.<\/p>\n<p><a href=\"https:\/\/projectes.xtec.cat\/xarxacb\/\"><img loading=\"lazy\" decoding=\"async\" class=\"wp-image-10789 alignleft\" src=\"https:\/\/serveiseducatius.xtec.cat\/ciutatvella\/wp-content\/uploads\/usu1173\/2024\/01\/Captura-de-pantalla-2024-01-08-a-les-1.58.52.png\" alt=\"\" width=\"419\" height=\"143\" srcset=\"https:\/\/serveiseducatius.xtec.cat\/ciutatvella\/wp-content\/uploads\/usu1173\/2024\/01\/Captura-de-pantalla-2024-01-08-a-les-1.58.52.png 610w, https:\/\/serveiseducatius.xtec.cat\/ciutatvella\/wp-content\/uploads\/usu1173\/2024\/01\/Captura-de-pantalla-2024-01-08-a-les-1.58.52-300x102.png 300w\" sizes=\"auto, (max-width: 419px) 100vw, 419px\" \/><\/a><\/p>\n<p>&nbsp;<\/p>\n<p>&nbsp;<\/p>\n<p>&nbsp;<\/p>\n<p>&nbsp;<\/p>\n<p>En <a href=\"https:\/\/projectes.xtec.cat\/xarxacb\/\" target=\"_blank\" rel=\"noopener\">Nodes de la Xarxa<\/a> inclou molts materials compartits per diferents centres educatius de tot Catalunya: activitats, tasques i altres propostes did\u00e0ctiques de diferents nivells i \u00e0mbits curriculars per facilitar l\u2019adquisici\u00f3 dels aprenentatges de l&#8217;alumnat.<\/p>\n<p>&nbsp;<\/p>\n<p><a href=\"https:\/\/apliense.xtec.cat\/arc\/\" target=\"_blank\" rel=\"noopener\"><img loading=\"lazy\" decoding=\"async\" class=\"alignnone size-full wp-image-10790\" src=\"https:\/\/serveiseducatius.xtec.cat\/ciutatvella\/wp-content\/uploads\/usu1173\/2024\/01\/Captura-de-pantalla-2024-01-08-a-les-2.05.10.png\" alt=\"\" width=\"424\" height=\"116\" srcset=\"https:\/\/serveiseducatius.xtec.cat\/ciutatvella\/wp-content\/uploads\/usu1173\/2024\/01\/Captura-de-pantalla-2024-01-08-a-les-2.05.10.png 424w, https:\/\/serveiseducatius.xtec.cat\/ciutatvella\/wp-content\/uploads\/usu1173\/2024\/01\/Captura-de-pantalla-2024-01-08-a-les-2.05.10-300x82.png 300w\" sizes=\"auto, (max-width: 424px) 100vw, 424px\" \/><\/a><\/p>\n<p><a href=\"https:\/\/apliense.xtec.cat\/arc\/\" target=\"_blank\" rel=\"noopener\">L\u2019ARC<\/a> \u00e9s un espai al servei dels mestres i del professorat per compartir propostes docents de qualitat associades a les compet\u00e8ncies b\u00e0siques i al curr\u00edculum que t\u00e9 les seg\u00fcents caracter\u00edstiques:<\/p>\n<ul>\n<li style=\"list-style-type: none;\">\n<ul>\n<li>\u00c9s una plataforma per compartir trossets d\u2019aula, on qui vol pot fer aportacions i tothom pot prendre, adaptar i utilitzar el que necessita.<\/li>\n<\/ul>\n<\/li>\n<\/ul>\n<ul>\n<li style=\"list-style-type: none;\">\n<ul>\n<li>Acull propostes de proced\u00e8ncia i estils diversos per tal de respectar i donar suport a diferents sensibilitats i necessitats docents.<\/li>\n<\/ul>\n<\/li>\n<li>Utilitza el curr\u00edculum com a organitzador de les propostes i, alhora, el posa en acci\u00f3 facilitant cerques a partir de continguts curriculars, de compet\u00e8ncies i de relacions interdisciplin\u00e0ries<\/li>\n<\/ul>\n<p>&nbsp;<\/p>\n<p>&nbsp;<\/p>\n","protected":false},"excerpt":{"rendered":"<p>El nou curr\u00edculum Nodes del Departament d&#8217;Educaci\u00f3 amb tota la informaci\u00f3 sobre el nou curr\u00edculum per Educaci\u00f3 infantil, Educaci\u00f3 b\u00e0sica, Batxillerat i Educaci\u00f3 d&#8217;adults. Inclou el decret, com s&#8217;organitza, situacions d&#8217;aprenentatge, preguntes freq\u00fcents i molta altra informaci\u00f3. &nbsp; &nbsp; &nbsp; &nbsp; En Nodes de la Xarxa inclou molts materials compartits per diferents centres educatius de [&hellip;]<\/p>\n","protected":false},"author":1,"featured_media":0,"parent":0,"menu_order":0,"comment_status":"closed","ping_status":"closed","template":"","meta":{"_bbp_topic_count":0,"_bbp_reply_count":0,"_bbp_total_topic_count":0,"_bbp_total_reply_count":0,"_bbp_voice_count":0,"_bbp_anonymous_reply_count":0,"_bbp_topic_count_hidden":0,"_bbp_reply_count_hidden":0,"_bbp_forum_subforum_count":0,"site-sidebar-layout":"default","site-content-layout":"","ast-site-content-layout":"","site-content-style":"default","site-sidebar-style":"default","ast-global-header-display":"","ast-banner-title-visibility":"","ast-main-header-display":"","ast-hfb-above-header-display":"","ast-hfb-below-header-display":"","ast-hfb-mobile-header-display":"","site-post-title":"","ast-breadcrumbs-content":"","ast-featured-img":"","footer-sml-layout":"","theme-transparent-header-meta":"","adv-header-id-meta":"","stick-header-meta":"","header-above-stick-meta":"","header-main-stick-meta":"","header-below-stick-meta":"","astra-migrate-meta-layouts":"default","ast-page-background-enabled":"default","ast-page-background-meta":{"desktop":{"background-color":"var(--ast-global-color-4)","background-image":"","background-repeat":"repeat","background-position":"center center","background-size":"auto","background-attachment":"scroll","background-type":"","background-media":"","overlay-type":"","overlay-color":"","overlay-opacity":"","overlay-gradient":""},"tablet":{"background-color":"","background-image":"","background-repeat":"repeat","background-position":"center center","background-size":"auto","background-attachment":"scroll","background-type":"","background-media":"","overlay-type":"","overlay-color":"","overlay-opacity":"","overlay-gradient":""},"mobile":{"background-color":"","background-image":"","background-repeat":"repeat","background-position":"center center","background-size":"auto","background-attachment":"scroll","background-type":"","background-media":"","overlay-type":"","overlay-color":"","overlay-opacity":"","overlay-gradient":""}},"ast-content-background-meta":{"desktop":{"background-color":"var(--ast-global-color-5)","background-image":"","background-repeat":"repeat","background-position":"center center","background-size":"auto","background-attachment":"scroll","background-type":"","background-media":"","overlay-type":"","overlay-color":"","overlay-opacity":"","overlay-gradient":""},"tablet":{"background-color":"var(--ast-global-color-5)","background-image":"","background-repeat":"repeat","background-position":"center center","background-size":"auto","background-attachment":"scroll","background-type":"","background-media":"","overlay-type":"","overlay-color":"","overlay-opacity":"","overlay-gradient":""},"mobile":{"background-color":"var(--ast-global-color-5)","background-image":"","background-repeat":"repeat","background-position":"center center","background-size":"auto","background-attachment":"scroll","background-type":"","background-media":"","overlay-type":"","overlay-color":"","overlay-opacity":"","overlay-gradient":""}},"footnotes":""},"class_list":["post-10780","page","type-page","status-publish","hentry"],"post_mailing_queue_ids":[],"_links":{"self":[{"href":"https:\/\/serveiseducatius.xtec.cat\/ciutatvella\/wp-json\/wp\/v2\/pages\/10780","targetHints":{"allow":["GET"]}}],"collection":[{"href":"https:\/\/serveiseducatius.xtec.cat\/ciutatvella\/wp-json\/wp\/v2\/pages"}],"about":[{"href":"https:\/\/serveiseducatius.xtec.cat\/ciutatvella\/wp-json\/wp\/v2\/types\/page"}],"author":[{"embeddable":true,"href":"https:\/\/serveiseducatius.xtec.cat\/ciutatvella\/wp-json\/wp\/v2\/users\/1"}],"replies":[{"embeddable":true,"href":"https:\/\/serveiseducatius.xtec.cat\/ciutatvella\/wp-json\/wp\/v2\/comments?post=10780"}],"version-history":[{"count":4,"href":"https:\/\/serveiseducatius.xtec.cat\/ciutatvella\/wp-json\/wp\/v2\/pages\/10780\/revisions"}],"predecessor-version":[{"id":10792,"href":"https:\/\/serveiseducatius.xtec.cat\/ciutatvella\/wp-json\/wp\/v2\/pages\/10780\/revisions\/10792"}],"wp:attachment":[{"href":"https:\/\/serveiseducatius.xtec.cat\/ciutatvella\/wp-json\/wp\/v2\/media?parent=10780"}],"curies":[{"name":"wp","href":"https:\/\/api.w.org\/{rel}","templated":true}]}}