{"id":10157,"date":"2023-01-31T12:33:59","date_gmt":"2023-01-31T11:33:59","guid":{"rendered":"https:\/\/serveiseducatius.xtec.cat\/ciutatvella\/?page_id=10157"},"modified":"2026-03-23T12:37:36","modified_gmt":"2026-03-23T11:37:36","slug":"jocs-florals-de-ciutat-vella-2023","status":"publish","type":"page","link":"https:\/\/serveiseducatius.xtec.cat\/ciutatvella\/dinamitzacio\/jocs-florals-de-ciutat-vella-2023\/","title":{"rendered":"Jocs Florals Escolars de Ciutat Vella 2026"},"content":{"rendered":"<p><span style=\"font-weight: 400;\">Us convidem a participar a la XXXIX edici\u00f3 dels Jocs Florals Escolars de Ciutat Vella. L\u2019objectiu d\u2019aquesta activitat \u00e9s promoure l\u2019escriptura tant en prosa com en poesia,\u00a0 entre l\u2019alumnat de prim\u00e0ria i secund\u00e0ria. A m\u00e9s, es convoca la categoria de conte audiovisual il\u00b7lustrat, el prop\u00f2sit del qual \u00e9s promoure la creaci\u00f3 liter\u00e0ria potenciant el treball interdisciplinari des de l\u2019\u00e0mbit ling\u00fc\u00edstic, l\u2019\u00e0mbit digital i l\u2019\u00e0mbit art\u00edstic.<\/span><\/p>\n<p><span style=\"font-weight: 400;\">Tenint en compte que els treballs presentats s\u00f3n creacions originals de l\u2019alumnat, el paper del professorat ser\u00e0 sempre orientar i acompanyar el proc\u00e9s creatiu, respectant\u00a0 l\u2019autoria i la veu pr\u00f2pia de cada infant o jove. Els Jocs Florals de Ciutat Vella volen posar en valor el proc\u00e9s creatiu i celebrar-lo com a part fonamental de l\u2019experi\u00e8ncia educativa. Per aquest motiu, tamb\u00e9 hem volgut involucrar l\u2019alumnat del batxillerat art\u00edstic de l\u2019Institut Mil\u00e0 i Fontanals, per fer la conducci\u00f3 de l\u2019acte i representar breus fragments de l\u2019obra l\u2019<\/span><i><span style=\"font-weight: 400;\">Alt\u00e0ntida <\/span><\/i><span style=\"font-weight: 400;\">de Verdaguer que estan creant al llarg del curs.<\/span><\/p>\n<p><span style=\"font-weight: 400;\">Malgrat la competici\u00f3, els Jocs Florals de Ciutat Vella volen promoure una participaci\u00f3 basada en el respecte, la valoraci\u00f3 de l\u2019esfor\u00e7 i l\u2019aprenentatge, i per aix\u00f2 ens agradaria, m\u00e9s endavant, obrir espais de debat per millorar el format.<\/span><\/p>\n<p><span style=\"font-weight: 400;\">Llegiu atentament les bases de la convocat\u00f2ria:<\/span><\/p>\n<ul>\n<li style=\"font-weight: 400;\" aria-level=\"1\"><a href=\"https:\/\/drive.google.com\/file\/d\/1lEwU2wBvizUsRii8zz6i-zGSNMu0lE1R\/view?usp=drive_link\"><span style=\"font-weight: 400;\">Bases Jocs Florals Escolars Ciutat Vella (poesia i prosa)<\/span><\/a><\/li>\n<li style=\"font-weight: 400;\" aria-level=\"1\"><a href=\"https:\/\/drive.google.com\/file\/d\/1gEwEG2EOvncz2pq7hJsFYULQclwjO0uR\/view?usp=sharing\" target=\"_blank\" rel=\"noopener\"><span style=\"font-weight: 400;\">Bases del Conte audiovisual il\u00b7lustrat (categoria H)<\/span><\/a><\/li>\n<li style=\"font-weight: 400;\" aria-level=\"1\"><a href=\"https:\/\/forms.gle\/fV6re9maq673UE4h6\"><span style=\"font-weight: 400;\">Formulari d\u2019entrega dels textos <\/span><\/a><b>(data l\u00edmit d\u2019entrega 24 d\u2019abril a les 15h)<\/b><\/li>\n<li style=\"font-weight: 400;\" aria-level=\"1\"><a href=\"https:\/\/docs.google.com\/document\/d\/1VVTlkh1IzfCUpQde6m73CJnfRP8lIjOa\/edit?usp=drive_link&amp;ouid=108369978196769000536&amp;rtpof=true&amp;sd=true\"><span style=\"font-weight: 400;\">Plantilla pel lliurament de treballs<\/span><\/a><span style=\"font-weight: 400;\">\u00a0<\/span><\/li>\n<\/ul>\n<p><span style=\"font-weight: 400;\">El jurat est\u00e0 format per persones de l&#8217;\u00e0mbit educatiu, literari o cultural vinculades al districte de Ciutat Vella i s\u2019encarregaran de valorar els treballs seguint aquests <\/span><a href=\"https:\/\/drive.google.com\/file\/d\/1qZJb9qFJitYrDderAiyVg9b_hIMNN_Qr\/view?usp=drive_link\"><b>criteris.<\/b><\/a><\/p>\n<p><span style=\"font-weight: 400;\">La cerim\u00f2nia de lliurament de premis dels Jocs Florals de Ciutat Vella tindr\u00e0 lloc <\/span><b>al teatre Poliorama el 13 de maig de 2026 de 10,30 h a 12 h.<\/b><\/p>\n<p><span style=\"font-weight: 400;\">Si necessiteu m\u00e9s informaci\u00f3, escriviu un correu a jocsflorals@seciutatvella.cat o truqueu al CRP 933015530<\/span><\/p>\n<p>En aquests enlla\u00e7os teniu recursos que us poden ajudar a fer el conte audiovisual il\u00b7lustrat:<\/p>\n<ul>\n<li><a href=\"https:\/\/projectes.xtec.cat\/digital\/equipaments-i-infraestructures\/maleta-audiovisual\/conte-audiovisual\/\" target=\"_blank\" rel=\"noopener\">Enlla\u00e7 Cultura Digital<\/a><\/li>\n<li><a href=\"https:\/\/drive.google.com\/file\/d\/1zUnWZaVCemV8NAuQewO5PHisfcnm1c9m\/view?usp=sharing\">Enlla\u00e7os amb recursos t\u00e8cnics i consells per explicar contes<\/a><\/li>\n<\/ul>\n<p><b>Jocs Florals Escolars de Barcelona<\/b><\/p>\n<p><span style=\"font-weight: 400;\">Els treballs guardonats als Jocs Florals de cada districte participaran en els <\/span><a href=\"https:\/\/www.edubcn.cat\/ca\/suport_educatiu_recursos\/esdeveniments\/jocs_florals_2026\"><span style=\"font-weight: 400;\">Jocs Florals Escolars de Barcelona<\/span><\/a><span style=\"font-weight: 400;\">. Aquest any no hi haur\u00e0 Jocs Florals Escolars de Catalunya.<\/span><\/p>\n<p><span style=\"font-weight: 400;\">La cerim\u00f2nia de lliurament de premis dels Jocs Florals Escolars de Barcelona se celebrar\u00e0\u00a0 el dia 27 de maig a les 10 h al Sal\u00f3 de Cent de l\u2019Ajuntament de Barcelona.\u00a0<\/span><\/p>\n<p><b>Taller d\u2019escriptura i Jocs Florals Escolars<\/b><\/p>\n<p><span style=\"font-weight: 400;\">Proposta formativa adre\u00e7ada als docents de prim\u00e0ria i secund\u00e0ria per facilitar recursos i estrat\u00e8gies que ajudin l&#8217;alumnat en el desenvolupament de la seva expressi\u00f3 escrita i liter\u00e0ria.\u00a0 \u00a0 \u00a0 \u00a0 \u00a0 \u00a0 \u00a0 \u00a0 \u00a0 \u00a0 \u00a0 \u00a0 \u00a0 \u00a0 \u00a0 \u00a0 \u00a0 \u00a0 \u00a0 \u00a0 \u00a0 \u00a0Data: 25\/02\/2026 Horari: 17 h a 19 h Lloc: Servei Educatiu Ciutat Vella\u00a0\u00a0<\/span><\/p>\n<p><a href=\"https:\/\/aplicacions.gestioeducativa.gencat.cat\/ords\/pls\/soloas\/pk_for_mod_ins.p_for_detall_activitat?p_codi=1000020511&amp;p_curs=2025-2026&amp;p_es_inscr=S\"><span style=\"font-weight: 400;\">Enlla\u00e7 a la inscripci\u00f3<\/span><\/a><\/p>\n<p>Us presentem el cartell creat per Lucia Ferreiro, alumna de l&#8217;Escola Massana. En <a href=\"https:\/\/www.edubcn.cat\/ca\/noticies\/detall?69253\" target=\"_blank\" rel=\"noopener\" data-saferedirecturl=\"https:\/\/www.google.com\/url?q=https:\/\/www.edubcn.cat\/ca\/noticies\/detall?69253&amp;source=gmail&amp;ust=1771006948450000&amp;usg=AOvVaw2nCw2LAbFkAPzzEGhPpKSy\">aquest enlla\u00e7<\/a>\u00a0trobareu m\u00e9s informaci\u00f3 sobre el significat del cartell aix\u00ed com altres cartells finalistes.<\/p>\n<p>&nbsp;<\/p>\n<p><img loading=\"lazy\" decoding=\"async\" class=\"alignnone wp-image-12056\" src=\"https:\/\/serveiseducatius.xtec.cat\/ciutatvella\/wp-content\/uploads\/usu1173\/2026\/02\/cartell-cv-222x300.png\" alt=\"\" width=\"315\" height=\"426\" srcset=\"https:\/\/serveiseducatius.xtec.cat\/ciutatvella\/wp-content\/uploads\/usu1173\/2026\/02\/cartell-cv-222x300.png 222w, https:\/\/serveiseducatius.xtec.cat\/ciutatvella\/wp-content\/uploads\/usu1173\/2026\/02\/cartell-cv-757x1024.png 757w, https:\/\/serveiseducatius.xtec.cat\/ciutatvella\/wp-content\/uploads\/usu1173\/2026\/02\/cartell-cv-768x1038.png 768w, https:\/\/serveiseducatius.xtec.cat\/ciutatvella\/wp-content\/uploads\/usu1173\/2026\/02\/cartell-cv.png 1080w\" sizes=\"auto, (max-width: 315px) 100vw, 315px\" \/><\/p>\n<p>&nbsp;<\/p>\n<p>&nbsp;<\/p>\n<p>&nbsp;<\/p>\n<p>&nbsp;<\/p>\n","protected":false},"excerpt":{"rendered":"<p>Us convidem a participar a la XXXIX edici\u00f3 dels Jocs Florals Escolars de Ciutat Vella. L\u2019objectiu d\u2019aquesta activitat \u00e9s promoure l\u2019escriptura tant en prosa com en poesia,\u00a0 entre l\u2019alumnat de prim\u00e0ria i secund\u00e0ria. A m\u00e9s, es convoca la categoria de conte audiovisual il\u00b7lustrat, el prop\u00f2sit del qual \u00e9s promoure la creaci\u00f3 liter\u00e0ria potenciant el treball [&hellip;]<\/p>\n","protected":false},"author":1,"featured_media":0,"parent":8349,"menu_order":1,"comment_status":"closed","ping_status":"closed","template":"","meta":{"_bbp_topic_count":0,"_bbp_reply_count":0,"_bbp_total_topic_count":0,"_bbp_total_reply_count":0,"_bbp_voice_count":0,"_bbp_anonymous_reply_count":0,"_bbp_topic_count_hidden":0,"_bbp_reply_count_hidden":0,"_bbp_forum_subforum_count":0,"site-sidebar-layout":"default","site-content-layout":"","ast-site-content-layout":"default","site-content-style":"default","site-sidebar-style":"default","ast-global-header-display":"","ast-banner-title-visibility":"","ast-main-header-display":"","ast-hfb-above-header-display":"","ast-hfb-below-header-display":"","ast-hfb-mobile-header-display":"","site-post-title":"","ast-breadcrumbs-content":"","ast-featured-img":"","footer-sml-layout":"","theme-transparent-header-meta":"default","adv-header-id-meta":"","stick-header-meta":"","header-above-stick-meta":"","header-main-stick-meta":"","header-below-stick-meta":"","astra-migrate-meta-layouts":"set","ast-page-background-enabled":"default","ast-page-background-meta":{"desktop":{"background-color":"var(--ast-global-color-4)","background-image":"","background-repeat":"repeat","background-position":"center center","background-size":"auto","background-attachment":"scroll","background-type":"","background-media":"","overlay-type":"","overlay-color":"","overlay-opacity":"","overlay-gradient":""},"tablet":{"background-color":"","background-image":"","background-repeat":"repeat","background-position":"center center","background-size":"auto","background-attachment":"scroll","background-type":"","background-media":"","overlay-type":"","overlay-color":"","overlay-opacity":"","overlay-gradient":""},"mobile":{"background-color":"","background-image":"","background-repeat":"repeat","background-position":"center center","background-size":"auto","background-attachment":"scroll","background-type":"","background-media":"","overlay-type":"","overlay-color":"","overlay-opacity":"","overlay-gradient":""}},"ast-content-background-meta":{"desktop":{"background-color":"var(--ast-global-color-5)","background-image":"","background-repeat":"repeat","background-position":"center center","background-size":"auto","background-attachment":"scroll","background-type":"","background-media":"","overlay-type":"","overlay-color":"","overlay-opacity":"","overlay-gradient":""},"tablet":{"background-color":"var(--ast-global-color-5)","background-image":"","background-repeat":"repeat","background-position":"center center","background-size":"auto","background-attachment":"scroll","background-type":"","background-media":"","overlay-type":"","overlay-color":"","overlay-opacity":"","overlay-gradient":""},"mobile":{"background-color":"var(--ast-global-color-5)","background-image":"","background-repeat":"repeat","background-position":"center center","background-size":"auto","background-attachment":"scroll","background-type":"","background-media":"","overlay-type":"","overlay-color":"","overlay-opacity":"","overlay-gradient":""}},"footnotes":""},"class_list":["post-10157","page","type-page","status-publish","hentry"],"post_mailing_queue_ids":[],"_links":{"self":[{"href":"https:\/\/serveiseducatius.xtec.cat\/ciutatvella\/wp-json\/wp\/v2\/pages\/10157","targetHints":{"allow":["GET"]}}],"collection":[{"href":"https:\/\/serveiseducatius.xtec.cat\/ciutatvella\/wp-json\/wp\/v2\/pages"}],"about":[{"href":"https:\/\/serveiseducatius.xtec.cat\/ciutatvella\/wp-json\/wp\/v2\/types\/page"}],"author":[{"embeddable":true,"href":"https:\/\/serveiseducatius.xtec.cat\/ciutatvella\/wp-json\/wp\/v2\/users\/1"}],"replies":[{"embeddable":true,"href":"https:\/\/serveiseducatius.xtec.cat\/ciutatvella\/wp-json\/wp\/v2\/comments?post=10157"}],"version-history":[{"count":6,"href":"https:\/\/serveiseducatius.xtec.cat\/ciutatvella\/wp-json\/wp\/v2\/pages\/10157\/revisions"}],"predecessor-version":[{"id":12116,"href":"https:\/\/serveiseducatius.xtec.cat\/ciutatvella\/wp-json\/wp\/v2\/pages\/10157\/revisions\/12116"}],"up":[{"embeddable":true,"href":"https:\/\/serveiseducatius.xtec.cat\/ciutatvella\/wp-json\/wp\/v2\/pages\/8349"}],"wp:attachment":[{"href":"https:\/\/serveiseducatius.xtec.cat\/ciutatvella\/wp-json\/wp\/v2\/media?parent=10157"}],"curies":[{"name":"wp","href":"https:\/\/api.w.org\/{rel}","templated":true}]}}