{"id":9,"date":"2014-09-12T10:15:01","date_gmt":"2014-09-12T10:15:01","guid":{"rendered":"http:\/\/serveiseducatius.xtec.cat\/cesire\/\/?page_id=9"},"modified":"2023-02-01T14:28:38","modified_gmt":"2023-02-01T13:28:38","slug":"pagina-dinici-buida","status":"publish","type":"page","link":"https:\/\/serveiseducatius.xtec.cat\/cesire\/","title":{"rendered":"Inici"},"content":{"rendered":"<style><span data-mce-type=\"bookmark\" style=\"display: inline-block; width: 0px; overflow: hidden; line-height: 0;\" class=\"mce_SELRES_start\">\ufeff<\/span><br \/>.entry-body {padding-left: 0px;padding-right: 0px;padding-top: 0px;}<br \/>.entry-body p {margin-bottom: 0px;}<br \/>@media only screen and (min-width : 481px) {<br \/>    .equal {<br \/>      height: 100%;<br \/>      width: 100%;<br \/>    }<br \/>}<br \/><\/style>\n<p><!--\nBenvinguts i benvingudes al <strong>Centre de Recursos Pedag\u00f2gics Espec\u00edfics de Suport a la Innovaci\u00f3 i a la Recerca Educativa<\/strong> del Departament d\u2019Educaci\u00f3.\n\nL\u2019equip de professionals del <strong>CESIRE<\/strong> treballem intensament per a oferir-vos un ampli ventall d\u2019experi\u00e8ncies formatives, recursos pedag\u00f2gics i eines conceptuals, amb l\u2019objectiu d\u2019impulsar la innovaci\u00f3 pedag\u00f2gica fonamentada en la recerca, aix\u00ed com per a generar coneixement actualitzat sobre tend\u00e8ncies i innovacions en l\u2019\u00e0mbit educatiu.\n\nExperi\u00e8ncies formatives, recursos i eines conceptuals per a impulsar\nla innovaci\u00f3 pedag\u00f2gica en l\u2019\u00e0mbit educatiu\n\n\n<div class=\"row \">\n\n\n<div class=\"col\" style=\"margin-left: 0px; padding-left: 0px; padding-right: 0px;\"><video poster=\"https:\/\/serveiseducatius.xtec.cat\/cesire\/wp-content\/uploads\/usu2650\/2021\/09\/poster_main_video_cesire.png\" controls=\"controls\" width=\"100%\" height=\"150\">\n<source src=\"https:\/\/cesire.cat\/videos\/cesire_compress.mp4\" type=\"video\/mp4\" \/>\n El teu navegador no suporta v\u00eddeo html5 \n<\/video><\/div>\n\n\n<\/div>\n\n\n\n\n<div class=\"row\">\n\n\n<div class=\"col\">\n\n\n<div class=\"offset-sm-2 col-sm-8\" style=\"font-family: bitter; font-size: 1.5em; line-height: 150%; text-align: center; margin-bottom: 15px; margin-top: 5px;\">\n\n\n<div class=\"row \">\n\n\n<div class=\"col\" style=\"margin-left: 0px; padding-left: 0px; padding-right: 0px;\"><\/div>\n\n\n<\/div>\n\n\n--><\/p>\n<div class=\"row\">\n<div class=\"col\">\n<div class=\"offset-sm-2 col-sm-8\" style=\"font-family: bitter; font-size: 1.5em; line-height: 150%; text-align: center; margin-bottom: 15px; margin-top: 5px;\">\n<h4><strong>Centre de Recursos Pedag\u00f2gics Espec\u00edfics de Suport a la Innovaci\u00f3 i a la Recerca Educativa<\/strong><\/h4>\n<h4><strong>Departament d&#8217;Educaci\u00f3<\/strong><br \/>\n<!--\n<img loading=\"lazy\" decoding=\"async\" class=\"alignnone size-large wp-image-9657\" src=\"https:\/\/serveiseducatius.xtec.cat\/cesire\/\/wp-content\/uploads\/usu2650\/2021\/04\/video-01-1024x576.jpg\" alt=\"\" width=\"1024\" height=\"576\" srcset=\"https:\/\/serveiseducatius.xtec.cat\/cesire\/wp-content\/uploads\/usu2650\/2021\/04\/video-01-1024x576.jpg 1024w, https:\/\/serveiseducatius.xtec.cat\/cesire\/wp-content\/uploads\/usu2650\/2021\/04\/video-01-300x169.jpg 300w, https:\/\/serveiseducatius.xtec.cat\/cesire\/wp-content\/uploads\/usu2650\/2021\/04\/video-01-768x432.jpg 768w, https:\/\/serveiseducatius.xtec.cat\/cesire\/wp-content\/uploads\/usu2650\/2021\/04\/video-01.jpg 1920w\" sizes=\"auto, (max-width: 1024px) 100vw, 1024px\" \/>\n--><\/h4>\n<\/div>\n<\/div>\n<\/div>\n","protected":false},"excerpt":{"rendered":"<p>\ufeff.entry-body {padding-left: 0px;padding-right: 0px;padding-top: 0px;}.entry-body p {margin-bottom: 0px;}@media only screen and (min-width : 481px) {    .equal {      height: 100%;      width: 100%;    }}<\/p>\n<p>Centre de Recursos Pedag\u00f2gics Espec\u00edfics de Suport a&hellip;  <a href=\"https:\/\/serveiseducatius.xtec.cat\/cesire\/\" title=\"Read Inici\">Llegeix m\u00e9s\u00bb<\/a><\/p>\n","protected":false},"author":1,"featured_media":0,"parent":0,"menu_order":0,"comment_status":"closed","ping_status":"closed","template":"page-templates\/front-page.php","meta":{"_bbp_topic_count":0,"_bbp_reply_count":0,"_bbp_total_topic_count":0,"_bbp_total_reply_count":0,"_bbp_voice_count":0,"_bbp_anonymous_reply_count":0,"_bbp_topic_count_hidden":0,"_bbp_reply_count_hidden":0,"_bbp_forum_subforum_count":0,"footnotes":""},"class_list":["post-9","page","type-page","status-publish","hentry"],"post_mailing_queue_ids":[],"_links":{"self":[{"href":"https:\/\/serveiseducatius.xtec.cat\/cesire\/wp-json\/wp\/v2\/pages\/9","targetHints":{"allow":["GET"]}}],"collection":[{"href":"https:\/\/serveiseducatius.xtec.cat\/cesire\/wp-json\/wp\/v2\/pages"}],"about":[{"href":"https:\/\/serveiseducatius.xtec.cat\/cesire\/wp-json\/wp\/v2\/types\/page"}],"author":[{"embeddable":true,"href":"https:\/\/serveiseducatius.xtec.cat\/cesire\/wp-json\/wp\/v2\/users\/1"}],"replies":[{"embeddable":true,"href":"https:\/\/serveiseducatius.xtec.cat\/cesire\/wp-json\/wp\/v2\/comments?post=9"}],"version-history":[{"count":5,"href":"https:\/\/serveiseducatius.xtec.cat\/cesire\/wp-json\/wp\/v2\/pages\/9\/revisions"}],"predecessor-version":[{"id":21713,"href":"https:\/\/serveiseducatius.xtec.cat\/cesire\/wp-json\/wp\/v2\/pages\/9\/revisions\/21713"}],"wp:attachment":[{"href":"https:\/\/serveiseducatius.xtec.cat\/cesire\/wp-json\/wp\/v2\/media?parent=9"}],"curies":[{"name":"wp","href":"https:\/\/api.w.org\/{rel}","templated":true}]}}