{"id":8389,"date":"2021-02-10T10:36:12","date_gmt":"2021-02-10T09:36:12","guid":{"rendered":"https:\/\/serveiseducatius.xtec.cat\/cesire\/\/?page_id=8389"},"modified":"2021-09-10T02:40:26","modified_gmt":"2021-09-10T00:40:26","slug":"subscripcions","status":"publish","type":"page","link":"https:\/\/serveiseducatius.xtec.cat\/cesire\/subscripcions\/","title":{"rendered":"Subscriu-me"},"content":{"rendered":"<p>Amb aquest formulari, informant del vostre nom i correu electr\u00f2nic, us podeu subscriure a les <strong>Novetats del Cesire<\/strong> i aix\u00ed <strong>rebre per correu electr\u00f2nic l&#8217;av\u00eds de publicaci\u00f3 de les not\u00edcies de portada<\/strong>.<\/p>\n<p>Us convidem a fer-lo servir per rebre din\u00e0micament informacions que poden ser del vostre inter\u00e8s.<\/p>\n<p>En qualsevol moment podreu cancel\u00b7lar la vostra inscripci\u00f3 seguin l&#8217;enlla\u00e7 que trobareu en cada missatge.<\/p>\n","protected":false},"excerpt":{"rendered":"<p>Amb aquest formulari, informant del vostre nom i correu electr\u00f2nic, us podeu subscriure a les Novetats del Cesire i aix\u00ed rebre per correu electr\u00f2nic l&#8217;av\u00eds de publicaci\u00f3 de les not\u00edcies de portada.<br \/>\nUs convidem a fer-lo servir per rebre din\u00e0micament informacions que poden ser del vostre&hellip;  <a href=\"https:\/\/serveiseducatius.xtec.cat\/cesire\/subscripcions\/\" title=\"Read Subscriu-me\">Llegeix m\u00e9s\u00bb<\/a><\/p>\n","protected":false},"author":1,"featured_media":0,"parent":0,"menu_order":0,"comment_status":"closed","ping_status":"closed","template":"","meta":{"_bbp_topic_count":0,"_bbp_reply_count":0,"_bbp_total_topic_count":0,"_bbp_total_reply_count":0,"_bbp_voice_count":0,"_bbp_anonymous_reply_count":0,"_bbp_topic_count_hidden":0,"_bbp_reply_count_hidden":0,"_bbp_forum_subforum_count":0,"footnotes":""},"class_list":["post-8389","page","type-page","status-publish","hentry"],"post_mailing_queue_ids":[],"_links":{"self":[{"href":"https:\/\/serveiseducatius.xtec.cat\/cesire\/wp-json\/wp\/v2\/pages\/8389","targetHints":{"allow":["GET"]}}],"collection":[{"href":"https:\/\/serveiseducatius.xtec.cat\/cesire\/wp-json\/wp\/v2\/pages"}],"about":[{"href":"https:\/\/serveiseducatius.xtec.cat\/cesire\/wp-json\/wp\/v2\/types\/page"}],"author":[{"embeddable":true,"href":"https:\/\/serveiseducatius.xtec.cat\/cesire\/wp-json\/wp\/v2\/users\/1"}],"replies":[{"embeddable":true,"href":"https:\/\/serveiseducatius.xtec.cat\/cesire\/wp-json\/wp\/v2\/comments?post=8389"}],"version-history":[{"count":3,"href":"https:\/\/serveiseducatius.xtec.cat\/cesire\/wp-json\/wp\/v2\/pages\/8389\/revisions"}],"predecessor-version":[{"id":17230,"href":"https:\/\/serveiseducatius.xtec.cat\/cesire\/wp-json\/wp\/v2\/pages\/8389\/revisions\/17230"}],"wp:attachment":[{"href":"https:\/\/serveiseducatius.xtec.cat\/cesire\/wp-json\/wp\/v2\/media?parent=8389"}],"curies":[{"name":"wp","href":"https:\/\/api.w.org\/{rel}","templated":true}]}}