{"id":8361,"date":"2021-02-10T10:29:07","date_gmt":"2021-02-10T09:29:07","guid":{"rendered":"https:\/\/serveiseducatius.xtec.cat\/cesire\/\/?page_id=8361"},"modified":"2021-07-13T01:15:48","modified_gmt":"2021-07-12T23:15:48","slug":"que-oferim","status":"publish","type":"page","link":"https:\/\/serveiseducatius.xtec.cat\/cesire\/que-oferim\/","title":{"rendered":"Qu\u00e8 oferim"},"content":{"rendered":"<div class=\"row\">\n<div class=\"animate-zoomIn large-offset-2 large-8 small-12 columns\" style=\"border-radius: 15px; background-color: rgb(247 226 99 \/ 80%); padding: 15px;\">\n<p>Fruit de l&#8217;activitat de cadascun dels ecosistemes del CESIRE, es generen quatre cat\u00e0legs diferenciats en els quals s&#8217;ofereix una ampli ventall d&#8217;experi\u00e8ncies de formaci\u00f3 i recursos pedag\u00f2gics, amb les seg\u00fcents finalitats:<\/p>\n<ul style=\"list-style-type: none; margin-left: 40px;\">\n<li><strong>Cat\u00e0leg 1: <\/strong>Donar suport a la recerca i generar coneixement pedag\u00f2gic<\/li>\n<li><strong>Cat\u00e0leg 2: <\/strong>Oferir oportunitats per al desenvolupament de les compet\u00e8ncies professionals docents<\/li>\n<li><strong>Cat\u00e0leg 3: <\/strong>Oferir oportunitats per a la innovaci\u00f3 pedag\u00f2gica com a cultura de centre<\/li>\n<li><strong>Cat\u00e0leg 4: <\/strong>Oferir connexions i generar sinergies amb entitats externes d&#8217;\u00e0mbit local i internacional<\/li>\n<\/ul>\n<\/div>\n<div class=\"large-2 small-12\"><\/div>\n<div class=\"row\">\n<div class=\"large-12 columns\" style=\"padding-top: 20px;\"><\/div>\n<\/div>\n<\/div>\n<div class=\"row\" style=\"padding-bottom: 10px;\">\n<div class=\"large-offset-2 large-4 small-12 columns\" style=\"padding-right: 5px;\"><a href=\"..\/c1-recerca\/\"><img loading=\"lazy\" decoding=\"async\" class=\"round15 shadow alignright size-large wp-image-10972 hvr-rotate\" title=\"Cat\u00e0leg 1 - Suport a la recerca i genereci\u00f3 de coneixement\" src=\"..\/wp-content\/uploads\/usu2650\/2021\/04\/cataleg-c1.jpg\" alt=\"Cat\u00e0leg 1 - Acc\u00e9s a la recerca i evid\u00e8ncies d'\u00e8xit educatiu\" width=\"1024\" height=\"1024\" \/><\/a><\/div>\n<div class=\"large-4 small-12 columns\" style=\"padding-left: 5px;\">\n<p><a href=\"..\/finestres\/\"><img loading=\"lazy\" decoding=\"async\" class=\"round15 shadow alignleft wp-image-10965 size-large hvr-rotate\" title=\"Cat\u00e0leg 2 - Oportunitats per al desenvolupament docent\" src=\"..\/wp-content\/uploads\/usu2650\/2021\/04\/cataleg-c2.jpg\" alt=\"Cat\u00e0leg 2 - Finestres al m\u00f3n\" width=\"1024\" height=\"1024\" \/><\/a><\/p>\n<\/div>\n<\/div>\n<div class=\"row\">\n<div class=\"large-offset-2 large-4 small-12 columns\" style=\"padding-right: 5px;\"><a href=\"..\/eixos\/\"><img loading=\"lazy\" decoding=\"async\" class=\"round15 shadow alignnone size-large wp-image-10967 hvr-rotate\" src=\"..\/wp-content\/uploads\/usu2650\/2021\/04\/cataleg-c3.jpg\" alt=\"Cat\u00e0leg 3 - Eixos transversals d'innovaci\u00f3 pedag\u00f2gica\" width=\"1024\" height=\"1024\" \/><\/a><\/div>\n<div class=\"large-4 small-12 columns\" style=\"padding-left: 5px;\"><a href=\"..\/c4-nodes\/\"><img loading=\"lazy\" decoding=\"async\" class=\"round15 shadow alignnone size-large wp-image-10969 hvr-rotate\" src=\"..\/wp-content\/uploads\/usu2650\/2021\/04\/cataleg-c4.jpg\" alt=\"Cat\u00e0leg 4 - Nodes de col\u00b7laboraci\u00f3\" width=\"1024\" height=\"1024\" \/><\/a><\/div>\n<\/div>\n","protected":false},"excerpt":{"rendered":"<p>Fruit de l&#8217;activitat de cadascun dels ecosistemes del CESIRE, es generen quatre cat\u00e0legs diferenciats en els quals s&#8217;ofereix una ampli ventall d&#8217;experi\u00e8ncies de formaci\u00f3 i recursos pedag\u00f2gics, amb les seg\u00fcents finalitats:<\/p>\n<ul style=\"list-style-type: none; margin-left: 40px;\">\n<li>Cat\u00e0leg 1: Donar suport a la recerca i generar coneixement pedag\u00f2gic<\/li>\n<li>Cat\u00e0leg&hellip;  <a href=\"https:\/\/serveiseducatius.xtec.cat\/cesire\/que-oferim\/\" title=\"Read Qu\u00e8 oferim\">Llegeix m\u00e9s\u00bb<\/a><br \/>\n","protected":false},"author":1,"featured_media":0,"parent":0,"menu_order":0,"comment_status":"closed","ping_status":"closed","template":"","meta":{"_bbp_topic_count":0,"_bbp_reply_count":0,"_bbp_total_topic_count":0,"_bbp_total_reply_count":0,"_bbp_voice_count":0,"_bbp_anonymous_reply_count":0,"_bbp_topic_count_hidden":0,"_bbp_reply_count_hidden":0,"_bbp_forum_subforum_count":0,"footnotes":""},"class_list":["post-8361","page","type-page","status-publish","hentry"],"post_mailing_queue_ids":[],"_links":{"self":[{"href":"https:\/\/serveiseducatius.xtec.cat\/cesire\/wp-json\/wp\/v2\/pages\/8361","targetHints":{"allow":["GET"]}}],"collection":[{"href":"https:\/\/serveiseducatius.xtec.cat\/cesire\/wp-json\/wp\/v2\/pages"}],"about":[{"href":"https:\/\/serveiseducatius.xtec.cat\/cesire\/wp-json\/wp\/v2\/types\/page"}],"author":[{"embeddable":true,"href":"https:\/\/serveiseducatius.xtec.cat\/cesire\/wp-json\/wp\/v2\/users\/1"}],"replies":[{"embeddable":true,"href":"https:\/\/serveiseducatius.xtec.cat\/cesire\/wp-json\/wp\/v2\/comments?post=8361"}],"version-history":[{"count":3,"href":"https:\/\/serveiseducatius.xtec.cat\/cesire\/wp-json\/wp\/v2\/pages\/8361\/revisions"}],"predecessor-version":[{"id":15188,"href":"https:\/\/serveiseducatius.xtec.cat\/cesire\/wp-json\/wp\/v2\/pages\/8361\/revisions\/15188"}],"wp:attachment":[{"href":"https:\/\/serveiseducatius.xtec.cat\/cesire\/wp-json\/wp\/v2\/media?parent=8361"}],"curies":[{"name":"wp","href":"https:\/\/api.w.org\/{rel}","templated":true}]}}