{"id":8331,"date":"2021-02-10T08:52:39","date_gmt":"2021-02-10T07:52:39","guid":{"rendered":"https:\/\/serveiseducatius.xtec.cat\/cesire\/\/?page_id=8331"},"modified":"2021-11-26T10:12:51","modified_gmt":"2021-11-26T09:12:51","slug":"arc","status":"publish","type":"page","link":"https:\/\/serveiseducatius.xtec.cat\/cesire\/arc\/","title":{"rendered":"ARC"},"content":{"rendered":"<p><a href=\"https:\/\/serveiseducatius.xtec.cat\/cesire\/wp-content\/uploads\/usu2650\/2021\/10\/ARC10Anys_imatge.jpg\"><img loading=\"lazy\" decoding=\"async\" class=\"alignnone size-large wp-image-18263\" src=\"https:\/\/serveiseducatius.xtec.cat\/cesire\/wp-content\/uploads\/usu2650\/2021\/10\/ARC10Anys_imatge-1024x181.jpg\" alt=\"\" width=\"1024\" height=\"181\" srcset=\"https:\/\/serveiseducatius.xtec.cat\/cesire\/wp-content\/uploads\/usu2650\/2021\/10\/ARC10Anys_imatge-1024x181.jpg 1024w, https:\/\/serveiseducatius.xtec.cat\/cesire\/wp-content\/uploads\/usu2650\/2021\/10\/ARC10Anys_imatge-300x53.jpg 300w, https:\/\/serveiseducatius.xtec.cat\/cesire\/wp-content\/uploads\/usu2650\/2021\/10\/ARC10Anys_imatge-768x136.jpg 768w, https:\/\/serveiseducatius.xtec.cat\/cesire\/wp-content\/uploads\/usu2650\/2021\/10\/ARC10Anys_imatge.jpg 1200w\" sizes=\"auto, (max-width: 1024px) 100vw, 1024px\" \/><\/a><\/p>\n<p><strong><a href=\"https:\/\/apliense.xtec.cat\/arc\/\">L\u2019ARC<\/a> <\/strong>\u00e9s un espai al servei dels mestres i del professorat per compartir propostes docents de qualitat associades a les compet\u00e8ncies b\u00e0siques i al curr\u00edculum que t\u00e9 les seg\u00fcents caracter\u00edstiques:<\/p>\n<ul>\n<li>\u00c9s una plataforma per compartir trossets d\u2019aula, on qui vol pot fer aportacions i tothom pot prendre, adaptar i utilitzar el que necessita.<\/li>\n<li>Acull propostes de proced\u00e8ncia i estils diversos per tal de respectar i donar suport a diferents sensibilitats i necessitats docents.<\/li>\n<li>Utilitza el curr\u00edculum com a organitzador de les propostes i, alhora, el posa en acci\u00f3 facilitant cerques a partir de continguts curriculars, de compet\u00e8ncies i de relacions interdisciplin\u00e0ries.<\/li>\n<\/ul>\n<p>Acc\u00e9s a l&#8217;<strong><a href=\"https:\/\/apliense.xtec.cat\/arc\/\">ARC<\/a><\/strong><\/p>\n","protected":false},"excerpt":{"rendered":"<p><a href=\"https:\/\/serveiseducatius.xtec.cat\/cesire\/wp-content\/uploads\/usu2650\/2021\/10\/ARC10Anys_imatge.jpg\"><\/a><br \/>\n<a href=\"https:\/\/apliense.xtec.cat\/arc\/\">L\u2019ARC<\/a> \u00e9s un espai al servei dels mestres i del professorat per compartir propostes docents de qualitat associades a les compet\u00e8ncies b\u00e0siques i al curr\u00edculum que t\u00e9 les seg\u00fcents caracter\u00edstiques:<\/p>\n<ul>\n<li>\u00c9s una plataforma per compartir trossets d\u2019aula, on qui vol pot fer aportacions i&hellip;  <a href=\"https:\/\/serveiseducatius.xtec.cat\/cesire\/arc\/\" title=\"Read ARC\">Llegeix m\u00e9s\u00bb<\/a><br \/>\n","protected":false},"author":1,"featured_media":0,"parent":0,"menu_order":0,"comment_status":"closed","ping_status":"closed","template":"","meta":{"_bbp_topic_count":0,"_bbp_reply_count":0,"_bbp_total_topic_count":0,"_bbp_total_reply_count":0,"_bbp_voice_count":0,"_bbp_anonymous_reply_count":0,"_bbp_topic_count_hidden":0,"_bbp_reply_count_hidden":0,"_bbp_forum_subforum_count":0,"footnotes":""},"class_list":["post-8331","page","type-page","status-publish","hentry"],"post_mailing_queue_ids":[],"_links":{"self":[{"href":"https:\/\/serveiseducatius.xtec.cat\/cesire\/wp-json\/wp\/v2\/pages\/8331","targetHints":{"allow":["GET"]}}],"collection":[{"href":"https:\/\/serveiseducatius.xtec.cat\/cesire\/wp-json\/wp\/v2\/pages"}],"about":[{"href":"https:\/\/serveiseducatius.xtec.cat\/cesire\/wp-json\/wp\/v2\/types\/page"}],"author":[{"embeddable":true,"href":"https:\/\/serveiseducatius.xtec.cat\/cesire\/wp-json\/wp\/v2\/users\/1"}],"replies":[{"embeddable":true,"href":"https:\/\/serveiseducatius.xtec.cat\/cesire\/wp-json\/wp\/v2\/comments?post=8331"}],"version-history":[{"count":3,"href":"https:\/\/serveiseducatius.xtec.cat\/cesire\/wp-json\/wp\/v2\/pages\/8331\/revisions"}],"predecessor-version":[{"id":18640,"href":"https:\/\/serveiseducatius.xtec.cat\/cesire\/wp-json\/wp\/v2\/pages\/8331\/revisions\/18640"}],"wp:attachment":[{"href":"https:\/\/serveiseducatius.xtec.cat\/cesire\/wp-json\/wp\/v2\/media?parent=8331"}],"curies":[{"name":"wp","href":"https:\/\/api.w.org\/{rel}","templated":true}]}}