{"id":27404,"date":"2026-01-13T16:46:31","date_gmt":"2026-01-13T15:46:31","guid":{"rendered":"https:\/\/serveiseducatius.xtec.cat\/cesire\/?page_id=27404"},"modified":"2026-01-29T19:30:50","modified_gmt":"2026-01-29T18:30:50","slug":"faig-fent-per-aprendre-imaginant-globalment","status":"publish","type":"page","link":"https:\/\/serveiseducatius.xtec.cat\/cesire\/faig-fent-per-aprendre-imaginant-globalment\/","title":{"rendered":"FAIG. Fent per aprendre, imaginant globalment"},"content":{"rendered":"<div id=\"landing-FAIG\">\n<p><!-- Imatge FAIG --><\/p>\n<div class=\"row\">\n<div class=\"col-12\"><img decoding=\"async\" class=\"img-fluid\" src=\"https:\/\/serveiseducatius.xtec.cat\/cesire\/wp-content\/uploads\/usu2650\/2024\/02\/Banner_2-1400.jpg\" alt=\"Banner del programa FAIG\" \/><\/div>\n<\/div>\n<p><!-- Caixa de text --><\/p>\n<section class=\"programa-faig text-center p-5\">\n<p class=\"font-weight-bold\">FAIG \u00e9s un programa experimental de suport a la innovaci\u00f3 del Departament d\u2019Educaci\u00f3 de Catalunya impulsat pel Centre de Recursos Pedag\u00f2gics Espec\u00edfics de Suport a la Innovaci\u00f3 i a la Recerca Educativa (CESIRE), en el qual participen 150 centres educatius d&#8217;arreu de Catalunya.<\/p>\n<\/section>\n<p><!-- Secci\u00f3 Descobreix --><\/p>\n<section class=\"row descobreix-intro pt-3 p-md-5 align-items-center\">\n<div class=\"col-12 col-md-4 white column-line-white p-2 p-md-5\"><img decoding=\"async\" class=\"img-fluid br-10\" src=\"https:\/\/serveiseducatius.xtec.cat\/cesire\/wp-content\/uploads\/usu2650\/2025\/10\/Humanitzacio-1-1-1-scaled.jpg\" alt=\"Humanitzaci\u00f3 educativa\" \/><\/div>\n<div class=\"col-12 col-md-8 column-line-white p-2 p-md-5 text-sentit\">\n<p class=\"text-white bold mt-4 pt-3\" style=\"line-height: 30px;\">Els centres FAIG reben acompanyament, formaci\u00f3 pedag\u00f2gica, capacitaci\u00f3 tecnol\u00f2gica i una dotaci\u00f3 d&#8217;equipament de fabricaci\u00f3 digital per impulsar la millora de les pr\u00e0ctiques d&#8217;ensenyament-aprenentatge en el marc dels projectes ABP.<\/p>\n<p><a class=\"btn btn-success rounded btn-lg green bg-white mt-3\" style=\"border-color: #66d178; background-color: #66d178; border-radius: 15px !important; padding: 15px 25px;\" href=\"https:\/\/xtec.gencat.cat\/ca\/innovacio\/suport-a-la-innovacio\/programa-experimental-faig\/\">Resoluci\u00f3<\/a><\/p>\n<\/div>\n<\/section>\n<p><!-- T\u00edtol Eixos --><\/p>\n<h1 class=\"font-weight-bold text-center my-5\" style=\"font-size: 34px;\">Quins s\u00f3n els tres eixos d&#8217;innovaci\u00f3 del programa FAIG?<\/h1>\n<p><!-- 3 columnes --><\/p>\n<div class=\"row py-5\">\n<div class=\"col-12 col-md-4\"><img decoding=\"async\" class=\"img-fluid br-10\" src=\"https:\/\/serveiseducatius.xtec.cat\/cesire\/wp-content\/uploads\/usu2650\/2024\/01\/01-450.jpg\" alt=\"Aprenentatge per projectes\" \/><\/p>\n<div class=\"text-center\"><a class=\"font-weight-bold btn btn-success rounded btn-lg text-white mt-3\" style=\"border-color: #66d178; background-color: #66d178; border-radius: 15px !important; padding: 10px 60px;\" href=\"https:\/\/serveiseducatius.xtec.cat\/cesire\/faig-fent-per-aprendre-imaginant-globalment\/aprenentatge-per-projectes\/\">Aprenentatge<br \/>\nper Projectes<\/a><\/div>\n<\/div>\n<div class=\"col-12 col-md-4 mb-4 mb-md-0\"><img decoding=\"async\" class=\"img-fluid br-10\" src=\"https:\/\/serveiseducatius.xtec.cat\/cesire\/wp-content\/uploads\/usu2650\/2024\/01\/02-450.jpeg\" alt=\"Actituds maker i fabricaci\u00f3 digital\" \/><\/p>\n<div class=\"text-center\"><a class=\"font-weight-bold btn btn-success rounded btn-lg text-white mt-3\" style=\"border-color: #66d178; background-color: #66d178; border-radius: 15px !important; padding: 10px 60px;\" href=\"https:\/\/serveiseducatius.xtec.cat\/cesire\/faig-fent-per-aprendre-imaginant-globalment\/actituds-maker-i-fabricacio-digital\/\">Actituds maker i<br \/>\nfabricaci\u00f3 digital<\/a><\/div>\n<\/div>\n<div class=\"col-12 col-md-4\"><img decoding=\"async\" class=\"img-fluid br-10\" src=\"https:\/\/serveiseducatius.xtec.cat\/cesire\/wp-content\/uploads\/usu2650\/2024\/01\/03-450.jpg\" alt=\"Desafiaments i reptes socials\" \/><\/p>\n<div class=\"text-center\"><a class=\"font-weight-bold btn btn-success rounded btn-lg text-white mt-3\" style=\"border-color: #66d178; background-color: #66d178; border-radius: 15px !important; padding: 10px 60px;\" href=\"https:\/\/serveiseducatius.xtec.cat\/cesire\/faig-fent-per-aprendre-imaginant-globalment\/desafiaments-i-reptes-socials\/\">Desafiaments i<br \/>\nreptes socials<\/a><\/div>\n<\/div>\n<\/div>\n<p><!-- Secci\u00f3 Recursos --><\/p>\n<section class=\"programa-faig text-center p-5\">\n<p class=\"font-weight-bold\" style=\"font-size: 24px;\">El prop\u00f2sit del programa \u00e9s que tot l&#8217;alumnat aprengui profundament i amb sentit, a trav\u00e9s de projectes ABP d&#8217;alta qualitat i rigor pedag\u00f2gic que connectin amb problemes socials rellevants i integrin el proc\u00e9s creatiu maker amb impacte a la comunitat.<\/p>\n<\/section>\n<p><!-- T\u00edtol Eixos --><\/p>\n<h2 class=\"font-weight-bold text-center my-5\" style=\"font-size: 34px!important;\">Amb quins recursos, eines i materials ens podem inspirar per millorar o dissenyar els nostres projectes ABP?<\/h2>\n<p><!-- 3 Columnes Recursos --><\/p>\n<div class=\"row py-5 text-center\">\n<div class=\"col-12 col-md-4 mb-4 mb-md-0\" style=\"border-right: 1px solid #1cb03d;\"><img decoding=\"async\" class=\"img-fluid br-50\" src=\"https:\/\/serveiseducatius.xtec.cat\/cesire\/wp-content\/uploads\/usu2650\/2025\/10\/trencaclosquesDiana.jpg\" alt=\"Recursos educatius\" \/><\/p>\n<div class=\"text-center\"><a class=\"font-weight-bold btn btn-success rounded btn-lg text-white mt-3\" style=\"border-color: #66d178; background-color: #66d178; border-radius: 15px !important; padding: 10px 60px;\" href=\"https:\/\/serveiseducatius.xtec.cat\/cesire\/category\/recursosfaig\/\">Recursos<\/a><\/div>\n<\/div>\n<div class=\"col-12 col-md-4 mb-4 mb-md-0\" style=\"border-right: 1px solid #1cb03d;\"><img decoding=\"async\" class=\"img-fluid br-50\" src=\"https:\/\/serveiseducatius.xtec.cat\/cesire\/wp-content\/uploads\/usu2650\/2025\/10\/pexels-yankrukov-6611430-2-scaled-e1761664505133.jpg\" alt=\"Eines de treball\" \/><\/p>\n<div class=\"text-center\"><a class=\"font-weight-bold btn btn-success rounded btn-lg text-white mt-3\" style=\"border-color: #66d178; background-color: #66d178; border-radius: 15px !important; padding: 10px 60px;\" href=\"https:\/\/serveiseducatius.xtec.cat\/cesire\/category\/einesfaig\/\">Eines<\/a><\/div>\n<\/div>\n<div class=\"col-12 col-md-4\"><img decoding=\"async\" class=\"img-fluid br-50\" src=\"https:\/\/serveiseducatius.xtec.cat\/cesire\/wp-content\/uploads\/usu2650\/2025\/10\/fullaFAIG.jpg\" alt=\"Plataforma de projectes\" \/><\/p>\n<div class=\"text-center\"><a class=\"font-weight-bold btn btn-success rounded btn-lg text-white mt-3\" style=\"border-color: #66d178; background-color: #66d178; border-radius: 15px !important; padding: 10px 60px;\" href=\"https:\/\/projectesfaig.cesire.cat\/projectes\/\">Plataforma de projectes<\/a><\/div>\n<\/div>\n<\/div>\n<p><!-- Tetraedre --><\/p>\n<section class=\"d-flex intro align-items-center flex-wrap\">\n<div class=\"col-md-6 d-none d-sm-block\"><img decoding=\"async\" src=\"https:\/\/serveiseducatius.xtec.cat\/cesire\/wp-content\/uploads\/usu2650\/2023\/02\/Tetraedre.gif\" alt=\"Tetraedre FAIG\" \/><\/div>\n<div class=\"col-md-6 py-3\">\n<div class=\"green py-5\" style=\"border-top: 1px solid #1cb03d;font-size: 34px!important;\"><strong>L\u2019aprenentatge amb sentit<\/strong> \u00e9s el marc de refer\u00e8ncia pedag\u00f2gic del CESIRE.<br \/>\n<a class=\"btn btn-success btn-lg text-white mt-5\" style=\"border-color: #66d178; background-color: #66d178; border-radius: 15px; padding: 15px 25px;\" href=\"https:\/\/serveiseducatius.xtec.cat\/cesire\/marc-de-referencia-pedagogic\/\" target=\"_blank\" rel=\"noopener\">Marc de refer\u00e8ncia<\/a><\/div>\n<\/div>\n<\/section>\n<p><!-- Xifres --><\/p>\n<section class=\"row xifres py-5\" style=\"background-color: #66d178;\">\n<div class=\"col-12 col-md-5 px-5\">\n<h1 class=\"text-white pt-5 text-sentit\" style=\"border-top: 1px solid #ffffff;\">FAIG EN XIFRES CURS 2023-2028<\/h1>\n<p class=\"count text-white text-center text-md-left display-3 mb-0\">150<\/p>\n<h2 class=\"text-white text-center text-md-left font-weight-bold\">Centres FAIG<\/h2>\n<\/div>\n<div class=\"col-12 col-md-7 px-5\">\n<h4 class=\"text-white pt-5 font-weight-bold text-sentit\" style=\"border-top: 1px solid #ffffff;\">El programa FAIG ofereix formaci\u00f3 i acompanyament docent per crear entorns d\u2019aprenentatge amb sentit, posant l\u2019alumnat al centre, escoltant la seva veu per imaginar un m\u00f3n millor.<\/h4>\n<p class=\"count text-white text-center display-3 mb-0\">4.500<\/p>\n<h2 class=\"text-white text-center font-weight-bold\">Docents formats<\/h2>\n<\/div>\n<\/section>\n<\/div>\n<style>\n\/* --- ESTILS --- *\/\n.descobreix-intro { background-color:#66d178; font-size:22px; }\n.column-line-white::before { content:''; display:block; border-top:1px solid #fff; margin-bottom:20px; }\nheader.entry-header {display:none;}\n#landing-FAIG .green {color:#1daa3e !important;}\n#landing-FAIG { font-family:'Inter',sans-serif; color:#000; }\n#landing-FAIG .br-10 { border-radius:10px; }\n#landing-FAIG .br-50 { border-radius:50%; }\n#landing-FAIG .programa-faig { color:#1daa3e; background-color:#f2f2f2; font-size:22px; }\n#landing-FAIG .intro { background-color:#f3f2f1; }\n#landing-FAIG .green { color:#1daa3e; }\n#landing-FAIG .text-sentit { line-height:1.5; }\n#landing-FAIG .btn-success:hover { color:#fff; text-decoration:underline; }\n  @media (max-width:767px) {\n  #landing-FAIG .count { font-size:3rem; }\n  #landing-FAIG .text-sentit { text-align:center; }\n  #landing-FAIG .margin-top-mobile-40 { margin-top:40px; }\n}\n@media (min-width:768px) {\n  #landing-FAIG .count { font-size:8rem; }\n}<\/p>\n<p>.descobreix-intro {background-color:#66d178 !important;font-size:22px !important;}\n.column-line-white::before {content: '';display: block;border-top: 1px solid #ffffff;margin-bottom: 20px;}\n.column-line-green::before {content: '';display: block;border-top: 1px solid #1daa3e;margin-bottom: 20px;}\n    @import url('https:\/\/fonts.googleapis.com\/css2?family=Inter:wght@300;400;500;600&display=swap');\n    header.entry-header {display:none;}\n    #landing-FAIG h1, h2, h3, h4, span {font-family: 'Inter', sans-serif !important;}\n    #landing-FAIG .row {margin-left:-15px !important;margin-right:-15px !important;}\n    #landing-FAIG {font-family: 'Inter', sans-serif !important; color:#000000 !important;}\n    #landing-FAIG h2 {font-size:25px !important;}\n    #landing-FAIG .br-10 {border-radius:10px;}\n    #landing-FAIG .br-50 {border-radius:50%;}\n    #landing-FAIG .programa-faig {color:#1daa3e;background-color:#f2f2f2 !important;font-size:22px !important;}<\/p>\n<p>    #landing-FAIG .btn-green{}\n    #landing-FAIG .btn-green-light{}\n    #landing-FAIG .pildora-container {display:grid;grid-template-columns:100%;}\n    #landing-FAIG .pildora {background-color:#91da9f;border-radius:40px;padding:9px 24px 9px 24px;}\n    #landing-FAIG .servei {cursor: pointer !important;}\n    #landing-FAIG [aria-expanded=true] .accordion-img-close {display:inline-block !important}\n    #landing-FAIG [aria-expanded=true] .accordion-img-open {display:none !important}<\/p>\n<p>    #landing-FAIG h3 {font-size:25px !important;}\n    #landing-FAIG .fs18 {font-size:18px;}\n    #landing-FAIG .fs19 {font-size:19px;}\n    #landing-FAIG .fs21 {font-size:21px;}\n    #landing-FAIG .mt-6 {margin-top:60px !important;}\n    #landing-FAIG .mb-6 {margin-bottom:60px !important;}\n    #landing-FAIG .green {color:#1daa3e !important;}\n    #landing-FAIG .black {color:#000000 !important;}\n    #landing-FAIG .intro {background-color:#f3f2f1;}\n    #landing-FAIG .intro .green {font-size:20px !important;}\n    #landing-FAIG .semibold {font-weight:600;}\n    #landing-FAIG .medium {font-weight:500;}\n    #landing-FAIG .light {font-weight:300;}\n    #landing-FAIG .faig-intro {margin:30px 0px 30px 0px !important;}\n    #landing-FAIG .ofereix {font-size:35px;margin-top:40px !important;margin-bottom:40px !important;}\n    #landing-FAIG .innovacio-card {border-radius:20px;background-color:#f3f2f1;padding:40px;font-size:19px;}\n    #landing-FAIG .inno-img {width:73% !important;}\n    #landing-FAIG .ofereix-border {border-bottom:1px solid #1daa3e;}\n    #landing-FAIG .aprenantatge {background-color:#91da9f !important;padding:20px 40px 20px 40px !important;font-size:22px !important;}\n    #landing-FAIG .aprendre-card {background-color:#15c87c !important;border-radius:30px;padding:20px 20px 20px 20px;color:#ffffff;}\n    #landing-FAIG .aprendre-card p {line-height:25px;}\n    #landing-FAIG .aprendre-card .title {font-size:19px;}\n    #landing-FAIG .inspirador-card {background-color:#f3f2f1;border-radius:20px;}\n    #landing-FAIG .inspirador-card-top {background-color:#15c87c;border-top-left-radius:20px;border-top-right-radius:20px;padding-top:50px;padding-bottom:40px;}\n    #landing-FAIG .inspirador-card-bottom {background-color:#f3f2f1;border-bottom-left-radius:20px;border-bottom-right-radius:20px;padding:25px 25px 14px 25px;}\n    #landing-FAIG .inspirador-card-bottom .description {font-size:16px;}\n    #landing-FAIG .row.servei:after {display:block;padding: 0 15px;content:'';height:1px;width:calc(100% - 45px);background:#1daa3e;margin-top:15px;margin-left:15px;}\n    #landing-FAIG .collapse.in{display:block}\n    #landing-FAIG .tas .title {font-size:20px;}@media (min-width: 1480px) {\n        #landing-FAIG .pildora-container {grid-template-columns: 50% 50%;}\n        #landing-FAIG .pildora {margin-right:15px;}\n        #landing-FAIG .border-right-green { border-right:1px solid #1daa3e}\n        #landing-FAIG #accordion .title {margin-top:10px;margin-bottom:20px;font-size:21px;}\n        #landing-FAIG .intro {padding:60px 0px 60px 0px !important;}\n        #landing-FAIG .aprenantatge {padding:60px 120px 60px 120px !important;font-size:25px !important;}\n        #landing-FAIG .aprendre-card {padding:60px 40px 40px 60px;}\n        #landing-FAIG .aprendre-card .title {font-size:21px;}\n        #landing-FAIG .video-FAIG {height:100vh !important;}\n        #landing-FAIG .tas .title {font-size:22px;}\n        #landing-FAIG .inspirador-card-top > img {width:115px !important;}\n        #landing-FAIG .tas .title {padding-left:23px;padding-right:23px;}\n        #landing-FAIG .tas .description {padding-left:23px;padding-right:23px;}<\/p>\n<p>    }\n@media (max-width: 767px) {\n  #landing-FAIG .count {\n    font-size: 3rem; \n  }\n  #landing-FAIG .text-sentit {text-align:center;}\n  #landing-FAIG .margin-top-mobile-40 {margin-top:40px;}\n}\n@media (min-width: 768px) {\n  #landing-FAIG .count {\n    font-size: 8rem; \n  }\n}<\/p>\n<p>a.btn-success:hover{\ncolor:#ffffff !important;\ntext-decoration:underline !important;\n}<\/p>\n<\/style>\n","protected":false},"excerpt":{"rendered":"<p>FAIG \u00e9s un programa experimental de suport a la innovaci\u00f3 del Departament d\u2019Educaci\u00f3 de Catalunya impulsat pel Centre de Recursos Pedag\u00f2gics Espec\u00edfics de Suport a la Innovaci\u00f3 i a la Recerca Educativa (CESIRE), en el qual participen 150 centres educatius d&#8217;arreu de Catalunya.<\/p>\n<p>Els centres FAIG&hellip;  <a href=\"https:\/\/serveiseducatius.xtec.cat\/cesire\/faig-fent-per-aprendre-imaginant-globalment\/\" title=\"Read FAIG. Fent per aprendre, imaginant globalment\">Llegeix m\u00e9s\u00bb<\/a><\/p>\n","protected":false},"author":4,"featured_media":0,"parent":0,"menu_order":0,"comment_status":"closed","ping_status":"closed","template":"","meta":{"_bbp_topic_count":0,"_bbp_reply_count":0,"_bbp_total_topic_count":0,"_bbp_total_reply_count":0,"_bbp_voice_count":0,"_bbp_anonymous_reply_count":0,"_bbp_topic_count_hidden":0,"_bbp_reply_count_hidden":0,"_bbp_forum_subforum_count":0,"footnotes":""},"class_list":["post-27404","page","type-page","status-publish","hentry"],"post_mailing_queue_ids":[],"_links":{"self":[{"href":"https:\/\/serveiseducatius.xtec.cat\/cesire\/wp-json\/wp\/v2\/pages\/27404","targetHints":{"allow":["GET"]}}],"collection":[{"href":"https:\/\/serveiseducatius.xtec.cat\/cesire\/wp-json\/wp\/v2\/pages"}],"about":[{"href":"https:\/\/serveiseducatius.xtec.cat\/cesire\/wp-json\/wp\/v2\/types\/page"}],"author":[{"embeddable":true,"href":"https:\/\/serveiseducatius.xtec.cat\/cesire\/wp-json\/wp\/v2\/users\/4"}],"replies":[{"embeddable":true,"href":"https:\/\/serveiseducatius.xtec.cat\/cesire\/wp-json\/wp\/v2\/comments?post=27404"}],"version-history":[{"count":6,"href":"https:\/\/serveiseducatius.xtec.cat\/cesire\/wp-json\/wp\/v2\/pages\/27404\/revisions"}],"predecessor-version":[{"id":27520,"href":"https:\/\/serveiseducatius.xtec.cat\/cesire\/wp-json\/wp\/v2\/pages\/27404\/revisions\/27520"}],"wp:attachment":[{"href":"https:\/\/serveiseducatius.xtec.cat\/cesire\/wp-json\/wp\/v2\/media?parent=27404"}],"curies":[{"name":"wp","href":"https:\/\/api.w.org\/{rel}","templated":true}]}}