{"id":25352,"date":"2024-03-04T21:23:01","date_gmt":"2024-03-04T20:23:01","guid":{"rendered":"https:\/\/serveiseducatius.xtec.cat\/cesire\/?page_id=25352"},"modified":"2024-03-04T21:54:30","modified_gmt":"2024-03-04T20:54:30","slug":"publicacions-de-referencia","status":"publish","type":"page","link":"https:\/\/serveiseducatius.xtec.cat\/cesire\/faig-fent-per-aprendre-imaginant-globalment\/aprenentatge-per-projectes\/publicacions-de-referencia\/","title":{"rendered":"Publicacions de refer\u00e8ncia"},"content":{"rendered":"<div id=\"publicacions\">\n<div class=\"row p-md-5\">\n<div class=\"col-12 col-md-4 pt-5 mt-4 px-5\" style=\"border-top: 1px solid #1cb03d\">\n<h1 style=\"color:#1cb03d !important;\">PUBLICACIONS DE REFER\u00c8NCIA<\/h1>\n<\/p><\/div>\n<div class=\"col-12 col-md-8 pt-5 mt-4 px-5\" style=\"border-top: 1px solid #1cb03d\">\n<p>      Berger, R., Rugen, L. i Woodfin L (2014) Leaders of their Own Learning. Transforming Schools Through Student-Engaged Assessment. Jossey-Bass<\/p>\n<p>Comissi\u00f3 internacional sobre els futurs de l\u2019educaci\u00f3 (2022) Reimaginem junts els nostres futurs: un nou contracte social per a l\u2019educaci\u00f3. Unesco.<\/p>\n<p>Delors, J (1996) Educaci\u00f3: hi ha un tresor amagat a dins. Unesco.<\/p>\n<p>Dom\u00e8nech, J. (2018). Aprenentatge basat en Projectes, Treballs pr\u00e0ctics i Controv\u00e8rsies. 28 propostes i reflexions per ensenyar Ci\u00e8ncies. Rosa Sensat<\/p>\n<p>Dweck, C. (2017) Mindset: Changing The Way You think To Fulfil Your Potential. Constable And Robinson<\/p>\n<p>Fern\u00e1ndez, J. (2022) Educar en la complejidad. Para tomar decisiones desde el conocimiento. PLATAFORMA ACTUAL.<\/p>\n<p>Furman, M. (2021) Ense\u00f1ar distinto. Gu\u00eda para innovar sin perderse por el camino. Clave Intelectual<\/p>\n<p>Hattie, J. (2017) Aprendizaje visible para profesores: Maximizando el impacto en el aprendizaje. Colecci\u00f3n: Did\u00e1ctica y Desarrollo<\/p>\n<p>Hern\u00e0ndez, F. i Anguita M.(2023) Una pedagog\u00eda desobediente. Tejer la vida del aula y de la escuela desde proyectos de indagaci\u00f3n. Octaedro Editorial<\/p>\n<p>High Tech High (2017) Hands and Minds. A Guide to Project-Based Learning For Teachers By Teachers. CreateSpace Independent Publishing Platform<\/p>\n<p>Lenz, B. (2015) Transforming Schools: Using PBL, Performance Assessment, and Common Core Standards. Jossey- Bass<\/p>\n<p>Libow Martinez, S. i Stager G. (2013) Invent to Learn. Making, Tinkering, and Engineering in the Classroom. Constructing Modern knowledge Press<\/p>\n<p>Martin, D. i Panjwani,A. (2017) Empieza a crear! Una guia para acercar los j\u00f3venes al mundo maker. Marcombo<\/p>\n<p>Morales, M. i Fern\u00e1ndez, J. (2022) La evaluaci\u00f3n formativa: Estrategias eficaces para regular el aprendizaje. Ediciones SM.<\/p>\n<p>Morin, E. (1999) Els set coneixements necessaris per a l\u2019educaci\u00f3 del futur. Unesco<\/p>\n<p>OCDE (2017) Manual per entorns d\u2019aprenentatge innovadors. UOC<\/p>\n<p>Papert, S. (1993) Mindstorms: Children, Computers, And Powerful Ideas. Basic Books<\/p>\n<p>Resnick, M. (2018) Lifelong Kindergarten: Cultivating Creativity through Projects, Passion, Peers, and Play. MIT Press<\/p>\n<p>Robinson, K. (2016) Escuelas creativas: La revoluci\u00f3n que est\u00e1 transformando la educaci\u00f3n. Clave<\/p>\n<p>Ruiz, H. (2023) Com aprenem?: Una aproximaci\u00f3 cient\u00edfica a l\u2019aprenentatge i l\u2019ensenyament. Gra\u00f3.<\/p>\n<p>Sanmart\u00ed, N (2019) Avaluar i aprendre: un \u00fanic proc\u00e9s. Octaedro SL<\/p>\n<p>Unesco (2015) Repensar l\u2019educaci\u00f3: vers un b\u00e9 com\u00fa mundial?<\/p>\n<p>Zabala, A (1999) Enfocament globalitzador i pensament complex Una resposta per a la comprensi\u00f3 i intervenci\u00f3 en la realitat. Gra\u00f3<\/p><\/div>\n<\/p><\/div>\n<\/div>\n<style>#publicacions {background-color:#f3f2f1 !important;}h1.entry-title{display:none;}\n#publicacions h1, h2, h3, h4, span {font-family: 'Inter', sans-serif !important;}<\/style>\n","protected":false},"excerpt":{"rendered":"<p>PUBLICACIONS DE REFER\u00c8NCIA<\/p>\n<p>      Berger, R., Rugen, L. i Woodfin L (2014) Leaders of their Own Learning. Transforming Schools Through Student-Engaged Assessment. Jossey-Bass<br \/>\nComissi\u00f3 internacional sobre els futurs de l\u2019educaci\u00f3 (2022) Reimaginem junts els nostres futurs: un nou contracte social per a&hellip;  <a href=\"https:\/\/serveiseducatius.xtec.cat\/cesire\/faig-fent-per-aprendre-imaginant-globalment\/aprenentatge-per-projectes\/publicacions-de-referencia\/\" title=\"Read Publicacions de refer\u00e8ncia\">Llegeix m\u00e9s\u00bb<\/a><\/p>\n","protected":false},"author":66,"featured_media":0,"parent":24190,"menu_order":0,"comment_status":"closed","ping_status":"closed","template":"","meta":{"_bbp_topic_count":0,"_bbp_reply_count":0,"_bbp_total_topic_count":0,"_bbp_total_reply_count":0,"_bbp_voice_count":0,"_bbp_anonymous_reply_count":0,"_bbp_topic_count_hidden":0,"_bbp_reply_count_hidden":0,"_bbp_forum_subforum_count":0,"footnotes":""},"class_list":["post-25352","page","type-page","status-publish","hentry"],"post_mailing_queue_ids":[],"_links":{"self":[{"href":"https:\/\/serveiseducatius.xtec.cat\/cesire\/wp-json\/wp\/v2\/pages\/25352","targetHints":{"allow":["GET"]}}],"collection":[{"href":"https:\/\/serveiseducatius.xtec.cat\/cesire\/wp-json\/wp\/v2\/pages"}],"about":[{"href":"https:\/\/serveiseducatius.xtec.cat\/cesire\/wp-json\/wp\/v2\/types\/page"}],"author":[{"embeddable":true,"href":"https:\/\/serveiseducatius.xtec.cat\/cesire\/wp-json\/wp\/v2\/users\/66"}],"replies":[{"embeddable":true,"href":"https:\/\/serveiseducatius.xtec.cat\/cesire\/wp-json\/wp\/v2\/comments?post=25352"}],"version-history":[{"count":6,"href":"https:\/\/serveiseducatius.xtec.cat\/cesire\/wp-json\/wp\/v2\/pages\/25352\/revisions"}],"predecessor-version":[{"id":25371,"href":"https:\/\/serveiseducatius.xtec.cat\/cesire\/wp-json\/wp\/v2\/pages\/25352\/revisions\/25371"}],"up":[{"embeddable":true,"href":"https:\/\/serveiseducatius.xtec.cat\/cesire\/wp-json\/wp\/v2\/pages\/24190"}],"wp:attachment":[{"href":"https:\/\/serveiseducatius.xtec.cat\/cesire\/wp-json\/wp\/v2\/media?parent=25352"}],"curies":[{"name":"wp","href":"https:\/\/api.w.org\/{rel}","templated":true}]}}