{"id":25109,"date":"2024-02-21T20:12:03","date_gmt":"2024-02-21T19:12:03","guid":{"rendered":"https:\/\/serveiseducatius.xtec.cat\/cesire\/?page_id=25109"},"modified":"2025-10-21T10:20:52","modified_gmt":"2025-10-21T08:20:52","slug":"12-idees-per-a-un-projecte-daprenentatge-amb-sentit","status":"publish","type":"page","link":"https:\/\/serveiseducatius.xtec.cat\/cesire\/faig-fent-per-aprendre-imaginant-globalment\/aprenentatge-per-projectes\/12-idees-per-a-un-projecte-daprenentatge-amb-sentit\/","title":{"rendered":"12 IDEES PER A UN PROJECTE D\u2019APRENENTATGE AMB SENTIT"},"content":{"rendered":"<div id=\"aprenentatge-projectes\">\n<div class=\"row descobreix-intro p-md-5\">\n<div class=\"col-12 col-md-4 white column-line-white px-5\">\n<h2 class=\"text-white\" style=\"padding-top: 0px !important;\">12 IDEES PER A UN PROJECTE D&#8217;APRENENTATGE AMB SENTIT<\/h2>\n<\/div>\n<div class=\"col-12 col-md-8 column-line-white px-5\">\n<p class=\"text-white bold\">Aquestes 12 idees faciliten la reflexi\u00f3 fonamentada sobre que entenem per un projecte d&#8217;aprenentatge amb sentit, tot afavorint el disseny, revisi\u00f3 i millora de projectes amb impacte personal i comunitari.<\/p>\n<\/div>\n<\/div>\n<\/div>\n<div id=\"elements-projecte-mobile\" class=\"d-block d-sm-none d-md-none\" style=\"background: url('https:\/\/serveiseducatius.xtec.cat\/cesire\/wp-content\/uploads\/usu2650\/2024\/02\/Infografia12_Responsive_Fondo-scaled.jpg') no-repeat no-repeat; background-position: center; background-size: cover;\">\n<div class=\"row\">\n<div class=\"col-12 tree mt-5\">\n<p>Aborda problemes rellevants en <strong>contextos aut\u00e8ntics<\/strong> a partir d&#8217;una pregunta essencial o repte durant un <strong>per\u00edode de temps extens.<\/strong><\/p>\n<p><strong>Construeix els aprenentatges<\/strong> a partir de les seves experi\u00e8ncia i coneixements previs mitjan\u00e7ant processos d&#8217;indagaci\u00f3.<\/p>\n<p><strong>Genera i participa<\/strong> en converses en les quals es <b>problematitza <\/b>la realitat, les visions, les creences des d&#8217;una mirada cr\u00edtica.<\/p>\n<p><strong>Pren decisions<\/strong> sobre com aprendre i qu\u00e8 crear, treballant de forma aut\u00f2noma, a partir de les <strong> bastides i guiatge<\/strong> del docent.<\/p>\n<p>Participa en la <strong>ideaci\u00f3 del projecte<\/strong>, apropiant-se dels objectius d&#8217;aprenentatge i concretant els criteris d&#8217;avaluaci\u00f3.<\/p>\n<p>S\u2019inspira, apr\u00e8n, treballa i\/o col\u00b7labora amb <strong>persones d\u2019entorns professionals reals<\/strong>, utilitzant eines, t\u00e8cniques i\/o tecnologies del m\u00f3n professional.<\/p>\n<p>Assumeix <strong>rols i tasques<\/strong> de forma aut\u00f2noma desenvolupant les seves capacitats i habilitats, construint coneixement de forma col\u00b7lectiva a partir de la col\u00b7laboraci\u00f3 i la cooperaci\u00f3. (agency)<\/p>\n<p>Comparteix el seu treball (esborrany, prototips, creacions\u2026) amb companys i companyes, docents i altres persones per obtenir-ne <strong>retroalimentaci\u00f3 i millorar<\/strong> les seves produccions.<\/p>\n<p>Crea <strong>obres i productes originals i genu\u00efns<\/strong> que t\u00e9 un impacte real en el seu entorn (aula, barri, escola\u2026)<\/p>\n<p>Presenta les <strong>obres i productes<\/strong> i els processos de creaci\u00f3 i aprenentatge davant d\u2019una <strong>audi\u00e8ncia<\/strong> amb qui dialoga i a qui demana retroalimentaci\u00f3.<\/p>\n<p><strong>Documenta<\/strong> el proc\u00e9s de <strong>construcci\u00f3 col\u00b7lectiva del coneixement evidenciant<\/strong> els aprenentatges individuals i grupals.<\/p>\n<p><strong>Reflexiona<\/strong> sobre la seva pr\u00f2pia experi\u00e8ncia d\u2019aprenentatge a partir de la recollida d\u2019<strong>evid\u00e8ncies<\/strong> prenent consci\u00e8ncia de les seves estrat\u00e8gies i potencialitats, concretant aquells aspectes a millorar.<\/p>\n<\/div>\n<\/div>\n<\/div>\n<div class=\"d-none d-sm-block\"><img decoding=\"async\" src=\"https:\/\/serveiseducatius.xtec.cat\/cesire\/wp-content\/uploads\/usu2650\/2024\/02\/Infografia12-4-1-scaled.jpg\" alt=\"\" width=\"100%\" border=\"0\" \/><\/div>\n<div class=\"text-center pt-5\"><\/div>\n<pre>\r\n<style>\r\n@import url('https:\/\/fonts.googleapis.com\/css2?family=Inter:wght@300;400;500;600&display=swap');\r\nheader.entry-header {display:none;}\r\n.descobreix-intro {background-color:#66d178 !important;font-size:22px !important;}\r\n.column-line-white::before {content: '';display: block;border-top: 1px solid #ffffff;margin-bottom: 20px;}\r\n.column-line-green::before {content: '';display: block;border-top: 1px solid #1daa3e;margin-bottom: 20px;}\r\n.green {color:#1daa3e !important;}\r\na.btn-success:hover{\r\ncolor:#ffffff !important;\r\ntext-decoration:underline !important;\r\n}\r\n.tree p{border-bottom: 1px solid black;padding-top: 1rem;\r\n    padding-bottom: 1rem;margin-bottom:0}\r\n.tree p:first-child{border-top: 1px solid black;}\r\n<\/style>\r\n<\/pre>\n<p>&nbsp;<\/p>\n<p>&nbsp;<\/p>\n","protected":false},"excerpt":{"rendered":"<p>12 IDEES PER A UN PROJECTE D&#8217;APRENENTATGE AMB SENTIT<\/p>\n<p>Aquestes 12 idees faciliten la reflexi\u00f3 fonamentada sobre que entenem per un projecte d&#8217;aprenentatge amb sentit, tot afavorint el disseny, revisi\u00f3 i millora de projectes amb impacte personal i comunitari.<\/p>\n<p>Aborda problemes rellevants en contextos aut\u00e8ntics a partir&hellip;  <a href=\"https:\/\/serveiseducatius.xtec.cat\/cesire\/faig-fent-per-aprendre-imaginant-globalment\/aprenentatge-per-projectes\/12-idees-per-a-un-projecte-daprenentatge-amb-sentit\/\" title=\"Read 12 IDEES PER A UN PROJECTE D\u2019APRENENTATGE AMB SENTIT\">Llegeix m\u00e9s\u00bb<\/a><\/p>\n","protected":false},"author":66,"featured_media":0,"parent":24190,"menu_order":0,"comment_status":"closed","ping_status":"closed","template":"","meta":{"_bbp_topic_count":0,"_bbp_reply_count":0,"_bbp_total_topic_count":0,"_bbp_total_reply_count":0,"_bbp_voice_count":0,"_bbp_anonymous_reply_count":0,"_bbp_topic_count_hidden":0,"_bbp_reply_count_hidden":0,"_bbp_forum_subforum_count":0,"footnotes":""},"class_list":["post-25109","page","type-page","status-publish","hentry"],"post_mailing_queue_ids":[],"_links":{"self":[{"href":"https:\/\/serveiseducatius.xtec.cat\/cesire\/wp-json\/wp\/v2\/pages\/25109","targetHints":{"allow":["GET"]}}],"collection":[{"href":"https:\/\/serveiseducatius.xtec.cat\/cesire\/wp-json\/wp\/v2\/pages"}],"about":[{"href":"https:\/\/serveiseducatius.xtec.cat\/cesire\/wp-json\/wp\/v2\/types\/page"}],"author":[{"embeddable":true,"href":"https:\/\/serveiseducatius.xtec.cat\/cesire\/wp-json\/wp\/v2\/users\/66"}],"replies":[{"embeddable":true,"href":"https:\/\/serveiseducatius.xtec.cat\/cesire\/wp-json\/wp\/v2\/comments?post=25109"}],"version-history":[{"count":7,"href":"https:\/\/serveiseducatius.xtec.cat\/cesire\/wp-json\/wp\/v2\/pages\/25109\/revisions"}],"predecessor-version":[{"id":27084,"href":"https:\/\/serveiseducatius.xtec.cat\/cesire\/wp-json\/wp\/v2\/pages\/25109\/revisions\/27084"}],"up":[{"embeddable":true,"href":"https:\/\/serveiseducatius.xtec.cat\/cesire\/wp-json\/wp\/v2\/pages\/24190"}],"wp:attachment":[{"href":"https:\/\/serveiseducatius.xtec.cat\/cesire\/wp-json\/wp\/v2\/media?parent=25109"}],"curies":[{"name":"wp","href":"https:\/\/api.w.org\/{rel}","templated":true}]}}