{"id":24791,"date":"2024-01-31T10:53:56","date_gmt":"2024-01-31T09:53:56","guid":{"rendered":"https:\/\/serveiseducatius.xtec.cat\/cesire\/?page_id=24791"},"modified":"2026-02-03T09:51:08","modified_gmt":"2026-02-03T08:51:08","slug":"la-veu-de-la-recerca","status":"publish","type":"page","link":"https:\/\/serveiseducatius.xtec.cat\/cesire\/faig-fent-per-aprendre-imaginant-globalment\/la-veu-de-la-recerca\/","title":{"rendered":"LA VEU DE LA RECERCA"},"content":{"rendered":"<div id=\"experts\">\n<div class=\"row descobreix-intro p-md-5\">\n<div class=\"col-12 col-md-4 white column-line-white p-5\">\n<h2 class=\"text-white mt-4\">LA VEU DE LA<br \/>RECERCA<\/h2>\n<\/p><\/div>\n<div class=\"col-12 col-md-8 column-line-white p-5\">\n<p class=\"text-white bold mt-4 pt-3\">FAIG facilita l\u2019acc\u00e9s a la recerca a trav\u00e9s de publicacions sobre l\u2019Aprenentatge per Projectes d\u2019arreu del m\u00f3n.<\/p>\n<\/p><\/div>\n<\/p><\/div>\n<div class=\"row py-5\">\n<div class=\"col-12 col-md-5 px-5 text-center\">\n      <img decoding=\"async\" src=\"https:\/\/serveiseducatius.xtec.cat\/cesire\/wp-content\/uploads\/usu2650\/2024\/02\/imatge1-400.jpg\" alt=\"\" class=\"w-100 rounded\" \/><br \/>\n<a target=\"_blank\" href=\"https:\/\/www2.rivier.edu\/journal\/roaj-fall-2011\/j575-project-based-instruction-holm.pdf\" class=\"py-3 px-5 btn btn-success text-white mt-5\" style=\"background-color:#66d178;border-color:#66d178\" rel=\"noopener\"><span class=\"h5\">Per saber-ne m\u00e9s<\/span><\/a>\n    <\/div>\n<div class=\"col-12 col-md-7 px-5\">\n<div class=\"pt-5\" style=\"border-top:1px solid #1daa3e;\">\n<h3 class=\"green font-weight-bold mb-4\">Aprenentatge basat en projectes: una revisi\u00f3 dels estudis sobre la seva efic\u00e0cia.<\/h3>\n<p class=\"h5 font-weight-bold\">L\u2019article repassa investigacions entre el 2000 i el 2011 sobre l\u2019efic\u00e0cia de l\u2019ensenyament basat en projectes a diferents nivells educatius, incloent resultats acad\u00e8mics, de l\u2019aprenentatge i la resposta del professorat. Comen\u00e7a amb una visi\u00f3 hist\u00f2rica i una definici\u00f3 del que \u00e9s l\u2019aprenentatge basat en projectes. Despr\u00e9s, sintetitza diversos temes emergents en la literatura, com ara actituds dels alumnes i dels professors, resultats acad\u00e8mics i investigaci\u00f3 recent sobre l\u2019\u00fas d\u2019aquest m\u00e8tode amb grups d\u2019alumnes espec\u00edfics.<\/p>\n<p style=\"line-height:1.2\" class=\"small mt-4\">Holm, M.A. (2011) PROJECT-BASED INSTRUCTION: A Review of the Literature on Effectiveness in Prekindergarten through 12th Grade Classrooms. Rivier Academic Journal, volume 7, number 2, fall 2011.<\/p>\n<\/div><\/div>\n<\/p><\/div>\n<div class=\"row py-5\" style=\"background-color:#f3f2f2\">\n<div class=\"d-flex d-md-none col-12 px-5 text-center flex-column align-items-center\">\n      <img decoding=\"async\" src=\"https:\/\/serveiseducatius.xtec.cat\/cesire\/wp-content\/uploads\/usu2650\/2024\/02\/faig-education.png\" alt=\"\" class=\"w-100 rounded\" \/><br \/>\n<a target=\"_blank\" href=\"https:\/\/www.lucasedresearch.org\/wp-content\/uploads\/2021\/04\/Research-Summary-of-PBL-Rev1-1.pdf\" class=\"py-3 px-5 btn btn-success text-white mt-5\" style=\"background-color:#66d178;border-color:#66d178\" rel=\"noopener\"><span class=\"h5\">Per saber-ne m\u00e9s<\/span><\/a>\n    <\/div>\n<div class=\"col-12 col-md-7 px-5\">\n<div class=\"pt-5\" style=\"border-top:1px solid #1daa3e;\">\n<h3 class=\"green font-weight-bold mb-4\">L\u2019evid\u00e8ncia \u00e9s clara: l\u2019aprenentatge basat per projectes \u00e9s una palanca efica\u00e7 per a l\u2019\u00e8xit dels estudiants<\/h3>\n<p class=\"h5 font-weight-bold\">Quatre estudis de recerca recentment publicats mostren que l\u2019\u00fas rigor\u00f3s de l\u2019aprenentatge basat en projectes a les escoles p\u00fabliques dels Estats Units t\u00e9 grans efectes positius en els resultats dels estudiants en totes les assignatures. L\u2019Aprenentatge Basat en Projectes (ABP) \u00e9s un enfocament basat en la investigaci\u00f3 en qu\u00e8 els estudiants exploren problemes del m\u00f3n real mitjan\u00e7ant projectes individuals i grupals. Amb aquests, els estudiants entenen per qu\u00e8 el contingut \u00e9s \u00fatil i com es pot aplicar.<\/p>\n<p style=\"line-height:1.2\" class=\"small mt-4\">Lucas Education Research (2021) The Evidence is Clear: Rigorous Project-Based Learning is an Effecti- ve Lever for Student Success. LucasEducation Research.<\/p>\n<\/div><\/div>\n<div class=\"d-none d-md-flex col-md-5 px-5 text-center flex-column align-items-center\">\n      <img decoding=\"async\" src=\"https:\/\/serveiseducatius.xtec.cat\/cesire\/wp-content\/uploads\/usu2650\/2024\/02\/faig-education.png\" alt=\"\" class=\"w-100 rounded\" \/><br \/>\n<a target=\"_blank\" href=\"https:\/\/www.lucasedresearch.org\/wp-content\/uploads\/2021\/04\/Research-Summary-of-PBL-Rev1-1.pdf\" class=\"py-3 px-5 btn btn-success text-white mt-5\" style=\"background-color:#66d178;border-color:#66d178\" rel=\"noopener\"><span class=\"h5\">Per saber-ne m\u00e9s<\/span><\/a>\n    <\/div>\n<\/div>\n<div class=\"row py-5\">\n<div class=\"col-12 col-md-5 px-5 text-center\">\n      <img decoding=\"async\" src=\"https:\/\/serveiseducatius.xtec.cat\/cesire\/wp-content\/uploads\/usu2650\/2024\/02\/Y8A8552-min-scaled.jpg\" alt=\"\" class=\"w-100 rounded\" \/><br \/>\n<a target=\"_blank\" href=\"https:\/\/fundaciobofill.cat\/publicacions\/projectes\" class=\"py-3 px-5 btn btn-success text-white mt-5\" style=\"background-color:#66d178;border-color:#66d178\" rel=\"noopener\"><span class=\"h5\">Per saber-ne m\u00e9s<\/span><\/a>\n    <\/div>\n<div class=\"col-12 col-md-7 px-5\">\n<div class=\"pt-5\" style=\"border-top:1px solid #1daa3e;\">\n<h3 class=\"green font-weight-bold mb-4\">Qu\u00e8 funciona en l\u2019Aprenentatge Basat en Projectes?<\/h3>\n<p class=\"h5 font-weight-bold\">Aquest document sintetitza els resultats de l\u2019informe \u201cQu\u00e8 funciona en educaci\u00f3?\u201d. L\u2019informe inclou la revisi\u00f3 d\u2019una metan\u00e0lisi quantitativa i 7 revisions narratives \u2014cobrint un total de 297 estudis\u2014 i 25 estudis primaris sobre l\u2019impacte de l\u2019ABP en el rendiment educatiu. Tamb\u00e9 s\u2019inclouen les principals idees sorgides en el seminari i l\u2019acte obert realitzats entre setembre i desembre de 2019.<\/p>\n<p style=\"line-height:1.2\" class=\"small mt-4\">Fundaci\u00f3 Jaume Bofill i Iv\u00e0lua. (2021) Qu\u00e8 funciona en l\u2019aprenentatge basat per projectes? Qu\u00e8 funciona en educaci\u00f3? Evid\u00e8ncies per a la millora educativa. Fundaci\u00f3 Jaume Bofill. Iv\u00e0lua<\/p>\n<\/div><\/div>\n<\/div>\n<div class=\"row py-5\" style=\"background-color:#f3f2f2\">\n<div class=\"d-flex d-md-none col-12 px-5 text-center flex-column align-items-center\">\n      <img decoding=\"async\" src=\"https:\/\/serveiseducatius.xtec.cat\/cesire\/wp-content\/uploads\/usu2650\/2024\/02\/IMG_4098-400.jpg\" alt=\"\" class=\"w-100 rounded\" \/><br \/>\n<a target=\"_blank\" href=\"https:\/\/fundaciobofill.cat\/publicacions\/millora-laprenentatge-de-lalumnat-mitjancant-el-treball-projectes\" class=\"py-3 px-5 btn btn-success text-white mt-5\" style=\"background-color:#66d178;border-color:#66d178\" rel=\"noopener\"><span class=\"h5\">Per saber-ne m\u00e9s<\/span><\/a>\n    <\/div>\n<div class=\"col-12 col-md-7 px-5\">\n<div class=\"pt-5\" style=\"border-top:1px solid #1daa3e;\">\n<h3 class=\"green font-weight-bold mb-4\">Millora l\u2019aprenentatge de l\u2019alumnat mitjan\u00e7ant el treball per projectes?<\/h3>\n<p class=\"h5 font-weight-bold\">En els \u00faltims anys, l\u2019Aprenentatge Basat en Projectes (ABP) ha guanyat popularitat sota el paraigua d\u2019organitzacions internacionals, governs i centres educatius que veuen en aquesta metodologia una eina per millorar l\u2019aprenentatge de l\u2019alumnat i promoure les compet\u00e8ncies del segle XXI mitjan\u00e7ant l\u2019exploraci\u00f3, la creaci\u00f3 i la construcci\u00f3 de solucions a problemes. De manera paral\u00b7lela, s\u2019han comen\u00e7at a elaborar estudis sobre els efectes d\u2019aquesta pedagogia que poden informar sobre les seves possibilitats i limitacions reals. En aquesta revisi\u00f3, es formulen les preguntes seg\u00fcents: quin impacte t\u00e9 el treball per projectes i sobre l\u2019aprenentatge de l\u2019alumnat?; quines s\u00f3n les caracter\u00edstiques dels programes m\u00e9s efectius?; per a qui s\u00f3n m\u00e9s efectius aquests programes?, i \u00e9s recomanable estendre aquesta pr\u00e0ctica educativa a Catalunya?<\/p>\n<p style=\"line-height:1.2\" class=\"small mt-4\">Lafuente Martinez, M. (2019) Millora l\u2019aprenentatge de l\u2019alumnat mitjan\u00e7ant el treball per projectes? Qu\u00e8 funciona en educaci\u00f3? Evid\u00e8ncies per a la milloraeducativa. Fundaci\u00f3 Jaume Bofill. Iv\u00e0lua<\/p>\n<\/div><\/div>\n<div class=\"d-none d-md-flex col-md-5 px-5 text-center flex-column align-items-center\">\n      <img decoding=\"async\" src=\"https:\/\/serveiseducatius.xtec.cat\/cesire\/wp-content\/uploads\/usu2650\/2024\/02\/IMG_4098-400.jpg\" alt=\"\" class=\"w-100 rounded\" \/><br \/>\n<a target=\"_blank\" href=\"https:\/\/fundaciobofill.cat\/publicacions\/millora-laprenentatge-de-lalumnat-mitjancant-el-treball-projectes\" class=\"py-3 px-5 btn btn-success text-white mt-5\" style=\"background-color:#66d178;border-color:#66d178\" rel=\"noopener\"><span class=\"h5\">Per saber-ne m\u00e9s<\/span><\/a>\n    <\/div>\n<\/div>\n<\/div>\n<pre>\r\n<style>\r\n@import url('https:\/\/fonts.googleapis.com\/css2?family=Inter:wght@300;400;500;600&display=swap');\r\nheader.entry-header {display:none;}\r\n.descobreix-intro {background-color:#66d178 !important;font-size:22px !important;}\r\n.column-line-white::before {content: '';display: block;border-top: 1px solid #ffffff;margin-bottom: 20px;}\r\n.column-line-green::before {content: '';display: block;border-top: 1px solid #1daa3e;margin-bottom: 20px;}\r\n.green {color:#1daa3e !important;}\r\na.btn-success:hover{\r\ncolor:#ffffff !important;\r\ntext-decoration:underline !important;\r\n}\r\n<\/style>\r\n<\/pre>\n","protected":false},"excerpt":{"rendered":"<p>LA VEU DE LARECERCA<\/p>\n<p>FAIG facilita l\u2019acc\u00e9s a la recerca a trav\u00e9s de publicacions sobre l\u2019Aprenentatge per Projectes d\u2019arreu del m\u00f3n.<\/p>\n<p><a target=\"_blank\" href=\"https:\/\/www2.rivier.edu\/journal\/roaj-fall-2011\/j575-project-based-instruction-holm.pdf\" class=\"py-3 px-5 btn btn-success text-white mt-5\" style=\"background-color:#66d178;border-color:#66d178\" rel=\"noopener\">Per saber-ne m\u00e9s<\/a><\/p>\n<p>Aprenentatge basat en projectes:&hellip;  <a href=\"https:\/\/serveiseducatius.xtec.cat\/cesire\/faig-fent-per-aprendre-imaginant-globalment\/la-veu-de-la-recerca\/\" title=\"Read LA VEU DE LA RECERCA\">Llegeix m\u00e9s\u00bb<\/a><\/p>\n","protected":false},"author":66,"featured_media":0,"parent":27404,"menu_order":0,"comment_status":"closed","ping_status":"closed","template":"","meta":{"_bbp_topic_count":0,"_bbp_reply_count":0,"_bbp_total_topic_count":0,"_bbp_total_reply_count":0,"_bbp_voice_count":0,"_bbp_anonymous_reply_count":0,"_bbp_topic_count_hidden":0,"_bbp_reply_count_hidden":0,"_bbp_forum_subforum_count":0,"footnotes":""},"class_list":["post-24791","page","type-page","status-publish","hentry"],"post_mailing_queue_ids":[],"_links":{"self":[{"href":"https:\/\/serveiseducatius.xtec.cat\/cesire\/wp-json\/wp\/v2\/pages\/24791","targetHints":{"allow":["GET"]}}],"collection":[{"href":"https:\/\/serveiseducatius.xtec.cat\/cesire\/wp-json\/wp\/v2\/pages"}],"about":[{"href":"https:\/\/serveiseducatius.xtec.cat\/cesire\/wp-json\/wp\/v2\/types\/page"}],"author":[{"embeddable":true,"href":"https:\/\/serveiseducatius.xtec.cat\/cesire\/wp-json\/wp\/v2\/users\/66"}],"replies":[{"embeddable":true,"href":"https:\/\/serveiseducatius.xtec.cat\/cesire\/wp-json\/wp\/v2\/comments?post=24791"}],"version-history":[{"count":6,"href":"https:\/\/serveiseducatius.xtec.cat\/cesire\/wp-json\/wp\/v2\/pages\/24791\/revisions"}],"predecessor-version":[{"id":25281,"href":"https:\/\/serveiseducatius.xtec.cat\/cesire\/wp-json\/wp\/v2\/pages\/24791\/revisions\/25281"}],"up":[{"embeddable":true,"href":"https:\/\/serveiseducatius.xtec.cat\/cesire\/wp-json\/wp\/v2\/pages\/27404"}],"wp:attachment":[{"href":"https:\/\/serveiseducatius.xtec.cat\/cesire\/wp-json\/wp\/v2\/media?parent=24791"}],"curies":[{"name":"wp","href":"https:\/\/api.w.org\/{rel}","templated":true}]}}