{"id":24236,"date":"2024-01-24T18:34:07","date_gmt":"2024-01-24T17:34:07","guid":{"rendered":"https:\/\/serveiseducatius.xtec.cat\/cesire\/?page_id=24236"},"modified":"2026-02-03T09:48:51","modified_gmt":"2026-02-03T08:48:51","slug":"actituds-maker-i-fabricacio-digital","status":"publish","type":"page","link":"https:\/\/serveiseducatius.xtec.cat\/cesire\/faig-fent-per-aprendre-imaginant-globalment\/actituds-maker-i-fabricacio-digital\/","title":{"rendered":"ACTITUDS MAKER I FABRICACI\u00d3 DIGITAL"},"content":{"rendered":"<div id=\"actituds-maker\">\n<div class=\"row descobreix-intro p-md-5\">\n<div class=\"col-12 col-md-4 white column-line-white p-md-5 p-2 mt-10-mobile\">\n<h2 class=\"text-white mt-4 text-sentit\">ACTITUDS MAKER I FABRICACI\u00d3 DIGITAL<\/h2>\n<\/div>\n<div class=\"col-12 col-md-8 column-line-white p-md-5 p-2\">\n<p class=\"text-white bold mt-4 pt-3 text-sentit\">FAIG potencia actituds maker entre l\u2019alumnat durant tot el proc\u00e9s d\u2019aprenentatge.<\/p>\n<p class=\"text-white text-sentit\">Els aprenents s\u2019involucren en processos d\u2019ideaci\u00f3 i fabricaci\u00f3 basats en les seves idees, interessos i passions que es comparteixen en comunitat.<\/p>\n<\/div>\n<\/div>\n<div class=\"row pt-5\">\n<div class=\"col-12 text-center\">\n<p class=\"green h4\">Aquestes s\u00f3n les 12 ACTITUDS MAKER que es<br \/>\ndestaquen en els processos creatius<\/p>\n<\/div>\n<\/div>\n<div class=\"row\">\n<div class=\"col-12 text-center\" style=\"padding-left: 0px; padding-right: 0px;\"><img loading=\"lazy\" decoding=\"async\" class=\"alignnone size-large wp-image-24239 img-fluid\" src=\"https:\/\/serveiseducatius.xtec.cat\/cesire\/wp-content\/uploads\/usu2650\/2024\/01\/FAIG_Infografia-1024x594.png\" alt=\"\" width=\"1024\" height=\"594\" srcset=\"https:\/\/serveiseducatius.xtec.cat\/cesire\/wp-content\/uploads\/usu2650\/2024\/01\/FAIG_Infografia-1024x594.png 1024w, https:\/\/serveiseducatius.xtec.cat\/cesire\/wp-content\/uploads\/usu2650\/2024\/01\/FAIG_Infografia-300x174.png 300w, https:\/\/serveiseducatius.xtec.cat\/cesire\/wp-content\/uploads\/usu2650\/2024\/01\/FAIG_Infografia-768x446.png 768w, https:\/\/serveiseducatius.xtec.cat\/cesire\/wp-content\/uploads\/usu2650\/2024\/01\/FAIG_Infografia-1536x891.png 1536w, https:\/\/serveiseducatius.xtec.cat\/cesire\/wp-content\/uploads\/usu2650\/2024\/01\/FAIG_Infografia-2048x1188.png 2048w\" sizes=\"auto, (max-width: 1024px) 100vw, 1024px\" \/><\/div>\n<\/div>\n<div class=\"d-block d-sm-none d-md-none\">\n<div class=\"row\">\n<div class=\"col-md-6 col-12 px-5\">\n<div class=\"pt-5\"><img loading=\"lazy\" decoding=\"async\" class=\"alignnone size-full wp-image-24384\" src=\"https:\/\/serveiseducatius.xtec.cat\/cesire\/wp-content\/uploads\/usu2650\/2024\/01\/FAIG_Casa.png\" alt=\"\" width=\"121\" height=\"121\" \/><\/div>\n<h3 class=\"green mt-5\">FAIG impulsa espais (FAIGLabs) per facilitar la creaci\u00f3 i fabricaci\u00f3 digital de productes genu\u00efns amb impacte en l\u2019entorn.<\/h3>\n<\/div>\n<div class=\"col-md-6 col-12 px-5\"><img decoding=\"async\" class=\"w-100 rounded\" src=\"https:\/\/serveiseducatius.xtec.cat\/cesire\/wp-content\/uploads\/usu2650\/2024\/02\/faiglab-400.jpg\" alt=\"\" \/><\/div>\n<\/div>\n<\/div>\n<div class=\"d-none d-sm-block\">\n<div class=\"row\" style=\"margin-top: 60px !important;\">\n<div class=\"col-md-6 col-12 px-5\"><img decoding=\"async\" class=\"w-100 rounded\" src=\"https:\/\/serveiseducatius.xtec.cat\/cesire\/wp-content\/uploads\/usu2650\/2024\/02\/faiglab-400.jpg\" alt=\"\" \/><\/div>\n<div class=\"col-md-6 col-12 px-5\" style=\"border-top: 1px solid #1daa3e; border-bottom: 1px solid #1daa3e;\">\n<div class=\"pt-5\"><img loading=\"lazy\" decoding=\"async\" class=\"alignnone size-full wp-image-24384\" src=\"https:\/\/serveiseducatius.xtec.cat\/cesire\/wp-content\/uploads\/usu2650\/2024\/01\/FAIG_Casa.png\" alt=\"\" width=\"121\" height=\"121\" \/><\/div>\n<h3 class=\"green mt-5\">FAIG impulsa espais (FAIGLabs) per facilitar la creaci\u00f3 i fabricaci\u00f3 digital de productes genu\u00efns amb impacte en l\u2019entorn.<\/h3>\n<\/div>\n<\/div>\n<\/div>\n<div class=\"d-block d-sm-none d-md-none\">\n<div class=\"row pt-5 align-items-end\">\n<div class=\"col-md-6 col-12 px-5\">\n<div><a href=\"https:\/\/ateneu.xtec.cat\/wikiform\/wikiexport\/materials\/cesire\/faig\/lab\/pir\/index\" target=\"_blank\" rel=\"noopener\"><img decoding=\"async\" class=\"alignnone size-full\" src=\"https:\/\/serveiseducatius.xtec.cat\/cesire\/wp-content\/uploads\/usu2650\/2024\/02\/Boto_PR-83.png\" alt=\"\" \/><\/a><br \/>\n<a href=\"https:\/\/ateneu.xtec.cat\/wikiform\/wikiexport\/materials\/cesire\/faig\/lab\/tic\/index\" target=\"_blank\" rel=\"noopener\"><img decoding=\"async\" class=\"alignnone size-full\" src=\"https:\/\/serveiseducatius.xtec.cat\/cesire\/wp-content\/uploads\/usu2650\/2024\/02\/Boto_TIC-83.png\" alt=\"\" \/><\/a><br \/>\n<a href=\"https:\/\/ateneu.xtec.cat\/wikiform\/wikiexport\/materials\/cesire\/faig\/lab\/2d\/index\" target=\"_blank\" rel=\"noopener\"><img decoding=\"async\" class=\"alignnone size-full\" src=\"https:\/\/serveiseducatius.xtec.cat\/cesire\/wp-content\/uploads\/usu2650\/2024\/02\/Boto_2D-83.png\" alt=\"\" \/><\/a><br \/>\n<a href=\"https:\/\/ateneu.xtec.cat\/wikiform\/wikiexport\/materials\/cesire\/faig\/lab\/3d\/index\" target=\"_blank\" rel=\"noopener\"><img decoding=\"async\" class=\"alignnone size-full\" src=\"https:\/\/serveiseducatius.xtec.cat\/cesire\/wp-content\/uploads\/usu2650\/2024\/02\/Boto_3D-83.png\" alt=\"\" \/><\/a><\/div>\n<\/div>\n<div class=\"col-md-6 col-12 px-5\">\n<h1 class=\"green mt-2\">Equipament de Fabricaci\u00f3 Digital subvencionat amb fons europeus l&#8217;any 2024<\/h1>\n<p><a href=\"https:\/\/serveiseducatius.xtec.cat\/cesire\/wp-content\/uploads\/usu2650\/2025\/09\/aulesMakerFonsEuropeus.png\"><img loading=\"lazy\" decoding=\"async\" class=\"alignnone size-full wp-image-26842\" style=\"margin-top:25px;\" src=\"https:\/\/serveiseducatius.xtec.cat\/cesire\/wp-content\/uploads\/usu2650\/2025\/09\/aulesMakerFonsEuropeus.png\" alt=\"Fons europeus Next Generation 2024\" width=\"1707\" height=\"105\" srcset=\"https:\/\/serveiseducatius.xtec.cat\/cesire\/wp-content\/uploads\/usu2650\/2025\/09\/aulesMakerFonsEuropeus.png 1707w, https:\/\/serveiseducatius.xtec.cat\/cesire\/wp-content\/uploads\/usu2650\/2025\/09\/aulesMakerFonsEuropeus-300x18.png 300w, https:\/\/serveiseducatius.xtec.cat\/cesire\/wp-content\/uploads\/usu2650\/2025\/09\/aulesMakerFonsEuropeus-1024x63.png 1024w, https:\/\/serveiseducatius.xtec.cat\/cesire\/wp-content\/uploads\/usu2650\/2025\/09\/aulesMakerFonsEuropeus-768x47.png 768w, https:\/\/serveiseducatius.xtec.cat\/cesire\/wp-content\/uploads\/usu2650\/2025\/09\/aulesMakerFonsEuropeus-1536x94.png 1536w\" sizes=\"auto, (max-width: 1707px) 100vw, 1707px\" \/><\/a><\/p>\n<p><video autoplay=\"autoplay\"><source src=\"https:\/\/serveiseducatius.xtec.cat\/cesire\/wp-content\/uploads\/usu2650\/2024\/02\/moviemakeronline.com_.2fab0a50-f74f-4a60-b1ad-2adcd7495454.mp4\" type=\"video\/mp4\" \/><\/video><\/p>\n<\/div>\n<\/div>\n<\/div>\n<div class=\"d-none d-sm-block\">\n<div class=\"row pt-5 align-items-end\">\n<h1 class=\"green mt-2\">Equipament de Fabricaci\u00f3 Digital subvencionat amb fons europeus l&#8217;any 2024<\/h1>\n<p><a href=\"https:\/\/ateneu.xtec.cat\/wikiform\/wikiexport\/materials\/cesire\/faig\/lab\/index\"><img class=\"alignnone size-full wp-image-26842\" style=\"margin-top:25px;\"src=\"https:\/\/serveiseducatius.xtec.cat\/cesire\/wp-content\/uploads\/usu2650\/2025\/09\/aulesMakerFonsEuropeus.png\" alt=\"Fons europeus Next Generation 2024\" width=\"1707\" height=\"105\" srcset=\"https:\/\/serveiseducatius.xtec.cat\/cesire\/wp-content\/uploads\/usu2650\/2025\/09\/aulesMakerFonsEuropeus.png 1707w, https:\/\/serveiseducatius.xtec.cat\/cesire\/wp-content\/uploads\/usu2650\/2025\/09\/aulesMakerFonsEuropeus-300x18.png 300w, https:\/\/serveiseducatius.xtec.cat\/cesire\/wp-content\/uploads\/usu2650\/2025\/09\/aulesMakerFonsEuropeus-1024x63.png 1024w, https:\/\/serveiseducatius.xtec.cat\/cesire\/wp-content\/uploads\/usu2650\/2025\/09\/aulesMakerFonsEuropeus-768x47.png 768w, https:\/\/serveiseducatius.xtec.cat\/cesire\/wp-content\/uploads\/usu2650\/2025\/09\/aulesMakerFonsEuropeus-1536x94.png 1536w\" sizes=\"(max-width: 1707px) 100vw, 1707px\" \/><\/a><\/p>\n<div class=\"col-md-6 col-12 px-5\">\n<br \/>\n<a href=\"https:\/\/ateneu.xtec.cat\/wikiform\/wikiexport\/materials\/cesire\/faig\/lab\/index\"><video autoplay=\"autoplay\"><source src=\"https:\/\/serveiseducatius.xtec.cat\/cesire\/wp-content\/uploads\/usu2650\/2024\/02\/moviemakeronline.com_.2fab0a50-f74f-4a60-b1ad-2adcd7495454.mp4\" type=\"video\/mp4\" \/><\/video><\/a><\/p>\n<\/div>\n<div class=\"col-md-6 col-12 px-5\">\n<div><a href=\"https:\/\/ateneu.xtec.cat\/wikiform\/wikiexport\/materials\/cesire\/faig\/lab\/pir\/index\" target=\"_blank\" rel=\"noopener\"><img decoding=\"async\" class=\"alignnone size-full\" src=\"https:\/\/serveiseducatius.xtec.cat\/cesire\/wp-content\/uploads\/usu2650\/2024\/02\/Boto_PR-83.png\" alt=\"\" \/><\/a><br \/>\n<a href=\"https:\/\/ateneu.xtec.cat\/wikiform\/wikiexport\/materials\/cesire\/faig\/lab\/tic\/index\" target=\"_blank\" rel=\"noopener\"><img decoding=\"async\" class=\"alignnone size-full\" src=\"https:\/\/serveiseducatius.xtec.cat\/cesire\/wp-content\/uploads\/usu2650\/2024\/02\/Boto_TIC-83.png\" alt=\"\" \/><\/a><br \/>\n<a href=\"https:\/\/ateneu.xtec.cat\/wikiform\/wikiexport\/materials\/cesire\/faig\/lab\/2d\/index\" target=\"_blank\" rel=\"noopener\"><img decoding=\"async\" class=\"alignnone size-full\" src=\"https:\/\/serveiseducatius.xtec.cat\/cesire\/wp-content\/uploads\/usu2650\/2024\/02\/Boto_2D-83.png\" alt=\"\" \/><\/a><br \/>\n<a href=\"https:\/\/ateneu.xtec.cat\/wikiform\/wikiexport\/materials\/cesire\/faig\/lab\/3d\/index\" target=\"_blank\" rel=\"noopener\"><img decoding=\"async\" class=\"alignnone size-full\" src=\"https:\/\/serveiseducatius.xtec.cat\/cesire\/wp-content\/uploads\/usu2650\/2024\/02\/Boto_3D-83.png\" alt=\"\" \/><\/a><\/div>\n<\/div>\n<\/div>\n<\/div>\n<\/div>\n<pre>\r\n<style>\r\n@import url('https:\/\/fonts.googleapis.com\/css2?family=Inter:wght@300;400;500;600&display=swap');\r\nheader.entry-header {display:none;}\r\n.descobreix-intro {background-color:#66d178 !important;font-size:22px !important;}\r\n.column-line-white::before {content: '';display: block;border-top: 1px solid #ffffff;margin-bottom: 20px;}\r\n.column-line-green::before {content: '';display: block;border-top: 1px solid #1daa3e;margin-bottom: 20px;}\r\n.green {color:#1daa3e !important;}\r\n\r\n\r\n\r\n\r\n.btn:hover{\r\ncolor:white;\r\n}\r\n\r\nbutton:hover, button:focus, .button:hover, .button:focus {\r\n    background-color: #1daa3e;\r\ncolor:white;\r\n}\r\n\r\n\r\n\r\n    .btn-next,\r\n    .btn-prev {\r\nwidth: 40px;\r\n  height: 40px;\r\n      position: absolute;\r\n      top: 50%;\r\nfont-size: 18px;\r\n      transform: translateY(-50%);\r\n      cursor: pointer;\r\n      padding: 10px;\r\n      background-color: #96e0a6;\r\n      color: #fff;\r\n      border: none;\r\nborder-radius: 50%;\r\n      z-index: 1;\r\n    }\r\n\r\n    .btn-prev {\r\n      left: 0;\r\n    }\r\n\r\n    .btn-next {\r\n      right: 0;\r\n    }\r\n.slider {\r\n  width: 100%;\r\n  overflow: hidden;\r\n  position: relative;\r\n}\r\n\r\n.slides {\r\n  display: flex;\r\n  transition: transform 0.5s ease-in-out;\r\n}\r\n\r\n.slide {\r\n  flex: 0 0 100%;\r\n  opacity: 0;\r\n  transition: opacity 0.5s ease-in-out;\r\n}\r\n\r\n.slide.active {\r\n  opacity: 1;\r\ntext-align: center;\r\n}\r\n\r\n@media (max-width: 767px) {\r\n.text-sentit {text-align:center !important;}\r\n.mt-10-mobile {margin-top:10px !important;}\r\n\r\n}\r\n<\/style><\/pre>\n<p>&nbsp;<\/p>\n<p><script><\/p>\n<p>const slides = document.querySelectorAll(\".slide\");\nconst slider = document.querySelector(\".slides\");\nconst nextSlideBtn = document.querySelector(\".btn-next\");\nconst prevSlideBtn = document.querySelector(\".btn-prev\");<\/p>\n<p>let curSlide = 0;\nconst maxSlide = slides.length - 1;\nlet autoSlideInterval;<\/p>\n<p>function goToSlide(slideIndex) {\n  if (slideIndex === -1) {\n    if (curSlide === 0) {\n      \/\/ Moving from first slide to last\n      curSlide = maxSlide;\n    }\n  } else if (slideIndex === slides.length) {\n    if (curSlide === maxSlide) {\n      \/\/ Moving from last slide to first\n      curSlide = 0;\n    }\n  } else {\n    curSlide = (slideIndex + slides.length) % slides.length;\n  }<\/p>\n<p>const offset = -curSlide * 100;\n  slider.style.transform = `translateX(${offset}%)`;<\/p>\n<p>  for (let i = 0; i < slides.length; i++) {\n    slides[i].classList.remove(\"active\");\n  }\n\n  slides[curSlide].classList.add(\"active\");\n\n\n}\n\nfunction nextSlide() {\n  goToSlide(curSlide + 1);\n}\n\nfunction prevSlide() {\n  goToSlide(curSlide - 1);\n}\n\nnextSlideBtn.addEventListener(\"click\", nextSlide);\nprevSlideBtn.addEventListener(\"click\", prevSlide);\n\nfunction startAutoplay() {\n  autoSlideInterval = setInterval(nextSlide, 4000); \/\/ Change 2000 to adjust autoplay speed (in milliseconds)\n}\n\nfunction stopAutoplay() {\n  clearInterval(autoSlideInterval);\n}\n\n\nstartAutoplay();\n\n<\/script><\/p>\n","protected":false},"excerpt":{"rendered":"<p>ACTITUDS MAKER I FABRICACI\u00d3 DIGITAL<\/p>\n<p>FAIG potencia actituds maker entre l\u2019alumnat durant tot el proc\u00e9s d\u2019aprenentatge.<br \/>\nEls aprenents s\u2019involucren en processos d\u2019ideaci\u00f3 i fabricaci\u00f3 basats en les seves idees, interessos i passions que es comparteixen en comunitat.<\/p>\n<p>Aquestes s\u00f3n les 12 ACTITUDS MAKER que es<br \/>\ndestaquen en els processos&hellip;  <a href=\"https:\/\/serveiseducatius.xtec.cat\/cesire\/faig-fent-per-aprendre-imaginant-globalment\/actituds-maker-i-fabricacio-digital\/\" title=\"Read ACTITUDS MAKER I FABRICACI\u00d3 DIGITAL\">Llegeix m\u00e9s\u00bb<\/a><\/p>\n","protected":false},"author":66,"featured_media":0,"parent":27404,"menu_order":0,"comment_status":"closed","ping_status":"closed","template":"","meta":{"_bbp_topic_count":0,"_bbp_reply_count":0,"_bbp_total_topic_count":0,"_bbp_total_reply_count":0,"_bbp_voice_count":0,"_bbp_anonymous_reply_count":0,"_bbp_topic_count_hidden":0,"_bbp_reply_count_hidden":0,"_bbp_forum_subforum_count":0,"footnotes":""},"class_list":["post-24236","page","type-page","status-publish","hentry"],"post_mailing_queue_ids":[],"_links":{"self":[{"href":"https:\/\/serveiseducatius.xtec.cat\/cesire\/wp-json\/wp\/v2\/pages\/24236","targetHints":{"allow":["GET"]}}],"collection":[{"href":"https:\/\/serveiseducatius.xtec.cat\/cesire\/wp-json\/wp\/v2\/pages"}],"about":[{"href":"https:\/\/serveiseducatius.xtec.cat\/cesire\/wp-json\/wp\/v2\/types\/page"}],"author":[{"embeddable":true,"href":"https:\/\/serveiseducatius.xtec.cat\/cesire\/wp-json\/wp\/v2\/users\/66"}],"replies":[{"embeddable":true,"href":"https:\/\/serveiseducatius.xtec.cat\/cesire\/wp-json\/wp\/v2\/comments?post=24236"}],"version-history":[{"count":8,"href":"https:\/\/serveiseducatius.xtec.cat\/cesire\/wp-json\/wp\/v2\/pages\/24236\/revisions"}],"predecessor-version":[{"id":26870,"href":"https:\/\/serveiseducatius.xtec.cat\/cesire\/wp-json\/wp\/v2\/pages\/24236\/revisions\/26870"}],"up":[{"embeddable":true,"href":"https:\/\/serveiseducatius.xtec.cat\/cesire\/wp-json\/wp\/v2\/pages\/27404"}],"wp:attachment":[{"href":"https:\/\/serveiseducatius.xtec.cat\/cesire\/wp-json\/wp\/v2\/media?parent=24236"}],"curies":[{"name":"wp","href":"https:\/\/api.w.org\/{rel}","templated":true}]}}