{"id":24214,"date":"2024-01-24T17:55:55","date_gmt":"2024-01-24T16:55:55","guid":{"rendered":"https:\/\/serveiseducatius.xtec.cat\/cesire\/?page_id=24214"},"modified":"2025-02-05T16:58:57","modified_gmt":"2025-02-05T15:58:57","slug":"elements-dun-projecte","status":"publish","type":"page","link":"https:\/\/serveiseducatius.xtec.cat\/cesire\/faig-fent-per-aprendre-imaginant-globalment\/aprenentatge-per-projectes\/elements-dun-projecte\/","title":{"rendered":"Elements d\u2019un projecte"},"content":{"rendered":"<div id=\"elements-projecte-mobile\" class=\"d-block d-sm-none d-md-none\">\n<div class=\"row\">\n<div class=\"col-12\">\n<h4 class=\"green my-4\">Aprenentatge per projectes:<br \/><strong>Elements d\u2019un projecte<\/strong><\/h4>\n<p class=\"green\"><strong>Fes click<\/strong> sobre les icones dels diferents elements per saber-ne m\u00e9s.<\/p>\n<div class=\"row solo-mobile\" id=\"accordion\"><\/div>\n<\/p><\/div>\n<\/div>\n<\/div>\n<div id=\"elements-projecte\" class=\"d-none d-sm-block\">\n<div class=\"row solo-desktop flex-wrap p-5\">\n<div class=\"col-12\">\n<h1 class=\"text-white mt-5\">Aprenentatge per projectes:<br \/><strong>Elements d\u2019un projecte<\/strong><\/h1>\n<\/div>\n<div class=\"col-md-4\">\n<div class=\"p-5\" id=\"info\">\n<h4 class=\"text-white\"><strong>Fes click<\/strong> sobre les icones dels diferents elements per saber-ne m\u00e9s.<\/h4>\n<\/div>\n<div class=\"map-content\" id=\"map-content\" style=\"background-color:#ffffff;display:none;border-radius:0.75rem;\">\n<div id=\"close\" class=\"text-right p-3\">\n<img decoding=\"async\" class=\"accordion-img-close\" style=\"cursor:pointer\" width=\"50\" src=\"https:\/\/serveiseducatius.xtec.cat\/cesire\/wp-content\/uploads\/usu2650\/2023\/02\/WEB_Icona_Close-75.png\" alt=\"\">\n<\/div>\n<div class=\"map-video px-5 pb-5\">\n<\/div>\n<div class=\"map-header d-flex flex-row align-items-center justify-content-around px-5 py-3\">\n<\/div>\n<div id=\"map-body\" class=\"px-5 pb-5\">\n<\/div>\n<\/div>\n<\/div>\n<div class=\"col-md-8\">\n      <img decoding=\"async\" src=\"https:\/\/serveiseducatius.xtec.cat\/cesire\/wp-content\/uploads\/usu2650\/2024\/02\/FAIG_Icosidodecaedre-813.png\" usemap=\"#image-map\"><\/p>\n<map name=\"image-map\">\n<area data-id=\"0\" target=\"\" alt=\"creacio vida aula\" title=\"creacio vida aula\" href=\"#\" coords=\"68,294,116,222,204,249,202,338,116,363\" shape=\"poly\">\n<area data-id=\"2\" target=\"\" alt=\"pregunta essencial o repte\" title=\"pregunta essencial o repte\" href=\"#\" coords=\"298,182,375,137,440,197,405,277,316,269\" shape=\"poly\">\n<area data-id=\"1\" target=\"\" alt=\"llan\u00e7ament del projecte\" title=\"llan\u00e7ament del projecte\" href=\"#\" coords=\"207,340,283,293,352,354,311,433,227,425\" shape=\"poly\">\n<area data-id=\"3\" target=\"\" alt=\"col\u00b7laboradores externes\" title=\"col\u00b7laboradores externes\" href=\"#\" coords=\"353,352,408,278,492,306,490,394,407,423\" shape=\"poly\">\n<area data-id=\"5\" target=\"\" alt=\"mobilitzaci\u00f3 de sabers\" title=\"mobilitzaci\u00f3 de sabers\" href=\"#\" coords=\"553,23,499,97,554,168,596,153,640,139,638,49\" shape=\"poly\">\n<area data-id=\"4\" target=\"\" alt=\"ideaci\u00f3 del projecte\" title=\"ideaci\u00f3 del projecte\" href=\"#\" coords=\"476,219,553,172,621,232,584,314,491,304,486,261\" shape=\"poly\">\n<area data-id=\"6\" target=\"\" alt=\"Construcci\u00f3 col\u00b7lectiva\" title=\"Construcci\u00f3 col\u00b7lectiva\" href=\"#\" coords=\"207,606,259,533,345,562,346,650,259,680\" shape=\"poly\">\n<area data-id=\"7\" target=\"\" alt=\"creaci\u00f3 de l'obra\" title=\"creaci\u00f3 de l'obra\" href=\"#\" coords=\"331,472,405,427,473,489,438,569,347,558\" shape=\"poly\">\n<area data-id=\"8\" target=\"\" alt=\"Revisi\u00f3 i cr\u00edtica\" title=\"Revisi\u00f3 i cr\u00edtica\" href=\"#\" coords=\"530,393,585,389,620,471,555,530,476,486,495,399\" shape=\"poly\">\n<area data-id=\"10\" target=\"\" alt=\"metacognici\u00f3\" title=\"metacognici\u00f3\" href=\"#\" coords=\"624,468,677,397,765,426,762,517,675,546,650,508\" shape=\"poly\">\n<area data-id=\"9\" target=\"\" alt=\"documentaci\u00f3 del projecte\" title=\"documentaci\u00f3 del projecte\" href=\"#\" coords=\"555,534,638,561,638,655,552,678,501,606\" shape=\"poly\">\n<area data-id=\"11\" target=\"\" alt=\"exhibici\u00f3 p\u00fablica\" title=\"exhibici\u00f3 p\u00fablica\" href=\"#\" coords=\"643,654,722,608,786,669,751,751,661,743\" shape=\"poly\">\n<\/map>\n<\/p><\/div>\n<\/p><\/div>\n<\/div>\n<pre style=\"all:unset\">\r\n<style>@import url('https:\/\/fonts.googleapis.com\/css2?family=Inter:wght@300;400;500;600&display=swap');header.entry-header {display:none;}#elements-projecte h1, h2, h3, h4, span {font-family: 'Inter', sans-serif !important;}#elements-projecte .row {margin-left:-15px !important;margin-right:-15px !important;}#elements-projecte {font-family: 'Inter', sans-serif !important; color:#000000 !important;}#elements-projecte h2 {font-size:25px !important;}#elements-projecte .br-10 {border-radius:10px;}#elements-projecte .br-50 {border-radius:50%;}#elements-projecte {background-color:#66d178;}#elements-projecte .white {color:#ffffff !important;}.map-header img{width:auto !important}.green {color:#1daa3e !important;}\r\n.accordion {\r\n  background-color: #fff;\r\n  color: #444;\r\n  cursor: pointer;\r\n  padding: 18px;\r\n  width: 100%;\r\n  border: none;\r\n  text-align: left;\r\n  outline: none;\r\n  font-size: 15px;\r\n  transition: 0.4s;\r\n}\r\n\r\n.active, .accordion:hover {\r\n  background-color: #eeeeee;\r\n}\r\n\r\n.accordion-panel{\r\n  padding: 0 18px;\r\n  background-color: white;\r\n  max-height: 0;\r\n  overflow: hidden;\r\n  transition: max-height 0.2s ease-out;\r\n}<\/style>\r\n\r\n<script>let datos = [[\"https:\/\/serveiseducatius.xtec.cat\/cesire\/wp-content\/uploads\/usu2650\/2024\/01\/Icones_Icosidodecaedre-11-75.png\", \"Creaci\u00f3 de la vida d\u2019aula\",\"<div>Creaci\u00f3 d\u2019experi\u00e8ncies, activitats, din\u00e0miques i espais de relaci\u00f3 que fomenten la cohesi\u00f3, la identitat, el sentiment de pertinen\u00e7a al grup i la generaci\u00f3 d\u2019una cultura d\u2019aula rica en relacions entre les persones i el coneixement.<\/div><div>T\u00e9 com a finalitats:<\/div><ul><li>Crear vincles entre docents i alumnat per possibilitar la confian\u00e7a, complicitat i el respecte.<\/li><li>Afavorir el reconeixement de potencialitats i talents.<\/li><li>Comprendre el context social i cultural per mobilitzar idees pr\u00e8vies i possibilitar la construcci\u00f3 col\u00b7lectiva del coneixement.<\/li><\/ul>\"], [\"https:\/\/serveiseducatius.xtec.cat\/cesire\/wp-content\/uploads\/usu2650\/2024\/01\/Icones_Icosidodecaedre-12-75.png\", \"Llan\u00e7ament del projecte\", \"<div>Experi\u00e8ncies provocadores que facilitem en contextos aut\u00e8ntics que interpel\u00b7len a l\u2019alumnat, despertant-li la necessitat de saber.<\/div><div>T\u00e9 com a finalitats:<\/div><ul><li>Mobilitzar les idees pr\u00e8vies, la curiositat, la imaginaci\u00f3 i el desig d'aprendre i actuar conjuntament.<\/li><li>Activar la pregunta essencial, els objectius d\u2019aprenentatge i el proc\u00e9s d\u2019investigaci\u00f3.<\/li><li>Establir un context del qual parteix el nostre repte o recerca.<\/li><\/ul>\"],[\"https:\/\/serveiseducatius.xtec.cat\/cesire\/wp-content\/uploads\/usu2650\/2024\/01\/Icones_Icosidodecaedre-13-75.png\",\"Pregunta essencial o repte\",\"<div>Guia el desenvolupament del projecte i li dona sentit i prop\u00f2sit a partir d\u2019un desafiament comunitari rellevant.<\/div><div>T\u00e9 com a finalitats:<\/div><ul><li>Vincular els processos d\u2019aprenentatge amb els interessos, necessitats i potencialitats de l\u2019alumnat, tot despertant la seva curiositat.<\/li><li>Connectar el curr\u00edculum amb la vida dels aprenents, aix\u00ed com amb les necessitats o reptes de les seves comunitats.<\/li><li>Possibilitar el proc\u00e9s d\u2019investigaci\u00f3 i comprensi\u00f3 de la realitat des d\u2019una mirada cr\u00edtica.<\/li><li>Guiar la construcci\u00f3 col\u00b7lectiva del coneixement, generant preguntes connectores m\u00e9s concretes.<\/li><\/ul><div><a style=\\\"border-color:#66d178;background-color:#66d178;border-radius:15px !important;padding: 15px 25px;\\\" class=\\\"font-weight-bold btn btn-success rounded btn-lg text-white mt-3\\\" href=\\\"https:\/\/serveiseducatius.xtec.cat\/cesire\/wp-content\/uploads\/usu2650\/2025\/02\/eina-revisio-pregunta.pdf\\\" target=\\\"_blank\\\">Descarrega la documentaci\u00f3<\/a><\/div>\",\"<iframe width=\\\"560\\\" height=\\\"315\\\" src=\\\"https:\/\/www.youtube.com\/embed\/12GVCR7HcDc?si=pqx3AnGOhFQYLdQ_\\\" title=\\\"YouTube video player\\\" frameborder=\\\"0\\\" allow=\\\"accelerometer; autoplay; clipboard-write; encrypted-media; gyroscope; picture-in-picture; web-share\\\" referrerpolicy=\\\"strict-origin-when-cross-origin\\\" allowfullscreen><\/iframe>\"],[\"https:\/\/serveiseducatius.xtec.cat\/cesire\/wp-content\/uploads\/usu2650\/2024\/01\/Icones_Icosidodecaedre-16-75.png\",\"Col\u00b7laboradores externes\",\"<div>Aliances amb persones i entitats que enriqueixen les experi\u00e8ncies d\u2019aprenentatge del projecte i el proc\u00e9s de creaci\u00f3 de l\u2019obra final.<\/div><div>T\u00e9 com a finalitats:<\/div><ul><li>Facilitar l\u2019acc\u00e9s a entorns i experi\u00e8ncies d\u2019aprenentatge aut\u00e8ntiques.<\/li><li>Donar resposta a les necessitats a partir del prop\u00f2sit i l\u2019impacte del projecte.<\/li><li>Donar sentit personal i comunitari als projectes.<\/li><li>Empoderar a l\u2019alumnat com a agent de canvi de la comunitat.<\/li><li>Augmentar la seva implicaci\u00f3 i el seu comprom\u00eds.<\/li><\/ul><div>Compartir el sentit i funcionalitat del projecte aportant un benefici a ambdues parts.<\/div>\"],[\"https:\/\/serveiseducatius.xtec.cat\/cesire\/wp-content\/uploads\/usu2650\/2024\/01\/Icones_Icosidodecaedre-15-75.png\",\"Ideaci\u00f3 del projecte\",\"<div>Disseny col\u00b7laboratiu del projecte: la pregunta essencial, els passos a seguir, els recursos a emprar i l\u2019obra final a crear.<\/div><div>T\u00e9 com a finalitats:<\/div><ul><li>Construir el prop\u00f2sit col\u00b7lectiu del projecte en relaci\u00f3 amb el seu impacte.<\/li><li>Consensuar els objectius d\u2019aprenentatge i els criteris d\u2019avaluaci\u00f3 a partir de les necessitats.<\/li><li>Planificar conjuntament els processos i activitats del projecte.<\/li><li>Identificar les fites que vertebren el projecte.<\/li><\/ul>\"],[\"https:\/\/serveiseducatius.xtec.cat\/cesire\/wp-content\/uploads\/usu2650\/2024\/01\/Icones_Icosidodecaedre-14-75.png\",\"Mobilitzaci\u00f3 de sabers i compet\u00e8ncies\",\"<div>Selecci\u00f3 d\u2019habilitats i sabers necessaris per assolir els objectius d\u2019aprenentatge de manera significativa i respondre a la pregunta essencial.<\/div><div>T\u00e9 com a finalitats:<\/div><ul><li>Fomentar la col\u00b7laboraci\u00f3 entre docents i alumnat per accedir, comprendre i aplicar els sabers b\u00e0sics que poden ser transferits a altres contextos.<\/li><li>Fomentar la interdisciplinarietat per respondre a reptes o situacions complexes.<\/li><li>Proveir a l\u2019alumnat de les explicacions, bastides, eines i estrat\u00e8gies per donar resposta a les necessitats d\u2019aprenentatge.<\/li><li>Afavorir un desplegament curricular coherent en l\u2019AXP.<\/li><\/ul>\"],[\"https:\/\/serveiseducatius.xtec.cat\/cesire\/wp-content\/uploads\/usu2650\/2024\/01\/Icones_Icosidodecaedre-17-75.png\",\"Construcci\u00f3 col\u00b7lectiva del coneixement\",\"<div>Construcci\u00f3 col\u00b7laborativa d\u2019hip\u00f2tesis, descobriments, creacions i conclusions amb relaci\u00f3 a la pregunta essencial i les preguntes connectores a partir del di\u00e0leg i la problematitzaci\u00f3.<\/div><div>T\u00e9 com a finalitats:<\/div><ul><li>Planificar processos d\u2019indagaci\u00f3 col\u00b7lectius.<\/li><li>Connectar les idees a mesura que fem evolucionar el coneixement.<\/li><li>Incloure la veu de tot l\u2019alumnat en la construcci\u00f3 del coneixement.<\/li><li>Construir les possibles respostes, obres finals i actuacions vinculades a la comunitat.<\/li><li>Aprendre a comunicar-nos de manera constructiva.<\/li><\/ul>\"],[\"https:\/\/serveiseducatius.xtec.cat\/cesire\/wp-content\/uploads\/usu2650\/2024\/01\/Icones_Icosidodecaedre-18-75.png\",\"Creaci\u00f3 de l\u2019obra\",\"<div>Proc\u00e9s de creaci\u00f3 d\u2019una acci\u00f3 transformadora, obra o producte final com a resposta o soluci\u00f3 innovadora al desafiament o repte comunitari, utilitzant tota mena de materials, eines i equipaments tecnol\u00f2gics.<\/div><div>T\u00e9 com a finalitats:<\/div><ul><li>Interioritzar l\u2019experimentaci\u00f3 i l\u2019error com a part del proc\u00e9s d\u2019aprenentatge, a trav\u00e9s del prototipatge i la revisi\u00f3 continuada (iteraci\u00f3).<\/li><li>Dissenyar i fabricar objectes amb impacte real encoratjant el treball d\u2019alta qualitat.<\/li><li>Fomentar la creativitat i l\u2019ag\u00e8ncia en la resoluci\u00f3 de reptes.<\/li><li>Possibilitar la reflexi\u00f3 sobre l\u2019impacte de les creacions i els materials en el medi ambient.<\/li><li>Desenvolupar les actituds \u201cmaker\u201d davant l\u2019aprenentatge.<\/li><\/ul>\"],[\"https:\/\/serveiseducatius.xtec.cat\/cesire\/wp-content\/uploads\/usu2650\/2024\/01\/Icones_Icosidodecaedre-19-75.png\",\"Revisi\u00f3 i cr\u00edtica\",\"<div>\u00das de bastides, eines, estrat\u00e8gies i protocols de retroalimentaci\u00f3 que ens ajuden a analitzar les evid\u00e8ncies d\u2019aprenentatge per millorar els processos i les produccions.<\/div><div>T\u00e9 com a finalitats:<\/div><ul><li>Reflexionar sobre qu\u00e8 i com s\u2019est\u00e0 aprenent.<\/li><li>Regular el proc\u00e9s d\u2019aprenentatge, a partir d\u2019uns objectius i uns criteris compartits.<\/li><li>Fomentar la comprensi\u00f3 i l\u2019ajuda entre iguals.<\/li><li>Revisar les idees, esborranys i prototips per millorar la qualitat de les obres i productes.<\/li><li>Promoure la creaci\u00f3 de productes d\u2019alta qualitat.<\/li><\/ul>\"],[\"https:\/\/serveiseducatius.xtec.cat\/cesire\/wp-content\/uploads\/usu2650\/2024\/01\/Icones_Icosidodecaedre-20-75.png\",\"Documentaci\u00f3 del projecte\",\"<div>Recollida d\u2019evid\u00e8ncies d\u2019aprenentatge que es relacionen per construir un relat compartit que dona sentit al desenvolupament del projecte.<\/div><div>T\u00e9 com a finalitats:<\/div><ul><li>Evidenciar el proc\u00e9s d\u2019aprenentatge i el creixement personal i col\u00b7lectiu.<\/li><li>Possibilitar la presa de decisions respecte a l\u2019evoluci\u00f3 del projecte.<\/li><li>Esdevenir conscients de qu\u00e8, quan i com aprenem.<\/li><li>Possibilitar l'evocaci\u00f3 i la metacognici\u00f3 al llarg del projecte.<\/li><li>Comunicar i compartir el proc\u00e9s d\u2019aprenentatge.<\/li><\/ul><div>Pot tenir forma de cartografia, mapa conceptual, dossier, diari, programaci\u00f3, planificaci\u00f3\u2026 L\u2019\u00fas de diferents llenguatges i la cura est\u00e8tica s\u00f3n qualitats necess\u00e0ries en les documentacions.<\/div><div><a style=\\\"border-color:#66d178;background-color:#66d178;border-radius:15px !important;padding: 15px 25px;\\\" class=\\\"font-weight-bold btn btn-success rounded btn-lg text-white mt-3\\\" href=\\\"https:\/\/serveiseducatius.xtec.cat\/cesire\/wp-content\/uploads\/usu2650\/2024\/11\/Eina-documentacio.pdf\\\" target=\\\"_blank\\\">Descarrega la documentaci\u00f3<\/a><\/div>\",\"<iframe width=\\\"560\\\" height=\\\"315\\\" src=\\\"https:\/\/www.youtube.com\/embed\/IuwA_BFXmCg?si=0_UOM4W7rlfUvtS-\\\" title=\\\"YouTube video player\\\" frameborder=\\\"0\\\" allow=\\\"accelerometer; autoplay; clipboard-write; encrypted-media; gyroscope; picture-in-picture; web-share\\\" referrerpolicy=\\\"strict-origin-when-cross-origin\\\" allowfullscreen><\/iframe>\"],[\"https:\/\/serveiseducatius.xtec.cat\/cesire\/wp-content\/uploads\/usu2650\/2024\/01\/Icones_Icosidodecaedre-21-75.png\",\"Metacognici\u00f3\",\"<div>Reflexi\u00f3 conscient sobre el que s\u2019est\u00e0 aprenent i com s\u2019est\u00e0 aprenent per possibilitar l\u2019autoregulaci\u00f3 de l\u2019aprenentatge. Les eines o estrat\u00e8gies per a promoure la metacognici\u00f3 ens permeten aprofundir en la reflexi\u00f3 de la nostra pr\u00f2pia experi\u00e8ncia a partir de la recollida d\u2019evid\u00e8ncies, tant en sentit personal com en el sentit social del projecte.<\/div><div>T\u00e9 com a finalitats:<\/div><ul><li>Comprendre el mateix proc\u00e9s de pensament per prendre decisions sobre com aprendre cada cop millor i de manera m\u00e9s aut\u00f2noma per consolidar els aprenentatges.<\/li><li>Enfortir l\u2019autoconfian\u00e7a i recon\u00e8ixer el valor de l'aprenentatge profund.<\/li><li>Recon\u00e8ixer quines estrat\u00e8gies ens han estat \u00fatils i ens poden servir per aprendre en altres contextos de forma exitosa.<\/li><\/ul><div>Possibilitar l\u2019apropiaci\u00f3 personal del relat col\u00b7lectiu.<\/div>\"],[\"https:\/\/serveiseducatius.xtec.cat\/cesire\/wp-content\/uploads\/usu2650\/2024\/01\/Icones_Icosidodecaedre-22-75.png\",\"Exhibici\u00f3 p\u00fablica\",\"<div>Planificaci\u00f3, disseny i construcci\u00f3 col\u00b7laborativa de la presentaci\u00f3 del proc\u00e9s, producte o projecte a la comunitat.<\/div><div>T\u00e9 com a finalitats:<\/div><ul><li>Empoderar a l\u2019alumnat en la presa de decisions i en l\u2019aprendre fent.<\/li><li>Afavorir la reconstrucci\u00f3 d\u2019un relat col\u00b7lectiu des d\u2019una revisi\u00f3 cr\u00edtica.<\/li><li>Presentar l\u2019obra final, mostrant el que hem aconseguit i fent pal\u00e8s el seu impacte social i cultural.<\/li><li>Compartir el proc\u00e9s d\u2019aprenentatge, incorporant evid\u00e8ncies per facilitar la metacognici\u00f3.<\/li><li>Rebre retroalimentaci\u00f3 de la comunitat, atorgant autenticitat a l\u2019experi\u00e8ncia.<\/li><\/ul>\",\"<iframe width=\\\"560\\\" height=\\\"315\\\" src=\\\"https:\/\/www.youtube.com\/embed\/9YpJQUhar2U?si=r7NoACfuyYzRECDa\\\" title=\\\"YouTube video player\\\" frameborder=\\\"0\\\" allow=\\\"accelerometer; autoplay; clipboard-write; encrypted-media; gyroscope; picture-in-picture; web-share\\\" referrerpolicy=\\\"strict-origin-when-cross-origin\\\" allowfullscreen><\/iframe>\"]];document.addEventListener('DOMContentLoaded', function () {\r\n\r\nlet accordion = \"\";\r\nfor (i = 0; i < datos.length; i++) {\r\naccordion +=\"<div class='accordion'>\";\r\naccordion +=\"<div class='row align-items-center justify-content-center'>\";\r\naccordion +=\"<div class='col-3'>\";\r\naccordion +=\"<img src='\"+datos[i][0]+\"'>\";\r\naccordion +=\"<\/div>\";\r\naccordion +=\"<div class='col-7'>\";\r\naccordion +=\"<h6 class='mb-0'>\"+datos[i][1]+\"<\/h6>\";\r\naccordion +=\"<\/div>\";\r\naccordion +=\"<div class='col-2'>\";\r\naccordion +=\"<img class='icon-open-accordion' src='https:\/\/serveiseducatius.xtec.cat\/cesire\/wp-content\/uploads\/usu2650\/2023\/02\/WEB_Icona_Open-75.png'><img class='icon-close-accordion' src='https:\/\/serveiseducatius.xtec.cat\/cesire\/wp-content\/uploads\/usu2650\/2023\/02\/WEB_Icona_Close-75.png' style='display:none;'>\";\r\naccordion +=\"<\/div>\";\r\naccordion +=\"<\/div>\";\r\naccordion +=\"<\/div>\";\r\naccordion +=\"<div class='accordion-panel'>\";\r\naccordion +=\"<div class='p-2'>\"+datos[i][2]+\"<\/div>\";\r\naccordion +=\"<\/div>\";\r\n\r\n\r\n\r\n}\r\ndocument.getElementById(\"accordion\").innerHTML = accordion;\r\n\r\nvar acc = document.getElementsByClassName(\"accordion\");\r\nvar i;\r\n\r\nfor (i = 0; i < acc.length; i++) {\r\n  acc[i].addEventListener(\"click\", function() {\r\n    this.classList.toggle(\"active\");\r\n    var panel = this.nextElementSibling;\r\n    var iconOpenAccordion = this.querySelector('.icon-open-accordion');\r\n    var iconCloseAccordion = this.querySelector('.icon-close-accordion');\r\n\r\n    if (panel.style.maxHeight) {\r\n      panel.style.maxHeight = null;\r\niconOpenAccordion.style.display = 'block';\r\niconCloseAccordion.style.display = 'none';\r\n    } else {\r\n      panel.style.maxHeight = panel.scrollHeight + \"px\";\r\niconOpenAccordion.style.display = 'none';\r\niconCloseAccordion.style.display = 'block';\r\n    } \r\n  });\r\n}\r\n\r\n\r\n\r\n\r\n\r\n    const areas = document.querySelectorAll('map[name=\"image-map\"] area');\r\n    const mapContentDiv = document.getElementById('map-body');\r\nconst mapHeaderContentDiv = document.querySelector('.map-header');\r\nconst mapVideoContentDiv = document.querySelector('.map-video');\r\n    areas.forEach(function (area) {\r\n      area.addEventListener('click', function (event) {\r\n        event.preventDefault();\r\n        const dataId = area.dataset.id;\r\n\r\nlet newImg = document.createElement('img');\r\n newImg.src = datos[dataId][0];\r\nlet mapTitle = document.createElement('h4');\r\n mapTitle.classList.add('green','mb-0','font-weight-bold');\r\nmapTitle.textContent = datos[dataId][1];\r\nmapHeaderContentDiv.innerHTML = ''\r\nmapHeaderContentDiv.appendChild(newImg)\r\nmapHeaderContentDiv.appendChild(mapTitle);\r\n\r\nmapContentDiv.innerHTML = datos[dataId][2];\r\n\r\nif (typeof datos[dataId][3] !== 'undefined') {\r\n  mapVideoContentDiv.innerHTML = datos[dataId][3];\r\n mapVideoContentDiv.style.display ='block';\r\n} else {\r\n mapVideoContentDiv.style.display ='none';\r\n} \r\n\r\n document.getElementById('info').style.display = 'none';\r\n document.getElementById('map-content').style.display = 'block';\r\n      });\r\n    });\r\n  \r\n\r\n  const closeButton = document.getElementById('close');\r\n  const mapContent = document.getElementById('map-content');\r\n  const infoDiv = document.getElementById('info');\r\n\r\n\r\n  closeButton.addEventListener('click', function () {\r\n\r\n    if (mapContent) {\r\n      mapContent.style.display = 'none';\r\n    }\r\n\r\n\r\n    if (infoDiv) {\r\n      infoDiv.style.display = 'block';\r\n    }\r\n  });\r\n});\r\n<\/script>\r\n<\/pre>\n","protected":false},"excerpt":{"rendered":"<p>Aprenentatge per projectes:Elements d\u2019un projecte<br \/>\nFes click sobre les icones dels diferents elements per saber-ne m\u00e9s.<\/p>\n<p>Aprenentatge per projectes:Elements d\u2019un projecte<\/p>\n<p>Fes click sobre les icones dels diferents elements per saber-ne m\u00e9s.<\/p>\n<p>@import url(&#8216;https:\/\/fonts.googleapis.com\/css2?family=Inter:wght@300;400;500;600&#038;display=swap&#8217;);header.entry-header {display:none;}#elements-projecte h1, h2, h3, h4, span {font-family: &#8216;Inter&#8217;, sans-serif&hellip;  <a href=\"https:\/\/serveiseducatius.xtec.cat\/cesire\/faig-fent-per-aprendre-imaginant-globalment\/aprenentatge-per-projectes\/elements-dun-projecte\/\" title=\"Read Elements d\u2019un projecte\">Llegeix m\u00e9s\u00bb<\/a><\/p>\n","protected":false},"author":66,"featured_media":0,"parent":24190,"menu_order":0,"comment_status":"closed","ping_status":"closed","template":"","meta":{"_bbp_topic_count":0,"_bbp_reply_count":0,"_bbp_total_topic_count":0,"_bbp_total_reply_count":0,"_bbp_voice_count":0,"_bbp_anonymous_reply_count":0,"_bbp_topic_count_hidden":0,"_bbp_reply_count_hidden":0,"_bbp_forum_subforum_count":0,"footnotes":""},"class_list":["post-24214","page","type-page","status-publish","hentry"],"post_mailing_queue_ids":[],"_links":{"self":[{"href":"https:\/\/serveiseducatius.xtec.cat\/cesire\/wp-json\/wp\/v2\/pages\/24214","targetHints":{"allow":["GET"]}}],"collection":[{"href":"https:\/\/serveiseducatius.xtec.cat\/cesire\/wp-json\/wp\/v2\/pages"}],"about":[{"href":"https:\/\/serveiseducatius.xtec.cat\/cesire\/wp-json\/wp\/v2\/types\/page"}],"author":[{"embeddable":true,"href":"https:\/\/serveiseducatius.xtec.cat\/cesire\/wp-json\/wp\/v2\/users\/66"}],"replies":[{"embeddable":true,"href":"https:\/\/serveiseducatius.xtec.cat\/cesire\/wp-json\/wp\/v2\/comments?post=24214"}],"version-history":[{"count":7,"href":"https:\/\/serveiseducatius.xtec.cat\/cesire\/wp-json\/wp\/v2\/pages\/24214\/revisions"}],"predecessor-version":[{"id":26450,"href":"https:\/\/serveiseducatius.xtec.cat\/cesire\/wp-json\/wp\/v2\/pages\/24214\/revisions\/26450"}],"up":[{"embeddable":true,"href":"https:\/\/serveiseducatius.xtec.cat\/cesire\/wp-json\/wp\/v2\/pages\/24190"}],"wp:attachment":[{"href":"https:\/\/serveiseducatius.xtec.cat\/cesire\/wp-json\/wp\/v2\/media?parent=24214"}],"curies":[{"name":"wp","href":"https:\/\/api.w.org\/{rel}","templated":true}]}}