{"id":24190,"date":"2024-01-23T13:08:25","date_gmt":"2024-01-23T12:08:25","guid":{"rendered":"https:\/\/serveiseducatius.xtec.cat\/cesire\/?page_id=24190"},"modified":"2026-02-03T09:49:19","modified_gmt":"2026-02-03T08:49:19","slug":"aprenentatge-per-projectes","status":"publish","type":"page","link":"https:\/\/serveiseducatius.xtec.cat\/cesire\/faig-fent-per-aprendre-imaginant-globalment\/aprenentatge-per-projectes\/","title":{"rendered":"APRENENTATGE PER PROJECTES"},"content":{"rendered":"<div id=\"aprenentatge-projectes\">\n<div class=\"row descobreix-intro p-md-5\">\n<div class=\"col-12 col-md-4 white column-line-white px-5\">\n<h2 class=\"text-white\">APRENENTATGE PER PROJECTES<\/h2>\n<\/p><\/div>\n<div class=\"col-12 col-md-8 column-line-white px-5\">\n<p class=\"white bold\">FAIG facilita una caixa d\u2019eines per a la fonamentaci\u00f3 pedag\u00f2gica i el disseny de projectes.<\/p>\n<p class=\"white\">A trav\u00e9s de l\u2019acompanyament i la formaci\u00f3 amb les t\u00e8cniques FAIG els docents reflexionen sobre la pr\u00e0ctica d\u2019aula, millorant i dissenyant els projectes per possibilitar l\u2019aprenentatge profund i amb sentit de l\u2019alumnat.<\/p>\n<\/p><\/div>\n<\/p><\/div>\n<div class=\"row pt-5\">\n<div class=\"col-12 col-md-6 text-center px-5 py-2\" style=\"border-right: 1px solid #1cb03d\">\n<div><img loading=\"lazy\" decoding=\"async\" class=\"img-fluid px-5\" style=\"border-radius:50%;\" src=\"https:\/\/serveiseducatius.xtec.cat\/cesire\/wp-content\/uploads\/usu2650\/2024\/01\/07-350.jpg\" alt=\"\" width=\"350\" height=\"350\" class=\"alignnone size-full wp-image-24368\" srcset=\"https:\/\/serveiseducatius.xtec.cat\/cesire\/wp-content\/uploads\/usu2650\/2024\/01\/07-350.jpg 350w, https:\/\/serveiseducatius.xtec.cat\/cesire\/wp-content\/uploads\/usu2650\/2024\/01\/07-350-300x300.jpg 300w, https:\/\/serveiseducatius.xtec.cat\/cesire\/wp-content\/uploads\/usu2650\/2024\/01\/07-350-150x150.jpg 150w\" sizes=\"auto, (max-width: 350px) 100vw, 350px\" \/><\/div>\n<div>\n<p class=\"my-4 h3 green\">AxP<\/p>\n<\/div>\n<div>\n<p class=\"h5 mt-3\">L\u2019Aprenentatge per Projectes \u00e9s una oportunitat per aprendre amb sentit. Es fonamenta amb les aportacions de la psicologia cognitiva i la neuroeducaci\u00f3.<\/p>\n<\/div>\n<div><a style=\"text-decoration:underline !important;\" class=\"green h5\" href=\"https:\/\/serveiseducatius.xtec.cat\/cesire\/faig-fent-per-aprendre-imaginant-globalment\/aprenentatge-per-projectes\/axp\/\">M\u00e9s informaci\u00f3<\/a><\/div>\n<\/p><\/div>\n<div class=\"col-12 col-md-6 text-center px-5 py-2\">\n<div><img loading=\"lazy\" decoding=\"async\" class=\"img-fluid px-5\" style=\"border-radius:50%;\" src=\"https:\/\/serveiseducatius.xtec.cat\/cesire\/wp-content\/uploads\/usu2650\/2024\/01\/08-350.jpg\n\" alt=\"\" width=\"350\" height=\"350\" class=\"alignnone size-full wp-image-24368\" \/><\/div>\n<div>\n<p class=\"my-4 h3 green\">Projectes per aprendre amb sentit<\/p>\n<\/div>\n<div>\n<p class=\"h5 mt-3\">Qu\u00e8 \u00e9s i qu\u00e8 no \u00e9s un projecte d\u2019aprenentatge amb sentit, d\u2019acord amb les teories constructivistes i els principis de la pedagogia activa.<\/p>\n<\/div>\n<div><a style=\"text-decoration:underline !important;\" class=\"green h5\" href=\"https:\/\/serveiseducatius.xtec.cat\/cesire\/faig-fent-per-aprendre-imaginant-globalment\/aprenentatge-per-projectes\/que-es-i-que-no\/\">M\u00e9s informaci\u00f3<\/a><\/div>\n<\/p><\/div>\n<\/div>\n<div class=\"row pb-5\">\n<div class=\"col-12 col-md-6 text-center px-5 py-2\" style=\"border-right: 1px solid #1cb03d\">\n<div><img loading=\"lazy\" decoding=\"async\" class=\"img-fluid px-5\" style=\"border-radius:50%;\" src=\"https:\/\/serveiseducatius.xtec.cat\/cesire\/wp-content\/uploads\/usu2650\/2024\/01\/09-350.jpg\" alt=\"\" width=\"350\" height=\"350\" class=\"alignnone size-full wp-image-24368\" \/><\/div>\n<div>\n<p class=\"my-4 h3 green\">Elements d\u2019un projecte<\/p>\n<\/div>\n<div>\n<p class=\"h5 mt-3\">Un projecte FAIG respon a 12 elements essencials que li atorguen coher\u00e8ncia i qualitat pedag\u00f2gica.<\/p>\n<\/div>\n<div><a style=\"text-decoration:underline !important;\" class=\"green h5\" href=\"https:\/\/serveiseducatius.xtec.cat\/cesire\/faig-fent-per-aprendre-imaginant-globalment\/aprenentatge-per-projectes\/elements-dun-projecte\/\">M\u00e9s informaci\u00f3<\/a><\/div>\n<\/p><\/div>\n<div class=\"col-12 col-md-6 text-center px-5 py-2\">\n<div><img loading=\"lazy\" decoding=\"async\" class=\"img-fluid px-5\" style=\"border-radius:50%;\" src=\"https:\/\/serveiseducatius.xtec.cat\/cesire\/wp-content\/uploads\/usu2650\/2024\/01\/10-350.png\n\" alt=\"\" width=\"350\" height=\"350\" class=\"alignnone size-full wp-image-24368\" \/><\/div>\n<div>\n<p class=\"my-4 h3 green\">12 idees per un AxP<\/p>\n<\/div>\n<div>\n<p class=\"h5 mt-3\">Eina personalitzable d\u2019an\u00e0lisi d\u2019un projecte FAIG.<\/p>\n<\/div>\n<div><a style=\"text-decoration:underline !important;\" class=\"green h5\" href=\"https:\/\/serveiseducatius.xtec.cat\/cesire\/faig-fent-per-aprendre-imaginant-globalment\/aprenentatge-per-projectes\/12-idees-per-a-un-projecte-daprenentatge-amb-sentit\/\">12 idees per a un projecte<br \/>d\u2019aprenentatge amb sentit<\/a><\/div>\n<\/p><\/div>\n<\/p><\/div>\n<div class=\"row\">\n<div class=\"col-12 text-center\"><a href=\"https:\/\/serveiseducatius.xtec.cat\/cesire\/faig-fent-per-aprendre-imaginant-globalment\/aprenentatge-per-projectes\/publicacions-de-referencia\/\" class=\"font-weight-bold btn btn-success rounded btn-lg text-white mt-3\" style=\"border-color:#66d178;background-color:#66d178;border-radius:15px !important;    padding: 15px 25px;\">Publicacions de refer\u00e8ncia<\/a><\/div>\n<\/p><\/div>\n<\/div>\n<p> <!-- fi aprenentatge --><\/p>\n<style>\n@media (max-width: 767px) {\n #aprenentatge-projectes h1 {\n    font-size: 1.4rem;\n  }\n}\n@import url('https:\/\/fonts.googleapis.com\/css2?family=Inter:wght@300;400;500;600&display=swap');\nheader.entry-header {display:none;}\n#aprenentatge-projectes h1, h2, h3, h4, span {font-family: 'Inter', sans-serif !important;}\n#aprenentatge-projectes .row {margin-left:-15px !important;margin-right:-15px !important;}\n#aprenentatge-projectes {font-family: 'Inter', sans-serif !important; color:#000000 !important;}\n#aprenentatge-projectes .descobreix-intro {background-color:#66d178 !important;font-size:22px !important;}\n#aprenentatge-projectes .white {color:#ffffff;}\n#aprenentatge-projectes .green {color:#1daa3e !important;}\n#aprenentatge-projectes .bold {font-weight:bold;}<\/p>\n<p>#aprenentatge-projectes .grey {background-color:#f3f2f2;}\n#aprenentatge-projectes .column-line-white::before {content: '';display: block;border-top: 1px solid #ffffff;margin-bottom: 20px;}\n#aprenentatge-projectes .column-line-green::before {content: '';display: block;border-top: 1px solid #1daa3e;margin-bottom: 20px;}\n<\/style>\n","protected":false},"excerpt":{"rendered":"<p>APRENENTATGE PER PROJECTES<\/p>\n<p>FAIG facilita una caixa d\u2019eines per a la fonamentaci\u00f3 pedag\u00f2gica i el disseny de projectes.<br \/>\nA trav\u00e9s de l\u2019acompanyament i la formaci\u00f3 amb les t\u00e8cniques FAIG els docents reflexionen sobre la pr\u00e0ctica d\u2019aula, millorant i dissenyant els projectes per possibilitar l\u2019aprenentatge profund i amb&hellip;  <a href=\"https:\/\/serveiseducatius.xtec.cat\/cesire\/faig-fent-per-aprendre-imaginant-globalment\/aprenentatge-per-projectes\/\" title=\"Read APRENENTATGE PER PROJECTES\">Llegeix m\u00e9s\u00bb<\/a><\/p>\n","protected":false},"author":66,"featured_media":0,"parent":27404,"menu_order":0,"comment_status":"closed","ping_status":"closed","template":"","meta":{"_bbp_topic_count":0,"_bbp_reply_count":0,"_bbp_total_topic_count":0,"_bbp_total_reply_count":0,"_bbp_voice_count":0,"_bbp_anonymous_reply_count":0,"_bbp_topic_count_hidden":0,"_bbp_reply_count_hidden":0,"_bbp_forum_subforum_count":0,"footnotes":""},"class_list":["post-24190","page","type-page","status-publish","hentry"],"post_mailing_queue_ids":[],"_links":{"self":[{"href":"https:\/\/serveiseducatius.xtec.cat\/cesire\/wp-json\/wp\/v2\/pages\/24190","targetHints":{"allow":["GET"]}}],"collection":[{"href":"https:\/\/serveiseducatius.xtec.cat\/cesire\/wp-json\/wp\/v2\/pages"}],"about":[{"href":"https:\/\/serveiseducatius.xtec.cat\/cesire\/wp-json\/wp\/v2\/types\/page"}],"author":[{"embeddable":true,"href":"https:\/\/serveiseducatius.xtec.cat\/cesire\/wp-json\/wp\/v2\/users\/66"}],"replies":[{"embeddable":true,"href":"https:\/\/serveiseducatius.xtec.cat\/cesire\/wp-json\/wp\/v2\/comments?post=24190"}],"version-history":[{"count":7,"href":"https:\/\/serveiseducatius.xtec.cat\/cesire\/wp-json\/wp\/v2\/pages\/24190\/revisions"}],"predecessor-version":[{"id":27087,"href":"https:\/\/serveiseducatius.xtec.cat\/cesire\/wp-json\/wp\/v2\/pages\/24190\/revisions\/27087"}],"up":[{"embeddable":true,"href":"https:\/\/serveiseducatius.xtec.cat\/cesire\/wp-json\/wp\/v2\/pages\/27404"}],"wp:attachment":[{"href":"https:\/\/serveiseducatius.xtec.cat\/cesire\/wp-json\/wp\/v2\/media?parent=24190"}],"curies":[{"name":"wp","href":"https:\/\/api.w.org\/{rel}","templated":true}]}}