{"id":24102,"date":"2024-01-19T16:27:48","date_gmt":"2024-01-19T15:27:48","guid":{"rendered":"https:\/\/serveiseducatius.xtec.cat\/cesire\/?page_id=24102"},"modified":"2026-02-03T09:50:36","modified_gmt":"2026-02-03T08:50:36","slug":"descobreix-el-faig","status":"publish","type":"page","link":"https:\/\/serveiseducatius.xtec.cat\/cesire\/faig-fent-per-aprendre-imaginant-globalment\/descobreix-el-faig\/","title":{"rendered":"DESCOBREIX EL FAIG"},"content":{"rendered":"<div id=\"descobreix-faig\">\n<div class=\"row descobreix-intro p-md-5\">\n<div class=\"col-12 col-md-6 white column-line-white px-5\">\n<h2 class=\"text-white\">DESCOBREIX EL FAIG<\/h2>\n<p class=\"white bold h5 my-4\">FAIG \u00e9s un programa experimental de suport a la innovaci\u00f3 en el que participen 150 centres educatius p\u00fablics de Catalunya.<\/p>\n<p class=\"white h5 my-4\">Els centres FAIG reben acompanyament, formaci\u00f3 pedag\u00f2gica, capacitaci\u00f3 tecnol\u00f2gica i dotaci\u00f3 d\u2019equipaments per impulsar els eixos d\u2019innovaci\u00f3.<\/p>\n<p><a href=\"https:\/\/dogc.gencat.cat\/ca\/document-del-dogc\/?documentId=955632\" target=\"_blank\" class=\"btn btn-success rounded btn-block btn-lg text-white mt-3\" style=\"border-color:#ffffff;background-color:#66d178;border-radius:15px !important;padding: 15px 25px;\" rel=\"noopener\">Enlla\u00e7 a la RESOLUCI\u00d3 EDU\/911\/2023<\/a><\/p>\n<\/p><\/div>\n<div class=\"col-12 col-md-6 px-5 my-5 my-md-0\">\n      <iframe loading=\"lazy\" class=\"video-FAIG\" width=\"100%\" height=\"100%\" src=\"https:\/\/www.youtube.com\/embed\/3Jv36LoF-7s\" title=\"YouTube video player\" frameborder=\"0\" allow=\"accelerometer; autoplay; clipboard-write; encrypted-media; gyroscope; picture-in-picture; web-share\" allowfullscreen><\/iframe>\n    <\/div>\n<\/p><\/div>\n<div class=\"row py-5\">\n<div class=\"col-12 text-center green\">\n<h3 class=\"green\"><strong>Eixos d\u2019innovaci\u00f3 del FAIG<\/strong><\/h3>\n<h3 class=\"green\">Un programa intensiu per la transformaci\u00f3 educativa<\/h3>\n<\/p><\/div>\n<\/p><\/div>\n<div class=\"row mt-6\">\n<div class=\"col-12 col-md-4 text-center mb-3 px-5\" style=\"border-right: 1px solid #1cb03d\">\n<div class=\"innovacio-card\">\n          <img loading=\"lazy\" decoding=\"async\" src=\"https:\/\/serveiseducatius.xtec.cat\/cesire\/wp-content\/uploads\/usu2650\/2024\/01\/FAIG_Fulla_1.png\" alt=\"\" width=\"351\" height=\"351\" class=\"alignnone size-full wp-image-24250\" srcset=\"https:\/\/serveiseducatius.xtec.cat\/cesire\/wp-content\/uploads\/usu2650\/2024\/01\/FAIG_Fulla_1.png 351w, https:\/\/serveiseducatius.xtec.cat\/cesire\/wp-content\/uploads\/usu2650\/2024\/01\/FAIG_Fulla_1-300x300.png 300w, https:\/\/serveiseducatius.xtec.cat\/cesire\/wp-content\/uploads\/usu2650\/2024\/01\/FAIG_Fulla_1-150x150.png 150w\" sizes=\"auto, (max-width: 351px) 100vw, 351px\" \/><\/p>\n<h4>Aprofundir i consolidar l\u2019<span class=\"medium green\"><a href=\"https:\/\/serveiseducatius.xtec.cat\/cesire\/faig-fent-per-aprendre-imaginant-globalment\/aprenentatge-per-projectes\/\" style=\"color:#1daa3e !important;font-weight:normal;\">Aprenentatge per Projectes<\/a><\/span> com a l\u00ednia pedag\u00f2gica de centre<\/h4>\n<\/p><\/div>\n<\/p><\/div>\n<div class=\"col-12 col-md-4 text-center mb-3 px-5\" style=\"border-right: 1px solid #1cb03d\">\n<div class=\"innovacio-card\">\n         <img loading=\"lazy\" decoding=\"async\" src=\"https:\/\/serveiseducatius.xtec.cat\/cesire\/wp-content\/uploads\/usu2650\/2024\/01\/FAIG_Fulla_2.png\" alt=\"\" width=\"351\" height=\"351\" class=\"alignnone size-full wp-image-24251\" srcset=\"https:\/\/serveiseducatius.xtec.cat\/cesire\/wp-content\/uploads\/usu2650\/2024\/01\/FAIG_Fulla_2.png 351w, https:\/\/serveiseducatius.xtec.cat\/cesire\/wp-content\/uploads\/usu2650\/2024\/01\/FAIG_Fulla_2-300x300.png 300w, https:\/\/serveiseducatius.xtec.cat\/cesire\/wp-content\/uploads\/usu2650\/2024\/01\/FAIG_Fulla_2-150x150.png 150w\" sizes=\"auto, (max-width: 351px) 100vw, 351px\" \/><\/p>\n<h4>Integrar el <span class=\"green medium\"><a style=\"color:#1daa3e !important;font-weight:normal;\" href=\"https:\/\/serveiseducatius.xtec.cat\/cesire\/faig-fent-per-aprendre-imaginant-globalment\/actituds-maker-i-fabricacio-digital\/\">\u201cmaker\u201d<\/a><\/span> i les possibilitats creatives de la <span class=\"green medium\">fabricaci\u00f3 digital<\/span> en els Projectes d\u2019Aprenentatge amb Sentit, possibilitant que l&#8217;alumnat doni respostes innovadores a les necessitats i reptes de l\u2019entorn.<\/h4>\n<\/p><\/div>\n<\/p><\/div>\n<div class=\"col-12 col-md-4 text-center mb-3 px-5\">\n<div class=\"innovacio-card\">\n          <img loading=\"lazy\" decoding=\"async\" src=\"https:\/\/serveiseducatius.xtec.cat\/cesire\/wp-content\/uploads\/usu2650\/2024\/01\/FAIG_Fulla_3.png\" alt=\"\" width=\"351\" height=\"351\" class=\"alignnone size-full wp-image-24252\" srcset=\"https:\/\/serveiseducatius.xtec.cat\/cesire\/wp-content\/uploads\/usu2650\/2024\/01\/FAIG_Fulla_3.png 351w, https:\/\/serveiseducatius.xtec.cat\/cesire\/wp-content\/uploads\/usu2650\/2024\/01\/FAIG_Fulla_3-300x300.png 300w, https:\/\/serveiseducatius.xtec.cat\/cesire\/wp-content\/uploads\/usu2650\/2024\/01\/FAIG_Fulla_3-150x150.png 150w\" sizes=\"auto, (max-width: 351px) 100vw, 351px\" \/><\/p>\n<h4>Vincular els projectes de treball amb els <span class=\"green medium\"><a href=\"https:\/\/serveiseducatius.xtec.cat\/cesire\/faig-fent-per-aprendre-imaginant-globalment\/desafiaments-i-reptes-socials\/\" style=\"color:#1daa3e !important;font-weight:normal;\">desafiaments socials de les persones i el planeta<\/a><\/span>, perqu\u00e8 esdevinguin Projectes d\u2019Aprenentatge amb Sentit per a l\u2019alumnat.<\/h4>\n<\/p><\/div>\n<\/p><\/div>\n<\/div>\n<div class=\"row\" style=\"background-color:#f3f2f2;\">\n<div class=\"col-12 text-center green bold py-5\">\n<h4 class=\"d-none d-sm-none d-md-block green font-weight-bold\">FAIG t\u00e9 una durada de tres cursos m\u00e9s un<br \/>quart any de consolidaci\u00f3 a la innovaci\u00f3<\/h4>\n<h4 class=\"d-md-none d-lg-none d-xl-none green font-weight-bold\">FAIG t\u00e9 una durada de tres cursos m\u00e9s un quart any de consolidaci\u00f3 a la innovaci\u00f3<\/h4>\n<\/p><\/div>\n<\/p><\/div>\n<div class=\"col-12 text-center px-5\">\n<picture><source media=\"(max-width: 799px)\" srcset=\"https:\/\/serveiseducatius.xtec.cat\/cesire\/wp-content\/uploads\/usu2650\/2024\/02\/FAIG_Linia_Fases_V-maxim.png\" \/><source media=\"(min-width: 800px)\" srcset=\"https:\/\/serveiseducatius.xtec.cat\/cesire\/wp-content\/uploads\/usu2650\/2024\/02\/FAIG_Linia_Fases_H-1024.png\" \/><img decoding=\"async\" src=\"https:\/\/serveiseducatius.xtec.cat\/cesire\/wp-content\/uploads\/usu2650\/2024\/02\/FAIG_Linia_Fases_H-1024.png\" alt=\"\" class=\"img-fluid\"\/>\n<\/picture>\n<\/p><\/div>\n<\/div>\n<div class=\"row\" style=\"padding-top:100px;\">\n<div class=\"col-12 text-center green bold\">\n<h4 class=\"green font-weight-bold\" style=\"color:#1daa3e !important;\">FAIG fomenta l\u2019aprenentatge, la generaci\u00f3<br \/>i difusi\u00f3 de coneixement en xarxa<\/h4>\n<\/p><\/div>\n<\/div>\n<div class=\"row py-5\">\n<div class=\"col-12 col-md-6 column-line-green p-2 p-md-5\">\n<div class=\"row align-items-center\">\n<div class=\"col-12 col-md-3 text-sentit\"><img loading=\"lazy\" decoding=\"async\" src=\"https:\/\/serveiseducatius.xtec.cat\/cesire\/wp-content\/uploads\/usu2650\/2024\/01\/FAIG_Icona_Centre1.png\" alt=\"\" width=\"201\" height=\"201\" class=\"alignnone size-full wp-image-24245\" \/><\/div>\n<div class=\"col-12 col-md-9 text-sentit\">\n<h4 class=\"green\"><strong>Comunitat FAIG<\/strong><br \/>Escoles, Instituts i Instituts escola<\/h4>\n<h4>Aprenentatge entre iguals, capacitaci\u00f3 tecnol\u00f2gica i visites entre centres.<\/h4>\n<\/div><\/div>\n<\/div>\n<div class=\"col-12 col-md-6 column-line-green p-2 p-md-5\">\n<div class=\"row align-items-center\">\n<div class=\"col-12 col-md-3 text-sentit\"><img loading=\"lazy\" decoding=\"async\" src=\"https:\/\/serveiseducatius.xtec.cat\/cesire\/wp-content\/uploads\/usu2650\/2024\/01\/FAIG_Icona_Centre2.png\" alt=\"\" width=\"201\" height=\"201\" class=\"alignnone size-full wp-image-24246\" \/><\/div>\n<div class=\"col-12 col-md-9 text-sentit\">\n<h4 class=\"green\"><strong>Xarxa de centres FAIG<\/strong><br \/>150 Centres<\/h4>\n<h4>Plataforma per compartir projectes, Jornades i Fires de projectes.<\/h4>\n<\/div><\/div>\n<\/div>\n<\/div>\n<div class=\"row pt-5\">\n<div class=\"col-12 text-center green bold\">\n<h4 class=\"green font-weight-bold\" style=\"color:#1daa3e !important;\" >FAIG acompanya els centres de forma personalitzada<\/h4>\n<\/p><\/div>\n<\/div>\n<div class=\"row pb-5\">\n<div class=\"col-12 col-md-6 p-2 p-md-5\">\n<div class=\"row align-items-center\">\n<div class=\"col-12 col-md-3 text-sentit margin-bottom-mobile\"><img loading=\"lazy\" decoding=\"async\" src=\"https:\/\/serveiseducatius.xtec.cat\/cesire\/wp-content\/uploads\/usu2650\/2024\/01\/FAIG_Tecniques.png\" alt=\"\" width=\"201\" height=\"201\" class=\"alignnone size-full wp-image-24245\" srcset=\"https:\/\/serveiseducatius.xtec.cat\/cesire\/wp-content\/uploads\/usu2650\/2024\/01\/FAIG_Tecniques.png 201w, https:\/\/serveiseducatius.xtec.cat\/cesire\/wp-content\/uploads\/usu2650\/2024\/01\/FAIG_Tecniques-150x150.png 150w\" sizes=\"auto, (max-width: 201px) 100vw, 201px\" \/><\/div>\n<div class=\"col-12 col-md-9 text-sentit\">\n<h4 class=\"green\"><strong>T\u00e8cniques FAIG del CESIRE<\/strong><\/h4>\n<h4>Formen i assessoren als equips docents perqu\u00e8 implementin projectes FAIG a l\u2019aula.<\/h4>\n<\/div><\/div>\n<\/div>\n<div class=\"col-12 col-md-6 p-2 p-md-5\">\n<div class=\"row align-items-center\">\n<div class=\"col-12 col-md-3 text-sentit margin-bottom-mobile\"><img loading=\"lazy\" decoding=\"async\" src=\"https:\/\/serveiseducatius.xtec.cat\/cesire\/wp-content\/uploads\/usu2650\/2024\/01\/FAIG_Guies.png\" alt=\"\" width=\"201\" height=\"201\" class=\"alignnone size-full wp-image-24246\" srcset=\"https:\/\/serveiseducatius.xtec.cat\/cesire\/wp-content\/uploads\/usu2650\/2024\/01\/FAIG_Guies.png 201w, https:\/\/serveiseducatius.xtec.cat\/cesire\/wp-content\/uploads\/usu2650\/2024\/01\/FAIG_Guies-150x150.png 150w\" sizes=\"auto, (max-width: 201px) 100vw, 201px\" \/><\/div>\n<div class=\"col-12 col-md-9 text-sentit\">\n<h4 class=\"green\"><strong>Guies FAIG formades pel CESIRE<\/h4>\n<h4>Dinamitzen les sessions de les comunitats de centres FAIG en els diferents territoris.<\/h4>\n<\/div><\/div>\n<\/div>\n<\/div>\n<\/div>\n<p> <!-- fi descobreix --><\/p>\n<pre>\r\n<style>\r\n@import url('https:\/\/fonts.googleapis.com\/css2?family=Inter:wght@300;400;500;600&display=swap');\r\nheader.entry-header {display:none;}\r\n#descobreix-faig h1, h2, h3, h4, span {font-family: 'Inter', sans-serif !important;}\r\n#descobreix-faig .row {margin-left:-15px !important;margin-right:-15px !important;}\r\n#descobreix-faig {font-family: 'Inter', sans-serif !important; color:#000000 !important;}\r\n#descobreix-faig h2 {font-size:25px !important;}\r\n#descobreix-faig .descobreix-intro {background-color:#66d178 !important;font-size:22px !important;}\r\n#descobreix-faig .white {color:#ffffff;}\r\n#descobreix-faig .green {color:#1daa3e !important;}\r\n#descobreix-faig .bold {font-weight:bold;}\r\n\r\n#descobreix-faig .grey {background-color:#f3f2f2;}\r\n#descobreix-faig .column-line-white::before {content: '';display: block;border-top: 1px solid #ffffff;margin-bottom: 20px;}\r\n#descobreix-faig .column-line-green::before {content: '';display: block;border-top: 1px solid #1daa3e;margin-bottom: 20px;}\r\n\r\n.innovacio-card img{max-width:60% !important}\r\na.btn-success:hover{\r\ncolor:#ffffff !important;\r\ntext-decoration:underline !important;\r\n}\r\n\r\n@media only screen and (max-width: 767px) {\r\n #descobreix-faig h1 {\r\n    font-size: 1.4rem;\r\n  }\r\n.text-sentit {text-align:center !important;}\r\n.margin-bottom-mobile {margin-bottom:10px !important;}\r\n}\r\n<\/style>\r\n<\/pre>\n","protected":false},"excerpt":{"rendered":"<p>DESCOBREIX EL FAIG<br \/>\nFAIG \u00e9s un programa experimental de suport a la innovaci\u00f3 en el que participen 150 centres educatius p\u00fablics de Catalunya.<br \/>\nEls centres FAIG reben acompanyament, formaci\u00f3 pedag\u00f2gica, capacitaci\u00f3 tecnol\u00f2gica i dotaci\u00f3 d\u2019equipaments per impulsar els eixos d\u2019innovaci\u00f3.<br \/>\n<a href=\"https:\/\/dogc.gencat.cat\/ca\/document-del-dogc\/?documentId=955632\" target=\"_blank\" class=\"btn btn-success rounded btn-block btn-lg&hellip;  <a href=\"https:\/\/serveiseducatius.xtec.cat\/cesire\/faig-fent-per-aprendre-imaginant-globalment\/descobreix-el-faig\/\" title=\"Read DESCOBREIX EL FAIG\">Llegeix m\u00e9s\u00bb<\/a><\/p>\n","protected":false},"author":66,"featured_media":0,"parent":27404,"menu_order":0,"comment_status":"closed","ping_status":"closed","template":"","meta":{"_bbp_topic_count":0,"_bbp_reply_count":0,"_bbp_total_topic_count":0,"_bbp_total_reply_count":0,"_bbp_voice_count":0,"_bbp_anonymous_reply_count":0,"_bbp_topic_count_hidden":0,"_bbp_reply_count_hidden":0,"_bbp_forum_subforum_count":0,"footnotes":""},"class_list":["post-24102","page","type-page","status-publish","hentry"],"post_mailing_queue_ids":[],"_links":{"self":[{"href":"https:\/\/serveiseducatius.xtec.cat\/cesire\/wp-json\/wp\/v2\/pages\/24102","targetHints":{"allow":["GET"]}}],"collection":[{"href":"https:\/\/serveiseducatius.xtec.cat\/cesire\/wp-json\/wp\/v2\/pages"}],"about":[{"href":"https:\/\/serveiseducatius.xtec.cat\/cesire\/wp-json\/wp\/v2\/types\/page"}],"author":[{"embeddable":true,"href":"https:\/\/serveiseducatius.xtec.cat\/cesire\/wp-json\/wp\/v2\/users\/66"}],"replies":[{"embeddable":true,"href":"https:\/\/serveiseducatius.xtec.cat\/cesire\/wp-json\/wp\/v2\/comments?post=24102"}],"version-history":[{"count":6,"href":"https:\/\/serveiseducatius.xtec.cat\/cesire\/wp-json\/wp\/v2\/pages\/24102\/revisions"}],"predecessor-version":[{"id":25504,"href":"https:\/\/serveiseducatius.xtec.cat\/cesire\/wp-json\/wp\/v2\/pages\/24102\/revisions\/25504"}],"up":[{"embeddable":true,"href":"https:\/\/serveiseducatius.xtec.cat\/cesire\/wp-json\/wp\/v2\/pages\/27404"}],"wp:attachment":[{"href":"https:\/\/serveiseducatius.xtec.cat\/cesire\/wp-json\/wp\/v2\/media?parent=24102"}],"curies":[{"name":"wp","href":"https:\/\/api.w.org\/{rel}","templated":true}]}}