{"id":22953,"date":"2023-04-25T13:31:43","date_gmt":"2023-04-25T11:31:43","guid":{"rendered":"https:\/\/serveiseducatius.xtec.cat\/cesire\/?page_id=22953"},"modified":"2023-04-26T10:55:07","modified_gmt":"2023-04-26T08:55:07","slug":"marc-de-referencia-pedagogic","status":"publish","type":"page","link":"https:\/\/serveiseducatius.xtec.cat\/cesire\/marc-de-referencia-pedagogic\/","title":{"rendered":"Marc de refer\u00e8ncia pedag\u00f2gic"},"content":{"rendered":"<div id=\"landing-pedagogic\" > <!-- Inici pedagogic --><\/p>\n<div class=\"entry-header pedagogic-header\">\n<h1 class=\"entry-title\">Marc de refer\u00e8ncia pedag\u00f2gic<\/h1>\n<\/p><\/div>\n<div class=\"d-flex align-items-center justify-content-center py-5\" style=\"background-color: #F3F2F1;\">\n<p class=\"text-center title fs18 px-2\"><strong>L\u2019aprenentatge amb sentit<\/strong> \u00e9s aquell que connecta amb la vida dels aprenents i amb<br \/>\n        <strong>la resoluci\u00f3 de problemes del m\u00f3n real vinculats amb les persones i el planeta<\/strong>, el<br \/>\n            qual esdev\u00e9 significatiu, perdurable i transferible a altres situacions i contextos.<\/p>\n<\/p><\/div>\n<div class=\"d-flex flex-wrap my-5\">\n<div class=\"col-12 col-md-6\">\n<h3 class=\"mb-4\"><strong>Tetraedre de<br \/>\n            l&#8217;Aprenentatge<br \/>\n            amb Sentit <\/strong>(TAS)<br \/>\n          <\/h3>\n<hr style=\"border-top:1px solid black\">\n<p>\u00c9s una eina conceptual <strong>din\u00e0mica<\/strong>, en constant revisi\u00f3 i evoluci\u00f3, al servei de la comunitat docent<\/p>\n<hr style=\"border-top:1px solid black\">\n<p>Sorgeix de la necessitat d\u2019identificar les <strong>dimensions i elements<\/strong> claus que intervenen en l\u2019aprenentatge amb sentit<\/p>\n<hr style=\"border-top:1px solid black\">\n<p>Pret\u00e9n potenciar la <strong>innovaci\u00f3<\/strong> i la <strong>reflexi\u00f3<\/strong> al voltant de les <strong>pr\u00e0ctiques d\u2019aprenentatge a l\u2019aula<\/strong><\/p>\n<hr style=\"border-top:1px solid black\">\n        <\/div>\n<div class=\"col-12 col-md-6\">\n          <img decoding=\"async\" src=\"https:\/\/serveiseducatius.xtec.cat\/cesire\/wp-content\/uploads\/usu2650\/2023\/02\/Tetraedre.gif\">\n        <\/div>\n<\/p><\/div>\n<div class=\"d-flex flex-wrap py-5\" style=\"background-color: #F3F2F1;position:relative;\">\n<div class=\"col-12 col-md-3 d-none d-md-block\" style=\"position: absolute;left: 50px;top: 50px;\">\n<h3 class=\"mb-4\"><strong>Qu\u00e8 implica<\/strong><br \/>\n            l\u2019aprenentatge<br \/>\n            amb sentit?<br \/>\n          <\/h3>\n<\/p><\/div>\n<div class=\"col-12 text-center d-block d-md-none\">\n<h3 class=\"my-4\"><strong>Qu\u00e8 implica<\/strong><br \/>\n              l\u2019aprenentatge<br \/>\n              amb sentit?<br \/>\n            <\/h3>\n<\/p><\/div>\n<div class=\"col-12 text-center\">\n          <img decoding=\"async\" src=\"https:\/\/serveiseducatius.xtec.cat\/cesire\/wp-content\/uploads\/usu2650\/2023\/04\/FAIG_TAS_Infografia.png\">\n        <\/div>\n<\/p><\/div>\n<div class=\"d-flex flex-wrap tas\">\n<div class=\"col-12 col-md-3\" style=\"background-color:#ffb6a5\">\n<div class=\"mt-4 mb-6\">\n<div class=\"text-center mb-6\"><img decoding=\"async\" src=\"https:\/\/serveiseducatius.xtec.cat\/cesire\/wp-content\/uploads\/usu2650\/2023\/02\/TAS_Coral-400.png\" alt=\"\"><\/div>\n<p class=\"title\"><span class=\"semibold\">Com<\/span> s\u2019apr\u00e8n amb sentit?<\/p>\n<p class=\"description\">Aplicant metodologies actives que impliquin el fer, pensar, comunicar i sentir, a trav\u00e9s de les quals l&#8217;alumnat tingui veu, construeixi i reguli el seu proc\u00e9s d\u2019aprenentatge. \u00c9s aleshores quan aquest esdev\u00e9 significatiu, perdurable i transferible.<\/p>\n<\/p><\/div>\n<\/p><\/div>\n<div class=\"col-12 col-md-3\" style=\"background-color:#eef3a0\">\n<div class=\"mt-4 mb-6\">\n<div class=\"text-center mb-6\"><img decoding=\"async\" alt=\"\" src=\"https:\/\/serveiseducatius.xtec.cat\/cesire\/wp-content\/uploads\/usu2650\/2023\/02\/TAS_Groc-400.png\"><\/div>\n<p class=\"title\"><span class=\"semibold\">Per qu\u00e8<\/span> s\u2019apr\u00e8n amb sentit?<\/p>\n<p class=\"description\">Perqu\u00e8 volem que cada infant i jove desenvolupi les seves potencialitats i talents, de manera que trobin el sentit personal d\u2019all\u00f2 que aprenen i s\u2019impliquin al m\u00e0xim.<\/p>\n<\/p><\/div>\n<\/p><\/div>\n<div class=\"col-12 col-md-3\" style=\"background-color:#cbb2e5\">\n<div class=\"mt-4 mb-6\">\n<div class=\"text-center mb-6\"><img decoding=\"async\" src=\"https:\/\/serveiseducatius.xtec.cat\/cesire\/wp-content\/uploads\/usu2650\/2023\/02\/TAS_Lila-400.png\" alt=\"\"><\/div>\n<p class=\"title\"><span class=\"semibold\">Qu\u00e8<\/span> s\u2019apr\u00e8n amb sentit?<\/p>\n<p class=\"description\">Es mobilitzen els sabers de diferents \u00e0mbits o disciplines del coneixement i es desenvolupen les compet\u00e8ncies necess\u00e0ries per comprendre la realitat globalment, prendre decisions i actuar en conseq\u00fc\u00e8ncia.<\/p>\n<\/p><\/div>\n<\/p><\/div>\n<div class=\"col-12 col-md-3\" style=\"background-color:#aeddec\">\n<div class=\"mt-4 mb-6\">\n<div class=\"text-center mb-6\"><img decoding=\"async\" alt=\"\" src=\"https:\/\/serveiseducatius.xtec.cat\/cesire\/wp-content\/uploads\/usu2650\/2023\/02\/TAS_Blau-400.png\"><\/div>\n<p class=\"title\"><span class=\"semibold\">Per a qu\u00e8<\/span> aprendre amb sentit?<\/p>\n<p class=\"description\">Perqu\u00e8 els nostres infants i joves siguin capa\u00e7os de respondre a problemes globals amb solucions creatives i innovadores.<\/p>\n<p class=\"description\">Perqu\u00e8 esdevinguin persones cr\u00edtiques, participatives i transformadores del seu entorn, tot contribuint a la construcci\u00f3 d\u2019una societat m\u00e9s democr\u00e0tica, solid\u00e0ria i justa amb les persones i el planeta.<\/p>\n<\/p><\/div>\n<\/p><\/div>\n<\/p><\/div>\n<div class=\"d-flex align-items-center justify-content-center py-5 flex-column\">\n<h3><strong>El Tetraedre de l\u2019Aprenentatge amb Sentit<\/strong><\/h3>\n<p class=\"text-center title fs18 px-2 mb-0\">Com, qu\u00e8, per qu\u00e8 i per a qu\u00e8<br \/>\n        aprendre amb sentit?<\/p>\n<\/p><\/div>\n<div class=\"row\">\n<div class=\"col\" style=\"margin-left: 0px; padding-left: 0px; padding-right: 0px;\"><video poster=\"https:\/\/serveiseducatius.xtec.cat\/cesire\/wp-content\/uploads\/usu2650\/2021\/09\/poster_video_tas_infants_joves2.png\" controls=\"controls\" width=\"100%\"><source src=\"https:\/\/cesire.cat\/videos\/video_tas_infants_joves.mp4\" type=\"video\/mp4\">El teu navegador no suporta v\u00eddeo html5<\/video><\/div>\n<\/p><\/div>\n<\/p><\/div>\n<p> <!-- fi PEDAGOGIC --><\/p>\n<style>\n    header.entry-header{display:none;}\n    .pedagogic-header.entry-header { background-color: #E8E6E3; padding: 90px 0; position:relative;display:block; }\n    .pedagogic-header .entry-title {text-align:center; font-size:45px;}\n    @import url('https:\/\/fonts.googleapis.com\/css2?family=Inter:wght@300;400;500;600&display=swap');\n    #landing-pedagogic .pildora-container {display:grid;grid-template-columns:100%;}\n    #landing-pedagogic .pildora {background-color:#91da9f;border-radius:40px;padding:9px 24px 9px 24px;}\n    #landing-pedagogic .servei {cursor: pointer !important;}\n    #landing-pedagogic [aria-expanded=true] .accordion-img-close {display:inline-block !important}\n    #landing-pedagogic [aria-expanded=true] .accordion-img-open {display:none !important}\n    #landing-pedagogic .video-FAIG {height:400px !important;}\n    #landing-pedagogic .row {margin-left:-15px !important;margin-right:-15px !important;}\n    #landing-pedagogic {font-family: 'Inter', sans-serif !important; color:#000000 !important;}\n    #landing-pedagogic h1, h2, h3, h4, span {font-family: 'Inter', sans-serif !important;}\n    #landing-pedagogic h2 {font-size:45px !important;}\n    #landing-pedagogic h3 {font-size:25px !important;}\n    #landing-pedagogic .fs18 {font-size:18px;}\n    #landing-pedagogic .fs19 {font-size:19px;}\n    #landing-pedagogic .fs21 {font-size:21px;}\n    #landing-pedagogic .mt-6 {margin-top:60px !important;}\n    #landing-pedagogic .mb-6 {margin-bottom:60px !important;}\n    #landing-pedagogic .green {color:#1daa3e !important;}\n    #landing-pedagogic .black {color:#000000 !important;}\n    #landing-pedagogic .intro {background-color:#f3f2f1;}\n    #landing-pedagogic .intro .green {font-size:20px !important;}\n    #landing-pedagogic .semibold {font-weight:600;}\n    #landing-pedagogic .medium {font-weight:500;}\n    #landing-pedagogic .light {font-weight:300;}\n    #landing-pedagogic .faig-intro {margin:30px 0px 30px 0px !important;}\n    #landing-pedagogic .ofereix {font-size:35px;margin-top:40px !important;margin-bottom:40px !important;}\n    #landing-pedagogic .innovacio-card {border-radius:20px;background-color:#f3f2f1;padding:40px;font-size:19px;}\n    #landing-pedagogic .inno-img {width:73% !important;}\n    #landing-pedagogic .ofereix-border {border-bottom:1px solid #1daa3e;}\n    #landing-pedagogic .aprenantatge {background-color:#91da9f !important;padding:20px 40px 20px 40px !important;font-size:22px !important;}\n    #landing-pedagogic .aprendre-card {background-color:#15c87c !important;border-radius:30px;padding:20px 20px 20px 20px;color:#ffffff;}\n    #landing-pedagogic .aprendre-card p {line-height:25px;}\n    #landing-pedagogic .aprendre-card .title {font-size:19px;}\n    #landing-pedagogic .inspirador-card {background-color:#f3f2f1;border-radius:20px;}\n    #landing-pedagogic .inspirador-card-top {background-color:#15c87c;border-top-left-radius:20px;border-top-right-radius:20px;padding-top:50px;padding-bottom:40px;}\n    #landing-pedagogic .inspirador-card-bottom {background-color:#f3f2f1;border-bottom-left-radius:20px;border-bottom-right-radius:20px;padding:25px 25px 14px 25px;}\n    #landing-pedagogic .inspirador-card-bottom .description {font-size:16px;}\n    #landing-pedagogic .row.servei:after {display:block;padding: 0 15px;content:'';height:1px;width:calc(100% - 45px);background:#1daa3e;margin-top:15px;margin-left:15px;}\n    #landing-pedagogic .collapse.in{display:block}\n    #landing-pedagogic .tas .title {font-size:20px;}@media (min-width: 1480px) {\n    #landing-pedagogic .pildora-container {grid-template-columns: 50% 50%;}\n    #landing-pedagogic .pildora {margin-right:15px;}\n    #landing-pedagogic .border-right-green { border-right:1px solid #1daa3e}\n    #landing-pedagogic #accordion .title {margin-top:10px;margin-bottom:20px;font-size:21px;}\n    #landing-pedagogic .intro {padding:60px 0px 60px 0px !important;}\n    #landing-pedagogic .aprenantatge {padding:60px 120px 60px 120px !important;font-size:25px !important;}\n    #landing-pedagogic .aprendre-card {padding:60px 40px 40px 60px;}\n    #landing-pedagogic .aprendre-card .title {font-size:21px;}\n    #landing-pedagogic .video-FAIG {height:100vh !important;}\n    #landing-pedagogic .tas .title {font-size:22px;}\n    #landing-pedagogic .inspirador-card-top > img {width:115px !important;}\n    #landing-pedagogic .tas .title {padding-left:23px;padding-right:23px;}\n    #landing-pedagogic .tas .description {padding-left:23px;padding-right:23px;}\n    }\n    <\/style>\n","protected":false},"excerpt":{"rendered":"\n<p>Marc de refer\u00e8ncia pedag\u00f2gic<\/p>\n<p>L\u2019aprenentatge amb sentit \u00e9s aquell que connecta amb la vida dels aprenents i amb<br \/>\n        la resoluci\u00f3 de problemes del m\u00f3n real vinculats amb les persones i el planeta, el<br \/>\n     &hellip;  <a href=\"https:\/\/serveiseducatius.xtec.cat\/cesire\/marc-de-referencia-pedagogic\/\" title=\"Read Marc de refer\u00e8ncia pedag\u00f2gic\">Llegeix m\u00e9s\u00bb<\/a><\/p>\n","protected":false},"author":66,"featured_media":0,"parent":0,"menu_order":0,"comment_status":"closed","ping_status":"closed","template":"","meta":{"_bbp_topic_count":0,"_bbp_reply_count":0,"_bbp_total_topic_count":0,"_bbp_total_reply_count":0,"_bbp_voice_count":0,"_bbp_anonymous_reply_count":0,"_bbp_topic_count_hidden":0,"_bbp_reply_count_hidden":0,"_bbp_forum_subforum_count":0,"footnotes":""},"class_list":["post-22953","page","type-page","status-publish","hentry"],"post_mailing_queue_ids":[],"_links":{"self":[{"href":"https:\/\/serveiseducatius.xtec.cat\/cesire\/wp-json\/wp\/v2\/pages\/22953","targetHints":{"allow":["GET"]}}],"collection":[{"href":"https:\/\/serveiseducatius.xtec.cat\/cesire\/wp-json\/wp\/v2\/pages"}],"about":[{"href":"https:\/\/serveiseducatius.xtec.cat\/cesire\/wp-json\/wp\/v2\/types\/page"}],"author":[{"embeddable":true,"href":"https:\/\/serveiseducatius.xtec.cat\/cesire\/wp-json\/wp\/v2\/users\/66"}],"replies":[{"embeddable":true,"href":"https:\/\/serveiseducatius.xtec.cat\/cesire\/wp-json\/wp\/v2\/comments?post=22953"}],"version-history":[{"count":4,"href":"https:\/\/serveiseducatius.xtec.cat\/cesire\/wp-json\/wp\/v2\/pages\/22953\/revisions"}],"predecessor-version":[{"id":27664,"href":"https:\/\/serveiseducatius.xtec.cat\/cesire\/wp-json\/wp\/v2\/pages\/22953\/revisions\/27664"}],"wp:attachment":[{"href":"https:\/\/serveiseducatius.xtec.cat\/cesire\/wp-json\/wp\/v2\/media?parent=22953"}],"curies":[{"name":"wp","href":"https:\/\/api.w.org\/{rel}","templated":true}]}}